{"id":7810,"date":"2021-12-23T10:46:32","date_gmt":"2021-12-23T10:46:32","guid":{"rendered":"https:\/\/wordpress-ags-atlantis-c7b0a5dmamd7a6ay.northeurope-01.azurewebsites.net\/?post_type=product&#038;p=7810"},"modified":"2022-01-14T13:55:42","modified_gmt":"2022-01-14T13:55:42","slug":"ags-its-pro","status":"publish","type":"product","link":"https:\/\/ags-atlantis.es\/en\/product\/ags-its-pro\/","title":{"rendered":"AGS iTS Pro"},"content":{"rendered":"<p class=\"translation-block\"><strong>AGS iTS Pro<\/strong> is an application developed by AGS aimed at facilitating the management of the <em>compact digital thermograph <\/em><strong>Conecta+\u00ae <em>iTS Compact<\/em><\/strong> with the Battery finish, from a mobile device of the <em>\u201csmartphone\u201d<\/em> or <em>\u201ctablet\u201d<\/em> type provided with the Android operating system.<\/p>\n<p>Using this tool, the user can also consult and view the temperature of the compact digital thermographs linked to the mobile device simultaneously.<\/p>","protected":false},"excerpt":{"rendered":"<p class=\"translation-block\"><strong>AGS iTS Pro<\/strong> is an application developed by AGS aimed at facilitating the management of the <em>compact digital thermograph <\/em><strong>Conecta+\u00ae <em>iTS Compact<\/em><\/strong> with the Battery finish, from a mobile device of the <em>\u201csmartphone\u201d<\/em> or <em>\u201ctablet\u201d<\/em> type provided with the Android operating system.<\/p>","protected":false},"featured_media":7811,"template":"","meta":[],"product_brand":[],"product_cat":[88],"product_tag":[],"class_list":{"0":"post-7810","1":"product","2":"type-product","3":"status-publish","4":"has-post-thumbnail","6":"product_cat-apps-moviles","7":"product-column","9":"first","10":"instock","11":"taxable","12":"shipping-taxable","13":"product-type-simple"},"yoast_head":"<!-- This site is optimized with the Yoast SEO plugin v27.3 - https:\/\/yoast.com\/product\/yoast-seo-wordpress\/ -->\n<title>AGS iTS Pro - Atlantis Global System<\/title>\n<meta name=\"robots\" content=\"index, follow, max-snippet:-1, max-image-preview:large, max-video-preview:-1\" \/>\n<link rel=\"canonical\" href=\"https:\/\/www.ags-atlantis.es\/en\/product\/ags-its-pro\/\" \/>\n<meta property=\"og:locale\" content=\"en_US\" \/>\n<meta property=\"og:type\" content=\"article\" \/>\n<meta property=\"og:title\" content=\"AGS iTS Pro - Atlantis Global System\" \/>\n<meta property=\"og:description\" content=\"AGS iTS Pro es una aplicaci\u00f3n desarrollada por AGS orientada a facilitar la gesti\u00f3n del term\u00f3grafo digital compacto Conecta+\u00ae iTS Compact con el acabado Battery, desde un dispositivo m\u00f3vil de tipo \u201csmartphone\u201d o \u201ctablet\u201d provisto con sistema operativo Android.\" \/>\n<meta property=\"og:url\" content=\"https:\/\/www.ags-atlantis.es\/en\/product\/ags-its-pro\/\" \/>\n<meta property=\"og:site_name\" content=\"Atlantis Global System\" \/>\n<meta property=\"article:modified_time\" content=\"2022-01-14T13:55:42+00:00\" \/>\n<meta property=\"og:image\" content=\"https:\/\/ags-atlantis.es\/wp-content\/uploads\/2021\/12\/AGS-iTS-logo-.png\" \/>\n\t<meta property=\"og:image:width\" content=\"256\" \/>\n\t<meta property=\"og:image:height\" content=\"256\" \/>\n\t<meta property=\"og:image:type\" content=\"image\/png\" \/>\n<meta name=\"twitter:card\" content=\"summary_large_image\" \/>\n<script type=\"application\/ld+json\" class=\"yoast-schema-graph\">{\"@context\":\"https:\\\/\\\/schema.org\",\"@graph\":[{\"@type\":\"WebPage\",\"@id\":\"https:\\\/\\\/www.ags-atlantis.es\\\/en\\\/product\\\/ags-its-pro\\\/\",\"url\":\"https:\\\/\\\/www.ags-atlantis.es\\\/en\\\/product\\\/ags-its-pro\\\/\",\"name\":\"AGS iTS Pro - Atlantis Global System\",\"isPartOf\":{\"@id\":\"http:\\\/\\\/www.scb.ags-atlantis.es\\\/en\\\/#website\"},\"primaryImageOfPage\":{\"@id\":\"https:\\\/\\\/www.ags-atlantis.es\\\/en\\\/product\\\/ags-its-pro\\\/#primaryimage\"},\"image\":{\"@id\":\"https:\\\/\\\/www.ags-atlantis.es\\\/en\\\/product\\\/ags-its-pro\\\/#primaryimage\"},\"thumbnailUrl\":\"\\\/wp-content\\\/uploads\\\/2021\\\/12\\\/AGS-iTS-logo-.png\",\"datePublished\":\"2021-12-23T10:46:32+00:00\",\"dateModified\":\"2022-01-14T13:55:42+00:00\",\"breadcrumb\":{\"@id\":\"https:\\\/\\\/www.ags-atlantis.es\\\/en\\\/product\\\/ags-its-pro\\\/#breadcrumb\"},\"inLanguage\":\"en-US\",\"potentialAction\":[{\"@type\":\"ReadAction\",\"target\":[\"https:\\\/\\\/www.ags-atlantis.es\\\/en\\\/product\\\/ags-its-pro\\\/\"]}]},{\"@type\":\"ImageObject\",\"inLanguage\":\"en-US\",\"@id\":\"https:\\\/\\\/www.ags-atlantis.es\\\/en\\\/product\\\/ags-its-pro\\\/#primaryimage\",\"url\":\"\\\/wp-content\\\/uploads\\\/2021\\\/12\\\/AGS-iTS-logo-.png\",\"contentUrl\":\"\\\/wp-content\\\/uploads\\\/2021\\\/12\\\/AGS-iTS-logo-.png\",\"width\":256,\"height\":256},{\"@type\":\"BreadcrumbList\",\"@id\":\"https:\\\/\\\/www.ags-atlantis.es\\\/en\\\/product\\\/ags-its-pro\\\/#breadcrumb\",\"itemListElement\":[{\"@type\":\"ListItem\",\"position\":1,\"name\":\"Portada\",\"item\":\"https:\\\/\\\/ags-atlantis.es\\\/en\\\/\"},{\"@type\":\"ListItem\",\"position\":2,\"name\":\"Shop\",\"item\":\"https:\\\/\\\/www.scb.ags-atlantis.es\\\/en\\\/shop\\\/\"},{\"@type\":\"ListItem\",\"position\":3,\"name\":\"AGS iTS Pro\"}]},{\"@type\":\"WebSite\",\"@id\":\"http:\\\/\\\/www.scb.ags-atlantis.es\\\/en\\\/#website\",\"url\":\"http:\\\/\\\/www.scb.ags-atlantis.es\\\/en\\\/\",\"name\":\"Atlantis Global System\",\"description\":\"Soluciones Log\u00edsticas de Gesti\u00f3n y Movilidad\",\"potentialAction\":[{\"@type\":\"SearchAction\",\"target\":{\"@type\":\"EntryPoint\",\"urlTemplate\":\"http:\\\/\\\/www.scb.ags-atlantis.es\\\/en\\\/?s={search_term_string}\"},\"query-input\":{\"@type\":\"PropertyValueSpecification\",\"valueRequired\":true,\"valueName\":\"search_term_string\"}}],\"inLanguage\":\"en-US\"}]}<\/script>\n<!-- \/ Yoast SEO plugin. -->","yoast_head_json":{"title":"AGS iTS Pro - Atlantis Global System","robots":{"index":"index","follow":"follow","max-snippet":"max-snippet:-1","max-image-preview":"max-image-preview:large","max-video-preview":"max-video-preview:-1"},"canonical":"https:\/\/www.ags-atlantis.es\/en\/product\/ags-its-pro\/","og_locale":"en_US","og_type":"article","og_title":"AGS iTS Pro - Atlantis Global System","og_description":"AGS iTS Pro es una aplicaci\u00f3n desarrollada por AGS orientada a facilitar la gesti\u00f3n del term\u00f3grafo digital compacto Conecta+\u00ae iTS Compact con el acabado Battery, desde un dispositivo m\u00f3vil de tipo \u201csmartphone\u201d o \u201ctablet\u201d provisto con sistema operativo Android.","og_url":"https:\/\/www.ags-atlantis.es\/en\/product\/ags-its-pro\/","og_site_name":"Atlantis Global System","article_modified_time":"2022-01-14T13:55:42+00:00","og_image":[{"width":256,"height":256,"url":"https:\/\/ags-atlantis.es\/wp-content\/uploads\/2021\/12\/AGS-iTS-logo-.png","type":"image\/png"}],"twitter_card":"summary_large_image","schema":{"@context":"https:\/\/schema.org","@graph":[{"@type":"WebPage","@id":"https:\/\/www.ags-atlantis.es\/en\/product\/ags-its-pro\/","url":"https:\/\/www.ags-atlantis.es\/en\/product\/ags-its-pro\/","name":"AGS iTS Pro - Atlantis Global System","isPartOf":{"@id":"http:\/\/www.scb.ags-atlantis.es\/en\/#website"},"primaryImageOfPage":{"@id":"https:\/\/www.ags-atlantis.es\/en\/product\/ags-its-pro\/#primaryimage"},"image":{"@id":"https:\/\/www.ags-atlantis.es\/en\/product\/ags-its-pro\/#primaryimage"},"thumbnailUrl":"\/wp-content\/uploads\/2021\/12\/AGS-iTS-logo-.png","datePublished":"2021-12-23T10:46:32+00:00","dateModified":"2022-01-14T13:55:42+00:00","breadcrumb":{"@id":"https:\/\/www.ags-atlantis.es\/en\/product\/ags-its-pro\/#breadcrumb"},"inLanguage":"en-US","potentialAction":[{"@type":"ReadAction","target":["https:\/\/www.ags-atlantis.es\/en\/product\/ags-its-pro\/"]}]},{"@type":"ImageObject","inLanguage":"en-US","@id":"https:\/\/www.ags-atlantis.es\/en\/product\/ags-its-pro\/#primaryimage","url":"\/wp-content\/uploads\/2021\/12\/AGS-iTS-logo-.png","contentUrl":"\/wp-content\/uploads\/2021\/12\/AGS-iTS-logo-.png","width":256,"height":256},{"@type":"BreadcrumbList","@id":"https:\/\/www.ags-atlantis.es\/en\/product\/ags-its-pro\/#breadcrumb","itemListElement":[{"@type":"ListItem","position":1,"name":"Portada","item":"https:\/\/ags-atlantis.es\/en\/"},{"@type":"ListItem","position":2,"name":"Shop","item":"https:\/\/www.scb.ags-atlantis.es\/en\/shop\/"},{"@type":"ListItem","position":3,"name":"AGS iTS Pro"}]},{"@type":"WebSite","@id":"http:\/\/www.scb.ags-atlantis.es\/en\/#website","url":"http:\/\/www.scb.ags-atlantis.es\/en\/","name":"Atlantis Global System","description":"Soluciones Log\u00edsticas de Gesti\u00f3n y Movilidad","potentialAction":[{"@type":"SearchAction","target":{"@type":"EntryPoint","urlTemplate":"http:\/\/www.scb.ags-atlantis.es\/en\/?s={search_term_string}"},"query-input":{"@type":"PropertyValueSpecification","valueRequired":true,"valueName":"search_term_string"}}],"inLanguage":"en-US"}]}},"_links":{"self":[{"href":"https:\/\/ags-atlantis.es\/en\/wp-json\/wp\/v2\/product\/7810","targetHints":{"allow":["GET"]}}],"collection":[{"href":"https:\/\/ags-atlantis.es\/en\/wp-json\/wp\/v2\/product"}],"about":[{"href":"https:\/\/ags-atlantis.es\/en\/wp-json\/wp\/v2\/types\/product"}],"wp:featuredmedia":[{"embeddable":true,"href":"https:\/\/ags-atlantis.es\/en\/wp-json\/wp\/v2\/media\/7811"}],"wp:attachment":[{"href":"https:\/\/ags-atlantis.es\/en\/wp-json\/wp\/v2\/media?parent=7810"}],"wp:term":[{"taxonomy":"product_brand","embeddable":true,"href":"https:\/\/ags-atlantis.es\/en\/wp-json\/wp\/v2\/product_brand?post=7810"},{"taxonomy":"product_cat","embeddable":true,"href":"https:\/\/ags-atlantis.es\/en\/wp-json\/wp\/v2\/product_cat?post=7810"},{"taxonomy":"product_tag","embeddable":true,"href":"https:\/\/ags-atlantis.es\/en\/wp-json\/wp\/v2\/product_tag?post=7810"}],"curies":[{"name":"wp","href":"https:\/\/api.w.org\/{rel}","templated":true}]}}