{"id":6844,"date":"2020-11-28T20:03:43","date_gmt":"2020-11-28T20:03:43","guid":{"rendered":"https:\/\/wordpress-ags-atlantis-c7b0a5dmamd7a6ay.northeurope-01.azurewebsites.net\/?post_type=product&#038;p=6844"},"modified":"2023-06-23T08:00:40","modified_gmt":"2023-06-23T08:00:40","slug":"ags-driver","status":"publish","type":"product","link":"https:\/\/ags-atlantis.es\/en\/product\/ags-driver\/","title":{"rendered":"AGS Driver"},"content":{"rendered":"<p class=\"translation-block\">AGS Driver is an application developed by AGS and intended for mobile devices such as smartphones or tablets equipped with the Android operating system. Beyond effectively incorporating the functionalities of the AGS iTS Mobile App, AGS Driver integrates bidirectional 3G\/4G messaging services with AGS Conecta Premium and AGS Conecta Pro solutions.<\/p>\n<p>It also offers document reporting via scanned\/photographed files coming from the mobile device's camera to the AGS applications, making it easy for the user to continuously keep in touch with their headquarters.<\/p>","protected":false},"excerpt":{"rendered":"<p class=\"translation-block\">AGS Driver is an Android operating system application for mobile devices, in addition to the functionalities of the AGS iTS Mobile App incorporates bidirectional 3G\/4G messaging with AGS Conecta Premium and AGS Conecta Pro solutions.<\/p>","protected":false},"featured_media":6768,"template":"","meta":[],"product_brand":[],"product_cat":[88],"product_tag":[],"class_list":{"0":"post-6844","1":"product","2":"type-product","3":"status-publish","4":"has-post-thumbnail","6":"product_cat-apps-moviles","7":"product-column","9":"first","10":"instock","11":"taxable","12":"shipping-taxable","13":"product-type-simple"},"yoast_head":"<!-- This site is optimized with the Yoast SEO plugin v27.3 - https:\/\/yoast.com\/product\/yoast-seo-wordpress\/ -->\n<title>AGS Driver - Atlantis Global System<\/title>\n<meta name=\"robots\" content=\"index, follow, max-snippet:-1, max-image-preview:large, max-video-preview:-1\" \/>\n<link rel=\"canonical\" href=\"https:\/\/ags-atlantis.es\/en\/product\/ags-driver\/\" \/>\n<meta property=\"og:locale\" content=\"en_US\" \/>\n<meta property=\"og:type\" content=\"article\" \/>\n<meta property=\"og:title\" content=\"AGS Driver - Atlantis Global System\" \/>\n<meta property=\"og:description\" content=\"AGS Driver es una aplicaci\u00f3n destinada a dispositivos m\u00f3viles con sistema operativo Android que, adem\u00e1s de las funcionalidades de la App AGS iTS Mobile, incorpora mensajer\u00eda 3G\/4G bidireccional con las soluciones AGS Conecta Premium y AGS Conecta Pro.\" \/>\n<meta property=\"og:url\" content=\"https:\/\/ags-atlantis.es\/en\/product\/ags-driver\/\" \/>\n<meta property=\"og:site_name\" content=\"Atlantis Global System\" \/>\n<meta property=\"article:modified_time\" content=\"2023-06-23T08:00:40+00:00\" \/>\n<meta property=\"og:image\" content=\"https:\/\/ags-atlantis.es\/wp-content\/uploads\/2020\/11\/AGS-Driver.png\" \/>\n\t<meta property=\"og:image:width\" content=\"256\" \/>\n\t<meta property=\"og:image:height\" content=\"256\" \/>\n\t<meta property=\"og:image:type\" content=\"image\/png\" \/>\n<meta name=\"twitter:card\" content=\"summary_large_image\" \/>\n<script type=\"application\/ld+json\" class=\"yoast-schema-graph\">{\"@context\":\"https:\\\/\\\/schema.org\",\"@graph\":[{\"@type\":\"WebPage\",\"@id\":\"https:\\\/\\\/ags-atlantis.es\\\/en\\\/product\\\/ags-driver\\\/\",\"url\":\"https:\\\/\\\/ags-atlantis.es\\\/en\\\/product\\\/ags-driver\\\/\",\"name\":\"AGS Driver - Atlantis Global System\",\"isPartOf\":{\"@id\":\"http:\\\/\\\/www.scb.ags-atlantis.es\\\/en\\\/#website\"},\"primaryImageOfPage\":{\"@id\":\"https:\\\/\\\/ags-atlantis.es\\\/en\\\/product\\\/ags-driver\\\/#primaryimage\"},\"image\":{\"@id\":\"https:\\\/\\\/ags-atlantis.es\\\/en\\\/product\\\/ags-driver\\\/#primaryimage\"},\"thumbnailUrl\":\"\\\/wp-content\\\/uploads\\\/2020\\\/11\\\/AGS-Driver.png\",\"datePublished\":\"2020-11-28T20:03:43+00:00\",\"dateModified\":\"2023-06-23T08:00:40+00:00\",\"breadcrumb\":{\"@id\":\"https:\\\/\\\/ags-atlantis.es\\\/en\\\/product\\\/ags-driver\\\/#breadcrumb\"},\"inLanguage\":\"en-US\",\"potentialAction\":[{\"@type\":\"ReadAction\",\"target\":[\"https:\\\/\\\/ags-atlantis.es\\\/en\\\/product\\\/ags-driver\\\/\"]}]},{\"@type\":\"ImageObject\",\"inLanguage\":\"en-US\",\"@id\":\"https:\\\/\\\/ags-atlantis.es\\\/en\\\/product\\\/ags-driver\\\/#primaryimage\",\"url\":\"\\\/wp-content\\\/uploads\\\/2020\\\/11\\\/AGS-Driver.png\",\"contentUrl\":\"\\\/wp-content\\\/uploads\\\/2020\\\/11\\\/AGS-Driver.png\",\"width\":256,\"height\":256,\"caption\":\"AGS Driver\"},{\"@type\":\"BreadcrumbList\",\"@id\":\"https:\\\/\\\/ags-atlantis.es\\\/en\\\/product\\\/ags-driver\\\/#breadcrumb\",\"itemListElement\":[{\"@type\":\"ListItem\",\"position\":1,\"name\":\"Portada\",\"item\":\"https:\\\/\\\/ags-atlantis.es\\\/en\\\/\"},{\"@type\":\"ListItem\",\"position\":2,\"name\":\"Shop\",\"item\":\"https:\\\/\\\/www.scb.ags-atlantis.es\\\/en\\\/shop\\\/\"},{\"@type\":\"ListItem\",\"position\":3,\"name\":\"AGS Driver\"}]},{\"@type\":\"WebSite\",\"@id\":\"http:\\\/\\\/www.scb.ags-atlantis.es\\\/en\\\/#website\",\"url\":\"http:\\\/\\\/www.scb.ags-atlantis.es\\\/en\\\/\",\"name\":\"Atlantis Global System\",\"description\":\"Soluciones Log\u00edsticas de Gesti\u00f3n y Movilidad\",\"potentialAction\":[{\"@type\":\"SearchAction\",\"target\":{\"@type\":\"EntryPoint\",\"urlTemplate\":\"http:\\\/\\\/www.scb.ags-atlantis.es\\\/en\\\/?s={search_term_string}\"},\"query-input\":{\"@type\":\"PropertyValueSpecification\",\"valueRequired\":true,\"valueName\":\"search_term_string\"}}],\"inLanguage\":\"en-US\"}]}<\/script>\n<!-- \/ Yoast SEO plugin. -->","yoast_head_json":{"title":"AGS Driver - Atlantis Global System","robots":{"index":"index","follow":"follow","max-snippet":"max-snippet:-1","max-image-preview":"max-image-preview:large","max-video-preview":"max-video-preview:-1"},"canonical":"https:\/\/ags-atlantis.es\/en\/product\/ags-driver\/","og_locale":"en_US","og_type":"article","og_title":"AGS Driver - Atlantis Global System","og_description":"AGS Driver es una aplicaci\u00f3n destinada a dispositivos m\u00f3viles con sistema operativo Android que, adem\u00e1s de las funcionalidades de la App AGS iTS Mobile, incorpora mensajer\u00eda 3G\/4G bidireccional con las soluciones AGS Conecta Premium y AGS Conecta Pro.","og_url":"https:\/\/ags-atlantis.es\/en\/product\/ags-driver\/","og_site_name":"Atlantis Global System","article_modified_time":"2023-06-23T08:00:40+00:00","og_image":[{"width":256,"height":256,"url":"https:\/\/ags-atlantis.es\/wp-content\/uploads\/2020\/11\/AGS-Driver.png","type":"image\/png"}],"twitter_card":"summary_large_image","schema":{"@context":"https:\/\/schema.org","@graph":[{"@type":"WebPage","@id":"https:\/\/ags-atlantis.es\/en\/product\/ags-driver\/","url":"https:\/\/ags-atlantis.es\/en\/product\/ags-driver\/","name":"AGS Driver - Atlantis Global System","isPartOf":{"@id":"http:\/\/www.scb.ags-atlantis.es\/en\/#website"},"primaryImageOfPage":{"@id":"https:\/\/ags-atlantis.es\/en\/product\/ags-driver\/#primaryimage"},"image":{"@id":"https:\/\/ags-atlantis.es\/en\/product\/ags-driver\/#primaryimage"},"thumbnailUrl":"\/wp-content\/uploads\/2020\/11\/AGS-Driver.png","datePublished":"2020-11-28T20:03:43+00:00","dateModified":"2023-06-23T08:00:40+00:00","breadcrumb":{"@id":"https:\/\/ags-atlantis.es\/en\/product\/ags-driver\/#breadcrumb"},"inLanguage":"en-US","potentialAction":[{"@type":"ReadAction","target":["https:\/\/ags-atlantis.es\/en\/product\/ags-driver\/"]}]},{"@type":"ImageObject","inLanguage":"en-US","@id":"https:\/\/ags-atlantis.es\/en\/product\/ags-driver\/#primaryimage","url":"\/wp-content\/uploads\/2020\/11\/AGS-Driver.png","contentUrl":"\/wp-content\/uploads\/2020\/11\/AGS-Driver.png","width":256,"height":256,"caption":"AGS Driver"},{"@type":"BreadcrumbList","@id":"https:\/\/ags-atlantis.es\/en\/product\/ags-driver\/#breadcrumb","itemListElement":[{"@type":"ListItem","position":1,"name":"Portada","item":"https:\/\/ags-atlantis.es\/en\/"},{"@type":"ListItem","position":2,"name":"Shop","item":"https:\/\/www.scb.ags-atlantis.es\/en\/shop\/"},{"@type":"ListItem","position":3,"name":"AGS Driver"}]},{"@type":"WebSite","@id":"http:\/\/www.scb.ags-atlantis.es\/en\/#website","url":"http:\/\/www.scb.ags-atlantis.es\/en\/","name":"Atlantis Global System","description":"Soluciones Log\u00edsticas de Gesti\u00f3n y Movilidad","potentialAction":[{"@type":"SearchAction","target":{"@type":"EntryPoint","urlTemplate":"http:\/\/www.scb.ags-atlantis.es\/en\/?s={search_term_string}"},"query-input":{"@type":"PropertyValueSpecification","valueRequired":true,"valueName":"search_term_string"}}],"inLanguage":"en-US"}]}},"_links":{"self":[{"href":"https:\/\/ags-atlantis.es\/en\/wp-json\/wp\/v2\/product\/6844","targetHints":{"allow":["GET"]}}],"collection":[{"href":"https:\/\/ags-atlantis.es\/en\/wp-json\/wp\/v2\/product"}],"about":[{"href":"https:\/\/ags-atlantis.es\/en\/wp-json\/wp\/v2\/types\/product"}],"wp:featuredmedia":[{"embeddable":true,"href":"https:\/\/ags-atlantis.es\/en\/wp-json\/wp\/v2\/media\/6768"}],"wp:attachment":[{"href":"https:\/\/ags-atlantis.es\/en\/wp-json\/wp\/v2\/media?parent=6844"}],"wp:term":[{"taxonomy":"product_brand","embeddable":true,"href":"https:\/\/ags-atlantis.es\/en\/wp-json\/wp\/v2\/product_brand?post=6844"},{"taxonomy":"product_cat","embeddable":true,"href":"https:\/\/ags-atlantis.es\/en\/wp-json\/wp\/v2\/product_cat?post=6844"},{"taxonomy":"product_tag","embeddable":true,"href":"https:\/\/ags-atlantis.es\/en\/wp-json\/wp\/v2\/product_tag?post=6844"}],"curies":[{"name":"wp","href":"https:\/\/api.w.org\/{rel}","templated":true}]}}