{"id":6843,"date":"2020-11-28T20:02:35","date_gmt":"2020-11-28T20:02:35","guid":{"rendered":"https:\/\/wordpress-ags-atlantis-c7b0a5dmamd7a6ay.northeurope-01.azurewebsites.net\/?post_type=product&#038;p=6843"},"modified":"2025-10-30T14:27:02","modified_gmt":"2025-10-30T13:27:02","slug":"ags-its-mobile","status":"publish","type":"product","link":"https:\/\/ags-atlantis.es\/en\/product\/ags-its-mobile\/","title":{"rendered":"AGS iTS Mobile"},"content":{"rendered":"<p><strong>AGS iTS Mobile <\/strong>es una aplicaci\u00f3n desarrollada por AGS orientada a facilitar la visualizaci\u00f3n de las temperaturas e incidencias registradas por el <em>term\u00f3grafo digital compacto <\/em><strong>Conecta+\u00ae <em>iTS Compact<\/em><\/strong>, desde un dispositivo m\u00f3vil de tipo <em>\u201csmartphone\u201d<\/em> o <em>\u201ctablet\u201d<\/em> provisto con sistema operativo Android e iOS.<\/p>\n<p>With this tool, the user can also configure and set the necessary basic parameters for the proper operation of the device, facilitating the inspection tasks, to be carried out by the competent authority.<\/p>","protected":false},"excerpt":{"rendered":"<p><strong>AGS iTS Mobile <\/strong>es una aplicaci\u00f3n desarrollada por AGS orientada a facilitar la visualizaci\u00f3n de las temperaturas e incidencias registradas por el <em>term\u00f3grafo digital compacto <\/em><strong>Conecta+\u00ae <em>iTS Compact<\/em><\/strong> desde dispositivos m\u00f3viles con sistema operativo Android e iOS.<\/p>\n<div style=\"display: flex; gap: 10px; align-items: center;\"><a href=\"https:\/\/play.google.com\/store\/apps\/details?id=com.ags.its&amp;hl=es\" target=\"_blank\" rel=\"noopener\"><br \/>\n<img decoding=\"async\" class=\"aligncenter\" style=\"height: 60px;\" src=\"\/wp-content\/uploads\/2020\/11\/ldAb_E9IiDEg3fgYQZz_F4mqwSeitd76CA.png\" alt=\"Descargar en Google Play\" \/><br \/>\n<\/a><br \/>\n<a href=\"https:\/\/apps.apple.com\/es\/app\/ags-its-mobile\/id6479608022\" target=\"_blank\" rel=\"noopener\"><br \/>\n<img decoding=\"async\" class=\"aligncenter\" style=\"height: 60px;\" src=\"\/wp-content\/uploads\/2020\/11\/images_app_store.png\" alt=\"Descargar en App Store\" \/><br \/>\n<\/a><\/div>","protected":false},"featured_media":6769,"template":"","meta":[],"product_brand":[],"product_cat":[88],"product_tag":[],"class_list":{"0":"post-6843","1":"product","2":"type-product","3":"status-publish","4":"has-post-thumbnail","6":"product_cat-apps-moviles","7":"product-column","9":"first","10":"instock","11":"taxable","12":"shipping-taxable","13":"product-type-simple"},"yoast_head":"<!-- This site is optimized with the Yoast SEO plugin v27.3 - https:\/\/yoast.com\/product\/yoast-seo-wordpress\/ -->\n<title>AGS iTS Mobile - Atlantis Global System<\/title>\n<meta name=\"robots\" content=\"index, follow, max-snippet:-1, max-image-preview:large, max-video-preview:-1\" \/>\n<link rel=\"canonical\" href=\"https:\/\/ags-atlantis.es\/en\/product\/ags-its-mobile\/\" \/>\n<meta property=\"og:locale\" content=\"en_US\" \/>\n<meta property=\"og:type\" content=\"article\" \/>\n<meta property=\"og:title\" content=\"AGS iTS Mobile - Atlantis Global System\" \/>\n<meta property=\"og:description\" content=\"AGS iTS Mobile es una aplicaci\u00f3n desarrollada por AGS orientada a facilitar la visualizaci\u00f3n de las temperaturas e incidencias registradas por el term\u00f3grafo digital compacto Conecta+\u00ae iTS Compact desde dispositivos m\u00f3viles con sistema operativo Android e iOS.\" \/>\n<meta property=\"og:url\" content=\"https:\/\/ags-atlantis.es\/en\/product\/ags-its-mobile\/\" \/>\n<meta property=\"og:site_name\" content=\"Atlantis Global System\" \/>\n<meta property=\"article:modified_time\" content=\"2025-10-30T13:27:02+00:00\" \/>\n<meta property=\"og:image\" content=\"https:\/\/ags-atlantis.es\/wp-content\/uploads\/2020\/11\/AGS-iTS-Mobile.png\" \/>\n\t<meta property=\"og:image:width\" content=\"256\" \/>\n\t<meta property=\"og:image:height\" content=\"256\" \/>\n\t<meta property=\"og:image:type\" content=\"image\/png\" \/>\n<meta name=\"twitter:card\" content=\"summary_large_image\" \/>\n<meta name=\"twitter:label1\" content=\"Est. reading time\" \/>\n\t<meta name=\"twitter:data1\" content=\"1 minute\" \/>\n<script type=\"application\/ld+json\" class=\"yoast-schema-graph\">{\"@context\":\"https:\\\/\\\/schema.org\",\"@graph\":[{\"@type\":\"WebPage\",\"@id\":\"https:\\\/\\\/ags-atlantis.es\\\/product\\\/ags-its-mobile\\\/\",\"url\":\"https:\\\/\\\/ags-atlantis.es\\\/product\\\/ags-its-mobile\\\/\",\"name\":\"AGS iTS Mobile - Atlantis Global System\",\"isPartOf\":{\"@id\":\"http:\\\/\\\/www.scb.ags-atlantis.es\\\/en\\\/#website\"},\"primaryImageOfPage\":{\"@id\":\"https:\\\/\\\/ags-atlantis.es\\\/product\\\/ags-its-mobile\\\/#primaryimage\"},\"image\":{\"@id\":\"https:\\\/\\\/ags-atlantis.es\\\/product\\\/ags-its-mobile\\\/#primaryimage\"},\"thumbnailUrl\":\"\\\/wp-content\\\/uploads\\\/2020\\\/11\\\/AGS-iTS-Mobile.png\",\"datePublished\":\"2020-11-28T20:02:35+00:00\",\"dateModified\":\"2025-10-30T13:27:02+00:00\",\"breadcrumb\":{\"@id\":\"https:\\\/\\\/ags-atlantis.es\\\/product\\\/ags-its-mobile\\\/#breadcrumb\"},\"inLanguage\":\"en-US\",\"potentialAction\":[{\"@type\":\"ReadAction\",\"target\":[\"https:\\\/\\\/ags-atlantis.es\\\/product\\\/ags-its-mobile\\\/\"]}]},{\"@type\":\"ImageObject\",\"inLanguage\":\"en-US\",\"@id\":\"https:\\\/\\\/ags-atlantis.es\\\/product\\\/ags-its-mobile\\\/#primaryimage\",\"url\":\"\\\/wp-content\\\/uploads\\\/2020\\\/11\\\/AGS-iTS-Mobile.png\",\"contentUrl\":\"\\\/wp-content\\\/uploads\\\/2020\\\/11\\\/AGS-iTS-Mobile.png\",\"width\":256,\"height\":256,\"caption\":\"AGS iTS Mobile\"},{\"@type\":\"BreadcrumbList\",\"@id\":\"https:\\\/\\\/ags-atlantis.es\\\/product\\\/ags-its-mobile\\\/#breadcrumb\",\"itemListElement\":[{\"@type\":\"ListItem\",\"position\":1,\"name\":\"Portada\",\"item\":\"https:\\\/\\\/ags-atlantis.es\\\/en\\\/\"},{\"@type\":\"ListItem\",\"position\":2,\"name\":\"Shop\",\"item\":\"https:\\\/\\\/www.scb.ags-atlantis.es\\\/en\\\/shop\\\/\"},{\"@type\":\"ListItem\",\"position\":3,\"name\":\"AGS iTS Mobile\"}]},{\"@type\":\"WebSite\",\"@id\":\"http:\\\/\\\/www.scb.ags-atlantis.es\\\/en\\\/#website\",\"url\":\"http:\\\/\\\/www.scb.ags-atlantis.es\\\/en\\\/\",\"name\":\"Atlantis Global System\",\"description\":\"Soluciones Log\u00edsticas de Gesti\u00f3n y Movilidad\",\"potentialAction\":[{\"@type\":\"SearchAction\",\"target\":{\"@type\":\"EntryPoint\",\"urlTemplate\":\"http:\\\/\\\/www.scb.ags-atlantis.es\\\/en\\\/?s={search_term_string}\"},\"query-input\":{\"@type\":\"PropertyValueSpecification\",\"valueRequired\":true,\"valueName\":\"search_term_string\"}}],\"inLanguage\":\"en-US\"}]}<\/script>\n<!-- \/ Yoast SEO plugin. -->","yoast_head_json":{"title":"AGS iTS Mobile - Atlantis Global System","robots":{"index":"index","follow":"follow","max-snippet":"max-snippet:-1","max-image-preview":"max-image-preview:large","max-video-preview":"max-video-preview:-1"},"canonical":"https:\/\/ags-atlantis.es\/en\/product\/ags-its-mobile\/","og_locale":"en_US","og_type":"article","og_title":"AGS iTS Mobile - Atlantis Global System","og_description":"AGS iTS Mobile es una aplicaci\u00f3n desarrollada por AGS orientada a facilitar la visualizaci\u00f3n de las temperaturas e incidencias registradas por el term\u00f3grafo digital compacto Conecta+\u00ae iTS Compact desde dispositivos m\u00f3viles con sistema operativo Android e iOS.","og_url":"https:\/\/ags-atlantis.es\/en\/product\/ags-its-mobile\/","og_site_name":"Atlantis Global System","article_modified_time":"2025-10-30T13:27:02+00:00","og_image":[{"width":256,"height":256,"url":"https:\/\/ags-atlantis.es\/wp-content\/uploads\/2020\/11\/AGS-iTS-Mobile.png","type":"image\/png"}],"twitter_card":"summary_large_image","twitter_misc":{"Est. reading time":"1 minute"},"schema":{"@context":"https:\/\/schema.org","@graph":[{"@type":"WebPage","@id":"https:\/\/ags-atlantis.es\/product\/ags-its-mobile\/","url":"https:\/\/ags-atlantis.es\/product\/ags-its-mobile\/","name":"AGS iTS Mobile - Atlantis Global System","isPartOf":{"@id":"http:\/\/www.scb.ags-atlantis.es\/en\/#website"},"primaryImageOfPage":{"@id":"https:\/\/ags-atlantis.es\/product\/ags-its-mobile\/#primaryimage"},"image":{"@id":"https:\/\/ags-atlantis.es\/product\/ags-its-mobile\/#primaryimage"},"thumbnailUrl":"\/wp-content\/uploads\/2020\/11\/AGS-iTS-Mobile.png","datePublished":"2020-11-28T20:02:35+00:00","dateModified":"2025-10-30T13:27:02+00:00","breadcrumb":{"@id":"https:\/\/ags-atlantis.es\/product\/ags-its-mobile\/#breadcrumb"},"inLanguage":"en-US","potentialAction":[{"@type":"ReadAction","target":["https:\/\/ags-atlantis.es\/product\/ags-its-mobile\/"]}]},{"@type":"ImageObject","inLanguage":"en-US","@id":"https:\/\/ags-atlantis.es\/product\/ags-its-mobile\/#primaryimage","url":"\/wp-content\/uploads\/2020\/11\/AGS-iTS-Mobile.png","contentUrl":"\/wp-content\/uploads\/2020\/11\/AGS-iTS-Mobile.png","width":256,"height":256,"caption":"AGS iTS Mobile"},{"@type":"BreadcrumbList","@id":"https:\/\/ags-atlantis.es\/product\/ags-its-mobile\/#breadcrumb","itemListElement":[{"@type":"ListItem","position":1,"name":"Portada","item":"https:\/\/ags-atlantis.es\/en\/"},{"@type":"ListItem","position":2,"name":"Shop","item":"https:\/\/www.scb.ags-atlantis.es\/en\/shop\/"},{"@type":"ListItem","position":3,"name":"AGS iTS Mobile"}]},{"@type":"WebSite","@id":"http:\/\/www.scb.ags-atlantis.es\/en\/#website","url":"http:\/\/www.scb.ags-atlantis.es\/en\/","name":"Atlantis Global System","description":"Soluciones Log\u00edsticas de Gesti\u00f3n y Movilidad","potentialAction":[{"@type":"SearchAction","target":{"@type":"EntryPoint","urlTemplate":"http:\/\/www.scb.ags-atlantis.es\/en\/?s={search_term_string}"},"query-input":{"@type":"PropertyValueSpecification","valueRequired":true,"valueName":"search_term_string"}}],"inLanguage":"en-US"}]}},"_links":{"self":[{"href":"https:\/\/ags-atlantis.es\/en\/wp-json\/wp\/v2\/product\/6843","targetHints":{"allow":["GET"]}}],"collection":[{"href":"https:\/\/ags-atlantis.es\/en\/wp-json\/wp\/v2\/product"}],"about":[{"href":"https:\/\/ags-atlantis.es\/en\/wp-json\/wp\/v2\/types\/product"}],"wp:featuredmedia":[{"embeddable":true,"href":"https:\/\/ags-atlantis.es\/en\/wp-json\/wp\/v2\/media\/6769"}],"wp:attachment":[{"href":"https:\/\/ags-atlantis.es\/en\/wp-json\/wp\/v2\/media?parent=6843"}],"wp:term":[{"taxonomy":"product_brand","embeddable":true,"href":"https:\/\/ags-atlantis.es\/en\/wp-json\/wp\/v2\/product_brand?post=6843"},{"taxonomy":"product_cat","embeddable":true,"href":"https:\/\/ags-atlantis.es\/en\/wp-json\/wp\/v2\/product_cat?post=6843"},{"taxonomy":"product_tag","embeddable":true,"href":"https:\/\/ags-atlantis.es\/en\/wp-json\/wp\/v2\/product_tag?post=6843"}],"curies":[{"name":"wp","href":"https:\/\/api.w.org\/{rel}","templated":true}]}}