{"id":6842,"date":"2020-11-28T19:47:16","date_gmt":"2020-11-28T19:47:16","guid":{"rendered":"https:\/\/wordpress-ags-atlantis-c7b0a5dmamd7a6ay.northeurope-01.azurewebsites.net\/?post_type=product&#038;p=6842"},"modified":"2023-12-20T08:42:39","modified_gmt":"2023-12-20T08:42:39","slug":"ags-termotel-premium","status":"publish","type":"product","link":"https:\/\/ags-atlantis.es\/en\/product\/ags-termotel-premium\/","title":{"rendered":"AGS Termotel Premium"},"content":{"rendered":"<p class=\"translation-block\">The AGSTermotel Premium application is equipped with advanced administrative and management tools, allowing more efficient use of the telematically data obtained coming from the different Conecta+ thermographs available in customer\u00b4s cold-storage rooms of their food and\/or medicine distribution centers.<\/p>\n<p class=\"translation-block\">In addition, AGSConecta Premium offers an easy-to-use and intuitive interface, with a very fast display of the user requested data, either in real-time or from the stored historical data.<\/p>\n<p class=\"translation-block\">One of the aspects that our AGSTermotel Premium customers value most is that it focuses on providing telematics technical assistance through the AGS Technical Assistance Center, either by using its \"Assistance\" module, from which they can report all kinds of notifications and incidents quickly and easily, and check the performed procedure status anytime or by activating the \"AGS Support\" button, which allows them to be assisted in real-time by an AGS technician in the event of an incident, or to obtain the necessary application-use training.<\/p>\n<p class=\"translation-block\">The AGSTermotel Premium application has a remote update service, to guarantee continuous improvement and evolution, allowing to effectively meet present and future needs.<\/p>","protected":false},"excerpt":{"rendered":"<p class=\"translation-block\">AGS Termotel Premium is a professional desktop application that meets all kinds of company needs that have cold rooms in their food and\/or medicine distribution centers, and are equipped with the Conecta+ family of digital thermographs, allowing them to control in real-time the compliance of the cold chain of their goods.<\/p>","protected":false},"featured_media":6754,"template":"","meta":[],"product_brand":[],"product_cat":[86],"product_tag":[],"class_list":{"0":"post-6842","1":"product","2":"type-product","3":"status-publish","4":"has-post-thumbnail","6":"product_cat-aplicaciones","7":"product-column","9":"first","10":"instock","11":"taxable","12":"shipping-taxable","13":"product-type-simple"},"yoast_head":"<!-- This site is optimized with the Yoast SEO plugin v27.3 - https:\/\/yoast.com\/product\/yoast-seo-wordpress\/ -->\n<title>AGS Termotel Premium - Atlantis Global System<\/title>\n<meta name=\"robots\" content=\"index, follow, max-snippet:-1, max-image-preview:large, max-video-preview:-1\" \/>\n<link rel=\"canonical\" href=\"https:\/\/ags-atlantis.es\/en\/product\/ags-termotel-premium\/\" \/>\n<meta property=\"og:locale\" content=\"en_US\" \/>\n<meta property=\"og:type\" content=\"article\" \/>\n<meta property=\"og:title\" content=\"AGS Termotel Premium - Atlantis Global System\" \/>\n<meta property=\"og:description\" content=\"AGS Termotel Premium es una aplicaci\u00f3n de escritorio profesional que atiende a las necesidades de todo tipo de empresas que cuentan con c\u00e1maras frigor\u00edficas en sus centros de distribuci\u00f3n de alimentos y\/o medicamentos, y que est\u00e1n provistas con los term\u00f3grafos de la familia Conecta+, permiti\u00e9ndoles controlar en tiempo real el cumplimiento de la cadena de fr\u00edo de sus mercanc\u00edas.\" \/>\n<meta property=\"og:url\" content=\"https:\/\/ags-atlantis.es\/en\/product\/ags-termotel-premium\/\" \/>\n<meta property=\"og:site_name\" content=\"Atlantis Global System\" \/>\n<meta property=\"article:modified_time\" content=\"2023-12-20T08:42:39+00:00\" \/>\n<meta property=\"og:image\" content=\"https:\/\/ags-atlantis.es\/wp-content\/uploads\/2020\/11\/AGSTermotelPremium.png\" \/>\n\t<meta property=\"og:image:width\" content=\"512\" \/>\n\t<meta property=\"og:image:height\" content=\"512\" \/>\n\t<meta property=\"og:image:type\" content=\"image\/png\" \/>\n<meta name=\"twitter:card\" content=\"summary_large_image\" \/>\n<meta name=\"twitter:label1\" content=\"Est. reading time\" \/>\n\t<meta name=\"twitter:data1\" content=\"1 minute\" \/>\n<script type=\"application\/ld+json\" class=\"yoast-schema-graph\">{\"@context\":\"https:\\\/\\\/schema.org\",\"@graph\":[{\"@type\":\"WebPage\",\"@id\":\"https:\\\/\\\/ags-atlantis.es\\\/en\\\/product\\\/ags-termotel-premium\\\/\",\"url\":\"https:\\\/\\\/ags-atlantis.es\\\/en\\\/product\\\/ags-termotel-premium\\\/\",\"name\":\"AGS Termotel Premium - Atlantis Global System\",\"isPartOf\":{\"@id\":\"http:\\\/\\\/www.scb.ags-atlantis.es\\\/en\\\/#website\"},\"primaryImageOfPage\":{\"@id\":\"https:\\\/\\\/ags-atlantis.es\\\/en\\\/product\\\/ags-termotel-premium\\\/#primaryimage\"},\"image\":{\"@id\":\"https:\\\/\\\/ags-atlantis.es\\\/en\\\/product\\\/ags-termotel-premium\\\/#primaryimage\"},\"thumbnailUrl\":\"\\\/wp-content\\\/uploads\\\/2020\\\/11\\\/AGSTermotelPremium.png\",\"datePublished\":\"2020-11-28T19:47:16+00:00\",\"dateModified\":\"2023-12-20T08:42:39+00:00\",\"breadcrumb\":{\"@id\":\"https:\\\/\\\/ags-atlantis.es\\\/en\\\/product\\\/ags-termotel-premium\\\/#breadcrumb\"},\"inLanguage\":\"en-US\",\"potentialAction\":[{\"@type\":\"ReadAction\",\"target\":[\"https:\\\/\\\/ags-atlantis.es\\\/en\\\/product\\\/ags-termotel-premium\\\/\"]}]},{\"@type\":\"ImageObject\",\"inLanguage\":\"en-US\",\"@id\":\"https:\\\/\\\/ags-atlantis.es\\\/en\\\/product\\\/ags-termotel-premium\\\/#primaryimage\",\"url\":\"\\\/wp-content\\\/uploads\\\/2020\\\/11\\\/AGSTermotelPremium.png\",\"contentUrl\":\"\\\/wp-content\\\/uploads\\\/2020\\\/11\\\/AGSTermotelPremium.png\",\"width\":512,\"height\":512,\"caption\":\"AGS Termotel Premium\"},{\"@type\":\"BreadcrumbList\",\"@id\":\"https:\\\/\\\/ags-atlantis.es\\\/en\\\/product\\\/ags-termotel-premium\\\/#breadcrumb\",\"itemListElement\":[{\"@type\":\"ListItem\",\"position\":1,\"name\":\"Portada\",\"item\":\"https:\\\/\\\/ags-atlantis.es\\\/en\\\/\"},{\"@type\":\"ListItem\",\"position\":2,\"name\":\"Shop\",\"item\":\"https:\\\/\\\/www.scb.ags-atlantis.es\\\/en\\\/shop\\\/\"},{\"@type\":\"ListItem\",\"position\":3,\"name\":\"AGS Termotel Premium\"}]},{\"@type\":\"WebSite\",\"@id\":\"http:\\\/\\\/www.scb.ags-atlantis.es\\\/en\\\/#website\",\"url\":\"http:\\\/\\\/www.scb.ags-atlantis.es\\\/en\\\/\",\"name\":\"Atlantis Global System\",\"description\":\"Soluciones Log\u00edsticas de Gesti\u00f3n y Movilidad\",\"potentialAction\":[{\"@type\":\"SearchAction\",\"target\":{\"@type\":\"EntryPoint\",\"urlTemplate\":\"http:\\\/\\\/www.scb.ags-atlantis.es\\\/en\\\/?s={search_term_string}\"},\"query-input\":{\"@type\":\"PropertyValueSpecification\",\"valueRequired\":true,\"valueName\":\"search_term_string\"}}],\"inLanguage\":\"en-US\"}]}<\/script>\n<!-- \/ Yoast SEO plugin. -->","yoast_head_json":{"title":"AGS Termotel Premium - Atlantis Global System","robots":{"index":"index","follow":"follow","max-snippet":"max-snippet:-1","max-image-preview":"max-image-preview:large","max-video-preview":"max-video-preview:-1"},"canonical":"https:\/\/ags-atlantis.es\/en\/product\/ags-termotel-premium\/","og_locale":"en_US","og_type":"article","og_title":"AGS Termotel Premium - Atlantis Global System","og_description":"AGS Termotel Premium es una aplicaci\u00f3n de escritorio profesional que atiende a las necesidades de todo tipo de empresas que cuentan con c\u00e1maras frigor\u00edficas en sus centros de distribuci\u00f3n de alimentos y\/o medicamentos, y que est\u00e1n provistas con los term\u00f3grafos de la familia Conecta+, permiti\u00e9ndoles controlar en tiempo real el cumplimiento de la cadena de fr\u00edo de sus mercanc\u00edas.","og_url":"https:\/\/ags-atlantis.es\/en\/product\/ags-termotel-premium\/","og_site_name":"Atlantis Global System","article_modified_time":"2023-12-20T08:42:39+00:00","og_image":[{"width":512,"height":512,"url":"https:\/\/ags-atlantis.es\/wp-content\/uploads\/2020\/11\/AGSTermotelPremium.png","type":"image\/png"}],"twitter_card":"summary_large_image","twitter_misc":{"Est. reading time":"1 minute"},"schema":{"@context":"https:\/\/schema.org","@graph":[{"@type":"WebPage","@id":"https:\/\/ags-atlantis.es\/en\/product\/ags-termotel-premium\/","url":"https:\/\/ags-atlantis.es\/en\/product\/ags-termotel-premium\/","name":"AGS Termotel Premium - Atlantis Global System","isPartOf":{"@id":"http:\/\/www.scb.ags-atlantis.es\/en\/#website"},"primaryImageOfPage":{"@id":"https:\/\/ags-atlantis.es\/en\/product\/ags-termotel-premium\/#primaryimage"},"image":{"@id":"https:\/\/ags-atlantis.es\/en\/product\/ags-termotel-premium\/#primaryimage"},"thumbnailUrl":"\/wp-content\/uploads\/2020\/11\/AGSTermotelPremium.png","datePublished":"2020-11-28T19:47:16+00:00","dateModified":"2023-12-20T08:42:39+00:00","breadcrumb":{"@id":"https:\/\/ags-atlantis.es\/en\/product\/ags-termotel-premium\/#breadcrumb"},"inLanguage":"en-US","potentialAction":[{"@type":"ReadAction","target":["https:\/\/ags-atlantis.es\/en\/product\/ags-termotel-premium\/"]}]},{"@type":"ImageObject","inLanguage":"en-US","@id":"https:\/\/ags-atlantis.es\/en\/product\/ags-termotel-premium\/#primaryimage","url":"\/wp-content\/uploads\/2020\/11\/AGSTermotelPremium.png","contentUrl":"\/wp-content\/uploads\/2020\/11\/AGSTermotelPremium.png","width":512,"height":512,"caption":"AGS Termotel Premium"},{"@type":"BreadcrumbList","@id":"https:\/\/ags-atlantis.es\/en\/product\/ags-termotel-premium\/#breadcrumb","itemListElement":[{"@type":"ListItem","position":1,"name":"Portada","item":"https:\/\/ags-atlantis.es\/en\/"},{"@type":"ListItem","position":2,"name":"Shop","item":"https:\/\/www.scb.ags-atlantis.es\/en\/shop\/"},{"@type":"ListItem","position":3,"name":"AGS Termotel Premium"}]},{"@type":"WebSite","@id":"http:\/\/www.scb.ags-atlantis.es\/en\/#website","url":"http:\/\/www.scb.ags-atlantis.es\/en\/","name":"Atlantis Global System","description":"Soluciones Log\u00edsticas de Gesti\u00f3n y Movilidad","potentialAction":[{"@type":"SearchAction","target":{"@type":"EntryPoint","urlTemplate":"http:\/\/www.scb.ags-atlantis.es\/en\/?s={search_term_string}"},"query-input":{"@type":"PropertyValueSpecification","valueRequired":true,"valueName":"search_term_string"}}],"inLanguage":"en-US"}]}},"_links":{"self":[{"href":"https:\/\/ags-atlantis.es\/en\/wp-json\/wp\/v2\/product\/6842","targetHints":{"allow":["GET"]}}],"collection":[{"href":"https:\/\/ags-atlantis.es\/en\/wp-json\/wp\/v2\/product"}],"about":[{"href":"https:\/\/ags-atlantis.es\/en\/wp-json\/wp\/v2\/types\/product"}],"wp:featuredmedia":[{"embeddable":true,"href":"https:\/\/ags-atlantis.es\/en\/wp-json\/wp\/v2\/media\/6754"}],"wp:attachment":[{"href":"https:\/\/ags-atlantis.es\/en\/wp-json\/wp\/v2\/media?parent=6842"}],"wp:term":[{"taxonomy":"product_brand","embeddable":true,"href":"https:\/\/ags-atlantis.es\/en\/wp-json\/wp\/v2\/product_brand?post=6842"},{"taxonomy":"product_cat","embeddable":true,"href":"https:\/\/ags-atlantis.es\/en\/wp-json\/wp\/v2\/product_cat?post=6842"},{"taxonomy":"product_tag","embeddable":true,"href":"https:\/\/ags-atlantis.es\/en\/wp-json\/wp\/v2\/product_tag?post=6842"}],"curies":[{"name":"wp","href":"https:\/\/api.w.org\/{rel}","templated":true}]}}