{"id":6833,"date":"2020-11-28T19:15:55","date_gmt":"2020-11-28T19:15:55","guid":{"rendered":"https:\/\/wordpress-ags-atlantis-c7b0a5dmamd7a6ay.northeurope-01.azurewebsites.net\/?post_type=product&#038;p=6833"},"modified":"2023-12-20T08:40:21","modified_gmt":"2023-12-20T08:40:21","slug":"ags-conecta-premium","status":"publish","type":"product","link":"https:\/\/ags-atlantis.es\/en\/product\/ags-conecta-premium\/","title":{"rendered":"AGS Conecta Premium"},"content":{"rendered":"<h4 class=\"translation-block\">AGSConecta Premium is equipped with advanced administrative and management tools, allowing more efficient use of the telemetrically obtained data coming from the different onboard devices of the vehicle fleets.<\/h4>\n<p class=\"translation-block\">Among its main features, is its ability to interact with other AGS family product solutions (AGSConecta, AGSTermotel, and AGSConecta Mobile), allowing the complete administration and management of the organization's users or their guests, as well as the management of vehicle data reported to other telematics platforms integrated by AGS, facilitating and improving customer relations with other companies, organizations and end customers.<\/p>\n<p class=\"translation-block\">In addition, AGSConecta Premium offers an easy-to-use and intuitive interface, with a very fast display of the user requested data, either in real-time or from the stored historical data.<\/p>\n<p class=\"translation-block\">One of the aspects that our AGSConecta Premium customers value most is that it focuses on providing telematics technical assistance through the AGS Technical Assistance Center, either by using its \"Assistance\" module, from which they can report all kinds of notifications and incidents quickly and easily, and check the performed procedure status anytime or by activating the \"AGS Support\" button, which allows them to be assisted in real-time by an AGS technician in the event of an incident, or to obtain the necessary application-use training.<\/p>\n<p class=\"translation-block\">AGSConecta Premium has a remote update service, to guarantee continuous improvement and evolution, allowing to effectively meet present and future needs.<\/p>","protected":false},"excerpt":{"rendered":"<p class=\"translation-block\"><strong>AGS Conecta Premium is an easy-to-install multilingual professional desktop application, fully supported by the AGS Cloud-based Telematics Services Platform. <\/strong>An ideal solution to meet the needs of all kinds of companies that need to control and manage real-time the activity of their industrial vehicles fleets.<\/p>","protected":false},"featured_media":6751,"template":"","meta":[],"product_brand":[],"product_cat":[86],"product_tag":[],"class_list":{"0":"post-6833","1":"product","2":"type-product","3":"status-publish","4":"has-post-thumbnail","6":"product_cat-aplicaciones","7":"product-column","9":"first","10":"instock","11":"taxable","12":"shipping-taxable","13":"product-type-simple"},"yoast_head":"<!-- This site is optimized with the Yoast SEO plugin v27.3 - https:\/\/yoast.com\/product\/yoast-seo-wordpress\/ -->\n<title>AGS Conecta Premium - Atlantis Global System<\/title>\n<meta name=\"robots\" content=\"index, follow, max-snippet:-1, max-image-preview:large, max-video-preview:-1\" \/>\n<link rel=\"canonical\" href=\"https:\/\/ags-atlantis.es\/en\/product\/ags-conecta-premium\/\" \/>\n<meta property=\"og:locale\" content=\"en_US\" \/>\n<meta property=\"og:type\" content=\"article\" \/>\n<meta property=\"og:title\" content=\"AGS Conecta Premium - Atlantis Global System\" \/>\n<meta property=\"og:description\" content=\"AGS Conecta Premium es una aplicaci\u00f3n de escritorio profesional multiling\u00fce de f\u00e1cil instalaci\u00f3n, asistida en todo momento por la Plataforma de Servicios Telem\u00e1ticos en la nube de AGS. Una soluci\u00f3n id\u00f3nea para atender las necesidades de todo tipo de empresas que requieren controlar, y gestionar en tiempo real la actividad de sus flotas de veh\u00edculos industriales.\" \/>\n<meta property=\"og:url\" content=\"https:\/\/ags-atlantis.es\/en\/product\/ags-conecta-premium\/\" \/>\n<meta property=\"og:site_name\" content=\"Atlantis Global System\" \/>\n<meta property=\"article:modified_time\" content=\"2023-12-20T08:40:21+00:00\" \/>\n<meta property=\"og:image\" content=\"https:\/\/ags-atlantis.es\/wp-content\/uploads\/2020\/11\/AGSConectaPremium.png\" \/>\n\t<meta property=\"og:image:width\" content=\"512\" \/>\n\t<meta property=\"og:image:height\" content=\"512\" \/>\n\t<meta property=\"og:image:type\" content=\"image\/png\" \/>\n<meta name=\"twitter:card\" content=\"summary_large_image\" \/>\n<meta name=\"twitter:label1\" content=\"Est. reading time\" \/>\n\t<meta name=\"twitter:data1\" content=\"1 minute\" \/>\n<script type=\"application\/ld+json\" class=\"yoast-schema-graph\">{\"@context\":\"https:\\\/\\\/schema.org\",\"@graph\":[{\"@type\":\"WebPage\",\"@id\":\"https:\\\/\\\/ags-atlantis.es\\\/en\\\/product\\\/ags-conecta-premium\\\/\",\"url\":\"https:\\\/\\\/ags-atlantis.es\\\/en\\\/product\\\/ags-conecta-premium\\\/\",\"name\":\"AGS Conecta Premium - Atlantis Global System\",\"isPartOf\":{\"@id\":\"http:\\\/\\\/www.scb.ags-atlantis.es\\\/en\\\/#website\"},\"primaryImageOfPage\":{\"@id\":\"https:\\\/\\\/ags-atlantis.es\\\/en\\\/product\\\/ags-conecta-premium\\\/#primaryimage\"},\"image\":{\"@id\":\"https:\\\/\\\/ags-atlantis.es\\\/en\\\/product\\\/ags-conecta-premium\\\/#primaryimage\"},\"thumbnailUrl\":\"\\\/wp-content\\\/uploads\\\/2020\\\/11\\\/AGSConectaPremium.png\",\"datePublished\":\"2020-11-28T19:15:55+00:00\",\"dateModified\":\"2023-12-20T08:40:21+00:00\",\"breadcrumb\":{\"@id\":\"https:\\\/\\\/ags-atlantis.es\\\/en\\\/product\\\/ags-conecta-premium\\\/#breadcrumb\"},\"inLanguage\":\"en-US\",\"potentialAction\":[{\"@type\":\"ReadAction\",\"target\":[\"https:\\\/\\\/ags-atlantis.es\\\/en\\\/product\\\/ags-conecta-premium\\\/\"]}]},{\"@type\":\"ImageObject\",\"inLanguage\":\"en-US\",\"@id\":\"https:\\\/\\\/ags-atlantis.es\\\/en\\\/product\\\/ags-conecta-premium\\\/#primaryimage\",\"url\":\"\\\/wp-content\\\/uploads\\\/2020\\\/11\\\/AGSConectaPremium.png\",\"contentUrl\":\"\\\/wp-content\\\/uploads\\\/2020\\\/11\\\/AGSConectaPremium.png\",\"width\":512,\"height\":512,\"caption\":\"AGS Conecta Premium\"},{\"@type\":\"BreadcrumbList\",\"@id\":\"https:\\\/\\\/ags-atlantis.es\\\/en\\\/product\\\/ags-conecta-premium\\\/#breadcrumb\",\"itemListElement\":[{\"@type\":\"ListItem\",\"position\":1,\"name\":\"Portada\",\"item\":\"https:\\\/\\\/ags-atlantis.es\\\/en\\\/\"},{\"@type\":\"ListItem\",\"position\":2,\"name\":\"Shop\",\"item\":\"https:\\\/\\\/www.scb.ags-atlantis.es\\\/en\\\/shop\\\/\"},{\"@type\":\"ListItem\",\"position\":3,\"name\":\"AGS Conecta Premium\"}]},{\"@type\":\"WebSite\",\"@id\":\"http:\\\/\\\/www.scb.ags-atlantis.es\\\/en\\\/#website\",\"url\":\"http:\\\/\\\/www.scb.ags-atlantis.es\\\/en\\\/\",\"name\":\"Atlantis Global System\",\"description\":\"Soluciones Log\u00edsticas de Gesti\u00f3n y Movilidad\",\"potentialAction\":[{\"@type\":\"SearchAction\",\"target\":{\"@type\":\"EntryPoint\",\"urlTemplate\":\"http:\\\/\\\/www.scb.ags-atlantis.es\\\/en\\\/?s={search_term_string}\"},\"query-input\":{\"@type\":\"PropertyValueSpecification\",\"valueRequired\":true,\"valueName\":\"search_term_string\"}}],\"inLanguage\":\"en-US\"}]}<\/script>\n<!-- \/ Yoast SEO plugin. -->","yoast_head_json":{"title":"AGS Conecta Premium - Atlantis Global System","robots":{"index":"index","follow":"follow","max-snippet":"max-snippet:-1","max-image-preview":"max-image-preview:large","max-video-preview":"max-video-preview:-1"},"canonical":"https:\/\/ags-atlantis.es\/en\/product\/ags-conecta-premium\/","og_locale":"en_US","og_type":"article","og_title":"AGS Conecta Premium - Atlantis Global System","og_description":"AGS Conecta Premium es una aplicaci\u00f3n de escritorio profesional multiling\u00fce de f\u00e1cil instalaci\u00f3n, asistida en todo momento por la Plataforma de Servicios Telem\u00e1ticos en la nube de AGS. Una soluci\u00f3n id\u00f3nea para atender las necesidades de todo tipo de empresas que requieren controlar, y gestionar en tiempo real la actividad de sus flotas de veh\u00edculos industriales.","og_url":"https:\/\/ags-atlantis.es\/en\/product\/ags-conecta-premium\/","og_site_name":"Atlantis Global System","article_modified_time":"2023-12-20T08:40:21+00:00","og_image":[{"width":512,"height":512,"url":"https:\/\/ags-atlantis.es\/wp-content\/uploads\/2020\/11\/AGSConectaPremium.png","type":"image\/png"}],"twitter_card":"summary_large_image","twitter_misc":{"Est. reading time":"1 minute"},"schema":{"@context":"https:\/\/schema.org","@graph":[{"@type":"WebPage","@id":"https:\/\/ags-atlantis.es\/en\/product\/ags-conecta-premium\/","url":"https:\/\/ags-atlantis.es\/en\/product\/ags-conecta-premium\/","name":"AGS Conecta Premium - Atlantis Global System","isPartOf":{"@id":"http:\/\/www.scb.ags-atlantis.es\/en\/#website"},"primaryImageOfPage":{"@id":"https:\/\/ags-atlantis.es\/en\/product\/ags-conecta-premium\/#primaryimage"},"image":{"@id":"https:\/\/ags-atlantis.es\/en\/product\/ags-conecta-premium\/#primaryimage"},"thumbnailUrl":"\/wp-content\/uploads\/2020\/11\/AGSConectaPremium.png","datePublished":"2020-11-28T19:15:55+00:00","dateModified":"2023-12-20T08:40:21+00:00","breadcrumb":{"@id":"https:\/\/ags-atlantis.es\/en\/product\/ags-conecta-premium\/#breadcrumb"},"inLanguage":"en-US","potentialAction":[{"@type":"ReadAction","target":["https:\/\/ags-atlantis.es\/en\/product\/ags-conecta-premium\/"]}]},{"@type":"ImageObject","inLanguage":"en-US","@id":"https:\/\/ags-atlantis.es\/en\/product\/ags-conecta-premium\/#primaryimage","url":"\/wp-content\/uploads\/2020\/11\/AGSConectaPremium.png","contentUrl":"\/wp-content\/uploads\/2020\/11\/AGSConectaPremium.png","width":512,"height":512,"caption":"AGS Conecta Premium"},{"@type":"BreadcrumbList","@id":"https:\/\/ags-atlantis.es\/en\/product\/ags-conecta-premium\/#breadcrumb","itemListElement":[{"@type":"ListItem","position":1,"name":"Portada","item":"https:\/\/ags-atlantis.es\/en\/"},{"@type":"ListItem","position":2,"name":"Shop","item":"https:\/\/www.scb.ags-atlantis.es\/en\/shop\/"},{"@type":"ListItem","position":3,"name":"AGS Conecta Premium"}]},{"@type":"WebSite","@id":"http:\/\/www.scb.ags-atlantis.es\/en\/#website","url":"http:\/\/www.scb.ags-atlantis.es\/en\/","name":"Atlantis Global System","description":"Soluciones Log\u00edsticas de Gesti\u00f3n y Movilidad","potentialAction":[{"@type":"SearchAction","target":{"@type":"EntryPoint","urlTemplate":"http:\/\/www.scb.ags-atlantis.es\/en\/?s={search_term_string}"},"query-input":{"@type":"PropertyValueSpecification","valueRequired":true,"valueName":"search_term_string"}}],"inLanguage":"en-US"}]}},"_links":{"self":[{"href":"https:\/\/ags-atlantis.es\/en\/wp-json\/wp\/v2\/product\/6833","targetHints":{"allow":["GET"]}}],"collection":[{"href":"https:\/\/ags-atlantis.es\/en\/wp-json\/wp\/v2\/product"}],"about":[{"href":"https:\/\/ags-atlantis.es\/en\/wp-json\/wp\/v2\/types\/product"}],"wp:featuredmedia":[{"embeddable":true,"href":"https:\/\/ags-atlantis.es\/en\/wp-json\/wp\/v2\/media\/6751"}],"wp:attachment":[{"href":"https:\/\/ags-atlantis.es\/en\/wp-json\/wp\/v2\/media?parent=6833"}],"wp:term":[{"taxonomy":"product_brand","embeddable":true,"href":"https:\/\/ags-atlantis.es\/en\/wp-json\/wp\/v2\/product_brand?post=6833"},{"taxonomy":"product_cat","embeddable":true,"href":"https:\/\/ags-atlantis.es\/en\/wp-json\/wp\/v2\/product_cat?post=6833"},{"taxonomy":"product_tag","embeddable":true,"href":"https:\/\/ags-atlantis.es\/en\/wp-json\/wp\/v2\/product_tag?post=6833"}],"curies":[{"name":"wp","href":"https:\/\/api.w.org\/{rel}","templated":true}]}}