{"id":6005,"date":"2020-10-09T15:54:23","date_gmt":"2020-10-09T15:54:23","guid":{"rendered":"https:\/\/wordpress-ags-atlantis-c7b0a5dmamd7a6ay.northeurope-01.azurewebsites.net\/?post_type=product&#038;p=6005"},"modified":"2023-12-20T08:18:14","modified_gmt":"2023-12-20T08:18:14","slug":"ags-conecta-pro","status":"publish","type":"product","link":"https:\/\/ags-atlantis.es\/en\/product\/ags-conecta-pro\/","title":{"rendered":"AGS Conecta Pro"},"content":{"rendered":"<h4 class=\"translation-block\"><strong>AGSConecta Pro, continuously assisted the AGS Telematics Services Platform<\/strong> in the cloud, has advanced administrative and management tools, allowing more efficient use of the telemetrically obtained data coming from the different vehicle fleet on\/board devices.<\/h4>\n<p class=\"translation-block\">Among its main features, is its ability to interact with other AGS family product solutions (AGSConecta, AGSTermotel, and AGSConecta Mobile), allowing the complete administration and management of the organization's users or their guests, as well as the management of vehicle data reported to other telematics platforms integrated by AGS, facilitating and improving customer relations with other companies, organizations and end customers.<\/p>\n<p class=\"translation-block\">Also, AGSConecta Pro offers a simple and intuitive interface, with an extremely fast display of the data requested by the user, either in real-time or from the historical data stored in the AGS Telematics Services Platform.<\/p>\n<p class=\"translation-block\">As is the case of the AGSConecta Premium application, the AGSConecta Pro application provides the user with telematics technical assistance provided by the AGS Technical Assistance Center, either by using its \"Assistance\" module, from which they can report all kinds of notifications and incidents quickly and easily, and check the performed procedure status anytime or by activating the \"AGS Support\" button, which allows them to be assisted in real-time by an AGS technician in the event of an incident, or to obtain the necessary application-use training.<\/p>\n<p>The AGSConecta Pro application has a remote update service, to guarantee continuous improvement and evolution, allowing to effectively meet present and future needs.<\/p>","protected":false},"excerpt":{"rendered":"<p class=\"translation-block\">AGS Conecta Pro is a professional solution for freight transport companies, and especially to the compliance of the cold chain requirements demanded by the pharmaceutical sector, which require an added value in the management and control of both vehicle fleets and the different users who work with the system or those who are \"invited\" by the customers to work with.<\/p>","protected":false},"featured_media":6752,"template":"","meta":[],"product_brand":[],"product_cat":[86],"product_tag":[],"class_list":{"0":"post-6005","1":"product","2":"type-product","3":"status-publish","4":"has-post-thumbnail","6":"product_cat-aplicaciones","7":"product-column","9":"first","10":"instock","11":"taxable","12":"shipping-taxable","13":"product-type-simple"},"yoast_head":"<!-- This site is optimized with the Yoast SEO plugin v27.3 - https:\/\/yoast.com\/product\/yoast-seo-wordpress\/ -->\n<title>AGS Conecta Pro - Atlantis Global System<\/title>\n<meta name=\"robots\" content=\"index, follow, max-snippet:-1, max-image-preview:large, max-video-preview:-1\" \/>\n<link rel=\"canonical\" href=\"https:\/\/ags-atlantis.es\/en\/product\/ags-conecta-pro\/\" \/>\n<meta property=\"og:locale\" content=\"en_US\" \/>\n<meta property=\"og:type\" content=\"article\" \/>\n<meta property=\"og:title\" content=\"AGS Conecta Pro - Atlantis Global System\" \/>\n<meta property=\"og:description\" content=\"AGS Conecta Pro es una soluci\u00f3n profesional para empresas dedicadas al transporte de mercanc\u00edas, y en especial al cumplimiento de la cadena de fr\u00edo seg\u00fan los requisitos exigidos por el sector farmac\u00e9utico, que requieren un valor a\u00f1adido en la gesti\u00f3n y control tanto de las flotas de veh\u00edculos como de los distintos usuarios que trabajan con el sistema o que son \u201cinvitados\u201d por \u00e9stos.\" \/>\n<meta property=\"og:url\" content=\"https:\/\/ags-atlantis.es\/en\/product\/ags-conecta-pro\/\" \/>\n<meta property=\"og:site_name\" content=\"Atlantis Global System\" \/>\n<meta property=\"article:modified_time\" content=\"2023-12-20T08:18:14+00:00\" \/>\n<meta property=\"og:image\" content=\"https:\/\/ags-atlantis.es\/wp-content\/uploads\/2020\/11\/AGSConectaPro.png\" \/>\n\t<meta property=\"og:image:width\" content=\"512\" \/>\n\t<meta property=\"og:image:height\" content=\"512\" \/>\n\t<meta property=\"og:image:type\" content=\"image\/png\" \/>\n<meta name=\"twitter:card\" content=\"summary_large_image\" \/>\n<meta name=\"twitter:label1\" content=\"Est. reading time\" \/>\n\t<meta name=\"twitter:data1\" content=\"2 minutes\" \/>\n<script type=\"application\/ld+json\" class=\"yoast-schema-graph\">{\"@context\":\"https:\\\/\\\/schema.org\",\"@graph\":[{\"@type\":\"WebPage\",\"@id\":\"https:\\\/\\\/ags-atlantis.es\\\/en\\\/product\\\/ags-conecta-pro\\\/\",\"url\":\"https:\\\/\\\/ags-atlantis.es\\\/en\\\/product\\\/ags-conecta-pro\\\/\",\"name\":\"AGS Conecta Pro - Atlantis Global System\",\"isPartOf\":{\"@id\":\"http:\\\/\\\/www.scb.ags-atlantis.es\\\/en\\\/#website\"},\"primaryImageOfPage\":{\"@id\":\"https:\\\/\\\/ags-atlantis.es\\\/en\\\/product\\\/ags-conecta-pro\\\/#primaryimage\"},\"image\":{\"@id\":\"https:\\\/\\\/ags-atlantis.es\\\/en\\\/product\\\/ags-conecta-pro\\\/#primaryimage\"},\"thumbnailUrl\":\"\\\/wp-content\\\/uploads\\\/2020\\\/11\\\/AGSConectaPro.png\",\"datePublished\":\"2020-10-09T15:54:23+00:00\",\"dateModified\":\"2023-12-20T08:18:14+00:00\",\"breadcrumb\":{\"@id\":\"https:\\\/\\\/ags-atlantis.es\\\/en\\\/product\\\/ags-conecta-pro\\\/#breadcrumb\"},\"inLanguage\":\"en-US\",\"potentialAction\":[{\"@type\":\"ReadAction\",\"target\":[\"https:\\\/\\\/ags-atlantis.es\\\/en\\\/product\\\/ags-conecta-pro\\\/\"]}]},{\"@type\":\"ImageObject\",\"inLanguage\":\"en-US\",\"@id\":\"https:\\\/\\\/ags-atlantis.es\\\/en\\\/product\\\/ags-conecta-pro\\\/#primaryimage\",\"url\":\"\\\/wp-content\\\/uploads\\\/2020\\\/11\\\/AGSConectaPro.png\",\"contentUrl\":\"\\\/wp-content\\\/uploads\\\/2020\\\/11\\\/AGSConectaPro.png\",\"width\":512,\"height\":512,\"caption\":\"AGS Conecta Pro\"},{\"@type\":\"BreadcrumbList\",\"@id\":\"https:\\\/\\\/ags-atlantis.es\\\/en\\\/product\\\/ags-conecta-pro\\\/#breadcrumb\",\"itemListElement\":[{\"@type\":\"ListItem\",\"position\":1,\"name\":\"Portada\",\"item\":\"https:\\\/\\\/ags-atlantis.es\\\/en\\\/\"},{\"@type\":\"ListItem\",\"position\":2,\"name\":\"Shop\",\"item\":\"https:\\\/\\\/www.scb.ags-atlantis.es\\\/en\\\/shop\\\/\"},{\"@type\":\"ListItem\",\"position\":3,\"name\":\"AGS Conecta Pro\"}]},{\"@type\":\"WebSite\",\"@id\":\"http:\\\/\\\/www.scb.ags-atlantis.es\\\/en\\\/#website\",\"url\":\"http:\\\/\\\/www.scb.ags-atlantis.es\\\/en\\\/\",\"name\":\"Atlantis Global System\",\"description\":\"Soluciones Log\u00edsticas de Gesti\u00f3n y Movilidad\",\"potentialAction\":[{\"@type\":\"SearchAction\",\"target\":{\"@type\":\"EntryPoint\",\"urlTemplate\":\"http:\\\/\\\/www.scb.ags-atlantis.es\\\/en\\\/?s={search_term_string}\"},\"query-input\":{\"@type\":\"PropertyValueSpecification\",\"valueRequired\":true,\"valueName\":\"search_term_string\"}}],\"inLanguage\":\"en-US\"}]}<\/script>\n<!-- \/ Yoast SEO plugin. -->","yoast_head_json":{"title":"AGS Conecta Pro - Atlantis Global System","robots":{"index":"index","follow":"follow","max-snippet":"max-snippet:-1","max-image-preview":"max-image-preview:large","max-video-preview":"max-video-preview:-1"},"canonical":"https:\/\/ags-atlantis.es\/en\/product\/ags-conecta-pro\/","og_locale":"en_US","og_type":"article","og_title":"AGS Conecta Pro - Atlantis Global System","og_description":"AGS Conecta Pro es una soluci\u00f3n profesional para empresas dedicadas al transporte de mercanc\u00edas, y en especial al cumplimiento de la cadena de fr\u00edo seg\u00fan los requisitos exigidos por el sector farmac\u00e9utico, que requieren un valor a\u00f1adido en la gesti\u00f3n y control tanto de las flotas de veh\u00edculos como de los distintos usuarios que trabajan con el sistema o que son \u201cinvitados\u201d por \u00e9stos.","og_url":"https:\/\/ags-atlantis.es\/en\/product\/ags-conecta-pro\/","og_site_name":"Atlantis Global System","article_modified_time":"2023-12-20T08:18:14+00:00","og_image":[{"width":512,"height":512,"url":"https:\/\/ags-atlantis.es\/wp-content\/uploads\/2020\/11\/AGSConectaPro.png","type":"image\/png"}],"twitter_card":"summary_large_image","twitter_misc":{"Est. reading time":"2 minutes"},"schema":{"@context":"https:\/\/schema.org","@graph":[{"@type":"WebPage","@id":"https:\/\/ags-atlantis.es\/en\/product\/ags-conecta-pro\/","url":"https:\/\/ags-atlantis.es\/en\/product\/ags-conecta-pro\/","name":"AGS Conecta Pro - Atlantis Global System","isPartOf":{"@id":"http:\/\/www.scb.ags-atlantis.es\/en\/#website"},"primaryImageOfPage":{"@id":"https:\/\/ags-atlantis.es\/en\/product\/ags-conecta-pro\/#primaryimage"},"image":{"@id":"https:\/\/ags-atlantis.es\/en\/product\/ags-conecta-pro\/#primaryimage"},"thumbnailUrl":"\/wp-content\/uploads\/2020\/11\/AGSConectaPro.png","datePublished":"2020-10-09T15:54:23+00:00","dateModified":"2023-12-20T08:18:14+00:00","breadcrumb":{"@id":"https:\/\/ags-atlantis.es\/en\/product\/ags-conecta-pro\/#breadcrumb"},"inLanguage":"en-US","potentialAction":[{"@type":"ReadAction","target":["https:\/\/ags-atlantis.es\/en\/product\/ags-conecta-pro\/"]}]},{"@type":"ImageObject","inLanguage":"en-US","@id":"https:\/\/ags-atlantis.es\/en\/product\/ags-conecta-pro\/#primaryimage","url":"\/wp-content\/uploads\/2020\/11\/AGSConectaPro.png","contentUrl":"\/wp-content\/uploads\/2020\/11\/AGSConectaPro.png","width":512,"height":512,"caption":"AGS Conecta Pro"},{"@type":"BreadcrumbList","@id":"https:\/\/ags-atlantis.es\/en\/product\/ags-conecta-pro\/#breadcrumb","itemListElement":[{"@type":"ListItem","position":1,"name":"Portada","item":"https:\/\/ags-atlantis.es\/en\/"},{"@type":"ListItem","position":2,"name":"Shop","item":"https:\/\/www.scb.ags-atlantis.es\/en\/shop\/"},{"@type":"ListItem","position":3,"name":"AGS Conecta Pro"}]},{"@type":"WebSite","@id":"http:\/\/www.scb.ags-atlantis.es\/en\/#website","url":"http:\/\/www.scb.ags-atlantis.es\/en\/","name":"Atlantis Global System","description":"Soluciones Log\u00edsticas de Gesti\u00f3n y Movilidad","potentialAction":[{"@type":"SearchAction","target":{"@type":"EntryPoint","urlTemplate":"http:\/\/www.scb.ags-atlantis.es\/en\/?s={search_term_string}"},"query-input":{"@type":"PropertyValueSpecification","valueRequired":true,"valueName":"search_term_string"}}],"inLanguage":"en-US"}]}},"_links":{"self":[{"href":"https:\/\/ags-atlantis.es\/en\/wp-json\/wp\/v2\/product\/6005","targetHints":{"allow":["GET"]}}],"collection":[{"href":"https:\/\/ags-atlantis.es\/en\/wp-json\/wp\/v2\/product"}],"about":[{"href":"https:\/\/ags-atlantis.es\/en\/wp-json\/wp\/v2\/types\/product"}],"wp:featuredmedia":[{"embeddable":true,"href":"https:\/\/ags-atlantis.es\/en\/wp-json\/wp\/v2\/media\/6752"}],"wp:attachment":[{"href":"https:\/\/ags-atlantis.es\/en\/wp-json\/wp\/v2\/media?parent=6005"}],"wp:term":[{"taxonomy":"product_brand","embeddable":true,"href":"https:\/\/ags-atlantis.es\/en\/wp-json\/wp\/v2\/product_brand?post=6005"},{"taxonomy":"product_cat","embeddable":true,"href":"https:\/\/ags-atlantis.es\/en\/wp-json\/wp\/v2\/product_cat?post=6005"},{"taxonomy":"product_tag","embeddable":true,"href":"https:\/\/ags-atlantis.es\/en\/wp-json\/wp\/v2\/product_tag?post=6005"}],"curies":[{"name":"wp","href":"https:\/\/api.w.org\/{rel}","templated":true}]}}