{"id":6004,"date":"2020-10-09T15:51:31","date_gmt":"2020-10-09T15:51:31","guid":{"rendered":"https:\/\/wordpress-ags-atlantis-c7b0a5dmamd7a6ay.northeurope-01.azurewebsites.net\/?post_type=product&#038;p=6004"},"modified":"2023-12-20T11:19:34","modified_gmt":"2023-12-20T11:19:34","slug":"ags-conecta","status":"publish","type":"product","link":"https:\/\/ags-atlantis.es\/en\/product\/ags-conecta\/","title":{"rendered":"AGS Conecta"},"content":{"rendered":"<h4>AGSConecta is a solution aimed at meeting the basic needs of localization, real-time control, and management for cold chain compliance during the transport of temperature-controlled goods, especially in refrigerated vehicle fleets of small companies, as well as to facilitate to our customer invited third parties, the visualization of the vehicles during the whole period they have contracted the transport service.<\/h4>\n<p class=\"translation-block\">In addition, AGS Conecta offers a simple and intuitive interface, with a very fast display of the user requested data, either in real-time or from the stored historical data.<\/p>\n<p class=\"translation-block\">AGS Conecta has a remote update service, automatically applied when available, as soon as the user starts the application, to ensure continuous improvement and evolution.<\/p>","protected":false},"excerpt":{"rendered":"<p class=\"translation-block\"><strong>AGS Conecta<\/strong> is a multilingual web solution, compatible with the main browsers, aimed at<strong>attending the basic needs of control and management of location and telemetry data <\/strong>obtained <em>online<\/em> of the GPS\/GPRS terminals on board the different vehicles in the fleet.<\/p>","protected":false},"featured_media":6750,"template":"","meta":[],"product_brand":[],"product_cat":[86],"product_tag":[],"class_list":{"0":"post-6004","1":"product","2":"type-product","3":"status-publish","4":"has-post-thumbnail","6":"product_cat-aplicaciones","7":"product-column","9":"first","10":"instock","11":"taxable","12":"shipping-taxable","13":"product-type-simple"},"yoast_head":"<!-- This site is optimized with the Yoast SEO plugin v27.3 - https:\/\/yoast.com\/product\/yoast-seo-wordpress\/ -->\n<title>AGS Conecta - Atlantis Global System<\/title>\n<meta name=\"robots\" content=\"index, follow, max-snippet:-1, max-image-preview:large, max-video-preview:-1\" \/>\n<link rel=\"canonical\" href=\"https:\/\/ags-atlantis.es\/en\/product\/ags-conecta\/\" \/>\n<meta property=\"og:locale\" content=\"en_US\" \/>\n<meta property=\"og:type\" content=\"article\" \/>\n<meta property=\"og:title\" content=\"AGS Conecta - Atlantis Global System\" \/>\n<meta property=\"og:description\" content=\"AGS Conecta es una soluci\u00f3n web multiling\u00fce, compatible con los principales navegadores, orientada a atender las necesidades b\u00e1sicas de control y gesti\u00f3n de datos de localizaci\u00f3n y telemetr\u00eda obtenidos online de los terminales GPS\/GPRS embarcados en los distintos veh\u00edculos de la flota.\" \/>\n<meta property=\"og:url\" content=\"https:\/\/ags-atlantis.es\/en\/product\/ags-conecta\/\" \/>\n<meta property=\"og:site_name\" content=\"Atlantis Global System\" \/>\n<meta property=\"article:modified_time\" content=\"2023-12-20T11:19:34+00:00\" \/>\n<meta property=\"og:image\" content=\"https:\/\/ags-atlantis.es\/wp-content\/uploads\/2020\/11\/AGSConecta-1.png\" \/>\n\t<meta property=\"og:image:width\" content=\"917\" \/>\n\t<meta property=\"og:image:height\" content=\"916\" \/>\n\t<meta property=\"og:image:type\" content=\"image\/png\" \/>\n<meta name=\"twitter:card\" content=\"summary_large_image\" \/>\n<meta name=\"twitter:label1\" content=\"Est. reading time\" \/>\n\t<meta name=\"twitter:data1\" content=\"1 minute\" \/>\n<script type=\"application\/ld+json\" class=\"yoast-schema-graph\">{\"@context\":\"https:\\\/\\\/schema.org\",\"@graph\":[{\"@type\":\"WebPage\",\"@id\":\"https:\\\/\\\/ags-atlantis.es\\\/product\\\/ags-conecta\\\/\",\"url\":\"https:\\\/\\\/ags-atlantis.es\\\/product\\\/ags-conecta\\\/\",\"name\":\"AGS Conecta - Atlantis Global System\",\"isPartOf\":{\"@id\":\"http:\\\/\\\/www.scb.ags-atlantis.es\\\/en\\\/#website\"},\"primaryImageOfPage\":{\"@id\":\"https:\\\/\\\/ags-atlantis.es\\\/product\\\/ags-conecta\\\/#primaryimage\"},\"image\":{\"@id\":\"https:\\\/\\\/ags-atlantis.es\\\/product\\\/ags-conecta\\\/#primaryimage\"},\"thumbnailUrl\":\"\\\/wp-content\\\/uploads\\\/2020\\\/11\\\/AGSConecta-1.png\",\"datePublished\":\"2020-10-09T15:51:31+00:00\",\"dateModified\":\"2023-12-20T11:19:34+00:00\",\"breadcrumb\":{\"@id\":\"https:\\\/\\\/ags-atlantis.es\\\/product\\\/ags-conecta\\\/#breadcrumb\"},\"inLanguage\":\"en-US\",\"potentialAction\":[{\"@type\":\"ReadAction\",\"target\":[\"https:\\\/\\\/ags-atlantis.es\\\/product\\\/ags-conecta\\\/\"]}]},{\"@type\":\"ImageObject\",\"inLanguage\":\"en-US\",\"@id\":\"https:\\\/\\\/ags-atlantis.es\\\/product\\\/ags-conecta\\\/#primaryimage\",\"url\":\"\\\/wp-content\\\/uploads\\\/2020\\\/11\\\/AGSConecta-1.png\",\"contentUrl\":\"\\\/wp-content\\\/uploads\\\/2020\\\/11\\\/AGSConecta-1.png\",\"width\":917,\"height\":916,\"caption\":\"AGS Conecta\"},{\"@type\":\"BreadcrumbList\",\"@id\":\"https:\\\/\\\/ags-atlantis.es\\\/product\\\/ags-conecta\\\/#breadcrumb\",\"itemListElement\":[{\"@type\":\"ListItem\",\"position\":1,\"name\":\"Portada\",\"item\":\"https:\\\/\\\/ags-atlantis.es\\\/en\\\/\"},{\"@type\":\"ListItem\",\"position\":2,\"name\":\"Shop\",\"item\":\"https:\\\/\\\/www.scb.ags-atlantis.es\\\/en\\\/shop\\\/\"},{\"@type\":\"ListItem\",\"position\":3,\"name\":\"AGS Conecta\"}]},{\"@type\":\"WebSite\",\"@id\":\"http:\\\/\\\/www.scb.ags-atlantis.es\\\/en\\\/#website\",\"url\":\"http:\\\/\\\/www.scb.ags-atlantis.es\\\/en\\\/\",\"name\":\"Atlantis Global System\",\"description\":\"Soluciones Log\u00edsticas de Gesti\u00f3n y Movilidad\",\"potentialAction\":[{\"@type\":\"SearchAction\",\"target\":{\"@type\":\"EntryPoint\",\"urlTemplate\":\"http:\\\/\\\/www.scb.ags-atlantis.es\\\/en\\\/?s={search_term_string}\"},\"query-input\":{\"@type\":\"PropertyValueSpecification\",\"valueRequired\":true,\"valueName\":\"search_term_string\"}}],\"inLanguage\":\"en-US\"}]}<\/script>\n<!-- \/ Yoast SEO plugin. -->","yoast_head_json":{"title":"AGS Conecta - Atlantis Global System","robots":{"index":"index","follow":"follow","max-snippet":"max-snippet:-1","max-image-preview":"max-image-preview:large","max-video-preview":"max-video-preview:-1"},"canonical":"https:\/\/ags-atlantis.es\/en\/product\/ags-conecta\/","og_locale":"en_US","og_type":"article","og_title":"AGS Conecta - Atlantis Global System","og_description":"AGS Conecta es una soluci\u00f3n web multiling\u00fce, compatible con los principales navegadores, orientada a atender las necesidades b\u00e1sicas de control y gesti\u00f3n de datos de localizaci\u00f3n y telemetr\u00eda obtenidos online de los terminales GPS\/GPRS embarcados en los distintos veh\u00edculos de la flota.","og_url":"https:\/\/ags-atlantis.es\/en\/product\/ags-conecta\/","og_site_name":"Atlantis Global System","article_modified_time":"2023-12-20T11:19:34+00:00","og_image":[{"width":917,"height":916,"url":"https:\/\/ags-atlantis.es\/wp-content\/uploads\/2020\/11\/AGSConecta-1.png","type":"image\/png"}],"twitter_card":"summary_large_image","twitter_misc":{"Est. reading time":"1 minute"},"schema":{"@context":"https:\/\/schema.org","@graph":[{"@type":"WebPage","@id":"https:\/\/ags-atlantis.es\/product\/ags-conecta\/","url":"https:\/\/ags-atlantis.es\/product\/ags-conecta\/","name":"AGS Conecta - Atlantis Global System","isPartOf":{"@id":"http:\/\/www.scb.ags-atlantis.es\/en\/#website"},"primaryImageOfPage":{"@id":"https:\/\/ags-atlantis.es\/product\/ags-conecta\/#primaryimage"},"image":{"@id":"https:\/\/ags-atlantis.es\/product\/ags-conecta\/#primaryimage"},"thumbnailUrl":"\/wp-content\/uploads\/2020\/11\/AGSConecta-1.png","datePublished":"2020-10-09T15:51:31+00:00","dateModified":"2023-12-20T11:19:34+00:00","breadcrumb":{"@id":"https:\/\/ags-atlantis.es\/product\/ags-conecta\/#breadcrumb"},"inLanguage":"en-US","potentialAction":[{"@type":"ReadAction","target":["https:\/\/ags-atlantis.es\/product\/ags-conecta\/"]}]},{"@type":"ImageObject","inLanguage":"en-US","@id":"https:\/\/ags-atlantis.es\/product\/ags-conecta\/#primaryimage","url":"\/wp-content\/uploads\/2020\/11\/AGSConecta-1.png","contentUrl":"\/wp-content\/uploads\/2020\/11\/AGSConecta-1.png","width":917,"height":916,"caption":"AGS Conecta"},{"@type":"BreadcrumbList","@id":"https:\/\/ags-atlantis.es\/product\/ags-conecta\/#breadcrumb","itemListElement":[{"@type":"ListItem","position":1,"name":"Portada","item":"https:\/\/ags-atlantis.es\/en\/"},{"@type":"ListItem","position":2,"name":"Shop","item":"https:\/\/www.scb.ags-atlantis.es\/en\/shop\/"},{"@type":"ListItem","position":3,"name":"AGS Conecta"}]},{"@type":"WebSite","@id":"http:\/\/www.scb.ags-atlantis.es\/en\/#website","url":"http:\/\/www.scb.ags-atlantis.es\/en\/","name":"Atlantis Global System","description":"Soluciones Log\u00edsticas de Gesti\u00f3n y Movilidad","potentialAction":[{"@type":"SearchAction","target":{"@type":"EntryPoint","urlTemplate":"http:\/\/www.scb.ags-atlantis.es\/en\/?s={search_term_string}"},"query-input":{"@type":"PropertyValueSpecification","valueRequired":true,"valueName":"search_term_string"}}],"inLanguage":"en-US"}]}},"_links":{"self":[{"href":"https:\/\/ags-atlantis.es\/en\/wp-json\/wp\/v2\/product\/6004","targetHints":{"allow":["GET"]}}],"collection":[{"href":"https:\/\/ags-atlantis.es\/en\/wp-json\/wp\/v2\/product"}],"about":[{"href":"https:\/\/ags-atlantis.es\/en\/wp-json\/wp\/v2\/types\/product"}],"wp:featuredmedia":[{"embeddable":true,"href":"https:\/\/ags-atlantis.es\/en\/wp-json\/wp\/v2\/media\/6750"}],"wp:attachment":[{"href":"https:\/\/ags-atlantis.es\/en\/wp-json\/wp\/v2\/media?parent=6004"}],"wp:term":[{"taxonomy":"product_brand","embeddable":true,"href":"https:\/\/ags-atlantis.es\/en\/wp-json\/wp\/v2\/product_brand?post=6004"},{"taxonomy":"product_cat","embeddable":true,"href":"https:\/\/ags-atlantis.es\/en\/wp-json\/wp\/v2\/product_cat?post=6004"},{"taxonomy":"product_tag","embeddable":true,"href":"https:\/\/ags-atlantis.es\/en\/wp-json\/wp\/v2\/product_tag?post=6004"}],"curies":[{"name":"wp","href":"https:\/\/api.w.org\/{rel}","templated":true}]}}