{"id":5501,"date":"2020-09-28T16:41:38","date_gmt":"2020-09-28T16:41:38","guid":{"rendered":"https:\/\/wordpress-ags-atlantis-c7b0a5dmamd7a6ay.northeurope-01.azurewebsites.net\/?post_type=product&#038;p=5501"},"modified":"2023-12-20T08:41:55","modified_gmt":"2023-12-20T08:41:55","slug":"ags-termotel-pro","status":"publish","type":"product","link":"https:\/\/ags-atlantis.es\/en\/product\/ags-termotel-pro\/","title":{"rendered":"AGS Termotel Pro"},"content":{"rendered":"<h4 class=\"translation-block\">The AGSTermotel Premium application is equipped with advanced administrative and management tools, allowing more efficient use of the telemetrically obtained data coming from the different Conecta+ product family thermographs connected with customer\u00b4s cold-storage rooms, for both food and\/or medicine distribution centers.<\/h4>\n<p class=\"translation-block\">In addition, AGSConecta Premium offers a simple and intuitive interface, with a very fast display of the requested data, either in real-time or from stored historical data.<\/p>\n<p class=\"translation-block\">One of the most valued aspects of the AGSTermotel Premium application by our customers is its focus on providing them with technical assistance with the AGS Technical Assistance Center, either by using its \"Assistance\" module, from which they can report all types of notifications and incidents quickly and easily and check the status of the steps being taken at any time or by activating the \"AGS Support\" button, which allows them to be assisted in real-time by an AGS technician in the event of an incident or to obtain the necessary training on the application.<\/p>\n<p class=\"translation-block\">The AGSTermotel Premium application is equipped with an automatic remote update service to ensure continuous improvement and evolution, allowing it to effectively meet present and future needs.<\/p>","protected":false},"excerpt":{"rendered":"<p class=\"translation-block\">AGS Termotel Pro is a professional desktop application designed to meet the needs of all types of companies that have cold rooms in their food and\/or pharmaceutical-medicine distribution centers, and especially to comply with the cold chain requirements demanded by the pharmaceutical sector, to which it offers added value in the administration of the Conecta+ devices installed in their cold rooms, as well as the different users working with the system or their \"guests\".<\/p>","protected":false},"featured_media":6755,"template":"","meta":[],"product_brand":[],"product_cat":[86],"product_tag":[],"class_list":{"0":"post-5501","1":"product","2":"type-product","3":"status-publish","4":"has-post-thumbnail","6":"product_cat-aplicaciones","7":"product-column","9":"first","10":"instock","11":"taxable","12":"shipping-taxable","13":"product-type-simple"},"yoast_head":"<!-- This site is optimized with the Yoast SEO plugin v27.3 - https:\/\/yoast.com\/product\/yoast-seo-wordpress\/ -->\n<title>AGS Termotel Pro - Atlantis Global System<\/title>\n<meta name=\"robots\" content=\"index, follow, max-snippet:-1, max-image-preview:large, max-video-preview:-1\" \/>\n<link rel=\"canonical\" href=\"https:\/\/ags-atlantis.es\/en\/product\/ags-termotel-pro\/\" \/>\n<meta property=\"og:locale\" content=\"en_US\" \/>\n<meta property=\"og:type\" content=\"article\" \/>\n<meta property=\"og:title\" content=\"AGS Termotel Pro - Atlantis Global System\" \/>\n<meta property=\"og:description\" content=\"AGS Termotel Pro es una\u00a0aplicaci\u00f3n de escritorio profesional orientada a atender las necesidades de todo tipo de empresas que cuentan con c\u00e1maras frigor\u00edficas en sus centros de distribuci\u00f3n de alimentos y\/o medicamentos, y en especial al cumplimiento de la cadena de fr\u00edo conforme a los requisitos exigidos por el sector farmac\u00e9utico, a las que ofrece un valor a\u00f1adido en la administraci\u00f3n de los dispositivos Conecta+ instalados en sus c\u00e1maras, como de los distintos usuarios que trabajan con el sistema o los \u201cinvitados\u201d de \u00e9stos.\" \/>\n<meta property=\"og:url\" content=\"https:\/\/ags-atlantis.es\/en\/product\/ags-termotel-pro\/\" \/>\n<meta property=\"og:site_name\" content=\"Atlantis Global System\" \/>\n<meta property=\"article:modified_time\" content=\"2023-12-20T08:41:55+00:00\" \/>\n<meta property=\"og:image\" content=\"https:\/\/ags-atlantis.es\/wp-content\/uploads\/2020\/11\/AGSTermotelPro.png\" \/>\n\t<meta property=\"og:image:width\" content=\"512\" \/>\n\t<meta property=\"og:image:height\" content=\"512\" \/>\n\t<meta property=\"og:image:type\" content=\"image\/png\" \/>\n<meta name=\"twitter:card\" content=\"summary_large_image\" \/>\n<meta name=\"twitter:label1\" content=\"Est. reading time\" \/>\n\t<meta name=\"twitter:data1\" content=\"1 minute\" \/>\n<script type=\"application\/ld+json\" class=\"yoast-schema-graph\">{\"@context\":\"https:\\\/\\\/schema.org\",\"@graph\":[{\"@type\":\"WebPage\",\"@id\":\"https:\\\/\\\/ags-atlantis.es\\\/product\\\/ags-termotel-pro\\\/\",\"url\":\"https:\\\/\\\/ags-atlantis.es\\\/product\\\/ags-termotel-pro\\\/\",\"name\":\"AGS Termotel Pro - Atlantis Global System\",\"isPartOf\":{\"@id\":\"http:\\\/\\\/www.scb.ags-atlantis.es\\\/en\\\/#website\"},\"primaryImageOfPage\":{\"@id\":\"https:\\\/\\\/ags-atlantis.es\\\/product\\\/ags-termotel-pro\\\/#primaryimage\"},\"image\":{\"@id\":\"https:\\\/\\\/ags-atlantis.es\\\/product\\\/ags-termotel-pro\\\/#primaryimage\"},\"thumbnailUrl\":\"\\\/wp-content\\\/uploads\\\/2020\\\/11\\\/AGSTermotelPro.png\",\"datePublished\":\"2020-09-28T16:41:38+00:00\",\"dateModified\":\"2023-12-20T08:41:55+00:00\",\"breadcrumb\":{\"@id\":\"https:\\\/\\\/ags-atlantis.es\\\/product\\\/ags-termotel-pro\\\/#breadcrumb\"},\"inLanguage\":\"en-US\",\"potentialAction\":[{\"@type\":\"ReadAction\",\"target\":[\"https:\\\/\\\/ags-atlantis.es\\\/product\\\/ags-termotel-pro\\\/\"]}]},{\"@type\":\"ImageObject\",\"inLanguage\":\"en-US\",\"@id\":\"https:\\\/\\\/ags-atlantis.es\\\/product\\\/ags-termotel-pro\\\/#primaryimage\",\"url\":\"\\\/wp-content\\\/uploads\\\/2020\\\/11\\\/AGSTermotelPro.png\",\"contentUrl\":\"\\\/wp-content\\\/uploads\\\/2020\\\/11\\\/AGSTermotelPro.png\",\"width\":512,\"height\":512,\"caption\":\"AGS Termotel Pro\"},{\"@type\":\"BreadcrumbList\",\"@id\":\"https:\\\/\\\/ags-atlantis.es\\\/product\\\/ags-termotel-pro\\\/#breadcrumb\",\"itemListElement\":[{\"@type\":\"ListItem\",\"position\":1,\"name\":\"Portada\",\"item\":\"https:\\\/\\\/ags-atlantis.es\\\/en\\\/\"},{\"@type\":\"ListItem\",\"position\":2,\"name\":\"Shop\",\"item\":\"https:\\\/\\\/www.scb.ags-atlantis.es\\\/en\\\/shop\\\/\"},{\"@type\":\"ListItem\",\"position\":3,\"name\":\"AGS Termotel Pro\"}]},{\"@type\":\"WebSite\",\"@id\":\"http:\\\/\\\/www.scb.ags-atlantis.es\\\/en\\\/#website\",\"url\":\"http:\\\/\\\/www.scb.ags-atlantis.es\\\/en\\\/\",\"name\":\"Atlantis Global System\",\"description\":\"Soluciones Log\u00edsticas de Gesti\u00f3n y Movilidad\",\"potentialAction\":[{\"@type\":\"SearchAction\",\"target\":{\"@type\":\"EntryPoint\",\"urlTemplate\":\"http:\\\/\\\/www.scb.ags-atlantis.es\\\/en\\\/?s={search_term_string}\"},\"query-input\":{\"@type\":\"PropertyValueSpecification\",\"valueRequired\":true,\"valueName\":\"search_term_string\"}}],\"inLanguage\":\"en-US\"}]}<\/script>\n<!-- \/ Yoast SEO plugin. -->","yoast_head_json":{"title":"AGS Termotel Pro - Atlantis Global System","robots":{"index":"index","follow":"follow","max-snippet":"max-snippet:-1","max-image-preview":"max-image-preview:large","max-video-preview":"max-video-preview:-1"},"canonical":"https:\/\/ags-atlantis.es\/en\/product\/ags-termotel-pro\/","og_locale":"en_US","og_type":"article","og_title":"AGS Termotel Pro - Atlantis Global System","og_description":"AGS Termotel Pro es una\u00a0aplicaci\u00f3n de escritorio profesional orientada a atender las necesidades de todo tipo de empresas que cuentan con c\u00e1maras frigor\u00edficas en sus centros de distribuci\u00f3n de alimentos y\/o medicamentos, y en especial al cumplimiento de la cadena de fr\u00edo conforme a los requisitos exigidos por el sector farmac\u00e9utico, a las que ofrece un valor a\u00f1adido en la administraci\u00f3n de los dispositivos Conecta+ instalados en sus c\u00e1maras, como de los distintos usuarios que trabajan con el sistema o los \u201cinvitados\u201d de \u00e9stos.","og_url":"https:\/\/ags-atlantis.es\/en\/product\/ags-termotel-pro\/","og_site_name":"Atlantis Global System","article_modified_time":"2023-12-20T08:41:55+00:00","og_image":[{"width":512,"height":512,"url":"https:\/\/ags-atlantis.es\/wp-content\/uploads\/2020\/11\/AGSTermotelPro.png","type":"image\/png"}],"twitter_card":"summary_large_image","twitter_misc":{"Est. reading time":"1 minute"},"schema":{"@context":"https:\/\/schema.org","@graph":[{"@type":"WebPage","@id":"https:\/\/ags-atlantis.es\/product\/ags-termotel-pro\/","url":"https:\/\/ags-atlantis.es\/product\/ags-termotel-pro\/","name":"AGS Termotel Pro - Atlantis Global System","isPartOf":{"@id":"http:\/\/www.scb.ags-atlantis.es\/en\/#website"},"primaryImageOfPage":{"@id":"https:\/\/ags-atlantis.es\/product\/ags-termotel-pro\/#primaryimage"},"image":{"@id":"https:\/\/ags-atlantis.es\/product\/ags-termotel-pro\/#primaryimage"},"thumbnailUrl":"\/wp-content\/uploads\/2020\/11\/AGSTermotelPro.png","datePublished":"2020-09-28T16:41:38+00:00","dateModified":"2023-12-20T08:41:55+00:00","breadcrumb":{"@id":"https:\/\/ags-atlantis.es\/product\/ags-termotel-pro\/#breadcrumb"},"inLanguage":"en-US","potentialAction":[{"@type":"ReadAction","target":["https:\/\/ags-atlantis.es\/product\/ags-termotel-pro\/"]}]},{"@type":"ImageObject","inLanguage":"en-US","@id":"https:\/\/ags-atlantis.es\/product\/ags-termotel-pro\/#primaryimage","url":"\/wp-content\/uploads\/2020\/11\/AGSTermotelPro.png","contentUrl":"\/wp-content\/uploads\/2020\/11\/AGSTermotelPro.png","width":512,"height":512,"caption":"AGS Termotel Pro"},{"@type":"BreadcrumbList","@id":"https:\/\/ags-atlantis.es\/product\/ags-termotel-pro\/#breadcrumb","itemListElement":[{"@type":"ListItem","position":1,"name":"Portada","item":"https:\/\/ags-atlantis.es\/en\/"},{"@type":"ListItem","position":2,"name":"Shop","item":"https:\/\/www.scb.ags-atlantis.es\/en\/shop\/"},{"@type":"ListItem","position":3,"name":"AGS Termotel Pro"}]},{"@type":"WebSite","@id":"http:\/\/www.scb.ags-atlantis.es\/en\/#website","url":"http:\/\/www.scb.ags-atlantis.es\/en\/","name":"Atlantis Global System","description":"Soluciones Log\u00edsticas de Gesti\u00f3n y Movilidad","potentialAction":[{"@type":"SearchAction","target":{"@type":"EntryPoint","urlTemplate":"http:\/\/www.scb.ags-atlantis.es\/en\/?s={search_term_string}"},"query-input":{"@type":"PropertyValueSpecification","valueRequired":true,"valueName":"search_term_string"}}],"inLanguage":"en-US"}]}},"_links":{"self":[{"href":"https:\/\/ags-atlantis.es\/en\/wp-json\/wp\/v2\/product\/5501","targetHints":{"allow":["GET"]}}],"collection":[{"href":"https:\/\/ags-atlantis.es\/en\/wp-json\/wp\/v2\/product"}],"about":[{"href":"https:\/\/ags-atlantis.es\/en\/wp-json\/wp\/v2\/types\/product"}],"wp:featuredmedia":[{"embeddable":true,"href":"https:\/\/ags-atlantis.es\/en\/wp-json\/wp\/v2\/media\/6755"}],"wp:attachment":[{"href":"https:\/\/ags-atlantis.es\/en\/wp-json\/wp\/v2\/media?parent=5501"}],"wp:term":[{"taxonomy":"product_brand","embeddable":true,"href":"https:\/\/ags-atlantis.es\/en\/wp-json\/wp\/v2\/product_brand?post=5501"},{"taxonomy":"product_cat","embeddable":true,"href":"https:\/\/ags-atlantis.es\/en\/wp-json\/wp\/v2\/product_cat?post=5501"},{"taxonomy":"product_tag","embeddable":true,"href":"https:\/\/ags-atlantis.es\/en\/wp-json\/wp\/v2\/product_tag?post=5501"}],"curies":[{"name":"wp","href":"https:\/\/api.w.org\/{rel}","templated":true}]}}