{"id":8024,"date":"2022-06-30T06:42:04","date_gmt":"2022-06-30T06:42:04","guid":{"rendered":"https:\/\/wordpress-ags-atlantis-c7b0a5dmamd7a6ay.northeurope-01.azurewebsites.net\/?page_id=8024"},"modified":"2026-02-12T07:15:06","modified_gmt":"2026-02-12T06:15:06","slug":"certificados","status":"publish","type":"page","link":"https:\/\/ags-atlantis.es\/en\/certificados\/","title":{"rendered":"Certificados"},"content":{"rendered":"<div class=\"wpb-content-wrapper\"><div class=\"vc_row wpb_row vc_row-fluid\"><div class=\"wpb_column vc_column_container vc_col-sm-12\"><div class=\"vc_column-inner\"><div class=\"wpb_wrapper\">\n\t<div class=\"wpb_text_column wpb_content_element\" >\n\t\t<div class=\"wpb_wrapper\">\n\t\t\t<h1 style=\"text-align: center;\">Obtenci\u00f3n de certificados<\/h1>\n\n\t\t<\/div>\n\t<\/div>\n<\/div><\/div><\/div><\/div><div class=\"vc_row wpb_row vc_row-fluid\"><div class=\"wpb_column vc_column_container vc_col-sm-8\"><div class=\"vc_column-inner\"><div class=\"wpb_wrapper\">\n\t<div class=\"wpb_text_column wpb_content_element\" >\n\t\t<div class=\"wpb_wrapper\">\n\t\t\t<p>Introduzca la matr\u00edcula del vehiculo a consultar en el campo que tiene a continuaci\u00f3n. Tras introducir la matricula y presionar el bot\u00f3n de obtener certificados obtendr\u00e1 los dispositivos y el certificado de cada uno de ellos.<\/p>\n\n\t\t<\/div>\n\t<\/div>\n\n\t<div class=\"wpb_text_column wpb_content_element\" >\n\t\t<div class=\"wpb_wrapper\">\n\t\t\t<p><span style=\"color: #ff0000;\"><\/span><\/p>\n\n\t\t<\/div>\n\t<\/div>\n\n\t<div class=\"wpb_raw_code wpb_raw_html wpb_content_element\" >\n\t\t<div class=\"wpb_wrapper\">\n\t\t\t    <div class=\"span12\">\n    <p style=\"text-align:justify; padding-bottom:10px; font-weight:bold;\"><b>Introduzca la matr\u00edcula del vehiculo<\/b><\/p>\n        <input type=\"text\" style=\"background-color: #ffffff\"   id=\"cod\"  \/> <br><br>  \n\n        <input type=\"button\"  id=\"btnConsultar\" value=\"Check document\" onclick=\"javascript:obtenerDocumentosPorMatricula();\" \/>\n   \n    <\/div>\n\n<script language=\"javascript\">\t\n\n\nfunction obtenerDocumentosPorMatricula(value){  \n\n    var codigo=document.getElementById(\"cod\").value;\n var result = codigo.replace(\/ \/g, \"\");\n    if (result != \"\" && result != null){ \n\n\n  window.open(\"https:\/\/ags-atlantis.es\/wp-content\/devicesconnected.php?n=\" + result, '', '', '')\t;\n\n \/\/window.open(\"https:\/\/www.ags-atlantis.es\/funcionalidad-no-disponible\/\", '', '', '')\t;\n\n    }else{\n        document.getElementById(\"cod\").focus;\n        alert(\"No ha introducido ning\u00fan c\u00f3digo para la verificaci\u00f3n del documento\");\t\n        \n    }\t\n\n\n\n\n};\n<\/script>  \n\n\t\t<\/div>\n\t<\/div>\n<\/div><\/div><\/div><div class=\"wpb_column vc_column_container vc_col-sm-4\"><div class=\"vc_column-inner\"><div class=\"wpb_wrapper\">\n\t<div  class=\"wpb_single_image wpb_content_element vc_align_center wpb_content_element\">\n\t\t\n\t\t<figure class=\"wpb_wrapper vc_figure\">\n\t\t\t<div class=\"vc_single_image-wrapper   vc_box_border_grey\"><img loading=\"lazy\" decoding=\"async\" width=\"1280\" height=\"720\" src=\"\/wp-content\/uploads\/2020\/12\/vehiculos-rigidos.jpg\" class=\"vc_single_image-img attachment-full\" alt=\"\" title=\"vehiculos-rigidos\" srcset=\"\/wp-content\/uploads\/2020\/12\/vehiculos-rigidos.jpg 1280w, \/wp-content\/uploads\/2020\/12\/vehiculos-rigidos-300x169.jpg 300w, \/wp-content\/uploads\/2020\/12\/vehiculos-rigidos-1024x576.jpg 1024w, \/wp-content\/uploads\/2020\/12\/vehiculos-rigidos-768x432.jpg 768w, \/wp-content\/uploads\/2020\/12\/vehiculos-rigidos-16x9.jpg 16w, \/wp-content\/uploads\/2020\/12\/vehiculos-rigidos-1200x675.jpg 1200w, \/wp-content\/uploads\/2020\/12\/vehiculos-rigidos-400x225.jpg 400w\" sizes=\"auto, (max-width: 1280px) 100vw, 1280px\" \/><\/div>\n\t\t<\/figure>\n\t<\/div>\n<\/div><\/div><\/div><\/div><div class=\"vc_row wpb_row vc_row-fluid\"><div class=\"wpb_column vc_column_container vc_col-sm-12\"><div class=\"vc_column-inner\"><div class=\"wpb_wrapper\"><\/div><\/div><\/div><\/div>\n<\/div>","protected":false},"excerpt":{"rendered":"Obtenci\u00f3n de certificados Introduzca la matr\u00edcula del vehiculo a consultar en el campo que tiene a continuaci\u00f3n. Tras introducir la matricula y presionar el bot\u00f3n de obtener certificados obtendr\u00e1 los dispositivos y el certificado de cada uno de ellos. Introduzca la matr\u00edcula del vehiculo","protected":false},"author":2,"featured_media":8128,"parent":0,"menu_order":0,"comment_status":"closed","ping_status":"closed","template":"","meta":{"footnotes":""},"class_list":["post-8024","page","type-page","status-publish","has-post-thumbnail","hentry"],"yoast_head":"<!-- This site is optimized with the Yoast SEO plugin v27.3 - https:\/\/yoast.com\/product\/yoast-seo-wordpress\/ -->\n<title>Certificados - Atlantis Global System<\/title>\n<meta name=\"robots\" content=\"index, follow, max-snippet:-1, max-image-preview:large, max-video-preview:-1\" \/>\n<link rel=\"canonical\" href=\"https:\/\/ags-atlantis.es\/en\/certificados\/\" \/>\n<meta property=\"og:locale\" content=\"en_US\" \/>\n<meta property=\"og:type\" content=\"article\" \/>\n<meta property=\"og:title\" content=\"Certificados - Atlantis Global System\" \/>\n<meta property=\"og:url\" content=\"https:\/\/ags-atlantis.es\/en\/certificados\/\" \/>\n<meta property=\"og:site_name\" content=\"Atlantis Global System\" \/>\n<meta property=\"article:modified_time\" content=\"2026-02-12T06:15:06+00:00\" \/>\n<meta property=\"og:image\" content=\"https:\/\/ags-atlantis.es\/wp-content\/uploads\/2022\/08\/pegatina_vehiculo.png\" \/>\n\t<meta property=\"og:image:width\" content=\"341\" \/>\n\t<meta property=\"og:image:height\" content=\"482\" \/>\n\t<meta property=\"og:image:type\" content=\"image\/png\" \/>\n<meta name=\"twitter:card\" content=\"summary_large_image\" \/>\n<meta name=\"twitter:label1\" content=\"Est. reading time\" \/>\n\t<meta name=\"twitter:data1\" content=\"1 minute\" \/>\n<script type=\"application\/ld+json\" class=\"yoast-schema-graph\">{\"@context\":\"https:\\\/\\\/schema.org\",\"@graph\":[{\"@type\":\"WebPage\",\"@id\":\"https:\\\/\\\/ags-atlantis.es\\\/certificados\\\/\",\"url\":\"https:\\\/\\\/ags-atlantis.es\\\/certificados\\\/\",\"name\":\"Certificados - Atlantis Global System\",\"isPartOf\":{\"@id\":\"http:\\\/\\\/www.scb.ags-atlantis.es\\\/en\\\/#website\"},\"primaryImageOfPage\":{\"@id\":\"https:\\\/\\\/ags-atlantis.es\\\/certificados\\\/#primaryimage\"},\"image\":{\"@id\":\"https:\\\/\\\/ags-atlantis.es\\\/certificados\\\/#primaryimage\"},\"thumbnailUrl\":\"\\\/wp-content\\\/uploads\\\/2022\\\/08\\\/pegatina_vehiculo.png\",\"datePublished\":\"2022-06-30T06:42:04+00:00\",\"dateModified\":\"2026-02-12T06:15:06+00:00\",\"breadcrumb\":{\"@id\":\"https:\\\/\\\/ags-atlantis.es\\\/certificados\\\/#breadcrumb\"},\"inLanguage\":\"en-US\",\"potentialAction\":[{\"@type\":\"ReadAction\",\"target\":[\"https:\\\/\\\/ags-atlantis.es\\\/certificados\\\/\"]}]},{\"@type\":\"ImageObject\",\"inLanguage\":\"en-US\",\"@id\":\"https:\\\/\\\/ags-atlantis.es\\\/certificados\\\/#primaryimage\",\"url\":\"\\\/wp-content\\\/uploads\\\/2022\\\/08\\\/pegatina_vehiculo.png\",\"contentUrl\":\"\\\/wp-content\\\/uploads\\\/2022\\\/08\\\/pegatina_vehiculo.png\",\"width\":341,\"height\":482},{\"@type\":\"BreadcrumbList\",\"@id\":\"https:\\\/\\\/ags-atlantis.es\\\/certificados\\\/#breadcrumb\",\"itemListElement\":[{\"@type\":\"ListItem\",\"position\":1,\"name\":\"Portada\",\"item\":\"https:\\\/\\\/ags-atlantis.es\\\/en\\\/\"},{\"@type\":\"ListItem\",\"position\":2,\"name\":\"Certificados\"}]},{\"@type\":\"WebSite\",\"@id\":\"http:\\\/\\\/www.scb.ags-atlantis.es\\\/en\\\/#website\",\"url\":\"http:\\\/\\\/www.scb.ags-atlantis.es\\\/en\\\/\",\"name\":\"Atlantis Global System\",\"description\":\"Soluciones Log\u00edsticas de Gesti\u00f3n y Movilidad\",\"potentialAction\":[{\"@type\":\"SearchAction\",\"target\":{\"@type\":\"EntryPoint\",\"urlTemplate\":\"http:\\\/\\\/www.scb.ags-atlantis.es\\\/en\\\/?s={search_term_string}\"},\"query-input\":{\"@type\":\"PropertyValueSpecification\",\"valueRequired\":true,\"valueName\":\"search_term_string\"}}],\"inLanguage\":\"en-US\"}]}<\/script>\n<!-- \/ Yoast SEO plugin. -->","yoast_head_json":{"title":"Certificados - Atlantis Global System","robots":{"index":"index","follow":"follow","max-snippet":"max-snippet:-1","max-image-preview":"max-image-preview:large","max-video-preview":"max-video-preview:-1"},"canonical":"https:\/\/ags-atlantis.es\/en\/certificados\/","og_locale":"en_US","og_type":"article","og_title":"Certificados - Atlantis Global System","og_url":"https:\/\/ags-atlantis.es\/en\/certificados\/","og_site_name":"Atlantis Global System","article_modified_time":"2026-02-12T06:15:06+00:00","og_image":[{"width":341,"height":482,"url":"https:\/\/ags-atlantis.es\/wp-content\/uploads\/2022\/08\/pegatina_vehiculo.png","type":"image\/png"}],"twitter_card":"summary_large_image","twitter_misc":{"Est. reading time":"1 minute"},"schema":{"@context":"https:\/\/schema.org","@graph":[{"@type":"WebPage","@id":"https:\/\/ags-atlantis.es\/certificados\/","url":"https:\/\/ags-atlantis.es\/certificados\/","name":"Certificados - Atlantis Global System","isPartOf":{"@id":"http:\/\/www.scb.ags-atlantis.es\/en\/#website"},"primaryImageOfPage":{"@id":"https:\/\/ags-atlantis.es\/certificados\/#primaryimage"},"image":{"@id":"https:\/\/ags-atlantis.es\/certificados\/#primaryimage"},"thumbnailUrl":"\/wp-content\/uploads\/2022\/08\/pegatina_vehiculo.png","datePublished":"2022-06-30T06:42:04+00:00","dateModified":"2026-02-12T06:15:06+00:00","breadcrumb":{"@id":"https:\/\/ags-atlantis.es\/certificados\/#breadcrumb"},"inLanguage":"en-US","potentialAction":[{"@type":"ReadAction","target":["https:\/\/ags-atlantis.es\/certificados\/"]}]},{"@type":"ImageObject","inLanguage":"en-US","@id":"https:\/\/ags-atlantis.es\/certificados\/#primaryimage","url":"\/wp-content\/uploads\/2022\/08\/pegatina_vehiculo.png","contentUrl":"\/wp-content\/uploads\/2022\/08\/pegatina_vehiculo.png","width":341,"height":482},{"@type":"BreadcrumbList","@id":"https:\/\/ags-atlantis.es\/certificados\/#breadcrumb","itemListElement":[{"@type":"ListItem","position":1,"name":"Portada","item":"https:\/\/ags-atlantis.es\/en\/"},{"@type":"ListItem","position":2,"name":"Certificados"}]},{"@type":"WebSite","@id":"http:\/\/www.scb.ags-atlantis.es\/en\/#website","url":"http:\/\/www.scb.ags-atlantis.es\/en\/","name":"Atlantis Global System","description":"Soluciones Log\u00edsticas de Gesti\u00f3n y Movilidad","potentialAction":[{"@type":"SearchAction","target":{"@type":"EntryPoint","urlTemplate":"http:\/\/www.scb.ags-atlantis.es\/en\/?s={search_term_string}"},"query-input":{"@type":"PropertyValueSpecification","valueRequired":true,"valueName":"search_term_string"}}],"inLanguage":"en-US"}]}},"_links":{"self":[{"href":"https:\/\/ags-atlantis.es\/en\/wp-json\/wp\/v2\/pages\/8024","targetHints":{"allow":["GET"]}}],"collection":[{"href":"https:\/\/ags-atlantis.es\/en\/wp-json\/wp\/v2\/pages"}],"about":[{"href":"https:\/\/ags-atlantis.es\/en\/wp-json\/wp\/v2\/types\/page"}],"author":[{"embeddable":true,"href":"https:\/\/ags-atlantis.es\/en\/wp-json\/wp\/v2\/users\/2"}],"replies":[{"embeddable":true,"href":"https:\/\/ags-atlantis.es\/en\/wp-json\/wp\/v2\/comments?post=8024"}],"version-history":[{"count":83,"href":"https:\/\/ags-atlantis.es\/en\/wp-json\/wp\/v2\/pages\/8024\/revisions"}],"predecessor-version":[{"id":10323,"href":"https:\/\/ags-atlantis.es\/en\/wp-json\/wp\/v2\/pages\/8024\/revisions\/10323"}],"wp:featuredmedia":[{"embeddable":true,"href":"https:\/\/ags-atlantis.es\/en\/wp-json\/wp\/v2\/media\/8128"}],"wp:attachment":[{"href":"https:\/\/ags-atlantis.es\/en\/wp-json\/wp\/v2\/media?parent=8024"}],"curies":[{"name":"wp","href":"https:\/\/api.w.org\/{rel}","templated":true}]}}