{"id":7795,"date":"2021-05-05T07:27:44","date_gmt":"2021-05-05T07:27:44","guid":{"rendered":"https:\/\/wordpress-ags-atlantis-c7b0a5dmamd7a6ay.northeurope-01.azurewebsites.net\/?page_id=7795"},"modified":"2024-01-11T12:17:29","modified_gmt":"2024-01-11T12:17:29","slug":"politica-de-calidad-2","status":"publish","type":"page","link":"https:\/\/ags-atlantis.es\/en\/politica-de-calidad-2\/","title":{"rendered":"Pol\u00edtica de cookies"},"content":{"rendered":"<div class=\"row\">\n<div class=\"span12\">\n<h2>Pol\u00edtica de Cookies<\/h2>\n<\/div>\n<\/div>\n<div class=\"row\">\n<div class=\"span12\">\n<p style=\"font-weight: 400;\">Nuestro sitio web <a href=\"https:\/\/wordpress-ags-atlantis-c7b0a5dmamd7a6ay.northeurope-01.azurewebsites.net\/\">www.ags-atlantis.es<\/a> \u00a0(el \u201cSitio Web\u201d) utiliza una tecnolog\u00eda denominada \u201ccookies\u201d con la finalidad de poder recabar informaci\u00f3n acerca del uso del Sitio Web. Le informamos de que podemos utilizar cookies con la finalidad de facilitar su navegaci\u00f3n a trav\u00e9s del Sitio Web, distinguirle de otros usuarios y analizar sus h\u00e1bitos de navegaci\u00f3n dentro del mismo.<\/p>\n<p style=\"font-weight: 400;\">La presente Pol\u00edtica de Cookies tiene por finalidad informarle de manera clara y precisa sobre las cookies que se utilizan en nuestro Sitio Web.<\/p>\n<h3><strong>\u00bfQue s\u00f3n las cookies?<\/strong><\/h3>\n<p style=\"font-weight: 400;\">Una cookie es un archivo que se descarga en su equipo (ordenador o dispositivo m\u00f3vil) con la finalidad de almacenar datos que podr\u00e1n ser actualizados y recuperados por la entidad responsable de su instalaci\u00f3n.<\/p>\n<p style=\"font-weight: 400;\">La informaci\u00f3n recabada a trav\u00e9s de las cookies puede servir para finalidades muy diversas, como, por ejemplo, reconocerle como usuario, obtener informaci\u00f3n sobre sus h\u00e1bitos de navegaci\u00f3n, o personalizar la forma en que se muestra el contenido. Los usos concretos que hacemos de estas tecnolog\u00edas se describen a continuaci\u00f3n.<\/p>\n<h3><strong>Tipo de cookies que se usan en el sitio web<\/strong><\/h3>\n<h4><em><strong>Cookies T\u00e9cnicas<\/strong><\/em><\/h4>\n<p style=\"font-weight: 400;\">AGS utiliza cookies propias,\u00a0 de sesi\u00f3n, con finalidad t\u00e9cnica (aquellas que permiten a la persona usuaria la navegaci\u00f3n a trav\u00e9s del sitio web y la utilizaci\u00f3n de las diferentes opciones y servicios que en ella existen).<\/p>\n<p style=\"font-weight: 400;\">No es necesaria la obtenci\u00f3n de su consentimiento por estar excluidas del \u00e1mbito de aplicaci\u00f3n del art\u00edculo 22.2 de la Ley 34\/2002, de 11 de julio, de servicios de la sociedad de la informaci\u00f3n y de comercio electr\u00f3nico.<\/p>\n<h4><em><strong>Cookies de An\u00e1lisis \u00f3 medici\u00f3n<\/strong><\/em><\/h4>\n<p style=\"font-weight: 400;\">Son aquellas que, tratadas por nosotros o por terceros, nos permiten cuantificar el n\u00famero de usuarios y as\u00ed realizar la medici\u00f3n y an\u00e1lisis estad\u00edstico de la utilizaci\u00f3n que hacen los usuarios del servicio ofertado. Para ello se analiza su navegaci\u00f3n en nuestra p\u00e1gina web con el fin de mejorar la oferta de productos o servicios que le ofrecemos.<\/p>\n<div class=\"page\" title=\"Page 1\">\n<div class=\"layoutArea\">\n<div class=\"column\">\n<p>Para la utilizacio\u0301n de estas cookies sera\u0301 necesario, en todo caso obtener su consentimiento.<\/p>\n<p>Se detalla la lista completa de las cookies utilizadas:<\/p>\n<\/div>\n<\/div>\n<\/div>\n<\/div>\n<\/div>\n<div id=\"footable_parent_8241\"\n         class=\"footable_parent ninja_table_wrapper loading_ninja_table wp_table_data_press_parent semantic_ui\">\n                <table data-ninja_table_instance=\"ninja_table_instance_0\" data-footable_id=\"8241\" data-filter-delay=\"1000\" aria-label=\"Cookies\"            id=\"footable_8241\"\n           data-unique_identifier=\"ninja_table_unique_id_1924980824_8241\"\n           class=\"foo-table ninja_footable foo_table_8241 ninja_table_unique_id_1924980824_8241 ui table  nt_type_ajax_table selectable striped vertical_centered  footable-paging-right ninja_table_search_disabled\">\n                <colgroup>\n                            <col class=\"ninja_column_0\">\n                            <col class=\"ninja_column_1\">\n                            <col class=\"ninja_column_2\">\n                            <col class=\"ninja_column_3\">\n                            <col class=\"ninja_column_4\">\n                    <\/colgroup>\n            <\/table>\n    \n    \n    \n<\/div>\n\n<div class=\"page\" title=\"Page 2\">\n<div class=\"layoutArea\">\n<div class=\"column\">\n<p>Podra\u0301 retirar el consentimiento previamente otorgado en cualquier momento. A tal fin, le facilitamos informacio\u0301n sobre co\u0301mo puede hacerlo.<\/p>\n<\/div>\n<\/div>\n<\/div>\n<div class=\"row\">\n<div class=\"span12\">\n<h3><strong>Deshabilitar y bloquear cookies en la pol\u00edtica de cookies<\/strong><\/h3>\n<p style=\"font-weight: 400;\">Le informamos de que puede bloquear o deshabilitar las cookies en cualquier momento modificando la configuraci\u00f3n de su navegador, que le permitir\u00e1 rechazar la instalaci\u00f3n de todas las cookies o de algunas de ellas. A continuaci\u00f3n, podr\u00e1 encontrar informaci\u00f3n sobre c\u00f3mo gestionar el uso de cookies en funci\u00f3n del navegador utilizado:<\/p>\n<table style=\"font-weight: 400;\">\n<tbody>\n<tr>\n<td width=\"255\">Firefox<\/p>\n<p>&nbsp;<\/td>\n<td width=\"425\"><a href=\"https:\/\/support.mozilla.org\/es\/kb\/habilitar-y-deshabilitar-cookies-sitios-web-rastrear-preferencias\">https:\/\/support.mozilla.org\/es\/kb\/habilitar-y-deshabilitar-cookies-sitios-web-rastrear-preferencias<\/a><\/p>\n<p>&nbsp;<\/td>\n<\/tr>\n<tr>\n<td width=\"255\">Chrome<\/p>\n<p>&nbsp;<\/td>\n<td width=\"425\"><a href=\"https:\/\/support.google.com\/chrome\/answer\/95647?co=GENIE.Platform%3DDesktop&amp;hl=es\">https:\/\/support.google.com\/chrome\/answer\/95647?co=GENIE.Platform%3DDesktop&amp;hl=es<\/a><\/p>\n<p>&nbsp;<\/td>\n<\/tr>\n<tr>\n<td width=\"255\">Safari<\/p>\n<p>&nbsp;<\/td>\n<td width=\"425\"><a href=\"https:\/\/support.apple.com\/kb\/ph21411?locale=es_ES\">https:\/\/support.apple.com\/kb\/ph21411?locale=es_ES<\/a><\/p>\n<p><a href=\"https:\/\/support.apple.com\/es-es\/HT201265\">https:\/\/support.apple.com\/es-es\/HT201265<\/a><\/td>\n<\/tr>\n<tr>\n<td width=\"255\">Internet Explorer<\/p>\n<p>&nbsp;<\/td>\n<td width=\"425\"><a href=\"https:\/\/support.microsoft.com\/es-es\/help\/17442\/windows-internet-explorer-delete-manage-cookies\">https:\/\/support.microsoft.com\/es-es\/help\/17442\/windows-internet-explorer-delete-manage-cookies<\/a><\/td>\n<\/tr>\n<tr>\n<td width=\"255\">Microsoft Edge<\/p>\n<p>&nbsp;<\/td>\n<td width=\"425\"><a href=\"https:\/\/privacy.microsoft.com\/es-es\/windows-10-microsoft-edge-and-privacy\">https:\/\/privacy.microsoft.com\/es-es\/windows-10-microsoft-edge-and-privacy<\/a><\/td>\n<\/tr>\n<\/tbody>\n<\/table>\n<p style=\"font-weight: 400;\">Si las rechaza podr\u00e1 seguir navegando por nuestro Sitio Web, aunque el uso de algunos de sus servicios podr\u00e1 ser limitado y, por tanto, su experiencia puede resultar menos satisfactoria.<\/p>\n<\/div>\n<h3><strong>Enlaces a sitios web de terceros<\/strong><\/h3>\n<p style=\"font-weight: 400;\">El portal del que es titular AGS contiene enlaces a sitios web de terceros, cuyas pol\u00edticas de privacidad son ajenas a la de AGS. Al acceder a tales sitios web usted puede decidir si acepta sus pol\u00edticas de privacidad y de cookies. Con car\u00e1cter general, si navega por internet usted puede aceptar o rechazar las cookies de terceros desde las opciones de configuraci\u00f3n de su navegador.<\/p>\n<\/div>\n<h3><strong>Cambios en la pol\u00edtica de cookies<\/strong><\/h3>\n<p style=\"font-weight: 400;\">Es posible que actualicemos la Pol\u00edtica de Cookies de nuestro Sitio Web. Por ello, le recomendamos revisar esta pol\u00edtica cada vez que acceda a nuestro Sitio Web con el objetivo de estar adecuadamente informado sobre c\u00f3mo y para qu\u00e9 usamos las cookies.<\/p>","protected":false},"excerpt":{"rendered":"<p>Pol\u00edtica de Cookies Nuestro sitio web www.ags-atlantis.es \u00a0(el \u201cSitio Web\u201d) utiliza una tecnolog\u00eda denominada \u201ccookies\u201d con la finalidad de poder recabar informaci\u00f3n acerca del uso del Sitio Web. Le informamos de que podemos utilizar cookies con la finalidad de facilitar su navegaci\u00f3n a trav\u00e9s del Sitio Web, distinguirle de otros usuarios y analizar sus h\u00e1bitos<a href=\"https:\/\/ags-atlantis.es\/en\/politica-de-calidad-2\/\" class=\"more-link\"><\/a><\/p>","protected":false},"author":2,"featured_media":0,"parent":0,"menu_order":0,"comment_status":"closed","ping_status":"closed","template":"","meta":{"footnotes":""},"class_list":["post-7795","page","type-page","status-publish","hentry"],"yoast_head":"<!-- This site is optimized with the Yoast SEO plugin v27.3 - https:\/\/yoast.com\/product\/yoast-seo-wordpress\/ -->\n<title>Pol\u00edtica de cookies - Atlantis Global System<\/title>\n<meta name=\"robots\" content=\"index, follow, max-snippet:-1, max-image-preview:large, max-video-preview:-1\" \/>\n<link rel=\"canonical\" href=\"http:\/\/www.ags-atlantis.es\/en\/politica-de-calidad-2\/\" \/>\n<meta property=\"og:locale\" content=\"en_US\" \/>\n<meta property=\"og:type\" content=\"article\" \/>\n<meta property=\"og:title\" content=\"Pol\u00edtica de cookies - Atlantis Global System\" \/>\n<meta property=\"og:description\" content=\"Pol\u00edtica de Cookies Nuestro sitio web www.ags-atlantis.es \u00a0(el \u201cSitio Web\u201d) utiliza una tecnolog\u00eda denominada \u201ccookies\u201d con la finalidad de poder recabar informaci\u00f3n acerca del uso del Sitio Web. Le informamos de que podemos utilizar cookies con la finalidad de facilitar su navegaci\u00f3n a trav\u00e9s del Sitio Web, distinguirle de otros usuarios y analizar sus h\u00e1bitos\" \/>\n<meta property=\"og:url\" content=\"http:\/\/www.ags-atlantis.es\/en\/politica-de-calidad-2\/\" \/>\n<meta property=\"og:site_name\" content=\"Atlantis Global System\" \/>\n<meta property=\"article:modified_time\" content=\"2024-01-11T12:17:29+00:00\" \/>\n<meta name=\"twitter:card\" content=\"summary_large_image\" \/>\n<meta name=\"twitter:label1\" content=\"Est. reading time\" \/>\n\t<meta name=\"twitter:data1\" content=\"3 minutes\" \/>\n<script type=\"application\/ld+json\" class=\"yoast-schema-graph\">{\"@context\":\"https:\\\/\\\/schema.org\",\"@graph\":[{\"@type\":\"WebPage\",\"@id\":\"http:\\\/\\\/www.ags-atlantis.es\\\/en\\\/politica-de-calidad-2\\\/\",\"url\":\"http:\\\/\\\/www.ags-atlantis.es\\\/en\\\/politica-de-calidad-2\\\/\",\"name\":\"Pol\u00edtica de cookies - Atlantis Global System\",\"isPartOf\":{\"@id\":\"http:\\\/\\\/www.scb.ags-atlantis.es\\\/en\\\/#website\"},\"datePublished\":\"2021-05-05T07:27:44+00:00\",\"dateModified\":\"2024-01-11T12:17:29+00:00\",\"breadcrumb\":{\"@id\":\"http:\\\/\\\/www.ags-atlantis.es\\\/en\\\/politica-de-calidad-2\\\/#breadcrumb\"},\"inLanguage\":\"en-US\",\"potentialAction\":[{\"@type\":\"ReadAction\",\"target\":[\"http:\\\/\\\/www.ags-atlantis.es\\\/en\\\/politica-de-calidad-2\\\/\"]}]},{\"@type\":\"BreadcrumbList\",\"@id\":\"http:\\\/\\\/www.ags-atlantis.es\\\/en\\\/politica-de-calidad-2\\\/#breadcrumb\",\"itemListElement\":[{\"@type\":\"ListItem\",\"position\":1,\"name\":\"Portada\",\"item\":\"https:\\\/\\\/ags-atlantis.es\\\/en\\\/\"},{\"@type\":\"ListItem\",\"position\":2,\"name\":\"Pol\u00edtica de cookies\"}]},{\"@type\":\"WebSite\",\"@id\":\"http:\\\/\\\/www.scb.ags-atlantis.es\\\/en\\\/#website\",\"url\":\"http:\\\/\\\/www.scb.ags-atlantis.es\\\/en\\\/\",\"name\":\"Atlantis Global System\",\"description\":\"Soluciones Log\u00edsticas de Gesti\u00f3n y Movilidad\",\"potentialAction\":[{\"@type\":\"SearchAction\",\"target\":{\"@type\":\"EntryPoint\",\"urlTemplate\":\"http:\\\/\\\/www.scb.ags-atlantis.es\\\/en\\\/?s={search_term_string}\"},\"query-input\":{\"@type\":\"PropertyValueSpecification\",\"valueRequired\":true,\"valueName\":\"search_term_string\"}}],\"inLanguage\":\"en-US\"}]}<\/script>\n<!-- \/ Yoast SEO plugin. -->","yoast_head_json":{"title":"Pol\u00edtica de cookies - Atlantis Global System","robots":{"index":"index","follow":"follow","max-snippet":"max-snippet:-1","max-image-preview":"max-image-preview:large","max-video-preview":"max-video-preview:-1"},"canonical":"http:\/\/www.ags-atlantis.es\/en\/politica-de-calidad-2\/","og_locale":"en_US","og_type":"article","og_title":"Pol\u00edtica de cookies - Atlantis Global System","og_description":"Pol\u00edtica de Cookies Nuestro sitio web www.ags-atlantis.es \u00a0(el \u201cSitio Web\u201d) utiliza una tecnolog\u00eda denominada \u201ccookies\u201d con la finalidad de poder recabar informaci\u00f3n acerca del uso del Sitio Web. Le informamos de que podemos utilizar cookies con la finalidad de facilitar su navegaci\u00f3n a trav\u00e9s del Sitio Web, distinguirle de otros usuarios y analizar sus h\u00e1bitos","og_url":"http:\/\/www.ags-atlantis.es\/en\/politica-de-calidad-2\/","og_site_name":"Atlantis Global System","article_modified_time":"2024-01-11T12:17:29+00:00","twitter_card":"summary_large_image","twitter_misc":{"Est. reading time":"3 minutes"},"schema":{"@context":"https:\/\/schema.org","@graph":[{"@type":"WebPage","@id":"http:\/\/www.ags-atlantis.es\/en\/politica-de-calidad-2\/","url":"http:\/\/www.ags-atlantis.es\/en\/politica-de-calidad-2\/","name":"Pol\u00edtica de cookies - Atlantis Global System","isPartOf":{"@id":"http:\/\/www.scb.ags-atlantis.es\/en\/#website"},"datePublished":"2021-05-05T07:27:44+00:00","dateModified":"2024-01-11T12:17:29+00:00","breadcrumb":{"@id":"http:\/\/www.ags-atlantis.es\/en\/politica-de-calidad-2\/#breadcrumb"},"inLanguage":"en-US","potentialAction":[{"@type":"ReadAction","target":["http:\/\/www.ags-atlantis.es\/en\/politica-de-calidad-2\/"]}]},{"@type":"BreadcrumbList","@id":"http:\/\/www.ags-atlantis.es\/en\/politica-de-calidad-2\/#breadcrumb","itemListElement":[{"@type":"ListItem","position":1,"name":"Portada","item":"https:\/\/ags-atlantis.es\/en\/"},{"@type":"ListItem","position":2,"name":"Pol\u00edtica de cookies"}]},{"@type":"WebSite","@id":"http:\/\/www.scb.ags-atlantis.es\/en\/#website","url":"http:\/\/www.scb.ags-atlantis.es\/en\/","name":"Atlantis Global System","description":"Soluciones Log\u00edsticas de Gesti\u00f3n y Movilidad","potentialAction":[{"@type":"SearchAction","target":{"@type":"EntryPoint","urlTemplate":"http:\/\/www.scb.ags-atlantis.es\/en\/?s={search_term_string}"},"query-input":{"@type":"PropertyValueSpecification","valueRequired":true,"valueName":"search_term_string"}}],"inLanguage":"en-US"}]}},"_links":{"self":[{"href":"https:\/\/ags-atlantis.es\/en\/wp-json\/wp\/v2\/pages\/7795","targetHints":{"allow":["GET"]}}],"collection":[{"href":"https:\/\/ags-atlantis.es\/en\/wp-json\/wp\/v2\/pages"}],"about":[{"href":"https:\/\/ags-atlantis.es\/en\/wp-json\/wp\/v2\/types\/page"}],"author":[{"embeddable":true,"href":"https:\/\/ags-atlantis.es\/en\/wp-json\/wp\/v2\/users\/2"}],"replies":[{"embeddable":true,"href":"https:\/\/ags-atlantis.es\/en\/wp-json\/wp\/v2\/comments?post=7795"}],"version-history":[{"count":7,"href":"https:\/\/ags-atlantis.es\/en\/wp-json\/wp\/v2\/pages\/7795\/revisions"}],"predecessor-version":[{"id":8498,"href":"https:\/\/ags-atlantis.es\/en\/wp-json\/wp\/v2\/pages\/7795\/revisions\/8498"}],"wp:attachment":[{"href":"https:\/\/ags-atlantis.es\/en\/wp-json\/wp\/v2\/media?parent=7795"}],"curies":[{"name":"wp","href":"https:\/\/api.w.org\/{rel}","templated":true}]}}