{"id":7662,"date":"2021-01-15T12:33:47","date_gmt":"2021-01-15T12:33:47","guid":{"rendered":"https:\/\/wordpress-ags-atlantis-c7b0a5dmamd7a6ay.northeurope-01.azurewebsites.net\/?page_id=7662"},"modified":"2024-01-10T13:53:54","modified_gmt":"2024-01-10T13:53:54","slug":"enviar-curriculum","status":"publish","type":"page","link":"https:\/\/ags-atlantis.es\/en\/enviar-curriculum\/","title":{"rendered":"Env\u00edar Curr\u00edculum"},"content":{"rendered":"<div class=\"wpb-content-wrapper\"><div class=\"vc_row wpb_row vc_row-fluid\"><div class=\"wpb_column vc_column_container vc_col-sm-12\"><div class=\"vc_column-inner\"><div class=\"wpb_wrapper\">\n\t<div class=\"wpb_text_column wpb_content_element\" >\n\t\t<div class=\"wpb_wrapper\">\n\t\t\t<h1 style=\"text-align: center;\">Inscr\u00edbete<\/h1>\n<h3 style=\"text-align: center;\">Env\u00edanos tu curr\u00edculum para futuros procesos de selecci\u00f3n<\/h3>\n<p style=\"text-align: center;\">Te recomendamos leer y comprender nuestra Pol\u00edtica de Privacidad antes de introducir tus datos y enviarnos tu curr\u00edculum.<\/p>\n\n\t\t<\/div>\n\t<\/div>\n<\/div><\/div><\/div><\/div><div class=\"vc_row wpb_row vc_row-fluid\"><div class=\"wpb_column vc_column_container vc_col-sm-12\"><div class=\"vc_column-inner\"><div class=\"wpb_wrapper\">\n<div class=\"wpcf7 no-js\" id=\"wpcf7-f7661-o1\" lang=\"es-ES\" dir=\"ltr\" data-wpcf7-id=\"7661\">\n<div class=\"screen-reader-response\"><p role=\"status\" aria-live=\"polite\" aria-atomic=\"true\"><\/p> <ul><\/ul><\/div>\n<form action=\"\/en\/wp-json\/wp\/v2\/pages\/7662#wpcf7-f7661-o1\" method=\"post\" class=\"wpcf7-form init wpcf7-acceptance-as-validation\" aria-label=\"Formulario de contacto\" enctype=\"multipart\/form-data\" novalidate=\"novalidate\" data-status=\"init\" data-trp-original-action=\"\/en\/wp-json\/wp\/v2\/pages\/7662#wpcf7-f7661-o1\">\n<fieldset class=\"hidden-fields-container\"><input type=\"hidden\" name=\"_wpcf7\" value=\"7661\" \/><input type=\"hidden\" name=\"_wpcf7_version\" value=\"6.1.5\" \/><input type=\"hidden\" name=\"_wpcf7_locale\" value=\"es_ES\" \/><input type=\"hidden\" name=\"_wpcf7_unit_tag\" value=\"wpcf7-f7661-o1\" \/><input type=\"hidden\" name=\"_wpcf7_container_post\" value=\"0\" \/><input type=\"hidden\" name=\"_wpcf7_posted_data_hash\" value=\"\" \/><input type=\"hidden\" name=\"_wpcf7_recaptcha_response\" value=\"\" \/>\n<\/fieldset>\n<p><label> Nombre<br \/>\n<span class=\"wpcf7-form-control-wrap\" data-name=\"nombre\"><input size=\"40\" maxlength=\"400\" class=\"wpcf7-form-control wpcf7-text wpcf7-validates-as-required\" aria-required=\"true\" aria-invalid=\"false\" value=\"\" type=\"text\" name=\"nombre\" \/><\/span> <\/label>\n<\/p>\n<p><label> Apellidos<br \/>\n<span class=\"wpcf7-form-control-wrap\" data-name=\"apellidos\"><input size=\"40\" maxlength=\"400\" class=\"wpcf7-form-control wpcf7-text wpcf7-validates-as-required\" aria-required=\"true\" aria-invalid=\"false\" value=\"\" type=\"text\" name=\"apellidos\" \/><\/span> <\/label>\n<\/p>\n<p><label> Email<br \/>\n<span class=\"wpcf7-form-control-wrap\" data-name=\"correo\"><input size=\"40\" maxlength=\"400\" class=\"wpcf7-form-control wpcf7-email wpcf7-validates-as-required wpcf7-text wpcf7-validates-as-email\" aria-required=\"true\" aria-invalid=\"false\" value=\"\" type=\"email\" name=\"correo\" \/><\/span> <\/label>\n<\/p>\n<p><label> Adjuntar CV (PDF o Imag\u00e9n, 2MB max)<br \/>\n<span class=\"wpcf7-form-control-wrap\" data-name=\"adjunto\"><input size=\"40\" class=\"wpcf7-form-control wpcf7-file wpcf7-validates-as-required\" accept=\".pdf,.png,.jpg,.jpeg\" aria-required=\"true\" aria-invalid=\"false\" type=\"file\" name=\"adjunto\" \/><\/span> <\/label>\n<\/p>\n<p><span class=\"wpcf7-form-control-wrap\" data-name=\"terceros\"><span class=\"wpcf7-form-control wpcf7-acceptance\"><span class=\"wpcf7-list-item\"><label><input type=\"checkbox\" name=\"terceros\" value=\"1\" aria-invalid=\"false\" \/><span class=\"wpcf7-list-item-label\">Doy mi CONSENTIMIENTO para que AGS pueda ceder el CV a terceros con los que se relaciona<\/span><\/label><\/span><\/span><\/span><br \/>\n<span class=\"wpcf7-form-control-wrap\" data-name=\"cedercurriculum\"><span class=\"wpcf7-form-control wpcf7-acceptance\"><span class=\"wpcf7-list-item\"><label><input type=\"checkbox\" name=\"cedercurriculum\" value=\"1\" aria-invalid=\"false\" \/><span class=\"wpcf7-list-item-label\">Doy mi CONSENTIMIENTO para que AGS pueda comunicar mi C.V  a terceras empresas que puedan estar interesadas en mi perfil.<\/span><\/label><\/span><\/span><\/span>\n<\/p>\n<p>Al hacer click en el bot\u00f3n Enviar declaras conocer y entender las <u><a href=\"https:\/\/ags-atlantis.es\/en\/politica-de-privacidad\/\">Privacy Policy<\/a><\/u> de ATLANTIS GLOBAL SYSTEM S.L.\n<\/p>\n<span class=\"wpcf7-form-control-wrap recaptcha\" data-name=\"recaptcha\"><span data-sitekey=\"6LdtZWQpAAAAABe5dxK9Ac24V30pZ6BnDuU5dNgt\" class=\"wpcf7-form-control wpcf7-recaptcha g-recaptcha\"><\/span>\r\n<noscript>\r\n\t<div class=\"grecaptcha-noscript\">\r\n\t\t<iframe loading=\"lazy\" src=\"https:\/\/www.google.com\/recaptcha\/api\/fallback?k=6LdtZWQpAAAAABe5dxK9Ac24V30pZ6BnDuU5dNgt\" frameborder=\"0\" scrolling=\"no\" width=\"310\" height=\"430\">\r\n\t\t<\/iframe>\r\n\t\t<textarea name=\"g-recaptcha-response\" rows=\"3\" cols=\"40\" placeholder=\"Aqu\u00ed la respuesta de reCAPTCHA\">\r\n\t\t<\/textarea>\r\n\t<\/div>\r\n<\/noscript>\r\n<\/span>\n<p><input class=\"wpcf7-form-control wpcf7-submit has-spinner\" type=\"submit\" value=\"Enviar\" \/>\n<\/p>\n<p><strong>Responsable:<\/strong>\tATLANTIS GLOBAL SYSTEM S.L. CIF: B04501722<br \/>\n<strong>Finalidad:<\/strong>\tHacerte part\u00edcipe en los procesos de selecci\u00f3n de personal abiertos actualmente o para futuros procesos de selecci\u00f3n que pueda llevar a cabo la entidad<br \/>\n<strong>Derechos:<\/strong>\tPuede ejercer sus derechos de acceso, rectificaci\u00f3n, supresi\u00f3n y portabilidad de sus datos, de limitaci\u00f3n y oposici\u00f3n a su tratamiento.<br \/>\nSi nos ha dado su consentimiento para alguna finalidad, tiene derecho a retirarlo en cualquier momento.<br \/>\nPonemos a su disposici\u00f3n la direcci\u00f3n de correo electr\u00f3nico <u><a href=\"mailto:rgpd@ags-atlantis.es\">rgpd@ags-atlantis.es<\/a><\/u>\n<\/p><div class=\"wpcf7-response-output\" aria-hidden=\"true\"><\/div>\n<input type=\"hidden\" name=\"trp-form-language\" value=\"en\"\/><\/form>\n<\/div>\n<\/div><\/div><\/div><\/div>\n<\/div>","protected":false},"excerpt":{"rendered":"Inscr\u00edbete Env\u00edanos tu curr\u00edculum para futuros procesos de selecci\u00f3n Te recomendamos leer y comprender nuestra Pol\u00edtica de Privacidad antes de introducir tus datos y enviarnos tu curr\u00edculum. Nombre Apellidos Email Adjuntar CV (PDF o Imag\u00e9n, 2MB max) Doy mi CONSENTIMIENTO para que AGS pueda ceder el CV a terceros con los que se relaciona Doy<a href=\"https:\/\/ags-atlantis.es\/en\/enviar-curriculum\/\" class=\"more-link\"><\/a>","protected":false},"author":2,"featured_media":0,"parent":0,"menu_order":0,"comment_status":"closed","ping_status":"closed","template":"","meta":{"footnotes":""},"class_list":["post-7662","page","type-page","status-publish","hentry"],"yoast_head":"<!-- This site is optimized with the Yoast SEO plugin v27.3 - https:\/\/yoast.com\/product\/yoast-seo-wordpress\/ -->\n<title>Env\u00edar Curr\u00edculum - Atlantis Global System<\/title>\n<meta name=\"robots\" content=\"index, follow, max-snippet:-1, max-image-preview:large, max-video-preview:-1\" \/>\n<link rel=\"canonical\" href=\"https:\/\/www.scb.ags-atlantis.es\/enviar-curriculum\/\" \/>\n<meta property=\"og:locale\" content=\"en_US\" \/>\n<meta property=\"og:type\" content=\"article\" \/>\n<meta property=\"og:title\" content=\"Env\u00edar Curr\u00edculum - Atlantis Global System\" \/>\n<meta property=\"og:url\" content=\"https:\/\/www.scb.ags-atlantis.es\/enviar-curriculum\/\" \/>\n<meta property=\"og:site_name\" content=\"Atlantis Global System\" \/>\n<meta property=\"article:modified_time\" content=\"2024-01-10T13:53:54+00:00\" \/>\n<meta name=\"twitter:card\" content=\"summary_large_image\" \/>\n<script type=\"application\/ld+json\" class=\"yoast-schema-graph\">{\"@context\":\"https:\\\/\\\/schema.org\",\"@graph\":[{\"@type\":\"WebPage\",\"@id\":\"https:\\\/\\\/www.scb.ags-atlantis.es\\\/enviar-curriculum\\\/\",\"url\":\"https:\\\/\\\/www.scb.ags-atlantis.es\\\/enviar-curriculum\\\/\",\"name\":\"Env\u00edar Curr\u00edculum - Atlantis Global System\",\"isPartOf\":{\"@id\":\"http:\\\/\\\/www.scb.ags-atlantis.es\\\/en\\\/#website\"},\"datePublished\":\"2021-01-15T12:33:47+00:00\",\"dateModified\":\"2024-01-10T13:53:54+00:00\",\"breadcrumb\":{\"@id\":\"https:\\\/\\\/www.scb.ags-atlantis.es\\\/enviar-curriculum\\\/#breadcrumb\"},\"inLanguage\":\"en-US\",\"potentialAction\":[{\"@type\":\"ReadAction\",\"target\":[\"https:\\\/\\\/www.scb.ags-atlantis.es\\\/enviar-curriculum\\\/\"]}]},{\"@type\":\"BreadcrumbList\",\"@id\":\"https:\\\/\\\/www.scb.ags-atlantis.es\\\/enviar-curriculum\\\/#breadcrumb\",\"itemListElement\":[{\"@type\":\"ListItem\",\"position\":1,\"name\":\"Portada\",\"item\":\"https:\\\/\\\/ags-atlantis.es\\\/en\\\/\"},{\"@type\":\"ListItem\",\"position\":2,\"name\":\"Env\u00edar Curr\u00edculum\"}]},{\"@type\":\"WebSite\",\"@id\":\"http:\\\/\\\/www.scb.ags-atlantis.es\\\/en\\\/#website\",\"url\":\"http:\\\/\\\/www.scb.ags-atlantis.es\\\/en\\\/\",\"name\":\"Atlantis Global System\",\"description\":\"Soluciones Log\u00edsticas de Gesti\u00f3n y Movilidad\",\"potentialAction\":[{\"@type\":\"SearchAction\",\"target\":{\"@type\":\"EntryPoint\",\"urlTemplate\":\"http:\\\/\\\/www.scb.ags-atlantis.es\\\/en\\\/?s={search_term_string}\"},\"query-input\":{\"@type\":\"PropertyValueSpecification\",\"valueRequired\":true,\"valueName\":\"search_term_string\"}}],\"inLanguage\":\"en-US\"}]}<\/script>\n<!-- \/ Yoast SEO plugin. -->","yoast_head_json":{"title":"Env\u00edar Curr\u00edculum - Atlantis Global System","robots":{"index":"index","follow":"follow","max-snippet":"max-snippet:-1","max-image-preview":"max-image-preview:large","max-video-preview":"max-video-preview:-1"},"canonical":"https:\/\/www.scb.ags-atlantis.es\/enviar-curriculum\/","og_locale":"en_US","og_type":"article","og_title":"Env\u00edar Curr\u00edculum - Atlantis Global System","og_url":"https:\/\/www.scb.ags-atlantis.es\/enviar-curriculum\/","og_site_name":"Atlantis Global System","article_modified_time":"2024-01-10T13:53:54+00:00","twitter_card":"summary_large_image","schema":{"@context":"https:\/\/schema.org","@graph":[{"@type":"WebPage","@id":"https:\/\/www.scb.ags-atlantis.es\/enviar-curriculum\/","url":"https:\/\/www.scb.ags-atlantis.es\/enviar-curriculum\/","name":"Env\u00edar Curr\u00edculum - Atlantis Global System","isPartOf":{"@id":"http:\/\/www.scb.ags-atlantis.es\/en\/#website"},"datePublished":"2021-01-15T12:33:47+00:00","dateModified":"2024-01-10T13:53:54+00:00","breadcrumb":{"@id":"https:\/\/www.scb.ags-atlantis.es\/enviar-curriculum\/#breadcrumb"},"inLanguage":"en-US","potentialAction":[{"@type":"ReadAction","target":["https:\/\/www.scb.ags-atlantis.es\/enviar-curriculum\/"]}]},{"@type":"BreadcrumbList","@id":"https:\/\/www.scb.ags-atlantis.es\/enviar-curriculum\/#breadcrumb","itemListElement":[{"@type":"ListItem","position":1,"name":"Portada","item":"https:\/\/ags-atlantis.es\/en\/"},{"@type":"ListItem","position":2,"name":"Env\u00edar Curr\u00edculum"}]},{"@type":"WebSite","@id":"http:\/\/www.scb.ags-atlantis.es\/en\/#website","url":"http:\/\/www.scb.ags-atlantis.es\/en\/","name":"Atlantis Global System","description":"Soluciones Log\u00edsticas de Gesti\u00f3n y Movilidad","potentialAction":[{"@type":"SearchAction","target":{"@type":"EntryPoint","urlTemplate":"http:\/\/www.scb.ags-atlantis.es\/en\/?s={search_term_string}"},"query-input":{"@type":"PropertyValueSpecification","valueRequired":true,"valueName":"search_term_string"}}],"inLanguage":"en-US"}]}},"_links":{"self":[{"href":"https:\/\/ags-atlantis.es\/en\/wp-json\/wp\/v2\/pages\/7662","targetHints":{"allow":["GET"]}}],"collection":[{"href":"https:\/\/ags-atlantis.es\/en\/wp-json\/wp\/v2\/pages"}],"about":[{"href":"https:\/\/ags-atlantis.es\/en\/wp-json\/wp\/v2\/types\/page"}],"author":[{"embeddable":true,"href":"https:\/\/ags-atlantis.es\/en\/wp-json\/wp\/v2\/users\/2"}],"replies":[{"embeddable":true,"href":"https:\/\/ags-atlantis.es\/en\/wp-json\/wp\/v2\/comments?post=7662"}],"version-history":[{"count":6,"href":"https:\/\/ags-atlantis.es\/en\/wp-json\/wp\/v2\/pages\/7662\/revisions"}],"predecessor-version":[{"id":8495,"href":"https:\/\/ags-atlantis.es\/en\/wp-json\/wp\/v2\/pages\/7662\/revisions\/8495"}],"wp:attachment":[{"href":"https:\/\/ags-atlantis.es\/en\/wp-json\/wp\/v2\/media?parent=7662"}],"curies":[{"name":"wp","href":"https:\/\/api.w.org\/{rel}","templated":true}]}}