{"id":7423,"date":"2020-12-14T21:11:28","date_gmt":"2020-12-14T21:11:28","guid":{"rendered":"https:\/\/wordpress-ags-atlantis-c7b0a5dmamd7a6ay.northeurope-01.azurewebsites.net\/?page_id=7423"},"modified":"2024-07-23T05:57:26","modified_gmt":"2024-07-23T05:57:26","slug":"verificacion-documentos","status":"publish","type":"page","link":"https:\/\/ags-atlantis.es\/en\/verificacion-documentos\/","title":{"rendered":"Document Verification"},"content":{"rendered":"<div class=\"wpb-content-wrapper\"><div class=\"vc_row wpb_row vc_row-fluid\"><div class=\"wpb_column vc_column_container vc_col-sm-12\"><div class=\"vc_column-inner\"><div class=\"wpb_wrapper\">\n\t<div class=\"wpb_text_column wpb_content_element\" >\n\t\t<div class=\"wpb_wrapper\">\n\t\t\t<h1 style=\"text-align: center;\">Document Verification<\/h1>\n\n\t\t<\/div>\n\t<\/div>\n\n\t<div class=\"wpb_text_column wpb_content_element\" >\n\t\t<div class=\"wpb_wrapper\">\n\t\t\t<h4><strong>Descripci\u00f3n: Todos los documentos firmados por ATLANTIS GLOBAL SYSTEM, S.L.<\/strong>\u00a0poseen un c\u00f3digo seguro de verificaci\u00f3n (CSV) que permite su recuperaci\u00f3n online. A trav\u00e9s de este servicio puede consultar cualquier documento emitido por ATLANTIS GLOBAL SYSTEM, S.L. en el que se incluy\u00f3 dicho c\u00f3digo. Dicha funcionalidad es especialmente \u00fatil cuando un cliente ha impreso el documento electr\u00f3nico y lo presenta en alguna administraci\u00f3n p\u00fablica, de forma que esa otra administraci\u00f3n p\u00fablica puede comprobar la veracidad de la documentaci\u00f3n presentada y que \u00e9sta no ha sido alterada.<\/h4>\n<h4 class=\"translation-block\"><strong>How to do it ?: Anyone who needs to check the validity of a document in electronic format printed on paper with SVC<\/strong>, can do so by accessing this service. The application will then require the digits and letters that form the CSV that accompanies the document, and it will return the equivalent electronic document with the electronic signatures incorporated. The user can, then, make the comparison with his document.<\/h4>\n\n\t\t<\/div>\n\t<\/div>\n\n\t<div class=\"wpb_text_column wpb_content_element\" >\n\t\t<div class=\"wpb_wrapper\">\n\t\t\t<h2 style=\"text-align: center;\"><\/h2>\n\n\t\t<\/div>\n\t<\/div>\n<div class=\"vc_row wpb_row vc_inner vc_row-fluid vc_custom_1607982255164 vc_row-has-fill\"><div class=\"wpb_column vc_column_container vc_col-sm-12\"><div class=\"vc_column-inner\"><div class=\"wpb_wrapper\">\n\t<div class=\"wpb_raw_code wpb_raw_js\" >\n\t\t<div class=\"wpb_wrapper\">\n\t\t\t<script language=\"javascript\">    \n    function validar(evt) {\n        var response = grecaptcha.getResponse();\n        if (response.length == 0) { \n            \/\/reCaptcha not verified\n            alert(\"Por favor, revise el campo de validaci\u00f3n\"); \n            evt.preventDefault();\n            return false;\n        }\n\n        var codigo = document.getElementById(\"txtCodigo\").value;\n        if (codigo != \"\" && codigo != null) {\n            window.location.href = \"https:\/\/www.ags-atlantis.es\/wp-content\/checkCertificados.php?n=\" + codigo;\n        } else {\n            document.getElementById(\"txtCodigo\").focus();\n            alert(\"No ha introducido ning\u00fan c\u00f3digo para la verificaci\u00f3n del documento\");    \n        }   \n    }\n<\/script>\n<script src='https:\/\/www.google.com\/recaptcha\/api.js?hl=es'><\/script>\n\n\t\t<\/div>\n\t<\/div>\n\n\t<div class=\"wpb_raw_code wpb_raw_html wpb_content_element vc_custom_1608555432977\" >\n\t\t<div class=\"wpb_wrapper\">\n\t\t\t<div class=\"span12\">\n        <p style=\"text-align:justify; padding-bottom:10px; font-weight:bold;\"><b>Enter your secure verification code:<\/b><\/p>\n            <input type=\"text\" style=\"background-color: #ffffff\" name=\"codigo_verificacion\" id=\"txtCodigo\" value=\"\" \/> <br> <br>  \n<div class=\"g-recaptcha\" data-sitekey=\"6LcbdJ4UAAAAAF25ZrLb1FvMZibw2ttfjY5-9CP_\"><\/div> <br>\n            <input type=\"button\"  id=\"btnConsultar\" value=\"Check document\" onclick=\"javascript:validar();\" \/>\n       \n\t\t<\/div>\n\t\t<\/div>\n\t<\/div>\n<\/div><\/div><\/div><\/div><\/div><\/div><\/div><\/div><div class=\"vc_row wpb_row vc_row-fluid\"><div class=\"wpb_column vc_column_container vc_col-sm-12\"><div class=\"vc_column-inner\"><div class=\"wpb_wrapper\"><div class=\"vc_empty_space\"   style=\"height: 32px\"><span class=\"vc_empty_space_inner\"><\/span><\/div><\/div><\/div><\/div><\/div>\n<\/div>","protected":false},"excerpt":{"rendered":"Verificaci\u00f3n de documentos Descripci\u00f3n: Todos los documentos firmados por ATLANTIS GLOBAL SYSTEM, S.L.\u00a0poseen un c\u00f3digo seguro de verificaci\u00f3n (CSV) que permite su recuperaci\u00f3n online. A trav\u00e9s de este servicio puede consultar cualquier documento emitido por ATLANTIS GLOBAL SYSTEM, S.L. en el que se incluy\u00f3 dicho c\u00f3digo. Dicha funcionalidad es especialmente \u00fatil cuando un cliente ha<a href=\"https:\/\/ags-atlantis.es\/en\/verificacion-documentos\/\" class=\"more-link\"><\/a>","protected":false},"author":2,"featured_media":0,"parent":0,"menu_order":0,"comment_status":"closed","ping_status":"closed","template":"","meta":{"footnotes":""},"class_list":["post-7423","page","type-page","status-publish","hentry"],"yoast_head":"<!-- This site is optimized with the Yoast SEO plugin v27.4 - https:\/\/yoast.com\/product\/yoast-seo-wordpress\/ -->\n<title>Verificaci\u00f3n de documentos - Atlantis Global System<\/title>\n<meta name=\"robots\" content=\"index, follow, max-snippet:-1, max-image-preview:large, max-video-preview:-1\" \/>\n<link rel=\"canonical\" href=\"https:\/\/ags-atlantis.es\/en\/verificacion-documentos\/\" \/>\n<meta property=\"og:locale\" content=\"en_US\" \/>\n<meta property=\"og:type\" content=\"article\" \/>\n<meta property=\"og:title\" content=\"Verificaci\u00f3n de documentos - Atlantis Global System\" \/>\n<meta property=\"og:url\" content=\"https:\/\/ags-atlantis.es\/en\/verificacion-documentos\/\" \/>\n<meta property=\"og:site_name\" content=\"Atlantis Global System\" \/>\n<meta property=\"article:modified_time\" content=\"2024-07-23T05:57:26+00:00\" \/>\n<meta name=\"twitter:card\" content=\"summary_large_image\" \/>\n<meta name=\"twitter:label1\" content=\"Est. reading time\" \/>\n\t<meta name=\"twitter:data1\" content=\"3 minutes\" \/>\n<script type=\"application\/ld+json\" class=\"yoast-schema-graph\">{\"@context\":\"https:\\\/\\\/schema.org\",\"@graph\":[{\"@type\":\"WebPage\",\"@id\":\"https:\\\/\\\/ags-atlantis.es\\\/verificacion-documentos\\\/\",\"url\":\"https:\\\/\\\/ags-atlantis.es\\\/verificacion-documentos\\\/\",\"name\":\"Verificaci\u00f3n de documentos - Atlantis Global System\",\"isPartOf\":{\"@id\":\"https:\\\/\\\/www.ags-atlantis.es\\\/#website\"},\"datePublished\":\"2020-12-14T21:11:28+00:00\",\"dateModified\":\"2024-07-23T05:57:26+00:00\",\"breadcrumb\":{\"@id\":\"https:\\\/\\\/ags-atlantis.es\\\/verificacion-documentos\\\/#breadcrumb\"},\"inLanguage\":\"en-US\",\"potentialAction\":[{\"@type\":\"ReadAction\",\"target\":[\"https:\\\/\\\/ags-atlantis.es\\\/verificacion-documentos\\\/\"]}]},{\"@type\":\"BreadcrumbList\",\"@id\":\"https:\\\/\\\/ags-atlantis.es\\\/verificacion-documentos\\\/#breadcrumb\",\"itemListElement\":[{\"@type\":\"ListItem\",\"position\":1,\"name\":\"Portada\",\"item\":\"https:\\\/\\\/www.scb.ags-atlantis.es\\\/\"},{\"@type\":\"ListItem\",\"position\":2,\"name\":\"Verificaci\u00f3n de documentos\"}]},{\"@type\":\"WebSite\",\"@id\":\"https:\\\/\\\/www.ags-atlantis.es\\\/#website\",\"url\":\"https:\\\/\\\/www.ags-atlantis.es\\\/\",\"name\":\"Atlantis Global System\",\"description\":\"Soluciones Log\u00edsticas de Gesti\u00f3n y Movilidad\",\"potentialAction\":[{\"@type\":\"SearchAction\",\"target\":{\"@type\":\"EntryPoint\",\"urlTemplate\":\"https:\\\/\\\/www.ags-atlantis.es\\\/?s={search_term_string}\"},\"query-input\":{\"@type\":\"PropertyValueSpecification\",\"valueRequired\":true,\"valueName\":\"search_term_string\"}}],\"inLanguage\":\"en-US\"}]}<\/script>\n<!-- \/ Yoast SEO plugin. -->","yoast_head_json":{"title":"Verificaci\u00f3n de documentos - Atlantis Global System","robots":{"index":"index","follow":"follow","max-snippet":"max-snippet:-1","max-image-preview":"max-image-preview:large","max-video-preview":"max-video-preview:-1"},"canonical":"https:\/\/ags-atlantis.es\/en\/verificacion-documentos\/","og_locale":"en_US","og_type":"article","og_title":"Verificaci\u00f3n de documentos - Atlantis Global System","og_url":"https:\/\/ags-atlantis.es\/en\/verificacion-documentos\/","og_site_name":"Atlantis Global System","article_modified_time":"2024-07-23T05:57:26+00:00","twitter_card":"summary_large_image","twitter_misc":{"Est. reading time":"3 minutes"},"schema":{"@context":"https:\/\/schema.org","@graph":[{"@type":"WebPage","@id":"https:\/\/ags-atlantis.es\/verificacion-documentos\/","url":"https:\/\/ags-atlantis.es\/verificacion-documentos\/","name":"Verificaci\u00f3n de documentos - Atlantis Global System","isPartOf":{"@id":"https:\/\/www.ags-atlantis.es\/#website"},"datePublished":"2020-12-14T21:11:28+00:00","dateModified":"2024-07-23T05:57:26+00:00","breadcrumb":{"@id":"https:\/\/ags-atlantis.es\/verificacion-documentos\/#breadcrumb"},"inLanguage":"en-US","potentialAction":[{"@type":"ReadAction","target":["https:\/\/ags-atlantis.es\/verificacion-documentos\/"]}]},{"@type":"BreadcrumbList","@id":"https:\/\/ags-atlantis.es\/verificacion-documentos\/#breadcrumb","itemListElement":[{"@type":"ListItem","position":1,"name":"Portada","item":"https:\/\/www.scb.ags-atlantis.es\/"},{"@type":"ListItem","position":2,"name":"Verificaci\u00f3n de documentos"}]},{"@type":"WebSite","@id":"https:\/\/www.ags-atlantis.es\/#website","url":"https:\/\/www.ags-atlantis.es\/","name":"Atlantis Global System","description":"Soluciones Log\u00edsticas de Gesti\u00f3n y Movilidad","potentialAction":[{"@type":"SearchAction","target":{"@type":"EntryPoint","urlTemplate":"https:\/\/www.ags-atlantis.es\/?s={search_term_string}"},"query-input":{"@type":"PropertyValueSpecification","valueRequired":true,"valueName":"search_term_string"}}],"inLanguage":"en-US"}]}},"_links":{"self":[{"href":"https:\/\/ags-atlantis.es\/en\/wp-json\/wp\/v2\/pages\/7423","targetHints":{"allow":["GET"]}}],"collection":[{"href":"https:\/\/ags-atlantis.es\/en\/wp-json\/wp\/v2\/pages"}],"about":[{"href":"https:\/\/ags-atlantis.es\/en\/wp-json\/wp\/v2\/types\/page"}],"author":[{"embeddable":true,"href":"https:\/\/ags-atlantis.es\/en\/wp-json\/wp\/v2\/users\/2"}],"replies":[{"embeddable":true,"href":"https:\/\/ags-atlantis.es\/en\/wp-json\/wp\/v2\/comments?post=7423"}],"version-history":[{"count":35,"href":"https:\/\/ags-atlantis.es\/en\/wp-json\/wp\/v2\/pages\/7423\/revisions"}],"predecessor-version":[{"id":8910,"href":"https:\/\/ags-atlantis.es\/en\/wp-json\/wp\/v2\/pages\/7423\/revisions\/8910"}],"wp:attachment":[{"href":"https:\/\/ags-atlantis.es\/en\/wp-json\/wp\/v2\/media?parent=7423"}],"curies":[{"name":"wp","href":"https:\/\/api.w.org\/{rel}","templated":true}]}}