{"id":7055,"date":"2020-12-05T19:34:38","date_gmt":"2020-12-05T19:34:38","guid":{"rendered":"https:\/\/wordpress-ags-atlantis-c7b0a5dmamd7a6ay.northeurope-01.azurewebsites.net\/?page_id=7055"},"modified":"2020-12-05T19:35:17","modified_gmt":"2020-12-05T19:35:17","slug":"apps-moviles","status":"publish","type":"page","link":"https:\/\/ags-atlantis.es\/en\/apps-moviles\/","title":{"rendered":"Mobile Apps"},"content":{"rendered":"<div class=\"wpb-content-wrapper\"><div class=\"vc_row wpb_row vc_row-fluid\"><div class=\"wpb_column vc_column_container vc_col-sm-12\"><div class=\"vc_column-inner\"><div class=\"wpb_wrapper\">\n\t<div class=\"wpb_text_column wpb_content_element\" >\n\t\t<div class=\"wpb_wrapper\">\n\t\t\t<h2 style=\"text-align: center;\">Mobile Apps<\/h2>\n\n\t\t<\/div>\n\t<\/div>\n<div class=\"woocommerce columns-6\">\n     <div class=\"products row\">\n<article class=\"product-column product type-product post-6006 status-publish first instock product_cat-apps-moviles has-post-thumbnail taxable shipping-taxable product-type-simple\">\n    <div class=\"product-wrap pl-1\">\n\t<div class=\"product-top\"> \n    \n                    \n            <figure>\n                <a href=\"https:\/\/ags-atlantis.es\/en\/product\/ags-conecta-mobile\/\">\n                    <img loading=\"lazy\" decoding=\"async\" width=\"400\" height=\"400\" src=\"\/wp-content\/uploads\/2020\/11\/AGSConecta-Mobile-400x400.png\" class=\"attachment-shop_catalog size-shop_catalog\" alt=\"\" \/>                <\/a>\n            <\/figure> \n      <\/div>    <div class=\"product-meta\">\n            <div class=\"product-brand\">\n            <div class=\"product_meta\">\r\n\t\t<span class=\"posted_in\"><a href=\"https:\/\/ags-atlantis.es\/en\/product-category\/apps-moviles\/\" rel=\"tag\">Mobile Apps<\/a><\/span>    \r\n\t<\/div>\r\n\r\n    <\/div><!-- End .product-brand -->\n        \n    <div class=\"title-wrap\">\n            <h3 class=\"product-title\">\n        <a href=\"https:\/\/ags-atlantis.es\/en\/product\/ags-conecta-mobile\/\">AGS Conecta Mobile<\/a>\n    <\/h3>\n               <\/div>\n    <\/div>    \n    <div class=\"product-meta-container\">       <div class=\"product-price-container\">\n            <span class=\"price\"><\/span>\n        <\/div><!-- End .product-price-container -->\n         <div class=\"product-action clearfix\">\n         <div class=\"cart-btn-wrap\"><a href=\"https:\/\/ags-atlantis.es\/en\/product\/ags-conecta-mobile\/\" aria-describedby=\"woocommerce_loop_add_to_cart_link_describedby_6006\" data-quantity=\"1\" class=\"button product_type_simple\" data-product_id=\"6006\" data-product_sku=\"\" aria-label=\"Read more about \u201cAGS Conecta Mobile\u201d\" rel=\"nofollow\" data-success_message=\"\" data-no-translation=\"\" data-trp-gettext=\"\" data-no-translation-aria-label=\"\">Read more<\/a>\t<span id=\"woocommerce_loop_add_to_cart_link_describedby_6006\" class=\"screen-reader-text\">\n\t\t\t<\/span>\n<\/div>\n                    <\/div><!-- End .product-action -->\n    <\/div>    <\/div>\n<\/article><article class=\"product-column product type-product post-6844 status-publish instock product_cat-apps-moviles has-post-thumbnail taxable shipping-taxable product-type-simple\">\n    <div class=\"product-wrap pl-1\">\n\t<div class=\"product-top\"> \n    \n                    \n            <figure>\n                <a href=\"https:\/\/ags-atlantis.es\/en\/product\/ags-driver\/\">\n                    <img loading=\"lazy\" decoding=\"async\" width=\"256\" height=\"256\" src=\"\/wp-content\/uploads\/2020\/11\/AGS-Driver.png\" class=\"attachment-shop_catalog size-shop_catalog\" alt=\"\" \/>                <\/a>\n            <\/figure> \n      <\/div>    <div class=\"product-meta\">\n            <div class=\"product-brand\">\n            <div class=\"product_meta\">\r\n\t\t<span class=\"posted_in\"><a href=\"https:\/\/ags-atlantis.es\/en\/product-category\/apps-moviles\/\" rel=\"tag\">Mobile Apps<\/a><\/span>    \r\n\t<\/div>\r\n\r\n    <\/div><!-- End .product-brand -->\n        \n    <div class=\"title-wrap\">\n            <h3 class=\"product-title\">\n        <a href=\"https:\/\/ags-atlantis.es\/en\/product\/ags-driver\/\">AGS Driver<\/a>\n    <\/h3>\n               <\/div>\n    <\/div>    \n    <div class=\"product-meta-container\">       <div class=\"product-price-container\">\n            <span class=\"price\"><\/span>\n        <\/div><!-- End .product-price-container -->\n         <div class=\"product-action clearfix\">\n         <div class=\"cart-btn-wrap\"><a href=\"https:\/\/ags-atlantis.es\/en\/product\/ags-driver\/\" aria-describedby=\"woocommerce_loop_add_to_cart_link_describedby_6844\" data-quantity=\"1\" class=\"button product_type_simple\" data-product_id=\"6844\" data-product_sku=\"\" aria-label=\"Read more about \u201cAGS Driver\u201d\" rel=\"nofollow\" data-success_message=\"\" data-no-translation=\"\" data-trp-gettext=\"\" data-no-translation-aria-label=\"\">Read more<\/a>\t<span id=\"woocommerce_loop_add_to_cart_link_describedby_6844\" class=\"screen-reader-text\">\n\t\t\t<\/span>\n<\/div>\n                    <\/div><!-- End .product-action -->\n    <\/div>    <\/div>\n<\/article><article class=\"product-column product type-product post-6843 status-publish instock product_cat-apps-moviles has-post-thumbnail taxable shipping-taxable product-type-simple\">\n    <div class=\"product-wrap pl-1\">\n\t<div class=\"product-top\"> \n    \n                    \n            <figure>\n                <a href=\"https:\/\/ags-atlantis.es\/en\/product\/ags-its-mobile\/\">\n                    <img loading=\"lazy\" decoding=\"async\" width=\"256\" height=\"256\" src=\"\/wp-content\/uploads\/2020\/11\/AGS-iTS-Mobile.png\" class=\"attachment-shop_catalog size-shop_catalog\" alt=\"\" \/>                <\/a>\n            <\/figure> \n      <\/div>    <div class=\"product-meta\">\n            <div class=\"product-brand\">\n            <div class=\"product_meta\">\r\n\t\t<span class=\"posted_in\"><a href=\"https:\/\/ags-atlantis.es\/en\/product-category\/apps-moviles\/\" rel=\"tag\">Mobile Apps<\/a><\/span>    \r\n\t<\/div>\r\n\r\n    <\/div><!-- End .product-brand -->\n        \n    <div class=\"title-wrap\">\n            <h3 class=\"product-title\">\n        <a href=\"https:\/\/ags-atlantis.es\/en\/product\/ags-its-mobile\/\">AGS iTS Mobile<\/a>\n    <\/h3>\n               <\/div>\n    <\/div>    \n    <div class=\"product-meta-container\">       <div class=\"product-price-container\">\n            <span class=\"price\"><\/span>\n        <\/div><!-- End .product-price-container -->\n         <div class=\"product-action clearfix\">\n         <div class=\"cart-btn-wrap\"><a href=\"https:\/\/ags-atlantis.es\/en\/product\/ags-its-mobile\/\" aria-describedby=\"woocommerce_loop_add_to_cart_link_describedby_6843\" data-quantity=\"1\" class=\"button product_type_simple\" data-product_id=\"6843\" data-product_sku=\"\" aria-label=\"Read more about \u201cAGS iTS Mobile\u201d\" rel=\"nofollow\" data-success_message=\"\" data-no-translation=\"\" data-trp-gettext=\"\" data-no-translation-aria-label=\"\">Read more<\/a>\t<span id=\"woocommerce_loop_add_to_cart_link_describedby_6843\" class=\"screen-reader-text\">\n\t\t\t<\/span>\n<\/div>\n                    <\/div><!-- End .product-action -->\n    <\/div>    <\/div>\n<\/article><article class=\"product-column product type-product post-7810 status-publish instock product_cat-apps-moviles has-post-thumbnail taxable shipping-taxable product-type-simple\">\n    <div class=\"product-wrap pl-1\">\n\t<div class=\"product-top\"> \n    \n                    \n            <figure>\n                <a href=\"https:\/\/ags-atlantis.es\/en\/product\/ags-its-pro\/\">\n                    <img loading=\"lazy\" decoding=\"async\" width=\"256\" height=\"256\" src=\"\/wp-content\/uploads\/2021\/12\/AGS-iTS-logo-.png\" class=\"attachment-shop_catalog size-shop_catalog\" alt=\"\" \/>                <\/a>\n            <\/figure> \n      <\/div>    <div class=\"product-meta\">\n            <div class=\"product-brand\">\n            <div class=\"product_meta\">\r\n\t\t<span class=\"posted_in\"><a href=\"https:\/\/ags-atlantis.es\/en\/product-category\/apps-moviles\/\" rel=\"tag\">Mobile Apps<\/a><\/span>    \r\n\t<\/div>\r\n\r\n    <\/div><!-- End .product-brand -->\n        \n    <div class=\"title-wrap\">\n            <h3 class=\"product-title\">\n        <a href=\"https:\/\/ags-atlantis.es\/en\/product\/ags-its-pro\/\">AGS iTS Pro<\/a>\n    <\/h3>\n               <\/div>\n    <\/div>    \n    <div class=\"product-meta-container\">       <div class=\"product-price-container\">\n            <span class=\"price\"><\/span>\n        <\/div><!-- End .product-price-container -->\n         <div class=\"product-action clearfix\">\n         <div class=\"cart-btn-wrap\"><a href=\"https:\/\/ags-atlantis.es\/en\/product\/ags-its-pro\/\" aria-describedby=\"woocommerce_loop_add_to_cart_link_describedby_7810\" data-quantity=\"1\" class=\"button product_type_simple\" data-product_id=\"7810\" data-product_sku=\"\" aria-label=\"Read more about \u201cAGS iTS Pro\u201d\" rel=\"nofollow\" data-success_message=\"\" data-no-translation=\"\" data-trp-gettext=\"\" data-no-translation-aria-label=\"\">Read more<\/a>\t<span id=\"woocommerce_loop_add_to_cart_link_describedby_7810\" class=\"screen-reader-text\">\n\t\t\t<\/span>\n<\/div>\n                    <\/div><!-- End .product-action -->\n    <\/div>    <\/div>\n<\/article><article class=\"product-column product type-product post-6007 status-publish instock product_cat-apps-moviles has-post-thumbnail taxable shipping-taxable product-type-simple\">\n    <div class=\"product-wrap pl-1\">\n\t<div class=\"product-top\"> \n    \n                    \n            <figure>\n                <a href=\"https:\/\/ags-atlantis.es\/en\/product\/ags-termotel-pro-mobile\/\">\n                    <img loading=\"lazy\" decoding=\"async\" width=\"256\" height=\"256\" src=\"\/wp-content\/uploads\/2020\/11\/AGSTermotel-Pro-Mobile.png\" class=\"attachment-shop_catalog size-shop_catalog\" alt=\"\" \/>                <\/a>\n            <\/figure> \n      <\/div>    <div class=\"product-meta\">\n            <div class=\"product-brand\">\n            <div class=\"product_meta\">\r\n\t\t<span class=\"posted_in\"><a href=\"https:\/\/ags-atlantis.es\/en\/product-category\/apps-moviles\/\" rel=\"tag\">Mobile Apps<\/a><\/span>    \r\n\t<\/div>\r\n\r\n    <\/div><!-- End .product-brand -->\n        \n    <div class=\"title-wrap\">\n            <h3 class=\"product-title\">\n        <a href=\"https:\/\/ags-atlantis.es\/en\/product\/ags-termotel-pro-mobile\/\">Termotel Pro Mobile<\/a>\n    <\/h3>\n               <\/div>\n    <\/div>    \n    <div class=\"product-meta-container\">       <div class=\"product-price-container\">\n            <span class=\"price\"><\/span>\n        <\/div><!-- End .product-price-container -->\n         <div class=\"product-action clearfix\">\n         <div class=\"cart-btn-wrap\"><a href=\"https:\/\/ags-atlantis.es\/en\/product\/ags-termotel-pro-mobile\/\" aria-describedby=\"woocommerce_loop_add_to_cart_link_describedby_6007\" data-quantity=\"1\" class=\"button product_type_simple\" data-product_id=\"6007\" data-product_sku=\"\" aria-label=\"Read more about \u201cTermotel Pro Mobile\u201d\" rel=\"nofollow\" data-success_message=\"\" data-no-translation=\"\" data-trp-gettext=\"\" data-no-translation-aria-label=\"\">Read more<\/a>\t<span id=\"woocommerce_loop_add_to_cart_link_describedby_6007\" class=\"screen-reader-text\">\n\t\t\t<\/span>\n<\/div>\n                    <\/div><!-- End .product-action -->\n    <\/div>    <\/div>\n<\/article>    <\/div><!--end .products-->\n<\/div><\/div><\/div><\/div><\/div>\n<\/div>","protected":false},"excerpt":{"rendered":"Apps m\u00f3viles Apps m\u00f3viles AGS Conecta Mobile Read more Apps m\u00f3viles AGS Driver Read more Apps m\u00f3viles AGS iTS Mobile Read more Apps m\u00f3viles AGS iTS Pro Read more Apps m\u00f3viles Termotel Pro Mobile Read more","protected":false},"author":2,"featured_media":0,"parent":0,"menu_order":0,"comment_status":"closed","ping_status":"closed","template":"","meta":{"footnotes":""},"class_list":["post-7055","page","type-page","status-publish","hentry"],"yoast_head":"<!-- This site is optimized with the Yoast SEO plugin v27.3 - https:\/\/yoast.com\/product\/yoast-seo-wordpress\/ -->\n<title>Apps m\u00f3viles - Atlantis Global System<\/title>\n<meta name=\"robots\" content=\"index, follow, max-snippet:-1, max-image-preview:large, max-video-preview:-1\" \/>\n<link rel=\"canonical\" href=\"https:\/\/www.ags-atlantis.es\/en\/apps-moviles\/\" \/>\n<meta property=\"og:locale\" content=\"en_US\" \/>\n<meta property=\"og:type\" content=\"article\" \/>\n<meta property=\"og:title\" content=\"Apps m\u00f3viles - Atlantis Global System\" \/>\n<meta property=\"og:url\" content=\"https:\/\/www.ags-atlantis.es\/en\/apps-moviles\/\" \/>\n<meta property=\"og:site_name\" content=\"Atlantis Global System\" \/>\n<meta property=\"article:modified_time\" content=\"2020-12-05T19:35:17+00:00\" \/>\n<meta name=\"twitter:card\" content=\"summary_large_image\" \/>\n<script type=\"application\/ld+json\" class=\"yoast-schema-graph\">{\"@context\":\"https:\\\/\\\/schema.org\",\"@graph\":[{\"@type\":\"WebPage\",\"@id\":\"https:\\\/\\\/www.ags-atlantis.es\\\/en\\\/apps-moviles\\\/\",\"url\":\"https:\\\/\\\/www.ags-atlantis.es\\\/en\\\/apps-moviles\\\/\",\"name\":\"Apps m\u00f3viles - Atlantis Global System\",\"isPartOf\":{\"@id\":\"http:\\\/\\\/www.scb.ags-atlantis.es\\\/en\\\/#website\"},\"datePublished\":\"2020-12-05T19:34:38+00:00\",\"dateModified\":\"2020-12-05T19:35:17+00:00\",\"breadcrumb\":{\"@id\":\"https:\\\/\\\/www.ags-atlantis.es\\\/en\\\/apps-moviles\\\/#breadcrumb\"},\"inLanguage\":\"en-US\",\"potentialAction\":[{\"@type\":\"ReadAction\",\"target\":[\"https:\\\/\\\/www.ags-atlantis.es\\\/en\\\/apps-moviles\\\/\"]}]},{\"@type\":\"BreadcrumbList\",\"@id\":\"https:\\\/\\\/www.ags-atlantis.es\\\/en\\\/apps-moviles\\\/#breadcrumb\",\"itemListElement\":[{\"@type\":\"ListItem\",\"position\":1,\"name\":\"Portada\",\"item\":\"https:\\\/\\\/ags-atlantis.es\\\/en\\\/\"},{\"@type\":\"ListItem\",\"position\":2,\"name\":\"Apps m\u00f3viles\"}]},{\"@type\":\"WebSite\",\"@id\":\"http:\\\/\\\/www.scb.ags-atlantis.es\\\/en\\\/#website\",\"url\":\"http:\\\/\\\/www.scb.ags-atlantis.es\\\/en\\\/\",\"name\":\"Atlantis Global System\",\"description\":\"Soluciones Log\u00edsticas de Gesti\u00f3n y Movilidad\",\"potentialAction\":[{\"@type\":\"SearchAction\",\"target\":{\"@type\":\"EntryPoint\",\"urlTemplate\":\"http:\\\/\\\/www.scb.ags-atlantis.es\\\/en\\\/?s={search_term_string}\"},\"query-input\":{\"@type\":\"PropertyValueSpecification\",\"valueRequired\":true,\"valueName\":\"search_term_string\"}}],\"inLanguage\":\"en-US\"}]}<\/script>\n<!-- \/ Yoast SEO plugin. -->","yoast_head_json":{"title":"Apps m\u00f3viles - Atlantis Global System","robots":{"index":"index","follow":"follow","max-snippet":"max-snippet:-1","max-image-preview":"max-image-preview:large","max-video-preview":"max-video-preview:-1"},"canonical":"https:\/\/www.ags-atlantis.es\/en\/apps-moviles\/","og_locale":"en_US","og_type":"article","og_title":"Apps m\u00f3viles - Atlantis Global System","og_url":"https:\/\/www.ags-atlantis.es\/en\/apps-moviles\/","og_site_name":"Atlantis Global System","article_modified_time":"2020-12-05T19:35:17+00:00","twitter_card":"summary_large_image","schema":{"@context":"https:\/\/schema.org","@graph":[{"@type":"WebPage","@id":"https:\/\/www.ags-atlantis.es\/en\/apps-moviles\/","url":"https:\/\/www.ags-atlantis.es\/en\/apps-moviles\/","name":"Apps m\u00f3viles - Atlantis Global System","isPartOf":{"@id":"http:\/\/www.scb.ags-atlantis.es\/en\/#website"},"datePublished":"2020-12-05T19:34:38+00:00","dateModified":"2020-12-05T19:35:17+00:00","breadcrumb":{"@id":"https:\/\/www.ags-atlantis.es\/en\/apps-moviles\/#breadcrumb"},"inLanguage":"en-US","potentialAction":[{"@type":"ReadAction","target":["https:\/\/www.ags-atlantis.es\/en\/apps-moviles\/"]}]},{"@type":"BreadcrumbList","@id":"https:\/\/www.ags-atlantis.es\/en\/apps-moviles\/#breadcrumb","itemListElement":[{"@type":"ListItem","position":1,"name":"Portada","item":"https:\/\/ags-atlantis.es\/en\/"},{"@type":"ListItem","position":2,"name":"Apps m\u00f3viles"}]},{"@type":"WebSite","@id":"http:\/\/www.scb.ags-atlantis.es\/en\/#website","url":"http:\/\/www.scb.ags-atlantis.es\/en\/","name":"Atlantis Global System","description":"Soluciones Log\u00edsticas de Gesti\u00f3n y Movilidad","potentialAction":[{"@type":"SearchAction","target":{"@type":"EntryPoint","urlTemplate":"http:\/\/www.scb.ags-atlantis.es\/en\/?s={search_term_string}"},"query-input":{"@type":"PropertyValueSpecification","valueRequired":true,"valueName":"search_term_string"}}],"inLanguage":"en-US"}]}},"_links":{"self":[{"href":"https:\/\/ags-atlantis.es\/en\/wp-json\/wp\/v2\/pages\/7055","targetHints":{"allow":["GET"]}}],"collection":[{"href":"https:\/\/ags-atlantis.es\/en\/wp-json\/wp\/v2\/pages"}],"about":[{"href":"https:\/\/ags-atlantis.es\/en\/wp-json\/wp\/v2\/types\/page"}],"author":[{"embeddable":true,"href":"https:\/\/ags-atlantis.es\/en\/wp-json\/wp\/v2\/users\/2"}],"replies":[{"embeddable":true,"href":"https:\/\/ags-atlantis.es\/en\/wp-json\/wp\/v2\/comments?post=7055"}],"version-history":[{"count":2,"href":"https:\/\/ags-atlantis.es\/en\/wp-json\/wp\/v2\/pages\/7055\/revisions"}],"predecessor-version":[{"id":7057,"href":"https:\/\/ags-atlantis.es\/en\/wp-json\/wp\/v2\/pages\/7055\/revisions\/7057"}],"wp:attachment":[{"href":"https:\/\/ags-atlantis.es\/en\/wp-json\/wp\/v2\/media?parent=7055"}],"curies":[{"name":"wp","href":"https:\/\/api.w.org\/{rel}","templated":true}]}}