{"id":6208,"date":"2020-10-21T10:57:40","date_gmt":"2020-10-21T10:57:40","guid":{"rendered":"https:\/\/wordpress-ags-atlantis-c7b0a5dmamd7a6ay.northeurope-01.azurewebsites.net\/?page_id=6208"},"modified":"2024-07-19T13:00:48","modified_gmt":"2024-07-19T13:00:48","slug":"certificacion-iso-90012015","status":"publish","type":"page","link":"https:\/\/ags-atlantis.es\/en\/certificacion-iso-90012015\/","title":{"rendered":"ISO 9001:2015  Certification"},"content":{"rendered":"<div class=\"wpb-content-wrapper\"><div class=\"vc_row wpb_row vc_row-fluid\"><div class=\"wpb_column vc_column_container vc_col-sm-12\"><div class=\"vc_column-inner\"><div class=\"wpb_wrapper\">\n\t<div class=\"wpb_text_column wpb_content_element\" >\n\t\t<div class=\"wpb_wrapper\">\n\t\t\t<a href=\"\/wp-content\/uploads\/2024\/07\/21699837-BUP-ATLANTIS-GLOBAL-SYSTEM-SLU-ESPAN\u0303OL.pdf\" class=\"pdfemb-viewer\" style=\"\" data-width=\"max\" data-height=\"max\" data-toolbar=\"bottom\" data-toolbar-fixed=\"off\">21699837-BUP-ATLANTIS-GLOBAL-SYSTEM-SLU-ESPAN\u0303OL<\/a>\n\n\t\t<\/div>\n\t<\/div>\n<\/div><\/div><\/div><\/div>\n<\/div>","protected":false},"excerpt":{"rendered":"<p>En esta p\u00e1gina puedes ver nuestra Certificaci\u00f3n ISO 9001:2015<\/p>","protected":false},"author":2,"featured_media":0,"parent":0,"menu_order":0,"comment_status":"closed","ping_status":"closed","template":"","meta":{"footnotes":""},"class_list":["post-6208","page","type-page","status-publish","hentry"],"yoast_head":"<!-- This site is optimized with the Yoast SEO plugin v27.3 - https:\/\/yoast.com\/product\/yoast-seo-wordpress\/ -->\n<title>Certificaci\u00f3n ISO 9001:2015 - Atlantis Global System<\/title>\n<meta name=\"robots\" content=\"index, follow, max-snippet:-1, max-image-preview:large, max-video-preview:-1\" \/>\n<link rel=\"canonical\" href=\"https:\/\/ags-atlantis.es\/en\/certificacion-iso-90012015\/\" \/>\n<meta property=\"og:locale\" content=\"en_US\" \/>\n<meta property=\"og:type\" content=\"article\" \/>\n<meta property=\"og:title\" content=\"Certificaci\u00f3n ISO 9001:2015 - Atlantis Global System\" \/>\n<meta property=\"og:description\" content=\"En esta p\u00e1gina puedes ver nuestra Certificaci\u00f3n ISO 9001:2015\" \/>\n<meta property=\"og:url\" content=\"https:\/\/ags-atlantis.es\/en\/certificacion-iso-90012015\/\" \/>\n<meta property=\"og:site_name\" content=\"Atlantis Global System\" \/>\n<meta property=\"article:modified_time\" content=\"2024-07-19T13:00:48+00:00\" \/>\n<meta name=\"twitter:card\" content=\"summary_large_image\" \/>\n<script type=\"application\/ld+json\" class=\"yoast-schema-graph\">{\"@context\":\"https:\\\/\\\/schema.org\",\"@graph\":[{\"@type\":\"WebPage\",\"@id\":\"https:\\\/\\\/ags-atlantis.es\\\/certificacion-iso-90012015\\\/\",\"url\":\"https:\\\/\\\/ags-atlantis.es\\\/certificacion-iso-90012015\\\/\",\"name\":\"Certificaci\u00f3n ISO 9001:2015 - Atlantis Global System\",\"isPartOf\":{\"@id\":\"http:\\\/\\\/www.scb.ags-atlantis.es\\\/en\\\/#website\"},\"datePublished\":\"2020-10-21T10:57:40+00:00\",\"dateModified\":\"2024-07-19T13:00:48+00:00\",\"breadcrumb\":{\"@id\":\"https:\\\/\\\/ags-atlantis.es\\\/certificacion-iso-90012015\\\/#breadcrumb\"},\"inLanguage\":\"en-US\",\"potentialAction\":[{\"@type\":\"ReadAction\",\"target\":[\"https:\\\/\\\/ags-atlantis.es\\\/certificacion-iso-90012015\\\/\"]}]},{\"@type\":\"BreadcrumbList\",\"@id\":\"https:\\\/\\\/ags-atlantis.es\\\/certificacion-iso-90012015\\\/#breadcrumb\",\"itemListElement\":[{\"@type\":\"ListItem\",\"position\":1,\"name\":\"Portada\",\"item\":\"https:\\\/\\\/ags-atlantis.es\\\/en\\\/\"},{\"@type\":\"ListItem\",\"position\":2,\"name\":\"Certificaci\u00f3n ISO 9001:2015\"}]},{\"@type\":\"WebSite\",\"@id\":\"http:\\\/\\\/www.scb.ags-atlantis.es\\\/en\\\/#website\",\"url\":\"http:\\\/\\\/www.scb.ags-atlantis.es\\\/en\\\/\",\"name\":\"Atlantis Global System\",\"description\":\"Soluciones Log\u00edsticas de Gesti\u00f3n y Movilidad\",\"potentialAction\":[{\"@type\":\"SearchAction\",\"target\":{\"@type\":\"EntryPoint\",\"urlTemplate\":\"http:\\\/\\\/www.scb.ags-atlantis.es\\\/en\\\/?s={search_term_string}\"},\"query-input\":{\"@type\":\"PropertyValueSpecification\",\"valueRequired\":true,\"valueName\":\"search_term_string\"}}],\"inLanguage\":\"en-US\"}]}<\/script>\n<!-- \/ Yoast SEO plugin. -->","yoast_head_json":{"title":"Certificaci\u00f3n ISO 9001:2015 - Atlantis Global System","robots":{"index":"index","follow":"follow","max-snippet":"max-snippet:-1","max-image-preview":"max-image-preview:large","max-video-preview":"max-video-preview:-1"},"canonical":"https:\/\/ags-atlantis.es\/en\/certificacion-iso-90012015\/","og_locale":"en_US","og_type":"article","og_title":"Certificaci\u00f3n ISO 9001:2015 - Atlantis Global System","og_description":"En esta p\u00e1gina puedes ver nuestra Certificaci\u00f3n ISO 9001:2015","og_url":"https:\/\/ags-atlantis.es\/en\/certificacion-iso-90012015\/","og_site_name":"Atlantis Global System","article_modified_time":"2024-07-19T13:00:48+00:00","twitter_card":"summary_large_image","schema":{"@context":"https:\/\/schema.org","@graph":[{"@type":"WebPage","@id":"https:\/\/ags-atlantis.es\/certificacion-iso-90012015\/","url":"https:\/\/ags-atlantis.es\/certificacion-iso-90012015\/","name":"Certificaci\u00f3n ISO 9001:2015 - Atlantis Global System","isPartOf":{"@id":"http:\/\/www.scb.ags-atlantis.es\/en\/#website"},"datePublished":"2020-10-21T10:57:40+00:00","dateModified":"2024-07-19T13:00:48+00:00","breadcrumb":{"@id":"https:\/\/ags-atlantis.es\/certificacion-iso-90012015\/#breadcrumb"},"inLanguage":"en-US","potentialAction":[{"@type":"ReadAction","target":["https:\/\/ags-atlantis.es\/certificacion-iso-90012015\/"]}]},{"@type":"BreadcrumbList","@id":"https:\/\/ags-atlantis.es\/certificacion-iso-90012015\/#breadcrumb","itemListElement":[{"@type":"ListItem","position":1,"name":"Portada","item":"https:\/\/ags-atlantis.es\/en\/"},{"@type":"ListItem","position":2,"name":"Certificaci\u00f3n ISO 9001:2015"}]},{"@type":"WebSite","@id":"http:\/\/www.scb.ags-atlantis.es\/en\/#website","url":"http:\/\/www.scb.ags-atlantis.es\/en\/","name":"Atlantis Global System","description":"Soluciones Log\u00edsticas de Gesti\u00f3n y Movilidad","potentialAction":[{"@type":"SearchAction","target":{"@type":"EntryPoint","urlTemplate":"http:\/\/www.scb.ags-atlantis.es\/en\/?s={search_term_string}"},"query-input":{"@type":"PropertyValueSpecification","valueRequired":true,"valueName":"search_term_string"}}],"inLanguage":"en-US"}]}},"_links":{"self":[{"href":"https:\/\/ags-atlantis.es\/en\/wp-json\/wp\/v2\/pages\/6208","targetHints":{"allow":["GET"]}}],"collection":[{"href":"https:\/\/ags-atlantis.es\/en\/wp-json\/wp\/v2\/pages"}],"about":[{"href":"https:\/\/ags-atlantis.es\/en\/wp-json\/wp\/v2\/types\/page"}],"author":[{"embeddable":true,"href":"https:\/\/ags-atlantis.es\/en\/wp-json\/wp\/v2\/users\/2"}],"replies":[{"embeddable":true,"href":"https:\/\/ags-atlantis.es\/en\/wp-json\/wp\/v2\/comments?post=6208"}],"version-history":[{"count":4,"href":"https:\/\/ags-atlantis.es\/en\/wp-json\/wp\/v2\/pages\/6208\/revisions"}],"predecessor-version":[{"id":8900,"href":"https:\/\/ags-atlantis.es\/en\/wp-json\/wp\/v2\/pages\/6208\/revisions\/8900"}],"wp:attachment":[{"href":"https:\/\/ags-atlantis.es\/en\/wp-json\/wp\/v2\/media?parent=6208"}],"curies":[{"name":"wp","href":"https:\/\/api.w.org\/{rel}","templated":true}]}}