{"id":6198,"date":"2020-10-21T10:10:20","date_gmt":"2020-10-21T10:10:20","guid":{"rendered":"https:\/\/wordpress-ags-atlantis-c7b0a5dmamd7a6ay.northeurope-01.azurewebsites.net\/?page_id=6198"},"modified":"2026-02-17T14:52:15","modified_gmt":"2026-02-17T13:52:15","slug":"aviso-legal","status":"publish","type":"page","link":"https:\/\/ags-atlantis.es\/en\/aviso-legal\/","title":{"rendered":"Legal Notice"},"content":{"rendered":"<div class=\"wpb-content-wrapper\"><div class=\"vc_row wpb_row vc_row-fluid\"><div class=\"wpb_column vc_column_container vc_col-sm-12\"><div class=\"vc_column-inner\"><div class=\"wpb_wrapper\">\n\t<div class=\"wpb_text_column wpb_content_element\" >\n\t\t<div class=\"wpb_wrapper\">\n\t\t\t<div class=\"row\">\n<div class=\"span12\">\n<h2>Aviso Legal<\/h2>\n<\/div>\n<\/div>\n<div class=\"row\">\n<div class=\"span12\">\n<h3>1. INFORMACI\u00d3N LEGAL Y ACEPTACI\u00d3N<\/h3>\n<p>Las presentes disposiciones regulan el uso del servicio del portal de Internet\u00a0<i><b>www.ags-atlantis.es<\/b><\/i>\u00a0(en adelante, el &#8216;Portal\u2019) que\u00a0<b>ATLANTIS GLOBAL SYSTEM S.L.<\/b>, pone a disposici\u00f3n de los usuarios de Internet.<\/p>\n<p>Conforme al\u00a0<b>Art. 10 de la Ley 34\/2002, de 11 de julio, de servicios de la sociedad de la informaci\u00f3n y de comercio electr\u00f3nico (LSSI-CE)<\/b>\u00a0se informa que la p\u00e1gina web\u00a0<i><b>www.ags-atlantis.es<\/b><\/i>\u00a0pertenece a:\u00a0<b>ATLANTIS GLOBAL SYSTEM S.L.<\/b>, con C.I.F. B04501722 y domicilio social en la provincia de Almer\u00eda (Espa\u00f1a), en Parque Cient\u00edfico Tecnol\u00f3gico de Almer\u00eda, Avenida de la Innovaci\u00f3n, 15, Edificio Pit\u00e1goras, 3\u00aa Planta, \u00c1rea C, (04131) Retamar y tel\u00e9fono (+34) 950 300 501 y email <em><strong><a id=\"menur2ka\" class=\"fui-Link ___1q1shib f2hkw1w f3rmtva f1ewtqcl fyind8e f1k6fduh f1w7gpdv fk6fouc fjoy568 figsok6 f1s184ao f1mk8lai fnbmjn9 f1o700av f13mvf36 f1cmlufx f9n3di6 f1ids18y f1tx3yz7 f1deo86v f1eh06m1 f1iescvh fhgqx19 f1olyrje f1p93eir f1nev41a f1h8hb77 f1lqvz6u f10aw75t fsle3fq f17ae5zn\" title=\"mailto:rgpd@ags-atlantis.es\" href=\"mailto:rgpd@ags-atlantis.es\" target=\"_blank\" rel=\"noreferrer noopener\" aria-label=\"V\u00ednculo rgpd@ags-atlantis.es\">rgpd@ags-atlantis.es<\/a><\/strong><\/em> (en adelante, \u201c<b>AGS<\/b>\u201d) Inscrita en el Registro Mercantil de Almer\u00eda: Tomo 977, Libro 0, Folio 147, Hoja AL-23943, Inscripci\u00f3n 7\u00aa.<\/p>\n<p>El acceso a la p\u00e1gina web es gratuito salvo en lo relativo al coste de la conexi\u00f3n a trav\u00e9s de la red de telecomunicaciones suministrada por el proveedor de acceso contratado por los usuarios.<\/p>\n<p>La utilizaci\u00f3n del Portal atribuye la condici\u00f3n de usuario del Portal (en adelante, el &#8216;Usuario&#8217;) e implica la aceptaci\u00f3n de todas las condiciones incluidas en este Aviso Legal. La prestaci\u00f3n del servicio del Portal tiene una duraci\u00f3n limitada al momento en el que el Usuario se encuentre conectado al Portal o a alguno de los servicios que a trav\u00e9s del mismo se facilitan. Por tanto, el Usuario debe leer atentamente el presente Aviso Legal en cada una de las ocasiones en que se proponga utilizar el Portal, ya que \u00e9ste y sus condiciones de uso recogidas en el presente Aviso Legal pueden sufrir modificaciones.<\/p>\n<p>Algunos servicios del Portal accesibles para los usuarios de Internet pueden estar sometidos a condiciones particulares, reglamentos e instrucciones que, en su caso, sustituyen, completan y\/o modifican el presente Aviso Legal y que deber\u00e1n ser aceptadas por el Usuario antes de iniciarse la prestaci\u00f3n del servicio correspondiente.<\/p>\n<\/div>\n<\/div>\n<div class=\"row\">\n<div class=\"span12\">\n<h3>2. PROPIEDAD INTELECTUAL E INDUSTRIAL<\/h3>\n<p>Todos los contenidos del Portal, entendiendo por estos a t\u00edtulo meramente enunciativo, los textos, fotograf\u00edas, gr\u00e1ficos, im\u00e1genes, iconos, tecnolog\u00eda, software, links y dem\u00e1s contenidos audiovisuales o sonoros, as\u00ed como su dise\u00f1o gr\u00e1fico y c\u00f3digos fuente (en adelante, los &#8216;Contenidos&#8217;), son propiedad intelectual de AGS. o de terceros, sin que puedan entenderse cedidos al Usuario ninguno de los derechos de explotaci\u00f3n reconocidos por la normativa vigente en materia de propiedad intelectual sobre los mismos, salvo aquellos que resulten estrictamente necesarios para el uso del Portal.<\/p>\n<p>Las marcas, nombres comerciales o signos distintivos son titularidad de AGS. o terceros, sin que pueda entenderse que el acceso al Portal atribuya ning\u00fan derecho sobre las citadas marcas, nombres comerciales y\/o signos distintivos.<\/p>\n<\/div>\n<\/div>\n<div class=\"row\">\n<div class=\"span12\">\n<h3>3. CONDICIONES DE USO DEL PORTAL<\/h3>\n<h6><b>3.1 GENERAL<\/b><\/h6>\n<p>El Usuario se obliga a hacer un uso correcto del Portal de conformidad con la Ley y el presente Aviso Legal. El Usuario responder\u00e1 frente a\u00a0<b>AGS<\/b>. o frente a terceros de cualesquiera da\u00f1os y perjuicios que pudieran causarse como consecuencia del incumplimiento de dicha obligaci\u00f3n.<\/p>\n<p>Queda expresamente prohibido el uso del Portal con fines lesivos de bienes o intereses de\u00a0<b>AGS<\/b>. o de terceros o que de cualquier otra forma sobrecarguen, da\u00f1en o inutilicen las redes, servidores y dem\u00e1s equipos inform\u00e1ticos (hardware) o productos y aplicaciones inform\u00e1ticas (software) de\u00a0<b>AGS<\/b>. o de terceros.<\/p>\n<h6><b>3.2 CONTENIDOS<\/b><\/h6>\n<p>El Usuario se compromete a utilizar los Contenidos de conformidad con la Ley y el presente Aviso Legal, as\u00ed como con las dem\u00e1s condiciones, reglamentos e instrucciones que en su caso pudieran ser de aplicaci\u00f3n de conformidad con lo dispuesto en la cl\u00e1usula 1. Con car\u00e1cter meramente enunciativo, el Usuario de acuerdo con la legislaci\u00f3n vigente deber\u00e1 abstenerse de:<\/p>\n<p>a) Reproducir, copiar, distribuir, poner a disposici\u00f3n, comunicar p\u00fablicamente, transformar o modificar los Contenidos salvo en los casos autorizados en la ley o expresamente consentidos por\u00a0<b>AGS<\/b>. o por quien ostente la titularidad de los derechos de explotaci\u00f3n en su caso.<\/p>\n<p>b) Reproducir o copiar para uso privado los Contenidos que puedan ser considerados como Software o Base de Datos de conformidad con la legislaci\u00f3n vigente en materia de propiedad intelectual, as\u00ed como su comunicaci\u00f3n p\u00fablica o puesta a disposici\u00f3n de terceros cuando estos actos impliquen necesariamente la reproducci\u00f3n por parte del Usuario o de un tercero.<\/p>\n<p>c) Extraer y\/o reutilizar la totalidad o una parte sustancial de los Contenidos integrantes del Portal.<\/p>\n<h6><b>3.3 FORMULARIOS DE RECOGIDA DE DATOS<\/b><\/h6>\n<p>Sin perjuicio de lo dispuesto en la cl\u00e1usula 5 del presente Aviso Legal, as\u00ed como en las pol\u00edticas de privacidad accesibles desde el Portal y que pudieran resultar aplicables en cada momento, la utilizaci\u00f3n de ciertos servicios o solicitudes dirigidas a\u00a0<b>AGS<\/b>. est\u00e1n condicionadas a la previa cumplimentaci\u00f3n del correspondiente formulario.<\/p>\n<p>Toda la informaci\u00f3n que facilite el Usuario a trav\u00e9s de los formularios del Portal a los efectos anteriores o cualesquiera otros deber\u00e1 ser veraz. A estos efectos, el Usuario garantiza la autenticidad de todos aquellos datos que comunique y mantendr\u00e1 la informaci\u00f3n facilitada a\u00a0<b>AGS<\/b>. perfectamente actualizada de forma que responda, en todo momento, a la situaci\u00f3n real del Usuario. En todo caso ser\u00e1 el Usuario el \u00fanico responsable de las manifestaciones falsas o inexactas que realice y de los perjuicios que cause a\u00a0<b>AGS<\/b>. o a terceros por la informaci\u00f3n que facilite.<\/p>\n<h6><b>3.4 INTRODUCCI\u00d3N DE ENLACES AL PORTAL<\/b><\/h6>\n<p>El usuario de Internet que quiera introducir enlaces desde sus propias p\u00e1ginas web al Portal deber\u00e1 cumplir con las condiciones que se detallan a continuaci\u00f3n sin que el desconocimiento de las mismas evite las responsabilidades derivadas de la Ley:<\/p>\n<p>a) El enlace \u00fanicamente vincular\u00e1 con la home page o p\u00e1gina principal del Portal, pero no podr\u00e1 reproducirla de ninguna forma (inline links, copia de los textos, gr\u00e1ficos, etc.).<\/p>\n<p>b) Quedar\u00e1 en todo caso prohibido, de acuerdo con la legislaci\u00f3n aplicable y vigente en cada momento, establecer frames o marcos de cualquier tipo que envuelvan al Portal o permitan la visualizaci\u00f3n de los Contenidos a trav\u00e9s de direcciones de Internet distintas a las del Portal y, en cualquier caso, cuando se visualicen conjuntamente con contenidos ajenos al Portal de forma que: (I) produzca, o pueda producir, error, confusi\u00f3n o enga\u00f1o en los usuarios sobre la verdadera procedencia del servicio o Contenidos; (II) suponga un acto de comparaci\u00f3n o imitaci\u00f3n desleal; (III) sirva para aprovechar la reputaci\u00f3n de la marca y prestigio de\u00a0<b>AGS<\/b>.. ; o (IV) de cualquier otra forma resulte prohibido por la legislaci\u00f3n vigente.<\/p>\n<p>c) No se realizar\u00e1n desde la p\u00e1gina que introduce el enlace ning\u00fan tipo de manifestaci\u00f3n falsa, inexacta o incorrecta sobre\u00a0<b>AGS<\/b>., empleados, clientes o sobre la calidad de los servicios que presta.<\/p>\n<p>d) En ning\u00fan caso, se expresar\u00e1 en la p\u00e1gina donde se ubique el enlace que\u00a0<b>AGS<\/b>\u00a0ha prestado su consentimiento para la inserci\u00f3n del enlace o que de otra forma patrocina, colabora, verifica o supervisa los servicios del remitente.<\/p>\n<p>e) Est\u00e1 prohibida la utilizaci\u00f3n de cualquier marca denominativa, gr\u00e1fica o mixta o cualquier otro signo distintivo de\u00a0<b>AGS<\/b>\u00a0dentro de la p\u00e1gina del remitente salvo en los casos permitidos por la ley o expresamente autorizados por\u00a0<b>AGS<\/b>\u00a0y siempre que se permita, en estos casos, un enlace directo con el Portal en la forma establecida en esta cl\u00e1usula.<\/p>\n<p>f) La p\u00e1gina que establezca el enlace deber\u00e1 cumplir fielmente con la ley y no podr\u00e1 en ning\u00fan caso disponer o enlazar con contenidos propios o de terceros que: (I) sean il\u00edcitos, nocivos o contrarios a la moral y a las buenas costumbres (pornogr\u00e1ficos, violentos, racistas, etc.); (II) induzcan o puedan inducir en el Usuario la falsa concepci\u00f3n de que\u00a0<b>AGS<\/b>\u00a0suscribe, respalda, se adhiere o de cualquier manera apoya, las ideas, manifestaciones o expresiones, l\u00edcitas o il\u00edcitas, del remitente; (III) resulten inapropiados o no pertinentes con la actividad de\u00a0<b>AGS<\/b>. en atenci\u00f3n al lugar, contenidos y tem\u00e1tica de la p\u00e1gina web del remitente.<\/p>\n<\/div>\n<\/div>\n<div class=\"row\">\n<div class=\"span12\">\n<h3>4. EXCLUSI\u00d3N DE RESPONSABILIDAD<\/h3>\n<h6><b>4.1 DE LA INFORMACI\u00d3N<\/b><\/h6>\n<p>El acceso al Portal no implica la obligaci\u00f3n por parte de\u00a0<b>AGS<\/b>\u00a0de comprobar la veracidad, exactitud, adecuaci\u00f3n, idoneidad, exhaustividad y actualidad de la informaci\u00f3n suministrada a trav\u00e9s del mismo. Los contenidos de esta p\u00e1gina son de car\u00e1cter general, por lo que dicha informaci\u00f3n resulta insuficiente para la toma de decisiones personales por parte del Usuario.<\/p>\n<p><b>AGS<\/b>. no se responsabiliza de las decisiones tomadas a partir de la informaci\u00f3n suministrada en el Portal ni de los da\u00f1os y perjuicios producidos en el Usuario o terceros con motivo de actuaciones que tengan como \u00fanico fundamento la informaci\u00f3n obtenida en el Portal.<\/p>\n<h6><b>4.2 DE LA CALIDAD DEL SERVICIO<\/b><\/h6>\n<p>El acceso al Portal no implica la obligaci\u00f3n por parte de\u00a0<b>AGS<\/b>. de controlar la ausencia de virus, gusanos o cualquier otro elemento inform\u00e1tico da\u00f1ino. Corresponde al Usuario, en todo caso, la disponibilidad de herramientas adecuadas para la detecci\u00f3n y desinfecci\u00f3n de programas inform\u00e1ticos da\u00f1inos.<\/p>\n<p><b>AGS<\/b>\u00a0no se responsabiliza de los da\u00f1os producidos en los equipos inform\u00e1ticos de los Usuarios o de terceros durante la prestaci\u00f3n del servicio del Portal.<\/p>\n<h6><b>4.3 DE LA DISPONIBILIDAD DEL SERVICIO<\/b><\/h6>\n<p>El acceso al Portal requiere de servicios y suministros de terceros, incluidos el transporte a trav\u00e9s de redes de telecomunicaciones cuya fiabilidad, calidad, continuidad y funcionamiento no corresponde a\u00a0<b>AGS<\/b>. Por consiguiente, los servicios prove\u00eddos a trav\u00e9s del Portal pueden ser suspendidos, cancelados o resultar inaccesibles, con car\u00e1cter previo o simultaneo a la prestaci\u00f3n del servicio del Portal.<\/p>\n<p><b>AGS<\/b>\u00a0no se responsabiliza de los da\u00f1os o perjuicios de cualquier tipo producidos en el Usuario que traigan causa de fallos o desconexiones en las redes de telecomunicaciones que produzcan la suspensi\u00f3n, cancelaci\u00f3n o interrupci\u00f3n del servicio del Portal durante la prestaci\u00f3n del mismo o con car\u00e1cter previo.<\/p>\n<h6><b>4.4 DE LOS CONTENIDOS Y SERVICIOS ENLAZADOS A TRAV\u00c9S DEL PORTAL<\/b><\/h6>\n<p>El servicio de acceso al Portal puede incluir dispositivos t\u00e9cnicos de enlace, directorios e incluso instrumentos de b\u00fasqueda que permiten al Usuario acceder a otras p\u00e1ginas y portales de Internet (en adelante, &#8216;Sitios Enlazados&#8217;). En estos casos,\u00a0<b>AGS<\/b>\u00a0actuar\u00e1 como prestador de servicios de intermediaci\u00f3n de conformidad con el art\u00edculo 17 de la Ley 34\/2002, de 12 de julio, de Servicios de la Sociedad de la Informaci\u00f3n y el Comercio Electr\u00f3nico (&#8216;LSSI&#8217;) y s\u00f3lo ser\u00e1 responsable de los contenidos y servicios suministrados en los Sitios Enlazados en la medida en que tenga conocimiento efectivo de la ilicitud y no haya desactivado el enlace con la diligencia debida. En el supuesto de que el Usuario considere que existe un Sitio Enlazado con contenidos il\u00edcitos o inadecuados podr\u00e1 comunic\u00e1rselo a\u00a0<b>AGS<\/b>\u00a0de acuerdo con el procedimiento y los efectos establecidos en la cl\u00e1usula 6, sin que en ning\u00fan caso esta comunicaci\u00f3n conlleve la obligaci\u00f3n de retirar el correspondiente enlace.<\/p>\n<p>En ning\u00fan caso, la existencia de Sitios Enlazados debe presuponer la existencia de acuerdos con los responsables o titulares de los mismos, ni la recomendaci\u00f3n, promoci\u00f3n o identificaci\u00f3n de\u00a0<b>AGS<\/b>\u00a0con las manifestaciones, contenidos o servicios prove\u00eddas.<\/p>\n<p><b>AGS<\/b>. no conoce los contenidos y servicios de los Sitios Enlazados y por tanto no se hace responsable por los da\u00f1os producidos por la ilicitud, calidad, desactualizaci\u00f3n, indisponibilidad, error e inutilidad de los contenidos y\/o servicios de los Sitios Enlazados ni por cualquier otro da\u00f1o que no sea directamente imputable a\u00a0<b>AGS<\/b>.<\/p>\n<\/div>\n<\/div>\n<div class=\"row\">\n<div class=\"span12\">\n<h3>5. PROTECCI\u00d3N DE DATOS PERSONALES<\/h3>\n<p>Para m\u00e1s informaci\u00f3n sobre el tratamiento de sus datos personales en el Portal dir\u00edjase a la\u00a0<a href=\"\/en\/politica-de-privacidad\/\"><i><b>Privacy Policy<\/b><\/i><\/a>.<\/p>\n<\/div>\n<\/div>\n<div class=\"row\">\n<div class=\"span12\">\n<h3>6. COMUNICACI\u00d3N DE ACTIVIDADES DE CAR\u00c1CTER IL\u00cdCITO E INADECUADO<\/h3>\n<p>En el caso de que el Usuario o cualquier otro usuario de Internet tuviera conocimiento de que los Sitios Enlazados remiten a p\u00e1ginas cuyos contenidos o servicios son il\u00edcitos, nocivos, denigrantes, violentos o contrarios a la moral podr\u00e1 ponerse en contacto con\u00a0<b>AGS<\/b>\u00a0indicando los siguientes extremos:<\/p>\n<p>a) Datos personales del comunicante: nombre, direcci\u00f3n, n\u00famero de tel\u00e9fono y direcci\u00f3n de correo electr\u00f3nico.<\/p>\n<p>b) Descripci\u00f3n de los hechos que revelan el car\u00e1cter il\u00edcito o inadecuado del Sitio Enlazado.<\/p>\n<p>c) En el supuesto de violaci\u00f3n de derechos, tales como propiedad intelectual e industrial, los datos personales del titular del derecho infringido cuando sea persona distinta del comunicante. As\u00ed mismo deber\u00e1 aportar el t\u00edtulo que acredite la legitimaci\u00f3n del titular de los derechos y, en su caso, el de representaci\u00f3n para actuar por cuenta del titular cuando sea persona distinta del comunicante.<\/p>\n<p>c) En el supuesto de violaci\u00f3n de derechos, tales como propiedad intelectual e industrial, los datos personales del titular del derecho infringido cuando sea persona distinta del comunicante. As\u00ed mismo deber\u00e1 aportar el t\u00edtulo que acredite la legitimaci\u00f3n del titular de los derechos y, en su caso, el de representaci\u00f3n para actuar por cuenta del titular cuando sea persona distinta del comunicante.<\/p>\n<p>d) Declaraci\u00f3n expresa de que la informaci\u00f3n contenida en la reclamaci\u00f3n es exacta.<\/p>\n<p>La recepci\u00f3n por parte de\u00a0<b>AGS<\/b>. de la comunicaci\u00f3n prevista en esta cl\u00e1usula no supondr\u00e1, seg\u00fan lo dispuesto en la LSSI, el conocimiento efectivo de las actividades y\/o contenidos indicados por el comunicante.<\/p>\n<p>As\u00ed mismo deber\u00e1 aportar el t\u00edtulo que acredite la legitimaci\u00f3n del titular de los derechos y, en su caso, el de representaci\u00f3n para actuar por cuenta del titular cuando sea persona distinta del comunicante.<\/p>\n<\/div>\n<\/div>\n<div class=\"row\">\n<div class=\"span12\">\n<h3>7. LEGISLACI\u00d3N<\/h3>\n<p>El presente Aviso Legal se rige en todos y cada uno de sus extremos por la ley espa\u00f1ola.<\/p>\n<\/div>\n<\/div>\n\n\t\t<\/div>\n\t<\/div>\n<\/div><\/div><\/div><\/div>\n<\/div>","protected":false},"excerpt":{"rendered":"Aviso Legal 1. INFORMACI\u00d3N LEGAL Y ACEPTACI\u00d3N Las presentes disposiciones regulan el uso del servicio del portal de Internet\u00a0www.ags-atlantis.es\u00a0(en adelante, el 'Portal\u2019) que\u00a0ATLANTIS GLOBAL SYSTEM S.L., pone a disposici\u00f3n de los usuarios de Internet. Conforme al\u00a0Art. 10 de la Ley 34\/2002, de 11 de julio, de servicios de la sociedad de la informaci\u00f3n y de<a href=\"https:\/\/ags-atlantis.es\/en\/aviso-legal\/\" class=\"more-link\"><\/a>","protected":false},"author":2,"featured_media":0,"parent":0,"menu_order":0,"comment_status":"closed","ping_status":"closed","template":"","meta":{"footnotes":""},"class_list":["post-6198","page","type-page","status-publish","hentry"],"yoast_head":"<!-- This site is optimized with the Yoast SEO plugin v27.3 - https:\/\/yoast.com\/product\/yoast-seo-wordpress\/ -->\n<title>Aviso legal - Atlantis Global System<\/title>\n<meta name=\"robots\" content=\"index, follow, max-snippet:-1, max-image-preview:large, max-video-preview:-1\" \/>\n<link rel=\"canonical\" href=\"https:\/\/ags-atlantis.es\/en\/aviso-legal\/\" \/>\n<meta property=\"og:locale\" content=\"en_US\" \/>\n<meta property=\"og:type\" content=\"article\" \/>\n<meta property=\"og:title\" content=\"Aviso legal - Atlantis Global System\" \/>\n<meta property=\"og:url\" content=\"https:\/\/ags-atlantis.es\/en\/aviso-legal\/\" \/>\n<meta property=\"og:site_name\" content=\"Atlantis Global System\" \/>\n<meta property=\"article:modified_time\" content=\"2026-02-17T13:52:15+00:00\" \/>\n<meta name=\"twitter:card\" content=\"summary_large_image\" \/>\n<meta name=\"twitter:label1\" content=\"Est. reading time\" \/>\n\t<meta name=\"twitter:data1\" content=\"11 minutes\" \/>\n<script type=\"application\/ld+json\" class=\"yoast-schema-graph\">{\"@context\":\"https:\\\/\\\/schema.org\",\"@graph\":[{\"@type\":\"WebPage\",\"@id\":\"https:\\\/\\\/ags-atlantis.es\\\/en\\\/aviso-legal\\\/\",\"url\":\"https:\\\/\\\/ags-atlantis.es\\\/en\\\/aviso-legal\\\/\",\"name\":\"Aviso legal - Atlantis Global System\",\"isPartOf\":{\"@id\":\"http:\\\/\\\/www.scb.ags-atlantis.es\\\/en\\\/#website\"},\"datePublished\":\"2020-10-21T10:10:20+00:00\",\"dateModified\":\"2026-02-17T13:52:15+00:00\",\"breadcrumb\":{\"@id\":\"https:\\\/\\\/ags-atlantis.es\\\/en\\\/aviso-legal\\\/#breadcrumb\"},\"inLanguage\":\"en-US\",\"potentialAction\":[{\"@type\":\"ReadAction\",\"target\":[\"https:\\\/\\\/ags-atlantis.es\\\/en\\\/aviso-legal\\\/\"]}]},{\"@type\":\"BreadcrumbList\",\"@id\":\"https:\\\/\\\/ags-atlantis.es\\\/en\\\/aviso-legal\\\/#breadcrumb\",\"itemListElement\":[{\"@type\":\"ListItem\",\"position\":1,\"name\":\"Portada\",\"item\":\"https:\\\/\\\/ags-atlantis.es\\\/en\\\/\"},{\"@type\":\"ListItem\",\"position\":2,\"name\":\"Aviso legal\"}]},{\"@type\":\"WebSite\",\"@id\":\"http:\\\/\\\/www.scb.ags-atlantis.es\\\/en\\\/#website\",\"url\":\"http:\\\/\\\/www.scb.ags-atlantis.es\\\/en\\\/\",\"name\":\"Atlantis Global System\",\"description\":\"Soluciones Log\u00edsticas de Gesti\u00f3n y Movilidad\",\"potentialAction\":[{\"@type\":\"SearchAction\",\"target\":{\"@type\":\"EntryPoint\",\"urlTemplate\":\"http:\\\/\\\/www.scb.ags-atlantis.es\\\/en\\\/?s={search_term_string}\"},\"query-input\":{\"@type\":\"PropertyValueSpecification\",\"valueRequired\":true,\"valueName\":\"search_term_string\"}}],\"inLanguage\":\"en-US\"}]}<\/script>\n<!-- \/ Yoast SEO plugin. -->","yoast_head_json":{"title":"Aviso legal - Atlantis Global System","robots":{"index":"index","follow":"follow","max-snippet":"max-snippet:-1","max-image-preview":"max-image-preview:large","max-video-preview":"max-video-preview:-1"},"canonical":"https:\/\/ags-atlantis.es\/en\/aviso-legal\/","og_locale":"en_US","og_type":"article","og_title":"Aviso legal - Atlantis Global System","og_url":"https:\/\/ags-atlantis.es\/en\/aviso-legal\/","og_site_name":"Atlantis Global System","article_modified_time":"2026-02-17T13:52:15+00:00","twitter_card":"summary_large_image","twitter_misc":{"Est. reading time":"11 minutes"},"schema":{"@context":"https:\/\/schema.org","@graph":[{"@type":"WebPage","@id":"https:\/\/ags-atlantis.es\/en\/aviso-legal\/","url":"https:\/\/ags-atlantis.es\/en\/aviso-legal\/","name":"Aviso legal - Atlantis Global System","isPartOf":{"@id":"http:\/\/www.scb.ags-atlantis.es\/en\/#website"},"datePublished":"2020-10-21T10:10:20+00:00","dateModified":"2026-02-17T13:52:15+00:00","breadcrumb":{"@id":"https:\/\/ags-atlantis.es\/en\/aviso-legal\/#breadcrumb"},"inLanguage":"en-US","potentialAction":[{"@type":"ReadAction","target":["https:\/\/ags-atlantis.es\/en\/aviso-legal\/"]}]},{"@type":"BreadcrumbList","@id":"https:\/\/ags-atlantis.es\/en\/aviso-legal\/#breadcrumb","itemListElement":[{"@type":"ListItem","position":1,"name":"Portada","item":"https:\/\/ags-atlantis.es\/en\/"},{"@type":"ListItem","position":2,"name":"Aviso legal"}]},{"@type":"WebSite","@id":"http:\/\/www.scb.ags-atlantis.es\/en\/#website","url":"http:\/\/www.scb.ags-atlantis.es\/en\/","name":"Atlantis Global System","description":"Soluciones Log\u00edsticas de Gesti\u00f3n y Movilidad","potentialAction":[{"@type":"SearchAction","target":{"@type":"EntryPoint","urlTemplate":"http:\/\/www.scb.ags-atlantis.es\/en\/?s={search_term_string}"},"query-input":{"@type":"PropertyValueSpecification","valueRequired":true,"valueName":"search_term_string"}}],"inLanguage":"en-US"}]}},"_links":{"self":[{"href":"https:\/\/ags-atlantis.es\/en\/wp-json\/wp\/v2\/pages\/6198","targetHints":{"allow":["GET"]}}],"collection":[{"href":"https:\/\/ags-atlantis.es\/en\/wp-json\/wp\/v2\/pages"}],"about":[{"href":"https:\/\/ags-atlantis.es\/en\/wp-json\/wp\/v2\/types\/page"}],"author":[{"embeddable":true,"href":"https:\/\/ags-atlantis.es\/en\/wp-json\/wp\/v2\/users\/2"}],"replies":[{"embeddable":true,"href":"https:\/\/ags-atlantis.es\/en\/wp-json\/wp\/v2\/comments?post=6198"}],"version-history":[{"count":6,"href":"https:\/\/ags-atlantis.es\/en\/wp-json\/wp\/v2\/pages\/6198\/revisions"}],"predecessor-version":[{"id":10361,"href":"https:\/\/ags-atlantis.es\/en\/wp-json\/wp\/v2\/pages\/6198\/revisions\/10361"}],"wp:attachment":[{"href":"https:\/\/ags-atlantis.es\/en\/wp-json\/wp\/v2\/media?parent=6198"}],"curies":[{"name":"wp","href":"https:\/\/api.w.org\/{rel}","templated":true}]}}