{"id":6196,"date":"2020-10-21T10:06:42","date_gmt":"2020-10-21T10:06:42","guid":{"rendered":"https:\/\/wordpress-ags-atlantis-c7b0a5dmamd7a6ay.northeurope-01.azurewebsites.net\/?page_id=6196"},"modified":"2024-07-23T05:59:31","modified_gmt":"2024-07-23T05:59:31","slug":"politica-corporativa","status":"publish","type":"page","link":"https:\/\/ags-atlantis.es\/en\/politica-corporativa\/","title":{"rendered":"Corporate Policy"},"content":{"rendered":"<div class=\"row\">\n<div class=\"span12\">\n<h2>Pol\u00edtica Corporativa de protecci\u00f3n de datos personales<\/h2>\n<\/div>\n<\/div>\n<div class=\"row\">\n<div class=\"span12\">\n<h3>1. INTRODUCCI\u00d3N<\/h3>\n<p>Con el objeto de establecer los principios generales que deben regir el tratamiento de los datos de car\u00e1cter personal,\u00a0<b>ATLANTIS GLOBAL SYSTEM S.L.<\/b>, en adelante\u00a0<b>AGS<\/b>, ha aprobado la siguiente Pol\u00edtica Corporativa de Protecci\u00f3n de Datos Personales, en adelante PCPD.<\/p>\n<\/div>\n<\/div>\n<div class=\"row\">\n<div class=\"span12\">\n<h3>2. OBJETIVO<\/h3>\n<p>La PCDP tiene por objeto garantizar una protecci\u00f3n adecuada de los datos y la prestaci\u00f3n continuada de los servicios, de modo tal que\u00a0<b>AGS<\/b>. est\u00e9 preparada para prevenir, detectar, reaccionar y recuperarse de incidentes de seguridad en esta materia, con el objeto principal de proteger los derechos y libertades fundamentales de las personas f\u00edsicas y, en particular, su derecho a la protecci\u00f3n de los datos personales.<\/p>\n<p><b>AGS<\/b>\u00a0se compromete a implantar las medidas t\u00e9cnicas y organizativas oportunas para que los ficheros de datos y la informaci\u00f3n que estos contienen est\u00e9n suficientemente protegidos contra cualquier amenaza con potencial para incidir en la confidencialidad, la integridad, la disponibilidad, el uso previsto, el valor de los datos recopilados o en la continuidad de la empresa, independientemente del formato que tengan, con la m\u00e1xima consideraci\u00f3n del derecho al honor y a la intimidad en el tratamiento de los datos de todas las personas que se relacionan con\u00a0<b>AGS<\/b>.<\/p>\n<\/div>\n<\/div>\n<div class=\"row\">\n<div class=\"span12\">\n<h3>3. \u00c1MBITO DE APLICACI\u00d3N<\/h3>\n<p>La presente pol\u00edtica se aplica a todas las \u00e1reas y a todo el personal de la Entidad en el ejercicio de sus funciones y responsabilidades, y en todos los \u00e1mbitos profesionales en los que representen a la misma, entendiendo por tales a la administraci\u00f3n, direcci\u00f3n y plantilla de la Entidad, cualquiera que sea su cargo o responsabilidad durante el desarrollo de su jornada laboral, indistintamente \u00e9sta se realice en las instalaciones dentro o fuera de \u00e9stas con motivo de realizar teletrabajo<strong>, <\/strong>as\u00ed como a todas las personas que se relacionen con <strong>AGS<\/strong>, clientes, proveedores, profesionales liberales y quienes prestan sus servicios en los anteriores.<\/p>\n<\/div>\n<\/div>\n<div class=\"row\">\n<div class=\"span12\">\n<h3>4. PRINCIPIOS DEL TRATAMIENTO DE LOS DATOS PERSONALES<\/h3>\n<p>Los principios por los que se rige la PCPD son los siguientes:<\/p>\n<p>a)\u00a0<b>Principios generales<\/b>:\u00a0<b>AGS<\/b>\u00a0cumplir\u00e1 escrupulosamente con la legislaci\u00f3n en materia de protecci\u00f3n de datos, la que resulte aplicable en funci\u00f3n del tratamiento de datos personales que se lleve a cabo y la que se determine conforme a las normas internas de la entidad.<\/p>\n<p style=\"padding-left: 40px;\"><b>AGS<\/b> promover\u00e1 que los principios recogidos en esta PCPD sean tenidos en cuenta<\/p>\n<p style=\"padding-left: 40px;\">(i) en el dise\u00f1o e implementaci\u00f3n de todos los procedimientos que impliquen el tratamiento de datos personales,<\/p>\n<p style=\"padding-left: 40px;\">(ii) en los productos y servicios ofrecidos por esta,<\/p>\n<p style=\"padding-left: 40px;\">(iii) en todos los contratos y obligaciones que formalicen con personas f\u00edsicas y<\/p>\n<p style=\"padding-left: 40px;\">(iv) en la implantaci\u00f3n de cuantos sistemas y plataformas permitan el acceso por parte de empleados o de terceros a datos personales y\/o la recogida o tratamiento de dichos datos.<\/p>\n<p>b)\u00a0<b>Principios relativos al tratamiento de datos personales<\/b>:<\/p>\n<p style=\"padding-left: 40px;\">(i)\u00a0<b>Principios de legitimidad, licitud y lealtad<\/b>\u00a0en el tratamiento de datos personales. El tratamiento de datos personales ser\u00e1 leal, leg\u00edtimo y l\u00edcito conforme a la legislaci\u00f3n aplicable. En este sentido, los datos personales deber\u00e1n ser recogidos para uno o varios fines espec\u00edficos y leg\u00edtimos conforme a la legislaci\u00f3n aplicable. En los casos en los que resulte obligatorio conforme a la legislaci\u00f3n aplicable, deber\u00e1 obtenerse el consentimiento de los interesados antes de recabar sus datos. Asimismo, cuando lo exija la ley, los fines del tratamiento de datos personales ser\u00e1n expl\u00edcitos y determinados en el momento de su recogida. En particular\u00a0<b>AGS<\/b> no recabar\u00e1 ni tratar\u00e1 datos personales relativos al origen \u00e9tnico o racial, a la ideolog\u00eda pol\u00edtica, a las creencias, a las convicciones religiosas o filos\u00f3ficas, a la vida u orientaci\u00f3n sexual, a la afiliaci\u00f3n sindical, a la salud, ni datos gen\u00e9ticos o biom\u00e9tricos dirigidos a identificar de manera un\u00edvoca a una persona, salvo que la recogida de los referidos datos, sea necesaria, leg\u00edtima y requerida o permitida por la legislaci\u00f3n aplicable, en cuyo caso ser\u00e1n recabados y tratados de acuerdo con lo establecido en aquella.<\/p>\n<p style=\"padding-left: 40px;\">(ii)\u00a0<b>Principio de minimizaci\u00f3n<\/b>. Solo ser\u00e1n objeto de tratamiento aquellos datos personales que resulten estrictamente necesarios para la finalidad para los que se recojan o traten y adecuados a tal finalidad.<\/p>\n<p style=\"padding-left: 40px;\">(iii)\u00a0<b>Principio de exactitud<\/b>. Los datos personales deber\u00e1n ser exactos y estar actualizados. En caso contrario, deber\u00e1n suprimirse o rectificarse.<\/p>\n<p style=\"padding-left: 40px;\">(iv)\u00a0<b>Principio de limitaci\u00f3n del plazo de conservaci\u00f3n<\/b>. Los datos personales no se conservar\u00e1n m\u00e1s all\u00e1 del plazo necesario para conseguir el fin para el cual se tratan, salvo en los supuestos previstos legalmente.<\/p>\n<p style=\"padding-left: 40px;\">(v)\u00a0<b>Principios de integridad y confidencialidad<\/b>. En el tratamiento de los datos personales se deber\u00e1 garantizar, mediante medidas t\u00e9cnicas u organizativas, una seguridad adecuada que los proteja del tratamiento no autorizado o il\u00edcito y que evite su p\u00e9rdida, su destrucci\u00f3n y que sufran da\u00f1os accidentales. Los datos personales recabados y tratados por\u00a0<b>AGS<\/b> deber\u00e1n ser conservados con la m\u00e1xima confidencialidad y secreto, no pudiendo ser utilizados para otros fines distintos de los que justificaron y permitieron su recogida y sin que puedan ser comunicados o cedidos a terceros fuera de los casos permitidos por la legislaci\u00f3n aplicable.<\/p>\n<p style=\"padding-left: 40px;\">(vi)\u00a0<b>Principio de responsabilidad proactiva<\/b>.\u00a0<b>AGS<\/b>\u00a0ser\u00e1 responsable de cumplir con los principios estipulados en esta PCDP y los exigidos en la legislaci\u00f3n aplicable y deber\u00e1 ser capaz de demostrarlo, cuando as\u00ed lo exija dicha legislaci\u00f3n.<\/p>\n<p style=\"padding-left: 40px;\"><b>AGS<\/b>\u00a0deber\u00e1 hacer una evaluaci\u00f3n del riesgo de los tratamientos que realice, con el fin de determinar las medidas a aplicar para garantizar que los datos personales se tratan conforme a las exigencias legales. En los casos en los que la ley lo exija, se evaluar\u00e1n de forma previa los riesgos que para la protecci\u00f3n de datos personales puedan comportar nuevos productos, servicios o sistemas de informaci\u00f3n y se adoptar\u00e1n las medidas necesarias para eliminarlos o mitigarlos.\u00a0<b>AGS<\/b>\u00a0llevar\u00e1 un registro de actividades en el que se describan los tratamientos de datos personales que lleve a cabo en el marco de sus actividades.<\/p>\n<p style=\"padding-left: 40px;\">En el caso de que se produzca un incidente que ocasione la destrucci\u00f3n, p\u00e9rdida o alteraci\u00f3n accidental o il\u00edcita de datos personales, o la comunicaci\u00f3n o acceso no autorizado a dichos datos, deber\u00e1n seguirse los protocolos internos establecidos a tal efecto por\u00a0<b>AGS<\/b>\u00a0y los que establezca la legislaci\u00f3n aplicable. Dichos incidentes deber\u00e1n documentarse y se adoptar\u00e1n medidas para solventar y paliar los posibles efectos negativos para los interesados.<\/p>\n<p style=\"padding-left: 40px;\">La formaci\u00f3n en materia de protecci\u00f3n de datos de los empleados es crucial para\u00a0<b>AGS<\/b>, por ello se establecen acciones formativas, actualizadas peri\u00f3dicamente, para aumentar los conocimientos, las habilidades y las actitudes de los empleados, con el objetivo de mejorar los tratamientos de informaci\u00f3n que contengan datos de car\u00e1cter personal.<\/p>\n<p style=\"padding-left: 40px;\">(vii)\u00a0<b>Principios de transparencia e informaci\u00f3n<\/b>. El tratamiento de datos personales ser\u00e1 transparente en relaci\u00f3n con el interesado, facilit\u00e1ndole la informaci\u00f3n sobre el tratamiento de sus datos de forma comprensible y accesible, cuando as\u00ed lo exija la ley aplicable. A fin de garantizar un tratamiento leal y transparente,\u00a0<b>AGS<\/b> deber\u00e1 informar a los afectados o interesados cuyos datos se pretende recabar de las circunstancias relativas al tratamiento conforme a la legislaci\u00f3n aplicable.<\/p>\n<p style=\"padding-left: 40px;\">(viii)\u00a0<b>Adquisici\u00f3n u obtenci\u00f3n de datos personales<\/b>. Queda prohibida la adquisici\u00f3n u obtenci\u00f3n de datos personales de fuentes ileg\u00edtimas, de fuentes que no garanticen suficientemente su leg\u00edtima procedencia o de fuentes cuyos datos hayan sido recabados o cedidos contraviniendo la ley.<\/p>\n<p style=\"padding-left: 40px;\">(ix)\u00a0<b>Contrataci\u00f3n de encargados del tratamiento<\/b>. Con car\u00e1cter previo a la contrataci\u00f3n de cualquier prestador de servicios que acceda a datos personales que sean responsabilidad de\u00a0<b>AGS<\/b>, as\u00ed como durante la vigencia de la relaci\u00f3n contractual,\u00a0<b>AGS<\/b> deber\u00e1 adoptar las medidas necesarias para garantizar y, cuando sea legalmente exigible, demostrar, que el tratamiento de datos por parte del encargado se lleva a cabo conforme a la normativa aplicable.<\/p>\n<p style=\"padding-left: 40px;\">(x)\u00a0<b>Transferencias internacionales de datos<\/b>. Todo tratamiento de datos personales sujeto a la normativa de la Uni\u00f3n Europea que implique una transferencia de datos fuera del Espacio Econ\u00f3mico Europeo deber\u00e1 llevarse a cabo con estricto cumplimiento de los requisitos establecidos en la normativa aplicable.<\/p>\n<p style=\"padding-left: 40px;\">(xi)\u00a0<b>Derechos de los interesados<\/b>.\u00a0<b>AGS<\/b> deber\u00e1 permitir que los interesados puedan ejercitar los derechos de acceso, rectificaci\u00f3n, supresi\u00f3n, limitaci\u00f3n del tratamiento, portabilidad y oposici\u00f3n, estableciendo, a tal efecto, los procedimientos internos que resulten necesarios para satisfacer, al menos, los requisitos legales aplicables en cada caso.<\/p>\n<\/div>\n<\/div>\n<div class=\"row\">\n<div class=\"span12\">\n<h3>5. EVALUACI\u00d3N, CONTROL Y SUPERVISI\u00d3N<\/h3>\n<p><b>Evaluaci\u00f3n<\/b>:\u00a0<b>AGS<\/b>\u00a0evaluar\u00e1, al menos una vez al a\u00f1o, el cumplimiento y la eficacia de la PCPD.<\/p>\n<p><b>Control y Supervisi\u00f3n<\/b>:\u00a0<b>AGS<\/b> ser\u00e1 el responsable de controlar y supervisar de forma continua lo dispuesto en esta PCPD.<\/p>\n<p>Normativa de referencia: Reglamento general de protecci\u00f3n de Datos (UE) 2016\/679 del Parlamento Europeo y del Consejo de 27 de abril de 2016 (RGPD) y la Ley Org\u00e1nica 3\/2018, de 5 de diciembre de Protecci\u00f3n de Datos Personales y Garant\u00eda de los Derechos Digitales (LOPDPGDD).<\/p>\n<\/div>\n<\/div>","protected":false},"excerpt":{"rendered":"<p>Pol\u00edtica Corporativa de protecci\u00f3n de datos personales 1. INTRODUCCI\u00d3N Con el objeto de establecer los principios generales que deben regir el tratamiento de los datos de car\u00e1cter personal,\u00a0ATLANTIS GLOBAL SYSTEM S.L., en adelante\u00a0AGS, ha aprobado la siguiente Pol\u00edtica Corporativa de Protecci\u00f3n de Datos Personales, en adelante PCPD. 2. OBJETIVO La PCDP tiene por objeto garantizar<a href=\"https:\/\/ags-atlantis.es\/en\/politica-corporativa\/\" class=\"more-link\"><\/a><\/p>","protected":false},"author":2,"featured_media":0,"parent":0,"menu_order":0,"comment_status":"closed","ping_status":"closed","template":"","meta":{"footnotes":""},"class_list":["post-6196","page","type-page","status-publish","hentry"],"yoast_head":"<!-- This site is optimized with the Yoast SEO plugin v27.3 - https:\/\/yoast.com\/product\/yoast-seo-wordpress\/ -->\n<title>Pol\u00edtica corporativa - Atlantis Global System<\/title>\n<meta name=\"robots\" content=\"index, follow, max-snippet:-1, max-image-preview:large, max-video-preview:-1\" \/>\n<link rel=\"canonical\" href=\"https:\/\/ags-atlantis.es\/en\/politica-corporativa\/\" \/>\n<meta property=\"og:locale\" content=\"en_US\" \/>\n<meta property=\"og:type\" content=\"article\" \/>\n<meta property=\"og:title\" content=\"Pol\u00edtica corporativa - Atlantis Global System\" \/>\n<meta property=\"og:description\" content=\"Pol\u00edtica Corporativa de protecci\u00f3n de datos personales 1. INTRODUCCI\u00d3N Con el objeto de establecer los principios generales que deben regir el tratamiento de los datos de car\u00e1cter personal,\u00a0ATLANTIS GLOBAL SYSTEM S.L., en adelante\u00a0AGS, ha aprobado la siguiente Pol\u00edtica Corporativa de Protecci\u00f3n de Datos Personales, en adelante PCPD. 2. OBJETIVO La PCDP tiene por objeto garantizar\" \/>\n<meta property=\"og:url\" content=\"https:\/\/ags-atlantis.es\/en\/politica-corporativa\/\" \/>\n<meta property=\"og:site_name\" content=\"Atlantis Global System\" \/>\n<meta property=\"article:modified_time\" content=\"2024-07-23T05:59:31+00:00\" \/>\n<meta name=\"twitter:card\" content=\"summary_large_image\" \/>\n<meta name=\"twitter:label1\" content=\"Est. reading time\" \/>\n\t<meta name=\"twitter:data1\" content=\"8 minutes\" \/>\n<script type=\"application\/ld+json\" class=\"yoast-schema-graph\">{\"@context\":\"https:\\\/\\\/schema.org\",\"@graph\":[{\"@type\":\"WebPage\",\"@id\":\"https:\\\/\\\/ags-atlantis.es\\\/en\\\/politica-corporativa\\\/\",\"url\":\"https:\\\/\\\/ags-atlantis.es\\\/en\\\/politica-corporativa\\\/\",\"name\":\"Pol\u00edtica corporativa - Atlantis Global System\",\"isPartOf\":{\"@id\":\"http:\\\/\\\/www.scb.ags-atlantis.es\\\/en\\\/#website\"},\"datePublished\":\"2020-10-21T10:06:42+00:00\",\"dateModified\":\"2024-07-23T05:59:31+00:00\",\"breadcrumb\":{\"@id\":\"https:\\\/\\\/ags-atlantis.es\\\/en\\\/politica-corporativa\\\/#breadcrumb\"},\"inLanguage\":\"en-US\",\"potentialAction\":[{\"@type\":\"ReadAction\",\"target\":[\"https:\\\/\\\/ags-atlantis.es\\\/en\\\/politica-corporativa\\\/\"]}]},{\"@type\":\"BreadcrumbList\",\"@id\":\"https:\\\/\\\/ags-atlantis.es\\\/en\\\/politica-corporativa\\\/#breadcrumb\",\"itemListElement\":[{\"@type\":\"ListItem\",\"position\":1,\"name\":\"Portada\",\"item\":\"https:\\\/\\\/ags-atlantis.es\\\/en\\\/\"},{\"@type\":\"ListItem\",\"position\":2,\"name\":\"Pol\u00edtica corporativa\"}]},{\"@type\":\"WebSite\",\"@id\":\"http:\\\/\\\/www.scb.ags-atlantis.es\\\/en\\\/#website\",\"url\":\"http:\\\/\\\/www.scb.ags-atlantis.es\\\/en\\\/\",\"name\":\"Atlantis Global System\",\"description\":\"Soluciones Log\u00edsticas de Gesti\u00f3n y Movilidad\",\"potentialAction\":[{\"@type\":\"SearchAction\",\"target\":{\"@type\":\"EntryPoint\",\"urlTemplate\":\"http:\\\/\\\/www.scb.ags-atlantis.es\\\/en\\\/?s={search_term_string}\"},\"query-input\":{\"@type\":\"PropertyValueSpecification\",\"valueRequired\":true,\"valueName\":\"search_term_string\"}}],\"inLanguage\":\"en-US\"}]}<\/script>\n<!-- \/ Yoast SEO plugin. -->","yoast_head_json":{"title":"Pol\u00edtica corporativa - Atlantis Global System","robots":{"index":"index","follow":"follow","max-snippet":"max-snippet:-1","max-image-preview":"max-image-preview:large","max-video-preview":"max-video-preview:-1"},"canonical":"https:\/\/ags-atlantis.es\/en\/politica-corporativa\/","og_locale":"en_US","og_type":"article","og_title":"Pol\u00edtica corporativa - Atlantis Global System","og_description":"Pol\u00edtica Corporativa de protecci\u00f3n de datos personales 1. INTRODUCCI\u00d3N Con el objeto de establecer los principios generales que deben regir el tratamiento de los datos de car\u00e1cter personal,\u00a0ATLANTIS GLOBAL SYSTEM S.L., en adelante\u00a0AGS, ha aprobado la siguiente Pol\u00edtica Corporativa de Protecci\u00f3n de Datos Personales, en adelante PCPD. 2. OBJETIVO La PCDP tiene por objeto garantizar","og_url":"https:\/\/ags-atlantis.es\/en\/politica-corporativa\/","og_site_name":"Atlantis Global System","article_modified_time":"2024-07-23T05:59:31+00:00","twitter_card":"summary_large_image","twitter_misc":{"Est. reading time":"8 minutes"},"schema":{"@context":"https:\/\/schema.org","@graph":[{"@type":"WebPage","@id":"https:\/\/ags-atlantis.es\/en\/politica-corporativa\/","url":"https:\/\/ags-atlantis.es\/en\/politica-corporativa\/","name":"Pol\u00edtica corporativa - Atlantis Global System","isPartOf":{"@id":"http:\/\/www.scb.ags-atlantis.es\/en\/#website"},"datePublished":"2020-10-21T10:06:42+00:00","dateModified":"2024-07-23T05:59:31+00:00","breadcrumb":{"@id":"https:\/\/ags-atlantis.es\/en\/politica-corporativa\/#breadcrumb"},"inLanguage":"en-US","potentialAction":[{"@type":"ReadAction","target":["https:\/\/ags-atlantis.es\/en\/politica-corporativa\/"]}]},{"@type":"BreadcrumbList","@id":"https:\/\/ags-atlantis.es\/en\/politica-corporativa\/#breadcrumb","itemListElement":[{"@type":"ListItem","position":1,"name":"Portada","item":"https:\/\/ags-atlantis.es\/en\/"},{"@type":"ListItem","position":2,"name":"Pol\u00edtica corporativa"}]},{"@type":"WebSite","@id":"http:\/\/www.scb.ags-atlantis.es\/en\/#website","url":"http:\/\/www.scb.ags-atlantis.es\/en\/","name":"Atlantis Global System","description":"Soluciones Log\u00edsticas de Gesti\u00f3n y Movilidad","potentialAction":[{"@type":"SearchAction","target":{"@type":"EntryPoint","urlTemplate":"http:\/\/www.scb.ags-atlantis.es\/en\/?s={search_term_string}"},"query-input":{"@type":"PropertyValueSpecification","valueRequired":true,"valueName":"search_term_string"}}],"inLanguage":"en-US"}]}},"_links":{"self":[{"href":"https:\/\/ags-atlantis.es\/en\/wp-json\/wp\/v2\/pages\/6196","targetHints":{"allow":["GET"]}}],"collection":[{"href":"https:\/\/ags-atlantis.es\/en\/wp-json\/wp\/v2\/pages"}],"about":[{"href":"https:\/\/ags-atlantis.es\/en\/wp-json\/wp\/v2\/types\/page"}],"author":[{"embeddable":true,"href":"https:\/\/ags-atlantis.es\/en\/wp-json\/wp\/v2\/users\/2"}],"replies":[{"embeddable":true,"href":"https:\/\/ags-atlantis.es\/en\/wp-json\/wp\/v2\/comments?post=6196"}],"version-history":[{"count":4,"href":"https:\/\/ags-atlantis.es\/en\/wp-json\/wp\/v2\/pages\/6196\/revisions"}],"predecessor-version":[{"id":8913,"href":"https:\/\/ags-atlantis.es\/en\/wp-json\/wp\/v2\/pages\/6196\/revisions\/8913"}],"wp:attachment":[{"href":"https:\/\/ags-atlantis.es\/en\/wp-json\/wp\/v2\/media?parent=6196"}],"curies":[{"name":"wp","href":"https:\/\/api.w.org\/{rel}","templated":true}]}}