{"id":6194,"date":"2020-10-21T09:52:14","date_gmt":"2020-10-21T09:52:14","guid":{"rendered":"https:\/\/wordpress-ags-atlantis-c7b0a5dmamd7a6ay.northeurope-01.azurewebsites.net\/?page_id=6194"},"modified":"2024-07-23T05:58:53","modified_gmt":"2024-07-23T05:58:53","slug":"politica-de-calidad","status":"publish","type":"page","link":"https:\/\/ags-atlantis.es\/en\/politica-de-calidad\/","title":{"rendered":"Quality Statement"},"content":{"rendered":"<div class=\"row\">\n<div class=\"span12\">\n<h2>Pol\u00edtica de Calidad<\/h2>\n<\/div>\n<\/div>\n<div class=\"row\">\n<div class=\"span12\">\n<p><strong>ATLANTIS GLOBAL SYSTEM, S.L.<\/strong>\u00a0(en adelante <strong>AGS<\/strong>), es una empresa especializada en el<strong> DISE\u00d1O, DESARROLLO, FABRICACI\u00d3N, VERIFICACI\u00d3N DE CONFORMIDAD M\u00d3DULO D<\/strong> <strong>(s\u00f3lo en los Productos sujetos a Control Metrol\u00f3gico por el Estado Espa\u00f1ol), Y COMERCIALIZACI\u00d3N DE SU L\u00cdNEA DE PRODUCTOS Y ACCESORIOS<\/strong> englobados bajo la marca <strong>CONECTA+,<\/strong> as\u00ed como, en el <strong>DISE\u00d1O, DESARROLLO, COMERCIALIZACI\u00d3N Y ASISTENCIA, DE SU PLATAFORMA DE SERVICIOS TELEM\u00c1TICOS Y LAS APLICACIONES INFORM\u00c1TICAS ASOCIADAS<\/strong> englobadas bajo la marca <strong>AGS<\/strong>.<\/p>\n<p><strong>AGS<\/strong> tiene como objetivo trabajar bajo un sistema de <strong>CALIDAD<\/strong> documentado y verificado regularmente, al nivel que marca la norma <strong>UNE-EN-ISO 9001<\/strong> como forma de asegurar que se satisfacen todos los requerimientos aplicables a la empresa, as\u00ed como cumplir con los requisitos establecidos por la<strong> Orden ICT 155\/2020<\/strong>, que regulan el control meteorol\u00f3gico del Estado sobre instrumentos de medida, bas\u00e1ndose de igual manera en los requisitos establecidos en la norma <strong>ISO\/IEC 17025<\/strong> para garantizar la competencia del laboratorio de calibraci\u00f3n y ensayo.<\/p>\n<h2><strong>Compromisos<\/strong><\/h2>\n<p>Los compromisos asumidos por\u00a0<b>AGS<\/b>\u00a0son los siguientes:<\/p>\n<ul>\n<li>Cumplir tanto los requerimientos de sus clientes y partes interesadas como los requisitos legales y reglamentarios.<\/li>\n<li>Mejorar continuamente la eficacia de su Sistema de Gesti\u00f3n de Calidad, el cual se enfoca en alcanzar de la forma m\u00e1s eficiente los objetivos de la empresa y cumplir con sus clientes y partes<br \/>\ninteresadas.<\/li>\n<li>Cumplir con las especificaciones legales y normativas para el cumplimiento del M\u00f3dulo D, as\u00ed como a realizar una buena pr\u00e1ctica profesional en el laboratorio para obtener la m\u00e1s alta calidad en sus ensayos y calibraciones.<\/li>\n<li>Ofrecer la m\u00e1s alta calidad en sus productos de forma estandarizada, de tal forma que se logre la satisfacci\u00f3n total del cliente y partes interesadas, como garant\u00eda de continuidad, crecimiento y desarrollo.<\/li>\n<li>Proporcionar los recursos materiales y humanos necesarios para la consecuci\u00f3n del objetivo, con el convencimiento de que el coste que ello implica no es m\u00e1s que la inversi\u00f3n m\u00e1s rentable a la que pueda aspirar esta empresa.<\/li>\n<\/ul>\n<h2><strong>Estrategias<\/strong><\/h2>\n<ul>\n<li>Gesti\u00f3n y aplicaci\u00f3n del sistema de calidad como una herramienta para la mejora continua, que permita eliminar los costes de la No Calidad que repercuten en la insatisfacci\u00f3n de los clientes, en la p\u00e9rdida de competitividad de la empresa y que garantice el cumplimiento de las leyes y los requisitos aplicables al M\u00f3dulo D.<\/li>\n<li>Gesti\u00f3n del sistema de calidad como una herramienta orientada a la mejora continuada, de tal modo que permita la optimizaci\u00f3n de la gesti\u00f3n interna de la empresa, en pro de satisfacer las<br \/>\nnecesidades y expectativas de sus clientes y partes interesadas.<\/li>\n<li>Establecimiento y transmisi\u00f3n al personal de una Cultura de Calidad acorde con la misi\u00f3n, valores y objetivos de AGS, con el prop\u00f3sito de concienciar a todos sus empleados de la relevancia de esta cultura de calidad interna y de la importancia de su labor individual y colectiva en la concreci\u00f3n de la imagen que AGS pretende trasladar a sus clientes y resto de partes interesadas.<\/li>\n<li>Hacer de su sistema de calidad un elemento diferenciador con respecto a la competencia.<\/li>\n<\/ul>\n<p>Esta pol\u00edtica ha de ser entendida y asumida por todo el personal de <strong>AGS<\/strong> y por sus colaboradores, y estar\u00e1 en todo momento a disposici\u00f3n de cualquier interesado.<\/p>\n<p>La Direcci\u00f3n de <strong>AGS<\/strong> se compromete a velar por su aplicaci\u00f3n y a revisar peri\u00f3dicamente su contenido, adapt\u00e1ndolo seg\u00fan sea necesario para el cumplimiento efectivo de la misma.<\/p>\n<\/div>\n<h5 style=\"text-align: right;\"><em>Actualizado el 23 de Julio de 2024<\/em><\/h5>\n<\/div>","protected":false},"excerpt":{"rendered":"<p>Pol\u00edtica de Calidad ATLANTIS GLOBAL SYSTEM, S.L.\u00a0(en adelante AGS), es una empresa especializada en el DISE\u00d1O, DESARROLLO, FABRICACI\u00d3N, VERIFICACI\u00d3N DE CONFORMIDAD M\u00d3DULO D (s\u00f3lo en los Productos sujetos a Control Metrol\u00f3gico por el Estado Espa\u00f1ol), Y COMERCIALIZACI\u00d3N DE SU L\u00cdNEA DE PRODUCTOS Y ACCESORIOS englobados bajo la marca CONECTA+, as\u00ed como, en el DISE\u00d1O, DESARROLLO,<a href=\"https:\/\/ags-atlantis.es\/en\/politica-de-calidad\/\" class=\"more-link\"><\/a><\/p>","protected":false},"author":2,"featured_media":0,"parent":0,"menu_order":0,"comment_status":"closed","ping_status":"closed","template":"","meta":{"footnotes":""},"class_list":["post-6194","page","type-page","status-publish","hentry"],"yoast_head":"<!-- This site is optimized with the Yoast SEO plugin v27.3 - https:\/\/yoast.com\/product\/yoast-seo-wordpress\/ -->\n<title>Pol\u00edtica de calidad - Atlantis Global System<\/title>\n<meta name=\"robots\" content=\"index, follow, max-snippet:-1, max-image-preview:large, max-video-preview:-1\" \/>\n<link rel=\"canonical\" href=\"https:\/\/www.ags-atlantis.es\/en\/politica-de-calidad\/\" \/>\n<meta property=\"og:locale\" content=\"en_US\" \/>\n<meta property=\"og:type\" content=\"article\" \/>\n<meta property=\"og:title\" content=\"Pol\u00edtica de calidad - Atlantis Global System\" \/>\n<meta property=\"og:description\" content=\"Pol\u00edtica de Calidad ATLANTIS GLOBAL SYSTEM, S.L.\u00a0(en adelante AGS), es una empresa especializada en el DISE\u00d1O, DESARROLLO, FABRICACI\u00d3N, VERIFICACI\u00d3N DE CONFORMIDAD M\u00d3DULO D (s\u00f3lo en los Productos sujetos a Control Metrol\u00f3gico por el Estado Espa\u00f1ol), Y COMERCIALIZACI\u00d3N DE SU L\u00cdNEA DE PRODUCTOS Y ACCESORIOS englobados bajo la marca CONECTA+, as\u00ed como, en el DISE\u00d1O, DESARROLLO,\" \/>\n<meta property=\"og:url\" content=\"https:\/\/www.ags-atlantis.es\/en\/politica-de-calidad\/\" \/>\n<meta property=\"og:site_name\" content=\"Atlantis Global System\" \/>\n<meta property=\"article:modified_time\" content=\"2024-07-23T05:58:53+00:00\" \/>\n<meta name=\"twitter:card\" content=\"summary_large_image\" \/>\n<meta name=\"twitter:label1\" content=\"Est. reading time\" \/>\n\t<meta name=\"twitter:data1\" content=\"3 minutes\" \/>\n<script type=\"application\/ld+json\" class=\"yoast-schema-graph\">{\"@context\":\"https:\\\/\\\/schema.org\",\"@graph\":[{\"@type\":\"WebPage\",\"@id\":\"https:\\\/\\\/www.ags-atlantis.es\\\/en\\\/politica-de-calidad\\\/\",\"url\":\"https:\\\/\\\/www.ags-atlantis.es\\\/en\\\/politica-de-calidad\\\/\",\"name\":\"Pol\u00edtica de calidad - Atlantis Global System\",\"isPartOf\":{\"@id\":\"http:\\\/\\\/www.scb.ags-atlantis.es\\\/en\\\/#website\"},\"datePublished\":\"2020-10-21T09:52:14+00:00\",\"dateModified\":\"2024-07-23T05:58:53+00:00\",\"breadcrumb\":{\"@id\":\"https:\\\/\\\/www.ags-atlantis.es\\\/en\\\/politica-de-calidad\\\/#breadcrumb\"},\"inLanguage\":\"en-US\",\"potentialAction\":[{\"@type\":\"ReadAction\",\"target\":[\"https:\\\/\\\/www.ags-atlantis.es\\\/en\\\/politica-de-calidad\\\/\"]}]},{\"@type\":\"BreadcrumbList\",\"@id\":\"https:\\\/\\\/www.ags-atlantis.es\\\/en\\\/politica-de-calidad\\\/#breadcrumb\",\"itemListElement\":[{\"@type\":\"ListItem\",\"position\":1,\"name\":\"Portada\",\"item\":\"https:\\\/\\\/ags-atlantis.es\\\/en\\\/\"},{\"@type\":\"ListItem\",\"position\":2,\"name\":\"Pol\u00edtica de calidad\"}]},{\"@type\":\"WebSite\",\"@id\":\"http:\\\/\\\/www.scb.ags-atlantis.es\\\/en\\\/#website\",\"url\":\"http:\\\/\\\/www.scb.ags-atlantis.es\\\/en\\\/\",\"name\":\"Atlantis Global System\",\"description\":\"Soluciones Log\u00edsticas de Gesti\u00f3n y Movilidad\",\"potentialAction\":[{\"@type\":\"SearchAction\",\"target\":{\"@type\":\"EntryPoint\",\"urlTemplate\":\"http:\\\/\\\/www.scb.ags-atlantis.es\\\/en\\\/?s={search_term_string}\"},\"query-input\":{\"@type\":\"PropertyValueSpecification\",\"valueRequired\":true,\"valueName\":\"search_term_string\"}}],\"inLanguage\":\"en-US\"}]}<\/script>\n<!-- \/ Yoast SEO plugin. -->","yoast_head_json":{"title":"Pol\u00edtica de calidad - Atlantis Global System","robots":{"index":"index","follow":"follow","max-snippet":"max-snippet:-1","max-image-preview":"max-image-preview:large","max-video-preview":"max-video-preview:-1"},"canonical":"https:\/\/www.ags-atlantis.es\/en\/politica-de-calidad\/","og_locale":"en_US","og_type":"article","og_title":"Pol\u00edtica de calidad - Atlantis Global System","og_description":"Pol\u00edtica de Calidad ATLANTIS GLOBAL SYSTEM, S.L.\u00a0(en adelante AGS), es una empresa especializada en el DISE\u00d1O, DESARROLLO, FABRICACI\u00d3N, VERIFICACI\u00d3N DE CONFORMIDAD M\u00d3DULO D (s\u00f3lo en los Productos sujetos a Control Metrol\u00f3gico por el Estado Espa\u00f1ol), Y COMERCIALIZACI\u00d3N DE SU L\u00cdNEA DE PRODUCTOS Y ACCESORIOS englobados bajo la marca CONECTA+, as\u00ed como, en el DISE\u00d1O, DESARROLLO,","og_url":"https:\/\/www.ags-atlantis.es\/en\/politica-de-calidad\/","og_site_name":"Atlantis Global System","article_modified_time":"2024-07-23T05:58:53+00:00","twitter_card":"summary_large_image","twitter_misc":{"Est. reading time":"3 minutes"},"schema":{"@context":"https:\/\/schema.org","@graph":[{"@type":"WebPage","@id":"https:\/\/www.ags-atlantis.es\/en\/politica-de-calidad\/","url":"https:\/\/www.ags-atlantis.es\/en\/politica-de-calidad\/","name":"Pol\u00edtica de calidad - Atlantis Global System","isPartOf":{"@id":"http:\/\/www.scb.ags-atlantis.es\/en\/#website"},"datePublished":"2020-10-21T09:52:14+00:00","dateModified":"2024-07-23T05:58:53+00:00","breadcrumb":{"@id":"https:\/\/www.ags-atlantis.es\/en\/politica-de-calidad\/#breadcrumb"},"inLanguage":"en-US","potentialAction":[{"@type":"ReadAction","target":["https:\/\/www.ags-atlantis.es\/en\/politica-de-calidad\/"]}]},{"@type":"BreadcrumbList","@id":"https:\/\/www.ags-atlantis.es\/en\/politica-de-calidad\/#breadcrumb","itemListElement":[{"@type":"ListItem","position":1,"name":"Portada","item":"https:\/\/ags-atlantis.es\/en\/"},{"@type":"ListItem","position":2,"name":"Pol\u00edtica de calidad"}]},{"@type":"WebSite","@id":"http:\/\/www.scb.ags-atlantis.es\/en\/#website","url":"http:\/\/www.scb.ags-atlantis.es\/en\/","name":"Atlantis Global System","description":"Soluciones Log\u00edsticas de Gesti\u00f3n y Movilidad","potentialAction":[{"@type":"SearchAction","target":{"@type":"EntryPoint","urlTemplate":"http:\/\/www.scb.ags-atlantis.es\/en\/?s={search_term_string}"},"query-input":{"@type":"PropertyValueSpecification","valueRequired":true,"valueName":"search_term_string"}}],"inLanguage":"en-US"}]}},"_links":{"self":[{"href":"https:\/\/ags-atlantis.es\/en\/wp-json\/wp\/v2\/pages\/6194","targetHints":{"allow":["GET"]}}],"collection":[{"href":"https:\/\/ags-atlantis.es\/en\/wp-json\/wp\/v2\/pages"}],"about":[{"href":"https:\/\/ags-atlantis.es\/en\/wp-json\/wp\/v2\/types\/page"}],"author":[{"embeddable":true,"href":"https:\/\/ags-atlantis.es\/en\/wp-json\/wp\/v2\/users\/2"}],"replies":[{"embeddable":true,"href":"https:\/\/ags-atlantis.es\/en\/wp-json\/wp\/v2\/comments?post=6194"}],"version-history":[{"count":10,"href":"https:\/\/ags-atlantis.es\/en\/wp-json\/wp\/v2\/pages\/6194\/revisions"}],"predecessor-version":[{"id":8912,"href":"https:\/\/ags-atlantis.es\/en\/wp-json\/wp\/v2\/pages\/6194\/revisions\/8912"}],"wp:attachment":[{"href":"https:\/\/ags-atlantis.es\/en\/wp-json\/wp\/v2\/media?parent=6194"}],"curies":[{"name":"wp","href":"https:\/\/api.w.org\/{rel}","templated":true}]}}