{"id":6026,"date":"2020-10-13T15:18:41","date_gmt":"2020-10-13T15:18:41","guid":{"rendered":"https:\/\/wordpress-ags-atlantis-c7b0a5dmamd7a6ay.northeurope-01.azurewebsites.net\/?page_id=6026"},"modified":"2025-07-09T09:52:21","modified_gmt":"2025-07-09T09:52:21","slug":"partners-tecnologicos","status":"publish","type":"page","link":"https:\/\/ags-atlantis.es\/en\/partners-tecnologicos\/","title":{"rendered":"Tech Partners"},"content":{"rendered":"<div class=\"wpb-content-wrapper\"><div class=\"vc_row wpb_row vc_row-fluid\"><div class=\"wpb_column vc_column_container vc_col-sm-12\"><div class=\"vc_column-inner\"><div class=\"wpb_wrapper\">\n\t<div class=\"wpb_text_column wpb_content_element\" >\n\t\t<div class=\"wpb_wrapper\">\n\t\t\t<h1>Tech Partners<\/h1>\n<h3>We work with industry to improve<\/h3>\n<h4>La filosof\u00eda de Atlantis Global System, S.L. se basa en la m\u00e1xima apertura y colaboraci\u00f3n con empresas y organizaciones de las distintas industrias implicadas en la modernizaci\u00f3n y digitalizaci\u00f3n de la log\u00edstica y los transportes. En la actualidad, algunos de los m\u00e1s importantes socios tecnol\u00f3gicos de AGS son los siguientes:<\/h4>\n\n\t\t<\/div>\n\t<\/div>\n<\/div><\/div><\/div><\/div><div class=\"vc_row wpb_row vc_row-fluid\"><div class=\"wpb_column vc_column_container vc_col-sm-4\"><div class=\"vc_column-inner\"><div class=\"wpb_wrapper\">\n\t<div class=\"wpb_text_column wpb_content_element\" >\n\t\t<div class=\"wpb_wrapper\">\n\t\t\t<h1><strong>Continental<\/strong><\/h1>\n\n\t\t<\/div>\n\t<\/div>\n\n\t<div class=\"wpb_text_column wpb_content_element\" >\n\t\t<div class=\"wpb_wrapper\">\n\t\t\t<p><span style=\"font-weight: 400;\">Pioneering technologies and services for sustainable and connected mobility. Founded in 1871, Continental offers safe, efficient, intelligent, and affordable solutions for vehicles, machines, traffic, and transportation.<\/span><\/p>\n\n\t\t<\/div>\n\t<\/div>\n<\/div><\/div><\/div><div class=\"wpb_column vc_column_container vc_col-sm-4\"><div class=\"vc_column-inner\"><div class=\"wpb_wrapper\">\n\t<div class=\"wpb_text_column wpb_content_element\" >\n\t\t<div class=\"wpb_wrapper\">\n\t\t\t<h1><strong>ghTrack<\/strong><\/h1>\n\n\t\t<\/div>\n\t<\/div>\n\n\t<div class=\"wpb_text_column wpb_content_element\" >\n\t\t<div class=\"wpb_wrapper\">\n\t\t\t<p><span style=\"font-weight: 400;\">Europe's leading advanced visibility platform. Workflow automation. Routing. Bidding and dispatching. Paperless document retrieval. Carrier applications, ad hoc applications.<\/span><\/p>\n\n\t\t<\/div>\n\t<\/div>\n<\/div><\/div><\/div><div class=\"wpb_column vc_column_container vc_col-sm-4\"><div class=\"vc_column-inner\"><div class=\"wpb_wrapper\">\n\t<div class=\"wpb_text_column wpb_content_element\" >\n\t\t<div class=\"wpb_wrapper\">\n\t\t\t<h1><strong>Haldex<\/strong><\/h1>\n\n\t\t<\/div>\n\t<\/div>\n\n\t<div class=\"wpb_text_column wpb_content_element\" >\n\t\t<div class=\"wpb_wrapper\">\n\t\t\t<p>More than 100 years of innovation in braking and suspension systems for heavy trucks, trailers, and buses.<\/p>\n\n\t\t<\/div>\n\t<\/div>\n<\/div><\/div><\/div><\/div><div class=\"vc_row wpb_row vc_row-fluid\"><div class=\"wpb_column vc_column_container vc_col-sm-4\"><div class=\"vc_column-inner\"><div class=\"wpb_wrapper\">\n\t<div class=\"wpb_text_column wpb_content_element\" >\n\t\t<div class=\"wpb_wrapper\">\n\t\t\t<h1><strong>Hwasung Thermo<\/strong><\/h1>\n\n\t\t<\/div>\n\t<\/div>\n\n\t<div class=\"wpb_text_column wpb_content_element vc_custom_1606922849346\" >\n\t\t<div class=\"wpb_wrapper\">\n\t\t\t<p><span style=\"font-weight: 400;\">A wide refrigeration equipment range for all kinds of vehicles. High-quality refrigeration and heating components. An internationally recognized brand, with a wide network of official services and 24\/7 assistance points.<\/span>.<\/p>\n\n\t\t<\/div>\n\t<\/div>\n<\/div><\/div><\/div><div class=\"wpb_column vc_column_container vc_col-sm-4\"><div class=\"vc_column-inner\"><div class=\"wpb_wrapper\">\n\t<div class=\"wpb_text_column wpb_content_element\" >\n\t\t<div class=\"wpb_wrapper\">\n\t\t\t<h1><strong>Knorr-Bremse<\/strong><\/h1>\n\n\t\t<\/div>\n\t<\/div>\n\n\t<div class=\"wpb_text_column wpb_content_element\" >\n\t\t<div class=\"wpb_wrapper\">\n\t\t\t<p>The leading manufacturer of braking systems and active safety systems for commercial vehicles.<\/p>\n\n\t\t<\/div>\n\t<\/div>\n<\/div><\/div><\/div><div class=\"wpb_column vc_column_container vc_col-sm-4\"><div class=\"vc_column-inner\"><div class=\"wpb_wrapper\">\n\t<div class=\"wpb_text_column wpb_content_element\" >\n\t\t<div class=\"wpb_wrapper\">\n\t\t\t<h1><strong>Timocom<\/strong><\/h1>\n\n\t\t<\/div>\n\t<\/div>\n\n\t<div class=\"wpb_text_column wpb_content_element\" >\n\t\t<div class=\"wpb_wrapper\">\n\t\t\t<p>The leader in data processing and services for intelligent logistics (Augmented Logistics).<\/p>\n\n\t\t<\/div>\n\t<\/div>\n<\/div><\/div><\/div><\/div><div class=\"vc_row wpb_row vc_row-fluid\"><div class=\"wpb_column vc_column_container vc_col-sm-4\"><div class=\"vc_column-inner\"><div class=\"wpb_wrapper\">\n\t<div class=\"wpb_text_column wpb_content_element\" >\n\t\t<div class=\"wpb_wrapper\">\n\t\t\t<h1><strong>see. think. act.<\/strong><\/h1>\n\n\t\t<\/div>\n\t<\/div>\n\n\t<div class=\"wpb_text_column wpb_content_element\" >\n\t\t<div class=\"wpb_wrapper\">\n\t\t\t<p>The leading global provider of safety, efficiency and connectivity technologies for commercial vehicles.<\/p>\n\n\t\t<\/div>\n\t<\/div>\n<\/div><\/div><\/div><div class=\"wpb_column vc_column_container vc_col-sm-4\"><div class=\"vc_column-inner\"><div class=\"wpb_wrapper\">\n\t<div class=\"wpb_text_column wpb_content_element\" >\n\t\t<div class=\"wpb_wrapper\">\n\t\t\t<h1><strong>tbs service<\/strong><\/h1>\n\n\t\t<\/div>\n\t<\/div>\n\n\t<div class=\"wpb_text_column wpb_content_element\" >\n\t\t<div class=\"wpb_wrapper\">\n\t\t\t<p>An on-board electronics specialist for the best multi-brand technical support services.<\/p>\n\n\t\t<\/div>\n\t<\/div>\n<\/div><\/div><\/div><div class=\"wpb_column vc_column_container vc_col-sm-4\"><div class=\"vc_column-inner\"><div class=\"wpb_wrapper\"><\/div><\/div><\/div><\/div>\n<\/div>","protected":false},"excerpt":{"rendered":"<p>La filosof\u00eda de Atlantis Global System se basa en la m\u00e1xima apertura colaboraci\u00f3n con empresas y organizaciones de las distintas industrias implicadas en la modernizaci\u00f3n y digitalizaci\u00f3n de la log\u00edstica y los transportes. En la actualidad, algunos de los m\u00e1s importantes socios tecnol\u00f3gicos de AGS son los siguientes:<\/p>","protected":false},"author":2,"featured_media":0,"parent":0,"menu_order":0,"comment_status":"closed","ping_status":"closed","template":"","meta":{"footnotes":""},"class_list":["post-6026","page","type-page","status-publish","hentry"],"yoast_head":"<!-- This site is optimized with the Yoast SEO plugin v27.3 - https:\/\/yoast.com\/product\/yoast-seo-wordpress\/ -->\n<title>Partners tecnol\u00f3gicos - Atlantis Global System<\/title>\n<meta name=\"robots\" content=\"index, follow, max-snippet:-1, max-image-preview:large, max-video-preview:-1\" \/>\n<link rel=\"canonical\" href=\"https:\/\/www.ags-atlantis.es\/en\/partners-tecnologicos\/\" \/>\n<meta property=\"og:locale\" content=\"en_US\" \/>\n<meta property=\"og:type\" content=\"article\" \/>\n<meta property=\"og:title\" content=\"Partners tecnol\u00f3gicos - Atlantis Global System\" \/>\n<meta property=\"og:description\" content=\"La filosof\u00eda de Atlantis Global System se basa en la m\u00e1xima apertura colaboraci\u00f3n con empresas y organizaciones de las distintas industrias implicadas en la modernizaci\u00f3n y digitalizaci\u00f3n de la log\u00edstica y los transportes. En la actualidad, algunos de los m\u00e1s importantes socios tecnol\u00f3gicos de AGS son los siguientes:\" \/>\n<meta property=\"og:url\" content=\"https:\/\/www.ags-atlantis.es\/en\/partners-tecnologicos\/\" \/>\n<meta property=\"og:site_name\" content=\"Atlantis Global System\" \/>\n<meta property=\"article:modified_time\" content=\"2025-07-09T09:52:21+00:00\" \/>\n<meta name=\"twitter:card\" content=\"summary_large_image\" \/>\n<meta name=\"twitter:label1\" content=\"Est. reading time\" \/>\n\t<meta name=\"twitter:data1\" content=\"2 minutes\" \/>\n<script type=\"application\/ld+json\" class=\"yoast-schema-graph\">{\"@context\":\"https:\\\/\\\/schema.org\",\"@graph\":[{\"@type\":\"WebPage\",\"@id\":\"https:\\\/\\\/www.ags-atlantis.es\\\/en\\\/partners-tecnologicos\\\/\",\"url\":\"https:\\\/\\\/www.ags-atlantis.es\\\/en\\\/partners-tecnologicos\\\/\",\"name\":\"Partners tecnol\u00f3gicos - Atlantis Global System\",\"isPartOf\":{\"@id\":\"http:\\\/\\\/www.scb.ags-atlantis.es\\\/en\\\/#website\"},\"datePublished\":\"2020-10-13T15:18:41+00:00\",\"dateModified\":\"2025-07-09T09:52:21+00:00\",\"breadcrumb\":{\"@id\":\"https:\\\/\\\/www.ags-atlantis.es\\\/en\\\/partners-tecnologicos\\\/#breadcrumb\"},\"inLanguage\":\"en-US\",\"potentialAction\":[{\"@type\":\"ReadAction\",\"target\":[\"https:\\\/\\\/www.ags-atlantis.es\\\/en\\\/partners-tecnologicos\\\/\"]}]},{\"@type\":\"BreadcrumbList\",\"@id\":\"https:\\\/\\\/www.ags-atlantis.es\\\/en\\\/partners-tecnologicos\\\/#breadcrumb\",\"itemListElement\":[{\"@type\":\"ListItem\",\"position\":1,\"name\":\"Portada\",\"item\":\"https:\\\/\\\/ags-atlantis.es\\\/en\\\/\"},{\"@type\":\"ListItem\",\"position\":2,\"name\":\"Partners tecnol\u00f3gicos\"}]},{\"@type\":\"WebSite\",\"@id\":\"http:\\\/\\\/www.scb.ags-atlantis.es\\\/en\\\/#website\",\"url\":\"http:\\\/\\\/www.scb.ags-atlantis.es\\\/en\\\/\",\"name\":\"Atlantis Global System\",\"description\":\"Soluciones Log\u00edsticas de Gesti\u00f3n y Movilidad\",\"potentialAction\":[{\"@type\":\"SearchAction\",\"target\":{\"@type\":\"EntryPoint\",\"urlTemplate\":\"http:\\\/\\\/www.scb.ags-atlantis.es\\\/en\\\/?s={search_term_string}\"},\"query-input\":{\"@type\":\"PropertyValueSpecification\",\"valueRequired\":true,\"valueName\":\"search_term_string\"}}],\"inLanguage\":\"en-US\"}]}<\/script>\n<!-- \/ Yoast SEO plugin. -->","yoast_head_json":{"title":"Partners tecnol\u00f3gicos - Atlantis Global System","robots":{"index":"index","follow":"follow","max-snippet":"max-snippet:-1","max-image-preview":"max-image-preview:large","max-video-preview":"max-video-preview:-1"},"canonical":"https:\/\/www.ags-atlantis.es\/en\/partners-tecnologicos\/","og_locale":"en_US","og_type":"article","og_title":"Partners tecnol\u00f3gicos - Atlantis Global System","og_description":"La filosof\u00eda de Atlantis Global System se basa en la m\u00e1xima apertura colaboraci\u00f3n con empresas y organizaciones de las distintas industrias implicadas en la modernizaci\u00f3n y digitalizaci\u00f3n de la log\u00edstica y los transportes. En la actualidad, algunos de los m\u00e1s importantes socios tecnol\u00f3gicos de AGS son los siguientes:","og_url":"https:\/\/www.ags-atlantis.es\/en\/partners-tecnologicos\/","og_site_name":"Atlantis Global System","article_modified_time":"2025-07-09T09:52:21+00:00","twitter_card":"summary_large_image","twitter_misc":{"Est. reading time":"2 minutes"},"schema":{"@context":"https:\/\/schema.org","@graph":[{"@type":"WebPage","@id":"https:\/\/www.ags-atlantis.es\/en\/partners-tecnologicos\/","url":"https:\/\/www.ags-atlantis.es\/en\/partners-tecnologicos\/","name":"Partners tecnol\u00f3gicos - Atlantis Global System","isPartOf":{"@id":"http:\/\/www.scb.ags-atlantis.es\/en\/#website"},"datePublished":"2020-10-13T15:18:41+00:00","dateModified":"2025-07-09T09:52:21+00:00","breadcrumb":{"@id":"https:\/\/www.ags-atlantis.es\/en\/partners-tecnologicos\/#breadcrumb"},"inLanguage":"en-US","potentialAction":[{"@type":"ReadAction","target":["https:\/\/www.ags-atlantis.es\/en\/partners-tecnologicos\/"]}]},{"@type":"BreadcrumbList","@id":"https:\/\/www.ags-atlantis.es\/en\/partners-tecnologicos\/#breadcrumb","itemListElement":[{"@type":"ListItem","position":1,"name":"Portada","item":"https:\/\/ags-atlantis.es\/en\/"},{"@type":"ListItem","position":2,"name":"Partners tecnol\u00f3gicos"}]},{"@type":"WebSite","@id":"http:\/\/www.scb.ags-atlantis.es\/en\/#website","url":"http:\/\/www.scb.ags-atlantis.es\/en\/","name":"Atlantis Global System","description":"Soluciones Log\u00edsticas de Gesti\u00f3n y Movilidad","potentialAction":[{"@type":"SearchAction","target":{"@type":"EntryPoint","urlTemplate":"http:\/\/www.scb.ags-atlantis.es\/en\/?s={search_term_string}"},"query-input":{"@type":"PropertyValueSpecification","valueRequired":true,"valueName":"search_term_string"}}],"inLanguage":"en-US"}]}},"_links":{"self":[{"href":"https:\/\/ags-atlantis.es\/en\/wp-json\/wp\/v2\/pages\/6026","targetHints":{"allow":["GET"]}}],"collection":[{"href":"https:\/\/ags-atlantis.es\/en\/wp-json\/wp\/v2\/pages"}],"about":[{"href":"https:\/\/ags-atlantis.es\/en\/wp-json\/wp\/v2\/types\/page"}],"author":[{"embeddable":true,"href":"https:\/\/ags-atlantis.es\/en\/wp-json\/wp\/v2\/users\/2"}],"replies":[{"embeddable":true,"href":"https:\/\/ags-atlantis.es\/en\/wp-json\/wp\/v2\/comments?post=6026"}],"version-history":[{"count":63,"href":"https:\/\/ags-atlantis.es\/en\/wp-json\/wp\/v2\/pages\/6026\/revisions"}],"predecessor-version":[{"id":9622,"href":"https:\/\/ags-atlantis.es\/en\/wp-json\/wp\/v2\/pages\/6026\/revisions\/9622"}],"wp:attachment":[{"href":"https:\/\/ags-atlantis.es\/en\/wp-json\/wp\/v2\/media?parent=6026"}],"curies":[{"name":"wp","href":"https:\/\/api.w.org\/{rel}","templated":true}]}}