{"id":5811,"date":"2020-10-05T11:56:49","date_gmt":"2020-10-05T11:56:49","guid":{"rendered":"https:\/\/wordpress-ags-atlantis-c7b0a5dmamd7a6ay.northeurope-01.azurewebsites.net\/?page_id=5811"},"modified":"2025-10-30T11:51:38","modified_gmt":"2025-10-30T10:51:38","slug":"centros-de-distribucion-camaras-frigorificas","status":"publish","type":"page","link":"https:\/\/ags-atlantis.es\/en\/soluciones\/centros-de-distribucion-camaras-frigorificas\/","title":{"rendered":"Distribution centers<br> (cold rooms)"},"content":{"rendered":"<div class=\"wpb-content-wrapper\"><div class=\"vc_row wpb_row vc_row-fluid\"><div class=\"wpb_column vc_column_container vc_col-sm-12\"><div class=\"vc_column-inner\"><div class=\"wpb_wrapper\">\n\t<div class=\"wpb_text_column wpb_content_element\" >\n\t\t<div class=\"wpb_wrapper\">\n\t\t\t<h1>AGS solutions for distribution centers<br \/>\n(cold-storage rooms)<\/h1>\n\n\t\t<\/div>\n\t<\/div>\n\n\t<div class=\"wpb_text_column wpb_content_element\" >\n\t\t<div class=\"wpb_wrapper\">\n\t\t\t<h3>AGS technology allows real-time control and centralized management, from a single interface, all kinds of cold rooms belonging to food and\/or pharma\/medicine distribution centers, from the headquarters, and also through mobile devices.<\/h3>\n<h4 class=\"translation-block\"><strong>Adapted to comply with the multiple requirements of traceability, supervision, and control <\/strong>established in the quality plans of our clients, as well as optimized to facilitate the supervision, management, and maintenance of the Conecta+ iTS Compact digital thermographs installed in the different cold rooms.<\/h4>\n<h4><b>With a modular and scalable approach, <\/b>that will allow you to evolve in the coverages, with which to meet present and future needs efficiently, and optimize both operating and maintenance costs.<\/h4>\n\n\t\t<\/div>\n\t<\/div>\n<\/div><\/div><\/div><\/div><div class=\"vc_row wpb_row vc_row-fluid\"><div class=\"wpb_column vc_column_container vc_col-sm-6\"><div class=\"vc_column-inner\"><div class=\"wpb_wrapper\">\n\t<div class=\"wpb_text_column wpb_content_element\" >\n\t\t<div class=\"wpb_wrapper\">\n\t\t\t<h3 style=\"text-align: center;\">Integrated Applications<\/h3>\n\n\t\t<\/div>\n\t<\/div>\n<div class=\"vc_row wpb_row vc_inner vc_row-fluid\"><div class=\"wpb_column vc_column_container vc_col-sm-3\"><div class=\"vc_column-inner\"><div class=\"wpb_wrapper\"><\/div><\/div><\/div><div class=\"wpb_column vc_column_container vc_col-sm-3\"><div class=\"vc_column-inner\"><div class=\"wpb_wrapper\">\n\t<div  class=\"wpb_single_image wpb_content_element vc_align_center wpb_content_element\">\n\t\t\n\t\t<figure class=\"wpb_wrapper vc_figure\">\n\t\t\t<a href=\"\/en\/product\/ags-conecta\/\" target=\"_self\" class=\"vc_single_image-wrapper   vc_box_border_grey\"><img decoding=\"async\" class=\"vc_single_image-img\" src=\"\/wp-content\/uploads\/2020\/11\/AGSTermotelPremium-100x100.png\" width=\"100\" height=\"100\" alt=\"AGS Termotel Premium\" title=\"AGSTermotelPremium\" loading=\"lazy\" \/><\/a><figcaption class=\"vc_figure-caption\">AGS Termotel Premium<\/figcaption>\n\t\t<\/figure>\n\t<\/div>\n<\/div><\/div><\/div><div class=\"wpb_column vc_column_container vc_col-sm-3\"><div class=\"vc_column-inner\"><div class=\"wpb_wrapper\">\n\t<div  class=\"wpb_single_image wpb_content_element vc_align_center wpb_content_element\">\n\t\t\n\t\t<figure class=\"wpb_wrapper vc_figure\">\n\t\t\t<a href=\"\/en\/product\/ags-termotel\/\" target=\"_self\" class=\"vc_single_image-wrapper   vc_box_border_grey\"><img decoding=\"async\" class=\"vc_single_image-img\" src=\"\/wp-content\/uploads\/2020\/11\/AGSTermotelPro-100x100.png\" width=\"100\" height=\"100\" alt=\"AGS Termotel Pro\" title=\"AGSTermotelPro\" loading=\"lazy\" \/><\/a><figcaption class=\"vc_figure-caption\">AGS Termotel Pro<\/figcaption>\n\t\t<\/figure>\n\t<\/div>\n<\/div><\/div><\/div><div class=\"wpb_column vc_column_container vc_col-sm-3\"><div class=\"vc_column-inner\"><div class=\"wpb_wrapper\"><\/div><\/div><\/div><\/div><\/div><\/div><\/div><div class=\"wpb_column vc_column_container vc_col-sm-6\"><div class=\"vc_column-inner\"><div class=\"wpb_wrapper\">\n\t<div class=\"wpb_text_column wpb_content_element\" >\n\t\t<div class=\"wpb_wrapper\">\n\t\t\t<h3 style=\"text-align: center;\">Integrated Mobile Apps<\/h3>\n\n\t\t<\/div>\n\t<\/div>\n<div class=\"vc_row wpb_row vc_inner vc_row-fluid\"><div class=\"wpb_column vc_column_container vc_col-sm-3\"><div class=\"vc_column-inner\"><div class=\"wpb_wrapper\"><\/div><\/div><\/div><div class=\"wpb_column vc_column_container vc_col-sm-3\"><div class=\"vc_column-inner\"><div class=\"wpb_wrapper\">\n\t<div  class=\"wpb_single_image wpb_content_element vc_align_center wpb_content_element\">\n\t\t\n\t\t<figure class=\"wpb_wrapper vc_figure\">\n\t\t\t<a href=\"\/en\/product\/ags-termotel\/\" target=\"_self\" class=\"vc_single_image-wrapper   vc_box_border_grey\"><img decoding=\"async\" class=\"vc_single_image-img\" src=\"\/wp-content\/uploads\/2020\/11\/AGSTermotel-Pro-Mobile-100x100.png\" width=\"100\" height=\"100\" alt=\"AGS Termotel Pro Mobile\" title=\"AGSTermotel Pro Mobile\" loading=\"lazy\" \/><\/a><figcaption class=\"vc_figure-caption\">AGS Termotel Pro Mobile<\/figcaption>\n\t\t<\/figure>\n\t<\/div>\n<\/div><\/div><\/div><div class=\"wpb_column vc_column_container vc_col-sm-3\"><div class=\"vc_column-inner\"><div class=\"wpb_wrapper\">\n\t<div  class=\"wpb_single_image wpb_content_element vc_align_center wpb_content_element\">\n\t\t\n\t\t<figure class=\"wpb_wrapper vc_figure\">\n\t\t\t<a href=\"\/en\/product\/ags-termotel\/\" target=\"_self\" class=\"vc_single_image-wrapper   vc_box_border_grey\"><img decoding=\"async\" class=\"vc_single_image-img\" src=\"\/wp-content\/uploads\/2020\/11\/AGS-iTS-Mobile-100x100.png\" width=\"100\" height=\"100\" alt=\"AGS iTS Mobile\" title=\"AGS iTS Mobile\" loading=\"lazy\" \/><\/a><figcaption class=\"vc_figure-caption\">AGS iTS Mobile<\/figcaption>\n\t\t<\/figure>\n\t<\/div>\n<\/div><\/div><\/div><div class=\"wpb_column vc_column_container vc_col-sm-3\"><div class=\"vc_column-inner\"><div class=\"wpb_wrapper\"><\/div><\/div><\/div><\/div><\/div><\/div><\/div><\/div><div class=\"vc_row wpb_row vc_row-fluid\"><div class=\"wpb_column vc_column_container vc_col-sm-12\"><div class=\"vc_column-inner\"><div class=\"wpb_wrapper\">\n\t<div class=\"wpb_text_column wpb_content_element\" >\n\t\t<div class=\"wpb_wrapper\">\n\t\t\t<h3 style=\"text-align: center;\">Integrated Conecta+ Technology<\/h3>\n\n\t\t<\/div>\n\t<\/div>\n<div class=\"vc_row wpb_row vc_inner vc_row-fluid\"><div class=\"wpb_column vc_column_container vc_col-sm-4\"><div class=\"vc_column-inner\"><div class=\"wpb_wrapper\">\n\t<div  class=\"wpb_single_image wpb_content_element vc_align_center wpb_content_element\">\n\t\t\n\t\t<figure class=\"wpb_wrapper vc_figure\">\n\t\t\t<a href=\"\/en\/tecnologia\/ags-conecta-ion\/\" target=\"_self\" class=\"vc_single_image-wrapper   vc_box_border_grey\"><img loading=\"lazy\" decoding=\"async\" width=\"300\" height=\"240\" src=\"\/wp-content\/uploads\/2021\/01\/iON_premium-copia-peq-300x240.png\" class=\"vc_single_image-img attachment-medium\" alt=\"\" title=\"iON_premium copia peq\" srcset=\"\/wp-content\/uploads\/2021\/01\/iON_premium-copia-peq-300x240.png 300w, \/wp-content\/uploads\/2021\/01\/iON_premium-copia-peq-16x12.png 16w, \/wp-content\/uploads\/2021\/01\/iON_premium-copia-peq-400x320.png 400w, \/wp-content\/uploads\/2021\/01\/iON_premium-copia-peq.png 600w\" sizes=\"auto, (max-width: 300px) 100vw, 300px\" \/><\/a><figcaption class=\"vc_figure-caption\">Conecta+ iON Premium<\/figcaption>\n\t\t<\/figure>\n\t<\/div>\n<\/div><\/div><\/div><div class=\"wpb_column vc_column_container vc_col-sm-4\"><div class=\"vc_column-inner\"><div class=\"wpb_wrapper\"><div class=\"vc_empty_space\"   style=\"height: 20px\"><span class=\"vc_empty_space_inner\"><\/span><\/div>\n\t<div  class=\"wpb_single_image wpb_content_element vc_align_center wpb_content_element\">\n\t\t\n\t\t<figure class=\"wpb_wrapper vc_figure\">\n\t\t\t<a href=\"\/en\/tecnologia\/ags-conecta-control-de-flotas-de-vehiculos-y-camaras-de-frio\/\" target=\"_self\" class=\"vc_single_image-wrapper   vc_box_border_grey\"><img loading=\"lazy\" decoding=\"async\" width=\"300\" height=\"179\" src=\"\/wp-content\/uploads\/2023\/03\/iTS-Compact-acabado-Wired-web-300x179.png\" class=\"vc_single_image-img attachment-medium\" alt=\"\" title=\"iTS-Compact-acabado-Wired-web\" srcset=\"\/wp-content\/uploads\/2023\/03\/iTS-Compact-acabado-Wired-web-300x179.png 300w, \/wp-content\/uploads\/2023\/03\/iTS-Compact-acabado-Wired-web-768x457.png 768w, \/wp-content\/uploads\/2023\/03\/iTS-Compact-acabado-Wired-web-16x10.png 16w, \/wp-content\/uploads\/2023\/03\/iTS-Compact-acabado-Wired-web-400x238.png 400w, \/wp-content\/uploads\/2023\/03\/iTS-Compact-acabado-Wired-web.png 800w\" sizes=\"auto, (max-width: 300px) 100vw, 300px\" \/><\/a>\n\t\t<\/figure>\n\t<\/div>\n<\/div><\/div><\/div><div class=\"wpb_column vc_column_container vc_col-sm-4\"><div class=\"vc_column-inner\"><div class=\"wpb_wrapper\"><div class=\"vc_empty_space\"   style=\"height: 20px\"><span class=\"vc_empty_space_inner\"><\/span><\/div>\n\t<div  class=\"wpb_single_image wpb_content_element vc_align_center wpb_content_element\">\n\t\t\n\t\t<figure class=\"wpb_wrapper vc_figure\">\n\t\t\t<a href=\"\/en\/tecnologia\/ags-conecta-control-de-flotas-de-vehiculos-y-camaras-de-frio\/\" target=\"_self\" class=\"vc_single_image-wrapper   vc_box_border_grey\"><img loading=\"lazy\" decoding=\"async\" width=\"300\" height=\"179\" src=\"\/wp-content\/uploads\/2023\/03\/iTS-Compact-acabado-Battery-web-300x179.png\" class=\"vc_single_image-img attachment-medium\" alt=\"\" title=\"iTS-Compact-acabado-Battery-web\" srcset=\"\/wp-content\/uploads\/2023\/03\/iTS-Compact-acabado-Battery-web-300x179.png 300w, \/wp-content\/uploads\/2023\/03\/iTS-Compact-acabado-Battery-web-768x457.png 768w, \/wp-content\/uploads\/2023\/03\/iTS-Compact-acabado-Battery-web-16x10.png 16w, \/wp-content\/uploads\/2023\/03\/iTS-Compact-acabado-Battery-web-400x238.png 400w, \/wp-content\/uploads\/2023\/03\/iTS-Compact-acabado-Battery-web.png 800w\" sizes=\"auto, (max-width: 300px) 100vw, 300px\" \/><\/a>\n\t\t<\/figure>\n\t<\/div>\n<\/div><\/div><\/div><\/div><\/div><\/div><\/div><\/div><div data-vc-full-width=\"true\" data-vc-full-width-temp=\"true\" data-vc-full-width-init=\"false\" class=\"vc_row wpb_row vc_row-fluid vc_custom_1607465227295 vc_row-has-fill\"><div class=\"wpb_column vc_column_container vc_col-sm-12\"><div class=\"vc_column-inner\"><div class=\"wpb_wrapper\">\n\t<div class=\"wpb_text_column wpb_content_element\" >\n\t\t<div class=\"wpb_wrapper\">\n\t\t\t<h3 style=\"text-align: center;\">AGS solutions for distribution centers (cold-storage rooms)<\/h3>\n\n\t\t<\/div>\n\t<\/div>\n\n\t<div  class=\"wpb_single_image wpb_content_element vc_align_left wpb_content_element vc_custom_1761821496643\">\n\t\t\n\t\t<figure class=\"wpb_wrapper vc_figure\">\n\t\t\t<div class=\"vc_single_image-wrapper   vc_box_border_grey\"><img loading=\"lazy\" decoding=\"async\" width=\"1900\" height=\"1094\" src=\"\/wp-content\/uploads\/2023\/03\/Solucion-Camaras-Frigorificas-2023-web.png\" class=\"vc_single_image-img attachment-full\" alt=\"\" title=\"Solucion-Camaras-Frigorificas-2023-web\" srcset=\"\/wp-content\/uploads\/2023\/03\/Solucion-Camaras-Frigorificas-2023-web.png 1900w, \/wp-content\/uploads\/2023\/03\/Solucion-Camaras-Frigorificas-2023-web-300x173.png 300w, \/wp-content\/uploads\/2023\/03\/Solucion-Camaras-Frigorificas-2023-web-1024x590.png 1024w, \/wp-content\/uploads\/2023\/03\/Solucion-Camaras-Frigorificas-2023-web-768x442.png 768w, \/wp-content\/uploads\/2023\/03\/Solucion-Camaras-Frigorificas-2023-web-1536x884.png 1536w, \/wp-content\/uploads\/2023\/03\/Solucion-Camaras-Frigorificas-2023-web-16x9.png 16w, \/wp-content\/uploads\/2023\/03\/Solucion-Camaras-Frigorificas-2023-web-1200x691.png 1200w, \/wp-content\/uploads\/2023\/03\/Solucion-Camaras-Frigorificas-2023-web-400x230.png 400w\" sizes=\"auto, (max-width: 1900px) 100vw, 1900px\" \/><\/div>\n\t\t<\/figure>\n\t<\/div>\n<\/div><\/div><\/div><\/div><div class=\"vc_row-full-width vc_clearfix\"><\/div><div data-vc-full-width=\"true\" data-vc-full-width-temp=\"true\" data-vc-full-width-init=\"false\" class=\"vc_row wpb_row vc_row-fluid vc_custom_1611872898081 vc_row-has-fill\"><div class=\"wpb_column vc_column_container vc_col-sm-12\"><div class=\"vc_column-inner\"><div class=\"wpb_wrapper\"><\/div><\/div><\/div><\/div><div class=\"vc_row-full-width vc_clearfix\"><\/div>\n<\/div>","protected":false},"excerpt":{"rendered":"<p class=\"translation-block\"><strong>Real-time temperature control and centralized management for cold-storage rooms. <\/strong>Our control and online telematics management of cold rooms solution located in distribution centers for food, pharma, etc. are ideal for centralizing and optimizing the management of all of them from a single interface.<\/p>\n<p class=\"translation-block\"><strong>Adapted to different formats according to the device used,<\/strong>with this solution you will have an easy way to control and manage the digital thermographs installed in different cameras, and different users enabled in the AGS Telematics Services Platform.<\/p>","protected":false},"author":2,"featured_media":10124,"parent":17,"menu_order":0,"comment_status":"closed","ping_status":"closed","template":"","meta":{"footnotes":""},"class_list":["post-5811","page","type-page","status-publish","has-post-thumbnail","hentry"],"yoast_head":"<!-- This site is optimized with the Yoast SEO plugin v27.3 - https:\/\/yoast.com\/product\/yoast-seo-wordpress\/ -->\n<title>Centros de distribuci\u00f3n (c\u00e1maras frigor\u00edficas) - Atlantis Global System<\/title>\n<meta name=\"robots\" content=\"index, follow, max-snippet:-1, max-image-preview:large, max-video-preview:-1\" \/>\n<link rel=\"canonical\" href=\"https:\/\/www.ags-atlantis.es\/en\/soluciones\/centros-de-distribucion-camaras-frigorificas\/\" \/>\n<meta property=\"og:locale\" content=\"en_US\" \/>\n<meta property=\"og:type\" content=\"article\" \/>\n<meta property=\"og:title\" content=\"Centros de distribuci\u00f3n (c\u00e1maras frigor\u00edficas) - Atlantis Global System\" \/>\n<meta property=\"og:description\" content=\"Control de temperatura en tiempo real y gesti\u00f3n centralizada para c\u00e1maras frigor\u00edficas. Nuestra soluci\u00f3n para el control y la gesti\u00f3n telem\u00e1tica online de c\u00e1maras frigor\u00edficas ubicadas en los centros de distribuci\u00f3n de alimentos, medicamentos, etc. es ideal para centralizar y optimizar la gesti\u00f3n de todas ellas desde una \u00fanica interfaz.   Adaptado a distintos formatos seg\u00fan el dispositivo empleado, con esta soluci\u00f3n tendr\u00e1s una forma sencilla para controlar y gestionar los term\u00f3grafos digitales instalados en las distintas c\u00e1maras, y de los distintos usuarios habilitados en la Plataforma de Servicios Telem\u00e1ticos de AGS.\" \/>\n<meta property=\"og:url\" content=\"https:\/\/www.ags-atlantis.es\/en\/soluciones\/centros-de-distribucion-camaras-frigorificas\/\" \/>\n<meta property=\"og:site_name\" content=\"Atlantis Global System\" \/>\n<meta property=\"article:modified_time\" content=\"2025-10-30T10:51:38+00:00\" \/>\n<meta property=\"og:image\" content=\"https:\/\/ags-atlantis.es\/wp-content\/uploads\/2025\/10\/camaras.png\" \/>\n\t<meta property=\"og:image:width\" content=\"1600\" \/>\n\t<meta property=\"og:image:height\" content=\"800\" \/>\n\t<meta property=\"og:image:type\" content=\"image\/png\" \/>\n<meta name=\"twitter:card\" content=\"summary_large_image\" \/>\n<meta name=\"twitter:label1\" content=\"Est. reading time\" \/>\n\t<meta name=\"twitter:data1\" content=\"3 minutes\" \/>\n<script type=\"application\/ld+json\" class=\"yoast-schema-graph\">{\"@context\":\"https:\\\/\\\/schema.org\",\"@graph\":[{\"@type\":\"WebPage\",\"@id\":\"https:\\\/\\\/www.ags-atlantis.es\\\/en\\\/soluciones\\\/centros-de-distribucion-camaras-frigorificas\\\/\",\"url\":\"https:\\\/\\\/www.ags-atlantis.es\\\/en\\\/soluciones\\\/centros-de-distribucion-camaras-frigorificas\\\/\",\"name\":\"Centros de distribuci\u00f3n (c\u00e1maras frigor\u00edficas) - Atlantis Global System\",\"isPartOf\":{\"@id\":\"http:\\\/\\\/www.scb.ags-atlantis.es\\\/en\\\/#website\"},\"primaryImageOfPage\":{\"@id\":\"https:\\\/\\\/www.ags-atlantis.es\\\/en\\\/soluciones\\\/centros-de-distribucion-camaras-frigorificas\\\/#primaryimage\"},\"image\":{\"@id\":\"https:\\\/\\\/www.ags-atlantis.es\\\/en\\\/soluciones\\\/centros-de-distribucion-camaras-frigorificas\\\/#primaryimage\"},\"thumbnailUrl\":\"\\\/wp-content\\\/uploads\\\/2025\\\/10\\\/camaras.png\",\"datePublished\":\"2020-10-05T11:56:49+00:00\",\"dateModified\":\"2025-10-30T10:51:38+00:00\",\"breadcrumb\":{\"@id\":\"https:\\\/\\\/www.ags-atlantis.es\\\/en\\\/soluciones\\\/centros-de-distribucion-camaras-frigorificas\\\/#breadcrumb\"},\"inLanguage\":\"en-US\",\"potentialAction\":[{\"@type\":\"ReadAction\",\"target\":[\"https:\\\/\\\/www.ags-atlantis.es\\\/en\\\/soluciones\\\/centros-de-distribucion-camaras-frigorificas\\\/\"]}]},{\"@type\":\"ImageObject\",\"inLanguage\":\"en-US\",\"@id\":\"https:\\\/\\\/www.ags-atlantis.es\\\/en\\\/soluciones\\\/centros-de-distribucion-camaras-frigorificas\\\/#primaryimage\",\"url\":\"\\\/wp-content\\\/uploads\\\/2025\\\/10\\\/camaras.png\",\"contentUrl\":\"\\\/wp-content\\\/uploads\\\/2025\\\/10\\\/camaras.png\",\"width\":1600,\"height\":800},{\"@type\":\"BreadcrumbList\",\"@id\":\"https:\\\/\\\/www.ags-atlantis.es\\\/en\\\/soluciones\\\/centros-de-distribucion-camaras-frigorificas\\\/#breadcrumb\",\"itemListElement\":[{\"@type\":\"ListItem\",\"position\":1,\"name\":\"Portada\",\"item\":\"https:\\\/\\\/ags-atlantis.es\\\/en\\\/\"},{\"@type\":\"ListItem\",\"position\":2,\"name\":\"Soluciones\",\"item\":\"https:\\\/\\\/ags-atlantis.es\\\/en\\\/soluciones\\\/\"},{\"@type\":\"ListItem\",\"position\":3,\"name\":\"Centros de distribuci\u00f3n (c\u00e1maras frigor\u00edficas)\"}]},{\"@type\":\"WebSite\",\"@id\":\"http:\\\/\\\/www.scb.ags-atlantis.es\\\/en\\\/#website\",\"url\":\"http:\\\/\\\/www.scb.ags-atlantis.es\\\/en\\\/\",\"name\":\"Atlantis Global System\",\"description\":\"Soluciones Log\u00edsticas de Gesti\u00f3n y Movilidad\",\"potentialAction\":[{\"@type\":\"SearchAction\",\"target\":{\"@type\":\"EntryPoint\",\"urlTemplate\":\"http:\\\/\\\/www.scb.ags-atlantis.es\\\/en\\\/?s={search_term_string}\"},\"query-input\":{\"@type\":\"PropertyValueSpecification\",\"valueRequired\":true,\"valueName\":\"search_term_string\"}}],\"inLanguage\":\"en-US\"}]}<\/script>\n<!-- \/ Yoast SEO plugin. -->","yoast_head_json":{"title":"Centros de distribuci\u00f3n (c\u00e1maras frigor\u00edficas) - Atlantis Global System","robots":{"index":"index","follow":"follow","max-snippet":"max-snippet:-1","max-image-preview":"max-image-preview:large","max-video-preview":"max-video-preview:-1"},"canonical":"https:\/\/www.ags-atlantis.es\/en\/soluciones\/centros-de-distribucion-camaras-frigorificas\/","og_locale":"en_US","og_type":"article","og_title":"Centros de distribuci\u00f3n (c\u00e1maras frigor\u00edficas) - Atlantis Global System","og_description":"Control de temperatura en tiempo real y gesti\u00f3n centralizada para c\u00e1maras frigor\u00edficas. Nuestra soluci\u00f3n para el control y la gesti\u00f3n telem\u00e1tica online de c\u00e1maras frigor\u00edficas ubicadas en los centros de distribuci\u00f3n de alimentos, medicamentos, etc. es ideal para centralizar y optimizar la gesti\u00f3n de todas ellas desde una \u00fanica interfaz.   Adaptado a distintos formatos seg\u00fan el dispositivo empleado, con esta soluci\u00f3n tendr\u00e1s una forma sencilla para controlar y gestionar los term\u00f3grafos digitales instalados en las distintas c\u00e1maras, y de los distintos usuarios habilitados en la Plataforma de Servicios Telem\u00e1ticos de AGS.","og_url":"https:\/\/www.ags-atlantis.es\/en\/soluciones\/centros-de-distribucion-camaras-frigorificas\/","og_site_name":"Atlantis Global System","article_modified_time":"2025-10-30T10:51:38+00:00","og_image":[{"width":1600,"height":800,"url":"https:\/\/ags-atlantis.es\/wp-content\/uploads\/2025\/10\/camaras.png","type":"image\/png"}],"twitter_card":"summary_large_image","twitter_misc":{"Est. reading time":"3 minutes"},"schema":{"@context":"https:\/\/schema.org","@graph":[{"@type":"WebPage","@id":"https:\/\/www.ags-atlantis.es\/en\/soluciones\/centros-de-distribucion-camaras-frigorificas\/","url":"https:\/\/www.ags-atlantis.es\/en\/soluciones\/centros-de-distribucion-camaras-frigorificas\/","name":"Centros de distribuci\u00f3n (c\u00e1maras frigor\u00edficas) - Atlantis Global System","isPartOf":{"@id":"http:\/\/www.scb.ags-atlantis.es\/en\/#website"},"primaryImageOfPage":{"@id":"https:\/\/www.ags-atlantis.es\/en\/soluciones\/centros-de-distribucion-camaras-frigorificas\/#primaryimage"},"image":{"@id":"https:\/\/www.ags-atlantis.es\/en\/soluciones\/centros-de-distribucion-camaras-frigorificas\/#primaryimage"},"thumbnailUrl":"\/wp-content\/uploads\/2025\/10\/camaras.png","datePublished":"2020-10-05T11:56:49+00:00","dateModified":"2025-10-30T10:51:38+00:00","breadcrumb":{"@id":"https:\/\/www.ags-atlantis.es\/en\/soluciones\/centros-de-distribucion-camaras-frigorificas\/#breadcrumb"},"inLanguage":"en-US","potentialAction":[{"@type":"ReadAction","target":["https:\/\/www.ags-atlantis.es\/en\/soluciones\/centros-de-distribucion-camaras-frigorificas\/"]}]},{"@type":"ImageObject","inLanguage":"en-US","@id":"https:\/\/www.ags-atlantis.es\/en\/soluciones\/centros-de-distribucion-camaras-frigorificas\/#primaryimage","url":"\/wp-content\/uploads\/2025\/10\/camaras.png","contentUrl":"\/wp-content\/uploads\/2025\/10\/camaras.png","width":1600,"height":800},{"@type":"BreadcrumbList","@id":"https:\/\/www.ags-atlantis.es\/en\/soluciones\/centros-de-distribucion-camaras-frigorificas\/#breadcrumb","itemListElement":[{"@type":"ListItem","position":1,"name":"Portada","item":"https:\/\/ags-atlantis.es\/en\/"},{"@type":"ListItem","position":2,"name":"Soluciones","item":"https:\/\/ags-atlantis.es\/en\/soluciones\/"},{"@type":"ListItem","position":3,"name":"Centros de distribuci\u00f3n (c\u00e1maras frigor\u00edficas)"}]},{"@type":"WebSite","@id":"http:\/\/www.scb.ags-atlantis.es\/en\/#website","url":"http:\/\/www.scb.ags-atlantis.es\/en\/","name":"Atlantis Global System","description":"Soluciones Log\u00edsticas de Gesti\u00f3n y Movilidad","potentialAction":[{"@type":"SearchAction","target":{"@type":"EntryPoint","urlTemplate":"http:\/\/www.scb.ags-atlantis.es\/en\/?s={search_term_string}"},"query-input":{"@type":"PropertyValueSpecification","valueRequired":true,"valueName":"search_term_string"}}],"inLanguage":"en-US"}]}},"_links":{"self":[{"href":"https:\/\/ags-atlantis.es\/en\/wp-json\/wp\/v2\/pages\/5811","targetHints":{"allow":["GET"]}}],"collection":[{"href":"https:\/\/ags-atlantis.es\/en\/wp-json\/wp\/v2\/pages"}],"about":[{"href":"https:\/\/ags-atlantis.es\/en\/wp-json\/wp\/v2\/types\/page"}],"author":[{"embeddable":true,"href":"https:\/\/ags-atlantis.es\/en\/wp-json\/wp\/v2\/users\/2"}],"replies":[{"embeddable":true,"href":"https:\/\/ags-atlantis.es\/en\/wp-json\/wp\/v2\/comments?post=5811"}],"version-history":[{"count":42,"href":"https:\/\/ags-atlantis.es\/en\/wp-json\/wp\/v2\/pages\/5811\/revisions"}],"predecessor-version":[{"id":10145,"href":"https:\/\/ags-atlantis.es\/en\/wp-json\/wp\/v2\/pages\/5811\/revisions\/10145"}],"up":[{"embeddable":true,"href":"https:\/\/ags-atlantis.es\/en\/wp-json\/wp\/v2\/pages\/17"}],"wp:featuredmedia":[{"embeddable":true,"href":"https:\/\/ags-atlantis.es\/en\/wp-json\/wp\/v2\/media\/10124"}],"wp:attachment":[{"href":"https:\/\/ags-atlantis.es\/en\/wp-json\/wp\/v2\/media?parent=5811"}],"curies":[{"name":"wp","href":"https:\/\/api.w.org\/{rel}","templated":true}]}}