{"id":5801,"date":"2020-10-05T11:43:00","date_gmt":"2020-10-05T11:43:00","guid":{"rendered":"https:\/\/wordpress-ags-atlantis-c7b0a5dmamd7a6ay.northeurope-01.azurewebsites.net\/?page_id=5801"},"modified":"2025-10-30T11:50:53","modified_gmt":"2025-10-30T10:50:53","slug":"solucion-transporte-profesional","status":"publish","type":"page","link":"https:\/\/ags-atlantis.es\/en\/soluciones\/solucion-transporte-profesional\/","title":{"rendered":"Professional transport solution"},"content":{"rendered":"<div class=\"wpb-content-wrapper\"><div class=\"vc_row wpb_row vc_row-fluid\"><div class=\"wpb_column vc_column_container vc_col-sm-12\"><div class=\"vc_column-inner\"><div class=\"wpb_wrapper\">\n\t<div class=\"wpb_text_column wpb_content_element\" >\n\t\t<div class=\"wpb_wrapper\">\n\t\t\t<h1>AGS solution for professional transport<\/h1>\n\n\t\t<\/div>\n\t<\/div>\n\n\t<div class=\"wpb_text_column wpb_content_element\" >\n\t\t<div class=\"wpb_wrapper\">\n\t\t\t<h3>A solution specially designed to cover the logistics needs of vehicle fleets of all types of professional transport companies, in real-time, with advanced and flexible functions, to obtain optimum and efficient results.<\/h3>\n\n\t\t<\/div>\n\t<\/div>\n<\/div><\/div><\/div><\/div><div class=\"vc_row wpb_row vc_row-fluid\"><div class=\"wpb_column vc_column_container vc_col-sm-6\"><div class=\"vc_column-inner\"><div class=\"wpb_wrapper\">\n\t<div class=\"wpb_text_column wpb_content_element\" >\n\t\t<div class=\"wpb_wrapper\">\n\t\t\t<h3 style=\"text-align: center;\">Integrated Applications<\/h3>\n\n\t\t<\/div>\n\t<\/div>\n<div class=\"vc_row wpb_row vc_inner vc_row-fluid\"><div class=\"wpb_column vc_column_container vc_col-sm-3\"><div class=\"vc_column-inner\"><div class=\"wpb_wrapper\">\n\t<div  class=\"wpb_single_image wpb_content_element vc_align_center wpb_content_element\">\n\t\t\n\t\t<figure class=\"wpb_wrapper vc_figure\">\n\t\t\t<a href=\"\/en\/product\/ags-conecta\/\" target=\"_self\" class=\"vc_single_image-wrapper   vc_box_border_grey\"><img decoding=\"async\" class=\"vc_single_image-img\" src=\"\/wp-content\/uploads\/2020\/11\/AGSConecta-1-100x100.png\" width=\"100\" height=\"100\" alt=\"AGS Conecta\" title=\"AGSConecta\" loading=\"lazy\" \/><\/a><figcaption class=\"vc_figure-caption\">AGS Conecta<\/figcaption>\n\t\t<\/figure>\n\t<\/div>\n<\/div><\/div><\/div><div class=\"wpb_column vc_column_container vc_col-sm-3\"><div class=\"vc_column-inner\"><div class=\"wpb_wrapper\">\n\t<div  class=\"wpb_single_image wpb_content_element vc_align_center wpb_content_element\">\n\t\t\n\t\t<figure class=\"wpb_wrapper vc_figure\">\n\t\t\t<a href=\"\/en\/product\/ags-termotel\/\" target=\"_self\" class=\"vc_single_image-wrapper   vc_box_border_grey\"><img decoding=\"async\" class=\"vc_single_image-img\" src=\"\/wp-content\/uploads\/2020\/11\/AGSTermotel-100x100.png\" width=\"100\" height=\"100\" alt=\"AGS Termotel\" title=\"AGSTermotel\" loading=\"lazy\" \/><\/a><figcaption class=\"vc_figure-caption\">AGS Termotel<\/figcaption>\n\t\t<\/figure>\n\t<\/div>\n<\/div><\/div><\/div><div class=\"wpb_column vc_column_container vc_col-sm-3\"><div class=\"vc_column-inner\"><div class=\"wpb_wrapper\">\n\t<div  class=\"wpb_single_image wpb_content_element vc_align_center wpb_content_element\">\n\t\t\n\t\t<figure class=\"wpb_wrapper vc_figure\">\n\t\t\t<a href=\"\/en\/product\/ags-conecta-premium\/\" target=\"_self\" class=\"vc_single_image-wrapper   vc_box_border_grey\"><img decoding=\"async\" class=\"vc_single_image-img\" src=\"\/wp-content\/uploads\/2020\/11\/AGSConectaPremium-100x100.png\" width=\"100\" height=\"100\" alt=\"AGS Conecta Premium\" title=\"AGSConectaPremium\" loading=\"lazy\" \/><\/a><figcaption class=\"vc_figure-caption\">AGS Conecta Premium<\/figcaption>\n\t\t<\/figure>\n\t<\/div>\n<\/div><\/div><\/div><div class=\"wpb_column vc_column_container vc_col-sm-3\"><div class=\"vc_column-inner\"><div class=\"wpb_wrapper\">\n\t<div  class=\"wpb_single_image wpb_content_element vc_align_center wpb_content_element\">\n\t\t\n\t\t<figure class=\"wpb_wrapper vc_figure\">\n\t\t\t<a href=\"\/en\/product\/ags-conecta-premium\/\" target=\"_self\" class=\"vc_single_image-wrapper   vc_box_border_grey\"><img decoding=\"async\" class=\"vc_single_image-img\" src=\"\/wp-content\/uploads\/2020\/11\/AGSConectaPro-100x100.png\" width=\"100\" height=\"100\" alt=\"AGS Conecta Pro\" title=\"AGSConectaPro\" loading=\"lazy\" \/><\/a><figcaption class=\"vc_figure-caption\">AGS Conecta Pro<\/figcaption>\n\t\t<\/figure>\n\t<\/div>\n<\/div><\/div><\/div><\/div><\/div><\/div><\/div><div class=\"wpb_column vc_column_container vc_col-sm-6\"><div class=\"vc_column-inner\"><div class=\"wpb_wrapper\"><div class=\"vc_row wpb_row vc_inner vc_row-fluid\"><div class=\"wpb_column vc_column_container vc_col-sm-3\"><div class=\"vc_column-inner\"><div class=\"wpb_wrapper\"><\/div><\/div><\/div><div class=\"wpb_column vc_column_container vc_col-sm-9\"><div class=\"vc_column-inner\"><div class=\"wpb_wrapper\">\n\t<div class=\"wpb_text_column wpb_content_element\" >\n\t\t<div class=\"wpb_wrapper\">\n\t\t\t<h3 style=\"text-align: center;\">Integrated Mobile Apps<\/h3>\n\n\t\t<\/div>\n\t<\/div>\n<\/div><\/div><\/div><\/div><div class=\"vc_row wpb_row vc_inner vc_row-fluid\"><div class=\"wpb_column vc_column_container vc_col-sm-3\"><div class=\"vc_column-inner\"><div class=\"wpb_wrapper\"><\/div><\/div><\/div><div class=\"wpb_column vc_column_container vc_col-sm-3\"><div class=\"vc_column-inner\"><div class=\"wpb_wrapper\">\n\t<div  class=\"wpb_single_image wpb_content_element vc_align_center wpb_content_element\">\n\t\t\n\t\t<figure class=\"wpb_wrapper vc_figure\">\n\t\t\t<a href=\"\/en\/product\/ags-conecta-mobile\/\" target=\"_self\" class=\"vc_single_image-wrapper   vc_box_border_grey\"><img decoding=\"async\" class=\"vc_single_image-img\" src=\"\/wp-content\/uploads\/2020\/11\/AGSConecta-Mobile-100x100.png\" width=\"100\" height=\"100\" alt=\"AGS Conecta Mobile\" title=\"AGSConecta Mobile\" loading=\"lazy\" \/><\/a><figcaption class=\"vc_figure-caption\">AGS Conecta Mobile<\/figcaption>\n\t\t<\/figure>\n\t<\/div>\n<\/div><\/div><\/div><div class=\"wpb_column vc_column_container vc_col-sm-3\"><div class=\"vc_column-inner\"><div class=\"wpb_wrapper\">\n\t<div  class=\"wpb_single_image wpb_content_element vc_align_center wpb_content_element\">\n\t\t\n\t\t<figure class=\"wpb_wrapper vc_figure\">\n\t\t\t<a href=\"https:\/\/wordpress-ags-atlantis-c7b0a5dmamd7a6ay.northeurope-01.azurewebsites.net\/product\/ags-its-mobile\/\" target=\"_self\" class=\"vc_single_image-wrapper   vc_box_border_grey\"><img decoding=\"async\" class=\"vc_single_image-img\" src=\"\/wp-content\/uploads\/2020\/11\/AGS-iTS-Mobile-100x100.png\" width=\"100\" height=\"100\" alt=\"AGS iTS Mobile\" title=\"AGS iTS Mobile\" loading=\"lazy\" \/><\/a><figcaption class=\"vc_figure-caption\">AGS iTS Mobile<\/figcaption>\n\t\t<\/figure>\n\t<\/div>\n<\/div><\/div><\/div><div class=\"wpb_column vc_column_container vc_col-sm-3\"><div class=\"vc_column-inner\"><div class=\"wpb_wrapper\">\n\t<div  class=\"wpb_single_image wpb_content_element vc_align_center wpb_content_element\">\n\t\t\n\t\t<figure class=\"wpb_wrapper vc_figure\">\n\t\t\t<a href=\"https:\/\/wordpress-ags-atlantis-c7b0a5dmamd7a6ay.northeurope-01.azurewebsites.net\/product\/ags-driver\/\" target=\"_self\" class=\"vc_single_image-wrapper   vc_box_border_grey\"><img decoding=\"async\" class=\"vc_single_image-img\" src=\"\/wp-content\/uploads\/2020\/11\/AGS-Driver-100x100.png\" width=\"100\" height=\"100\" alt=\"AGS Driver\" title=\"AGS Driver\" loading=\"lazy\" \/><\/a><figcaption class=\"vc_figure-caption\">AGS Driver<\/figcaption>\n\t\t<\/figure>\n\t<\/div>\n<\/div><\/div><\/div><\/div><\/div><\/div><\/div><\/div><div class=\"vc_row wpb_row vc_row-fluid\"><div class=\"wpb_column vc_column_container vc_col-sm-12\"><div class=\"vc_column-inner\"><div class=\"wpb_wrapper\">\n\t<div class=\"wpb_text_column wpb_content_element vc_custom_1607450620229\" >\n\t\t<div class=\"wpb_wrapper\">\n\t\t\t<h3 style=\"text-align: center;\">Integrated Conecta+ Technology<\/h3>\n\n\t\t<\/div>\n\t<\/div>\n<div class=\"vc_row wpb_row vc_inner vc_row-fluid\"><div class=\"wpb_column vc_column_container vc_col-sm-12\"><div class=\"vc_column-inner\"><div class=\"wpb_wrapper\"><div class=\"vc_empty_space\"   style=\"height: 22px\"><span class=\"vc_empty_space_inner\"><\/span><\/div><\/div><\/div><\/div><\/div><div class=\"vc_row wpb_row vc_inner vc_row-fluid\"><div class=\"wpb_column vc_column_container vc_col-sm-3\"><div class=\"vc_column-inner\"><div class=\"wpb_wrapper\">\n\t<div  class=\"wpb_single_image wpb_content_element vc_align_center wpb_content_element\">\n\t\t\n\t\t<figure class=\"wpb_wrapper vc_figure\">\n\t\t\t<a href=\"\/en\/tecnologia\/ags-conecta-ion\/\" target=\"_self\" class=\"vc_single_image-wrapper   vc_box_border_grey\"><img loading=\"lazy\" decoding=\"async\" width=\"300\" height=\"300\" src=\"\/wp-content\/uploads\/2025\/10\/ConectaiON-S-300x300.png\" class=\"vc_single_image-img attachment-medium\" alt=\"\" title=\"Conecta+iON S\" srcset=\"\/wp-content\/uploads\/2025\/10\/ConectaiON-S-300x300.png 300w, \/wp-content\/uploads\/2025\/10\/ConectaiON-S-150x150.png 150w, \/wp-content\/uploads\/2025\/10\/ConectaiON-S-12x12.png 12w, \/wp-content\/uploads\/2025\/10\/ConectaiON-S-400x400.png 400w, \/wp-content\/uploads\/2025\/10\/ConectaiON-S-100x100.png 100w, \/wp-content\/uploads\/2025\/10\/ConectaiON-S.png 500w\" sizes=\"auto, (max-width: 300px) 100vw, 300px\" \/><\/a>\n\t\t<\/figure>\n\t<\/div>\n<\/div><\/div><\/div><div class=\"wpb_column vc_column_container vc_col-sm-3\"><div class=\"vc_column-inner\"><div class=\"wpb_wrapper\">\n\t<div  class=\"wpb_single_image wpb_content_element vc_align_center wpb_content_element\">\n\t\t\n\t\t<figure class=\"wpb_wrapper vc_figure\">\n\t\t\t<a href=\"\/en\/tecnologia\/ags-conecta-ion\/\" target=\"_self\" class=\"vc_single_image-wrapper   vc_box_border_grey\"><img loading=\"lazy\" decoding=\"async\" width=\"300\" height=\"300\" src=\"\/wp-content\/uploads\/2025\/10\/ConectaiON-S-Premium-1-300x300.png\" class=\"vc_single_image-img attachment-medium\" alt=\"\" title=\"Conecta+iON S Premium\" srcset=\"\/wp-content\/uploads\/2025\/10\/ConectaiON-S-Premium-1-300x300.png 300w, \/wp-content\/uploads\/2025\/10\/ConectaiON-S-Premium-1-150x150.png 150w, \/wp-content\/uploads\/2025\/10\/ConectaiON-S-Premium-1-12x12.png 12w, \/wp-content\/uploads\/2025\/10\/ConectaiON-S-Premium-1-400x400.png 400w, \/wp-content\/uploads\/2025\/10\/ConectaiON-S-Premium-1-100x100.png 100w, \/wp-content\/uploads\/2025\/10\/ConectaiON-S-Premium-1.png 500w\" sizes=\"auto, (max-width: 300px) 100vw, 300px\" \/><\/a>\n\t\t<\/figure>\n\t<\/div>\n<\/div><\/div><\/div><div class=\"wpb_column vc_column_container vc_col-sm-3\"><div class=\"vc_column-inner\"><div class=\"wpb_wrapper\">\n\t<div  class=\"wpb_single_image wpb_content_element vc_align_center wpb_content_element\">\n\t\t\n\t\t<figure class=\"wpb_wrapper vc_figure\">\n\t\t\t<a href=\"https:\/\/wordpress-ags-atlantis-c7b0a5dmamd7a6ay.northeurope-01.azurewebsites.net\/ags-conecta-its-compact\/\" target=\"_self\" class=\"vc_single_image-wrapper   vc_box_border_grey\"><img loading=\"lazy\" decoding=\"async\" width=\"300\" height=\"300\" src=\"\/wp-content\/uploads\/2025\/10\/Conecta-iTS-acabado-Wired-1-300x300.png\" class=\"vc_single_image-img attachment-medium\" alt=\"\" title=\"Conecta+ iTS (acabado Wired)\" srcset=\"\/wp-content\/uploads\/2025\/10\/Conecta-iTS-acabado-Wired-1-300x300.png 300w, \/wp-content\/uploads\/2025\/10\/Conecta-iTS-acabado-Wired-1-150x150.png 150w, \/wp-content\/uploads\/2025\/10\/Conecta-iTS-acabado-Wired-1-12x12.png 12w, \/wp-content\/uploads\/2025\/10\/Conecta-iTS-acabado-Wired-1-400x400.png 400w, \/wp-content\/uploads\/2025\/10\/Conecta-iTS-acabado-Wired-1-100x100.png 100w, \/wp-content\/uploads\/2025\/10\/Conecta-iTS-acabado-Wired-1.png 500w\" sizes=\"auto, (max-width: 300px) 100vw, 300px\" \/><\/a>\n\t\t<\/figure>\n\t<\/div>\n<\/div><\/div><\/div><div class=\"wpb_column vc_column_container vc_col-sm-3\"><div class=\"vc_column-inner\"><div class=\"wpb_wrapper\">\n\t<div  class=\"wpb_single_image wpb_content_element vc_align_center wpb_content_element\">\n\t\t\n\t\t<figure class=\"wpb_wrapper vc_figure\">\n\t\t\t<a href=\"https:\/\/wordpress-ags-atlantis-c7b0a5dmamd7a6ay.northeurope-01.azurewebsites.net\/ags-conecta-its-compact\/\" target=\"_self\" class=\"vc_single_image-wrapper   vc_box_border_grey\"><img loading=\"lazy\" decoding=\"async\" width=\"300\" height=\"300\" src=\"\/wp-content\/uploads\/2025\/10\/Conecta-iTS-acabado-Battery-1-300x300.png\" class=\"vc_single_image-img attachment-medium\" alt=\"\" title=\"Conecta+ iTS (acabado Battery)\" srcset=\"\/wp-content\/uploads\/2025\/10\/Conecta-iTS-acabado-Battery-1-300x300.png 300w, \/wp-content\/uploads\/2025\/10\/Conecta-iTS-acabado-Battery-1-150x150.png 150w, \/wp-content\/uploads\/2025\/10\/Conecta-iTS-acabado-Battery-1-12x12.png 12w, \/wp-content\/uploads\/2025\/10\/Conecta-iTS-acabado-Battery-1-400x400.png 400w, \/wp-content\/uploads\/2025\/10\/Conecta-iTS-acabado-Battery-1-100x100.png 100w, \/wp-content\/uploads\/2025\/10\/Conecta-iTS-acabado-Battery-1.png 500w\" sizes=\"auto, (max-width: 300px) 100vw, 300px\" \/><\/a>\n\t\t<\/figure>\n\t<\/div>\n<\/div><\/div><\/div><\/div><\/div><\/div><\/div><\/div><div data-vc-full-width=\"true\" data-vc-full-width-temp=\"true\" data-vc-full-width-init=\"false\" class=\"vc_row wpb_row vc_row-fluid vc_custom_1607465183033 vc_row-has-fill\"><div class=\"wpb_column vc_column_container vc_col-sm-12\"><div class=\"vc_column-inner\"><div class=\"wpb_wrapper\">\n\t<div class=\"wpb_text_column wpb_content_element vc_custom_1680260237178\" >\n\t\t<div class=\"wpb_wrapper\">\n\t\t\t<h3 style=\"text-align: center;\">AGS Soluci\u00f3n para transporte Profesional<\/h3>\n\n\t\t<\/div>\n\t<\/div>\n\n\t<div  class=\"wpb_single_image wpb_content_element vc_align_left wpb_content_element\">\n\t\t\n\t\t<figure class=\"wpb_wrapper vc_figure\">\n\t\t\t<div class=\"vc_single_image-wrapper   vc_box_border_grey\"><img loading=\"lazy\" decoding=\"async\" width=\"1200\" height=\"528\" src=\"\/wp-content\/uploads\/2025\/10\/AGS-Solucion-para-transporte-Profesional.png\" class=\"vc_single_image-img attachment-full\" alt=\"\" title=\"AGS Solucio\u0301n para transporte Profesional\" srcset=\"\/wp-content\/uploads\/2025\/10\/AGS-Solucion-para-transporte-Profesional.png 1200w, \/wp-content\/uploads\/2025\/10\/AGS-Solucion-para-transporte-Profesional-300x132.png 300w, \/wp-content\/uploads\/2025\/10\/AGS-Solucion-para-transporte-Profesional-1024x451.png 1024w, \/wp-content\/uploads\/2025\/10\/AGS-Solucion-para-transporte-Profesional-768x338.png 768w, \/wp-content\/uploads\/2025\/10\/AGS-Solucion-para-transporte-Profesional-18x8.png 18w, \/wp-content\/uploads\/2025\/10\/AGS-Solucion-para-transporte-Profesional-400x176.png 400w\" sizes=\"auto, (max-width: 1200px) 100vw, 1200px\" \/><\/div>\n\t\t<\/figure>\n\t<\/div>\n<\/div><\/div><\/div><\/div><div class=\"vc_row-full-width vc_clearfix\"><\/div><div data-vc-full-width=\"true\" data-vc-full-width-temp=\"true\" data-vc-full-width-init=\"false\" class=\"vc_row wpb_row vc_row-fluid vc_custom_1611872753167 vc_row-has-fill\"><div class=\"wpb_column vc_column_container vc_col-sm-12\"><div class=\"vc_column-inner\"><div class=\"wpb_wrapper\"><div class=\"vc_empty_space\"   style=\"height: 50px\"><span class=\"vc_empty_space_inner\"><\/span><\/div><\/div><\/div><\/div><\/div><div class=\"vc_row-full-width vc_clearfix\"><\/div>\n<\/div>","protected":false},"excerpt":{"rendered":"<p class=\"translation-block\"><b>A solution designed to cover the needs of all kind of professional transportation companies <\/b>and their vehicle fleet, allowing advanced online data mining through the management of telematics data from the vehicles, (GPS \/ GPRS, CanBus, EOBD, digital tachograph, digital thermograph compact Conecta + iTS Compact, etc.), and also a truly professional control and management of your business.<\/p>\n<p class=\"translation-block\"><strong>A modular and scalable approach <\/strong>will also allow you to optimize operating and maintenance costs.<\/p>","protected":false},"author":2,"featured_media":10125,"parent":17,"menu_order":0,"comment_status":"closed","ping_status":"closed","template":"","meta":{"footnotes":""},"class_list":["post-5801","page","type-page","status-publish","has-post-thumbnail","hentry"],"yoast_head":"<!-- This site is optimized with the Yoast SEO plugin v27.3 - https:\/\/yoast.com\/product\/yoast-seo-wordpress\/ -->\n<title>Soluci\u00f3n para transporte Profesional - Atlantis Global System<\/title>\n<meta name=\"robots\" content=\"index, follow, max-snippet:-1, max-image-preview:large, max-video-preview:-1\" \/>\n<link rel=\"canonical\" href=\"https:\/\/www.ags-atlantis.es\/soluciones\/solucion-transporte-profesional\/\" \/>\n<meta property=\"og:locale\" content=\"en_US\" \/>\n<meta property=\"og:type\" content=\"article\" \/>\n<meta property=\"og:title\" content=\"Soluci\u00f3n para transporte Profesional - Atlantis Global System\" \/>\n<meta property=\"og:description\" content=\"Una soluci\u00f3n dise\u00f1ada para cubrir las necesidades de las flotas de veh\u00edculos para todo tipo de empresas de transporte profesional, permitiendo una explotaci\u00f3n avanzada online a trav\u00e9s del manejo de datos telem\u00e1ticos provenientes de los veh\u00edculos, (GPS\/GPRS, CanBus, EOBD, tac\u00f3grafo digital, term\u00f3grafo digital compacto Conecta+ iTS Compact, etc\u2026), y tambi\u00e9n un control y gesti\u00f3n de tu actividad realmente profesionales.  Con un enfoque modular y escalable que te permitir\u00e1 optimizar los costes de explotaci\u00f3n y mantenimiento.\" \/>\n<meta property=\"og:url\" content=\"https:\/\/www.ags-atlantis.es\/soluciones\/solucion-transporte-profesional\/\" \/>\n<meta property=\"og:site_name\" content=\"Atlantis Global System\" \/>\n<meta property=\"article:modified_time\" content=\"2025-10-30T10:50:53+00:00\" \/>\n<meta property=\"og:image\" content=\"https:\/\/ags-atlantis.es\/wp-content\/uploads\/2025\/10\/Solucion_integral.png\" \/>\n\t<meta property=\"og:image:width\" content=\"1600\" \/>\n\t<meta property=\"og:image:height\" content=\"800\" \/>\n\t<meta property=\"og:image:type\" content=\"image\/png\" \/>\n<meta name=\"twitter:card\" content=\"summary_large_image\" \/>\n<meta name=\"twitter:label1\" content=\"Est. reading time\" \/>\n\t<meta name=\"twitter:data1\" content=\"1 minute\" \/>\n<script type=\"application\/ld+json\" class=\"yoast-schema-graph\">{\"@context\":\"https:\\\/\\\/schema.org\",\"@graph\":[{\"@type\":\"WebPage\",\"@id\":\"https:\\\/\\\/www.ags-atlantis.es\\\/soluciones\\\/solucion-transporte-profesional\\\/\",\"url\":\"https:\\\/\\\/www.ags-atlantis.es\\\/soluciones\\\/solucion-transporte-profesional\\\/\",\"name\":\"Soluci\u00f3n para transporte Profesional - Atlantis Global System\",\"isPartOf\":{\"@id\":\"http:\\\/\\\/www.scb.ags-atlantis.es\\\/en\\\/#website\"},\"primaryImageOfPage\":{\"@id\":\"https:\\\/\\\/www.ags-atlantis.es\\\/soluciones\\\/solucion-transporte-profesional\\\/#primaryimage\"},\"image\":{\"@id\":\"https:\\\/\\\/www.ags-atlantis.es\\\/soluciones\\\/solucion-transporte-profesional\\\/#primaryimage\"},\"thumbnailUrl\":\"\\\/wp-content\\\/uploads\\\/2025\\\/10\\\/Solucion_integral.png\",\"datePublished\":\"2020-10-05T11:43:00+00:00\",\"dateModified\":\"2025-10-30T10:50:53+00:00\",\"breadcrumb\":{\"@id\":\"https:\\\/\\\/www.ags-atlantis.es\\\/soluciones\\\/solucion-transporte-profesional\\\/#breadcrumb\"},\"inLanguage\":\"en-US\",\"potentialAction\":[{\"@type\":\"ReadAction\",\"target\":[\"https:\\\/\\\/www.ags-atlantis.es\\\/soluciones\\\/solucion-transporte-profesional\\\/\"]}]},{\"@type\":\"ImageObject\",\"inLanguage\":\"en-US\",\"@id\":\"https:\\\/\\\/www.ags-atlantis.es\\\/soluciones\\\/solucion-transporte-profesional\\\/#primaryimage\",\"url\":\"\\\/wp-content\\\/uploads\\\/2025\\\/10\\\/Solucion_integral.png\",\"contentUrl\":\"\\\/wp-content\\\/uploads\\\/2025\\\/10\\\/Solucion_integral.png\",\"width\":1600,\"height\":800},{\"@type\":\"BreadcrumbList\",\"@id\":\"https:\\\/\\\/www.ags-atlantis.es\\\/soluciones\\\/solucion-transporte-profesional\\\/#breadcrumb\",\"itemListElement\":[{\"@type\":\"ListItem\",\"position\":1,\"name\":\"Portada\",\"item\":\"https:\\\/\\\/ags-atlantis.es\\\/en\\\/\"},{\"@type\":\"ListItem\",\"position\":2,\"name\":\"Soluciones\",\"item\":\"https:\\\/\\\/ags-atlantis.es\\\/en\\\/soluciones\\\/\"},{\"@type\":\"ListItem\",\"position\":3,\"name\":\"Soluci\u00f3n para transporte Profesional\"}]},{\"@type\":\"WebSite\",\"@id\":\"http:\\\/\\\/www.scb.ags-atlantis.es\\\/en\\\/#website\",\"url\":\"http:\\\/\\\/www.scb.ags-atlantis.es\\\/en\\\/\",\"name\":\"Atlantis Global System\",\"description\":\"Soluciones Log\u00edsticas de Gesti\u00f3n y Movilidad\",\"potentialAction\":[{\"@type\":\"SearchAction\",\"target\":{\"@type\":\"EntryPoint\",\"urlTemplate\":\"http:\\\/\\\/www.scb.ags-atlantis.es\\\/en\\\/?s={search_term_string}\"},\"query-input\":{\"@type\":\"PropertyValueSpecification\",\"valueRequired\":true,\"valueName\":\"search_term_string\"}}],\"inLanguage\":\"en-US\"}]}<\/script>\n<!-- \/ Yoast SEO plugin. -->","yoast_head_json":{"title":"Soluci\u00f3n para transporte Profesional - Atlantis Global System","robots":{"index":"index","follow":"follow","max-snippet":"max-snippet:-1","max-image-preview":"max-image-preview:large","max-video-preview":"max-video-preview:-1"},"canonical":"https:\/\/www.ags-atlantis.es\/soluciones\/solucion-transporte-profesional\/","og_locale":"en_US","og_type":"article","og_title":"Soluci\u00f3n para transporte Profesional - Atlantis Global System","og_description":"Una soluci\u00f3n dise\u00f1ada para cubrir las necesidades de las flotas de veh\u00edculos para todo tipo de empresas de transporte profesional, permitiendo una explotaci\u00f3n avanzada online a trav\u00e9s del manejo de datos telem\u00e1ticos provenientes de los veh\u00edculos, (GPS\/GPRS, CanBus, EOBD, tac\u00f3grafo digital, term\u00f3grafo digital compacto Conecta+ iTS Compact, etc\u2026), y tambi\u00e9n un control y gesti\u00f3n de tu actividad realmente profesionales.  Con un enfoque modular y escalable que te permitir\u00e1 optimizar los costes de explotaci\u00f3n y mantenimiento.","og_url":"https:\/\/www.ags-atlantis.es\/soluciones\/solucion-transporte-profesional\/","og_site_name":"Atlantis Global System","article_modified_time":"2025-10-30T10:50:53+00:00","og_image":[{"width":1600,"height":800,"url":"https:\/\/ags-atlantis.es\/wp-content\/uploads\/2025\/10\/Solucion_integral.png","type":"image\/png"}],"twitter_card":"summary_large_image","twitter_misc":{"Est. reading time":"1 minute"},"schema":{"@context":"https:\/\/schema.org","@graph":[{"@type":"WebPage","@id":"https:\/\/www.ags-atlantis.es\/soluciones\/solucion-transporte-profesional\/","url":"https:\/\/www.ags-atlantis.es\/soluciones\/solucion-transporte-profesional\/","name":"Soluci\u00f3n para transporte Profesional - Atlantis Global System","isPartOf":{"@id":"http:\/\/www.scb.ags-atlantis.es\/en\/#website"},"primaryImageOfPage":{"@id":"https:\/\/www.ags-atlantis.es\/soluciones\/solucion-transporte-profesional\/#primaryimage"},"image":{"@id":"https:\/\/www.ags-atlantis.es\/soluciones\/solucion-transporte-profesional\/#primaryimage"},"thumbnailUrl":"\/wp-content\/uploads\/2025\/10\/Solucion_integral.png","datePublished":"2020-10-05T11:43:00+00:00","dateModified":"2025-10-30T10:50:53+00:00","breadcrumb":{"@id":"https:\/\/www.ags-atlantis.es\/soluciones\/solucion-transporte-profesional\/#breadcrumb"},"inLanguage":"en-US","potentialAction":[{"@type":"ReadAction","target":["https:\/\/www.ags-atlantis.es\/soluciones\/solucion-transporte-profesional\/"]}]},{"@type":"ImageObject","inLanguage":"en-US","@id":"https:\/\/www.ags-atlantis.es\/soluciones\/solucion-transporte-profesional\/#primaryimage","url":"\/wp-content\/uploads\/2025\/10\/Solucion_integral.png","contentUrl":"\/wp-content\/uploads\/2025\/10\/Solucion_integral.png","width":1600,"height":800},{"@type":"BreadcrumbList","@id":"https:\/\/www.ags-atlantis.es\/soluciones\/solucion-transporte-profesional\/#breadcrumb","itemListElement":[{"@type":"ListItem","position":1,"name":"Portada","item":"https:\/\/ags-atlantis.es\/en\/"},{"@type":"ListItem","position":2,"name":"Soluciones","item":"https:\/\/ags-atlantis.es\/en\/soluciones\/"},{"@type":"ListItem","position":3,"name":"Soluci\u00f3n para transporte Profesional"}]},{"@type":"WebSite","@id":"http:\/\/www.scb.ags-atlantis.es\/en\/#website","url":"http:\/\/www.scb.ags-atlantis.es\/en\/","name":"Atlantis Global System","description":"Soluciones Log\u00edsticas de Gesti\u00f3n y Movilidad","potentialAction":[{"@type":"SearchAction","target":{"@type":"EntryPoint","urlTemplate":"http:\/\/www.scb.ags-atlantis.es\/en\/?s={search_term_string}"},"query-input":{"@type":"PropertyValueSpecification","valueRequired":true,"valueName":"search_term_string"}}],"inLanguage":"en-US"}]}},"_links":{"self":[{"href":"https:\/\/ags-atlantis.es\/en\/wp-json\/wp\/v2\/pages\/5801","targetHints":{"allow":["GET"]}}],"collection":[{"href":"https:\/\/ags-atlantis.es\/en\/wp-json\/wp\/v2\/pages"}],"about":[{"href":"https:\/\/ags-atlantis.es\/en\/wp-json\/wp\/v2\/types\/page"}],"author":[{"embeddable":true,"href":"https:\/\/ags-atlantis.es\/en\/wp-json\/wp\/v2\/users\/2"}],"replies":[{"embeddable":true,"href":"https:\/\/ags-atlantis.es\/en\/wp-json\/wp\/v2\/comments?post=5801"}],"version-history":[{"count":51,"href":"https:\/\/ags-atlantis.es\/en\/wp-json\/wp\/v2\/pages\/5801\/revisions"}],"predecessor-version":[{"id":10144,"href":"https:\/\/ags-atlantis.es\/en\/wp-json\/wp\/v2\/pages\/5801\/revisions\/10144"}],"up":[{"embeddable":true,"href":"https:\/\/ags-atlantis.es\/en\/wp-json\/wp\/v2\/pages\/17"}],"wp:featuredmedia":[{"embeddable":true,"href":"https:\/\/ags-atlantis.es\/en\/wp-json\/wp\/v2\/media\/10125"}],"wp:attachment":[{"href":"https:\/\/ags-atlantis.es\/en\/wp-json\/wp\/v2\/media?parent=5801"}],"curies":[{"name":"wp","href":"https:\/\/api.w.org\/{rel}","templated":true}]}}