{"id":5791,"date":"2020-10-05T11:30:35","date_gmt":"2020-10-05T11:30:35","guid":{"rendered":"https:\/\/wordpress-ags-atlantis-c7b0a5dmamd7a6ay.northeurope-01.azurewebsites.net\/?page_id=5791"},"modified":"2021-02-03T18:51:09","modified_gmt":"2021-02-03T18:51:09","slug":"solucion-transporte-basico","status":"publish","type":"page","link":"https:\/\/ags-atlantis.es\/en\/soluciones\/solucion-transporte-basico\/","title":{"rendered":"Basic transport solution"},"content":{"rendered":"<div class=\"wpb-content-wrapper\"><div data-vc-full-width=\"true\" data-vc-full-width-temp=\"true\" data-vc-full-width-init=\"false\" class=\"vc_row wpb_row vc_row-fluid vc_custom_1607466416957 vc_row-has-fill vc_row-o-content-top vc_row-flex\"><div class=\"wpb_column vc_column_container vc_col-sm-12\"><div class=\"vc_column-inner\"><div class=\"wpb_wrapper\"><div class=\"vc_empty_space\"   style=\"height: 500px\"><span class=\"vc_empty_space_inner\"><\/span><\/div>\n\t<div class=\"wpb_text_column wpb_content_element\" >\n\t\t<div class=\"wpb_wrapper\">\n\t\t\t<h1><span style=\"color: #ededed;\">AGS solution for basic transport<\/span><\/h1>\n\n\t\t<\/div>\n\t<\/div>\n<\/div><\/div><\/div><\/div><div class=\"vc_row-full-width vc_clearfix\"><\/div><div class=\"vc_row wpb_row vc_row-fluid\"><div class=\"wpb_column vc_column_container vc_col-sm-12\"><div class=\"vc_column-inner\"><div class=\"wpb_wrapper\">\n\t<div class=\"wpb_text_column wpb_content_element\" >\n\t\t<div class=\"wpb_wrapper\">\n\t\t\t<h3>Our basic transportation solution is aimed at meeting the essential needs of self-employed workers and companies with small fleets of vehicles, that need to control and manage, in real-time and easily, both the activity developed by their vehicles and compliance with the requirements associated with the cold chain.<\/h3>\n\n\t\t<\/div>\n\t<\/div>\n<\/div><\/div><\/div><\/div><div class=\"vc_row wpb_row vc_row-fluid\"><div class=\"wpb_column vc_column_container vc_col-sm-6\"><div class=\"vc_column-inner\"><div class=\"wpb_wrapper\"><div class=\"vc_row wpb_row vc_inner vc_row-fluid\"><div class=\"wpb_column vc_column_container vc_col-sm-9\"><div class=\"vc_column-inner\"><div class=\"wpb_wrapper\">\n\t<div class=\"wpb_text_column wpb_content_element vc_custom_1606922004943\" >\n\t\t<div class=\"wpb_wrapper\">\n\t\t\t<h3 style=\"text-align: center;\">Integrated Applications<\/h3>\n\n\t\t<\/div>\n\t<\/div>\n<\/div><\/div><\/div><div class=\"wpb_column vc_column_container vc_col-sm-3\"><div class=\"vc_column-inner\"><div class=\"wpb_wrapper\"><\/div><\/div><\/div><\/div><div class=\"vc_row wpb_row vc_inner vc_row-fluid\"><div class=\"wpb_column vc_column_container vc_col-sm-3\"><div class=\"vc_column-inner\"><div class=\"wpb_wrapper\">\n\t<div  class=\"wpb_single_image wpb_content_element vc_align_center wpb_content_element\">\n\t\t\n\t\t<figure class=\"wpb_wrapper vc_figure\">\n\t\t\t<a href=\"\/en\/product\/ags-conecta\/\" target=\"_self\" class=\"vc_single_image-wrapper   vc_box_border_grey\"><img decoding=\"async\" class=\"vc_single_image-img\" src=\"\/wp-content\/uploads\/2020\/11\/AGSConecta-1-100x100.png\" width=\"100\" height=\"100\" alt=\"AGS Conecta\" title=\"AGSConecta\" loading=\"lazy\" \/><\/a><figcaption class=\"vc_figure-caption\">AGS Conecta<\/figcaption>\n\t\t<\/figure>\n\t<\/div>\n<\/div><\/div><\/div><div class=\"wpb_column vc_column_container vc_col-sm-3\"><div class=\"vc_column-inner\"><div class=\"wpb_wrapper\">\n\t<div  class=\"wpb_single_image wpb_content_element vc_align_center wpb_content_element\">\n\t\t\n\t\t<figure class=\"wpb_wrapper vc_figure\">\n\t\t\t<a href=\"\/en\/product\/ags-conecta-premium\/\" target=\"_self\" class=\"vc_single_image-wrapper   vc_box_border_grey\"><img decoding=\"async\" class=\"vc_single_image-img\" src=\"\/wp-content\/uploads\/2020\/11\/AGSConectaPremium-100x100.png\" width=\"100\" height=\"100\" alt=\"AGS Conecta Premium\" title=\"AGSConectaPremium\" loading=\"lazy\" \/><\/a><figcaption class=\"vc_figure-caption\">AGS Conecta Premium<\/figcaption>\n\t\t<\/figure>\n\t<\/div>\n<\/div><\/div><\/div><div class=\"wpb_column vc_column_container vc_col-sm-3\"><div class=\"vc_column-inner\"><div class=\"wpb_wrapper\">\n\t<div  class=\"wpb_single_image wpb_content_element vc_align_center wpb_content_element\">\n\t\t\n\t\t<figure class=\"wpb_wrapper vc_figure\">\n\t\t\t<a href=\"\/en\/product\/ags-termotel\/\" target=\"_self\" class=\"vc_single_image-wrapper   vc_box_border_grey\"><img decoding=\"async\" class=\"vc_single_image-img\" src=\"\/wp-content\/uploads\/2020\/11\/AGSTermotel-100x100.png\" width=\"100\" height=\"100\" alt=\"AGS Termotel\" title=\"AGSTermotel\" loading=\"lazy\" \/><\/a><figcaption class=\"vc_figure-caption\">AGS Termotel<\/figcaption>\n\t\t<\/figure>\n\t<\/div>\n<\/div><\/div><\/div><div class=\"wpb_column vc_column_container vc_col-sm-3\"><div class=\"vc_column-inner\"><div class=\"wpb_wrapper\"><\/div><\/div><\/div><\/div><\/div><\/div><\/div><div class=\"wpb_column vc_column_container vc_col-sm-6\"><div class=\"vc_column-inner\"><div class=\"wpb_wrapper\">\n\t<div class=\"wpb_text_column wpb_content_element vc_custom_1606922017912\" >\n\t\t<div class=\"wpb_wrapper\">\n\t\t\t<h3 style=\"text-align: center;\">Integrated Mobile Apps<\/h3>\n\n\t\t<\/div>\n\t<\/div>\n<div class=\"vc_row wpb_row vc_inner vc_row-fluid\"><div class=\"wpb_column vc_column_container vc_col-sm-3\"><div class=\"vc_column-inner\"><div class=\"wpb_wrapper\"><\/div><\/div><\/div><div class=\"wpb_column vc_column_container vc_col-sm-3\"><div class=\"vc_column-inner\"><div class=\"wpb_wrapper\">\n\t<div  class=\"wpb_single_image wpb_content_element vc_align_center wpb_content_element\">\n\t\t\n\t\t<figure class=\"wpb_wrapper vc_figure\">\n\t\t\t<a href=\"\/en\/product\/ags-conecta-mobile\/\" target=\"_self\" class=\"vc_single_image-wrapper   vc_box_border_grey\"><img decoding=\"async\" class=\"vc_single_image-img\" src=\"\/wp-content\/uploads\/2020\/11\/AGSConecta-Mobile-100x100.png\" width=\"100\" height=\"100\" alt=\"AGS Conecta Mobile\" title=\"AGSConecta Mobile\" loading=\"lazy\" \/><\/a><figcaption class=\"vc_figure-caption\">AGS Conecta Mobile<\/figcaption>\n\t\t<\/figure>\n\t<\/div>\n<\/div><\/div><\/div><div class=\"wpb_column vc_column_container vc_col-sm-3\"><div class=\"vc_column-inner\"><div class=\"wpb_wrapper\">\n\t<div  class=\"wpb_single_image wpb_content_element vc_align_center wpb_content_element\">\n\t\t\n\t\t<figure class=\"wpb_wrapper vc_figure\">\n\t\t\t<a href=\"https:\/\/wordpress-ags-atlantis-c7b0a5dmamd7a6ay.northeurope-01.azurewebsites.net\/product\/ags-its-mobile\/\" target=\"_self\" class=\"vc_single_image-wrapper   vc_box_border_grey\"><img decoding=\"async\" class=\"vc_single_image-img\" src=\"\/wp-content\/uploads\/2020\/11\/AGS-iTS-Mobile-100x100.png\" width=\"100\" height=\"100\" alt=\"AGS iTS Mobile\" title=\"AGS iTS Mobile\" loading=\"lazy\" \/><\/a><figcaption class=\"vc_figure-caption\">AGS iTS Mobile<\/figcaption>\n\t\t<\/figure>\n\t<\/div>\n<\/div><\/div><\/div><div class=\"wpb_column vc_column_container vc_col-sm-3\"><div class=\"vc_column-inner\"><div class=\"wpb_wrapper\"><\/div><\/div><\/div><\/div><\/div><\/div><\/div><\/div><div class=\"vc_row wpb_row vc_row-fluid vc_custom_1606921535419\"><div class=\"wpb_column vc_column_container vc_col-sm-12\"><div class=\"vc_column-inner\"><div class=\"wpb_wrapper\">\n\t<div class=\"wpb_text_column wpb_content_element vc_custom_1607450189516\" >\n\t\t<div class=\"wpb_wrapper\">\n\t\t\t<h3 style=\"text-align: center;\">Integrated Conecta+ Technology<\/h3>\n\n\t\t<\/div>\n\t<\/div>\n<div class=\"vc_row wpb_row vc_inner vc_row-fluid\"><div class=\"wpb_column vc_column_container vc_col-sm-3\"><div class=\"vc_column-inner\"><div class=\"wpb_wrapper\">\n\t<div  class=\"wpb_single_image wpb_content_element vc_align_center wpb_content_element\">\n\t\t\n\t\t<figure class=\"wpb_wrapper vc_figure\">\n\t\t\t<a href=\"\/en\/tecnologia\/ags-conecta-ion\/\" target=\"_self\" class=\"vc_single_image-wrapper   vc_box_border_grey\"><img decoding=\"async\" class=\"vc_single_image-img\" src=\"\/wp-content\/uploads\/2021\/01\/iON2-200x148.png\" width=\"200\" height=\"148\" alt=\"Conecta+ iON\" title=\"iON2\" loading=\"lazy\" \/><\/a><figcaption class=\"vc_figure-caption\">Conecta+ iON<\/figcaption>\n\t\t<\/figure>\n\t<\/div>\n<\/div><\/div><\/div><div class=\"wpb_column vc_column_container vc_col-sm-3\"><div class=\"vc_column-inner\"><div class=\"wpb_wrapper\">\n\t<div  class=\"wpb_single_image wpb_content_element vc_align_center wpb_content_element\">\n\t\t\n\t\t<figure class=\"wpb_wrapper vc_figure\">\n\t\t\t<a href=\"\/en\/tecnologia\/ags-conecta-ion\/\" target=\"_self\" class=\"vc_single_image-wrapper   vc_box_border_grey\"><img decoding=\"async\" class=\"vc_single_image-img\" src=\"\/wp-content\/uploads\/2021\/01\/iON_premium-copia-peq-250x200.png\" width=\"250\" height=\"200\" alt=\"Conecta+ iON Premium\" title=\"iON_premium copia peq\" loading=\"lazy\" \/><\/a><figcaption class=\"vc_figure-caption\">Conecta+ iON Premium<\/figcaption>\n\t\t<\/figure>\n\t<\/div>\n<\/div><\/div><\/div><div class=\"wpb_column vc_column_container vc_col-sm-3\"><div class=\"vc_column-inner\"><div class=\"wpb_wrapper\">\n\t<div  class=\"wpb_single_image wpb_content_element vc_align_center wpb_content_element\">\n\t\t\n\t\t<figure class=\"wpb_wrapper vc_figure\">\n\t\t\t<a href=\"https:\/\/wordpress-ags-atlantis-c7b0a5dmamd7a6ay.northeurope-01.azurewebsites.net\/ags-conecta-its-compact\/\" target=\"_self\" class=\"vc_single_image-wrapper   vc_box_border_grey\"><img loading=\"lazy\" decoding=\"async\" width=\"300\" height=\"179\" src=\"\/wp-content\/uploads\/2020\/11\/iTS-Compact-acabado-Wired-300x179.png\" class=\"vc_single_image-img attachment-medium\" alt=\"\" title=\"iTS Compact acabado Wired\" srcset=\"\/wp-content\/uploads\/2020\/11\/iTS-Compact-acabado-Wired-300x179.png 300w, \/wp-content\/uploads\/2020\/11\/iTS-Compact-acabado-Wired-400x238.png 400w, \/wp-content\/uploads\/2020\/11\/iTS-Compact-acabado-Wired-768x457.png 768w, \/wp-content\/uploads\/2020\/11\/iTS-Compact-acabado-Wired-16x10.png 16w, \/wp-content\/uploads\/2020\/11\/iTS-Compact-acabado-Wired-770x458.png 770w, \/wp-content\/uploads\/2020\/11\/iTS-Compact-acabado-Wired-370x220.png 370w, \/wp-content\/uploads\/2020\/11\/iTS-Compact-acabado-Wired.png 800w\" sizes=\"auto, (max-width: 300px) 100vw, 300px\" \/><\/a><figcaption class=\"vc_figure-caption\">Conecta+ iTS Compact (Wired finish)<\/figcaption>\n\t\t<\/figure>\n\t<\/div>\n<\/div><\/div><\/div><div class=\"wpb_column vc_column_container vc_col-sm-3\"><div class=\"vc_column-inner\"><div class=\"wpb_wrapper\">\n\t<div  class=\"wpb_single_image wpb_content_element vc_align_center wpb_content_element\">\n\t\t\n\t\t<figure class=\"wpb_wrapper vc_figure\">\n\t\t\t<a href=\"https:\/\/wordpress-ags-atlantis-c7b0a5dmamd7a6ay.northeurope-01.azurewebsites.net\/ags-conecta-its-compact\/\" target=\"_self\" class=\"vc_single_image-wrapper   vc_box_border_grey\"><\/a><figcaption class=\"vc_figure-caption\"><\/figcaption>\n\t\t<\/figure>\n\t<\/div>\n<\/div><\/div><\/div><\/div><\/div><\/div><\/div><\/div><div data-vc-full-width=\"true\" data-vc-full-width-temp=\"true\" data-vc-full-width-init=\"false\" class=\"vc_row wpb_row vc_row-fluid vc_custom_1611871539343 vc_row-has-fill\"><div class=\"wpb_column vc_column_container vc_col-sm-12\"><div class=\"vc_column-inner\"><div class=\"wpb_wrapper\">\n\t<div class=\"wpb_text_column wpb_content_element vc_custom_1611871499823\" >\n\t\t<div class=\"wpb_wrapper\">\n\t\t\t<h3 style=\"text-align: center;\">AGS solution for basic transport<\/h3>\n\n\t\t<\/div>\n\t<\/div>\n\n\t<div class=\"wpb_text_column wpb_content_element\" >\n\t\t<div class=\"wpb_wrapper\">\n\t\t\t<p><img loading=\"lazy\" decoding=\"async\" class=\"alignnone size-full wp-image-7728\" src=\"\/wp-content\/uploads\/2021\/02\/Transporte-basico.png\" alt=\"\" width=\"1400\" height=\"712\" srcset=\"\/wp-content\/uploads\/2021\/02\/Transporte-basico.png 1646w, \/wp-content\/uploads\/2021\/02\/Transporte-basico-300x153.png 300w, \/wp-content\/uploads\/2021\/02\/Transporte-basico-1024x521.png 1024w, \/wp-content\/uploads\/2021\/02\/Transporte-basico-768x391.png 768w, \/wp-content\/uploads\/2021\/02\/Transporte-basico-1536x781.png 1536w, \/wp-content\/uploads\/2021\/02\/Transporte-basico-16x8.png 16w, \/wp-content\/uploads\/2021\/02\/Transporte-basico-1200x610.png 1200w, \/wp-content\/uploads\/2021\/02\/Transporte-basico-400x203.png 400w\" sizes=\"auto, (max-width: 1400px) 100vw, 1400px\" \/><\/p>\n\n\t\t<\/div>\n\t<\/div>\n<\/div><\/div><\/div><\/div><div class=\"vc_row-full-width vc_clearfix\"><\/div><div data-vc-full-width=\"true\" data-vc-full-width-temp=\"true\" data-vc-full-width-init=\"false\" class=\"vc_row wpb_row vc_row-fluid vc_custom_1611872129697 vc_row-has-fill\"><div class=\"wpb_column vc_column_container vc_col-sm-12\"><div class=\"vc_column-inner\"><div class=\"wpb_wrapper\"><div class=\"vc_empty_space\"   style=\"height: 50px\"><span class=\"vc_empty_space_inner\"><\/span><\/div><\/div><\/div><\/div><\/div><div class=\"vc_row-full-width vc_clearfix\"><\/div>\n<\/div>","protected":false},"excerpt":{"rendered":"<p class=\"translation-block\"><strong>Our solution for basic transport is aimed at meeting the primary needs of self-employed and companies with small fleets<\/strong> of vehicles that need to control and manage in real-time and easily both the activity developed by their vehicles and compliance with the requirements associated with the cold chain.<\/p>\n<p class=\"translation-block\">With the AGS applications: AGS Conecta, AGS Conecta Premium, and the mobile apps AGS Conecta Mobile and AGS iTS Mobile, you will be able to maintain centralized control of the location of your vehicles and check temperature data through the Conecta+ iTS Compact digital thermograph installed in the vehicles.<\/p>","protected":false},"author":2,"featured_media":5794,"parent":17,"menu_order":0,"comment_status":"closed","ping_status":"closed","template":"","meta":{"footnotes":""},"class_list":["post-5791","page","type-page","status-publish","has-post-thumbnail","hentry"],"yoast_head":"<!-- This site is optimized with the Yoast SEO plugin v27.3 - https:\/\/yoast.com\/product\/yoast-seo-wordpress\/ -->\n<title>Soluci\u00f3n para transporte b\u00e1sico - Atlantis Global System<\/title>\n<meta name=\"robots\" content=\"index, follow, max-snippet:-1, max-image-preview:large, max-video-preview:-1\" \/>\n<link rel=\"canonical\" href=\"https:\/\/ags-atlantis.es\/en\/soluciones\/solucion-transporte-basico\/\" \/>\n<meta property=\"og:locale\" content=\"en_US\" \/>\n<meta property=\"og:type\" content=\"article\" \/>\n<meta property=\"og:title\" content=\"Soluci\u00f3n para transporte b\u00e1sico - Atlantis Global System\" \/>\n<meta property=\"og:description\" content=\"Nuestra soluci\u00f3n b\u00e1sica para el transporte est\u00e1 orientada principalmente a aut\u00f3nomos y particulares con peque\u00f1as flotas de veh\u00edculos.   Con las aplicaciones AGS Conecta, AGS Conecta Premium y las apps AGS Conecta Mobile y AGS iTS Mobile podr\u00e1s mantener un control centralizado de la localizaci\u00f3n de tus veh\u00edculos y consultar los datos de temperatura a trav\u00e9s del term\u00f3grafo digital compacto Conecta+ iTS Compact instalado en los veh\u00edculos.\" \/>\n<meta property=\"og:url\" content=\"https:\/\/ags-atlantis.es\/en\/soluciones\/solucion-transporte-basico\/\" \/>\n<meta property=\"og:site_name\" content=\"Atlantis Global System\" \/>\n<meta property=\"article:modified_time\" content=\"2021-02-03T18:51:09+00:00\" \/>\n<meta property=\"og:image\" content=\"https:\/\/ags-atlantis.es\/wp-content\/uploads\/2020\/10\/Repartidor-alargado.jpg\" \/>\n\t<meta property=\"og:image:width\" content=\"1600\" \/>\n\t<meta property=\"og:image:height\" content=\"919\" \/>\n\t<meta property=\"og:image:type\" content=\"image\/jpeg\" \/>\n<meta name=\"twitter:card\" content=\"summary_large_image\" \/>\n<meta name=\"twitter:label1\" content=\"Est. reading time\" \/>\n\t<meta name=\"twitter:data1\" content=\"3 minutes\" \/>\n<script type=\"application\/ld+json\" class=\"yoast-schema-graph\">{\"@context\":\"https:\\\/\\\/schema.org\",\"@graph\":[{\"@type\":\"WebPage\",\"@id\":\"https:\\\/\\\/ags-atlantis.es\\\/en\\\/soluciones\\\/solucion-transporte-basico\\\/\",\"url\":\"https:\\\/\\\/ags-atlantis.es\\\/en\\\/soluciones\\\/solucion-transporte-basico\\\/\",\"name\":\"Soluci\u00f3n para transporte b\u00e1sico - Atlantis Global System\",\"isPartOf\":{\"@id\":\"http:\\\/\\\/www.scb.ags-atlantis.es\\\/en\\\/#website\"},\"primaryImageOfPage\":{\"@id\":\"https:\\\/\\\/ags-atlantis.es\\\/en\\\/soluciones\\\/solucion-transporte-basico\\\/#primaryimage\"},\"image\":{\"@id\":\"https:\\\/\\\/ags-atlantis.es\\\/en\\\/soluciones\\\/solucion-transporte-basico\\\/#primaryimage\"},\"thumbnailUrl\":\"\\\/wp-content\\\/uploads\\\/2020\\\/10\\\/Repartidor-alargado.jpg\",\"datePublished\":\"2020-10-05T11:30:35+00:00\",\"dateModified\":\"2021-02-03T18:51:09+00:00\",\"breadcrumb\":{\"@id\":\"https:\\\/\\\/ags-atlantis.es\\\/en\\\/soluciones\\\/solucion-transporte-basico\\\/#breadcrumb\"},\"inLanguage\":\"en-US\",\"potentialAction\":[{\"@type\":\"ReadAction\",\"target\":[\"https:\\\/\\\/ags-atlantis.es\\\/en\\\/soluciones\\\/solucion-transporte-basico\\\/\"]}]},{\"@type\":\"ImageObject\",\"inLanguage\":\"en-US\",\"@id\":\"https:\\\/\\\/ags-atlantis.es\\\/en\\\/soluciones\\\/solucion-transporte-basico\\\/#primaryimage\",\"url\":\"\\\/wp-content\\\/uploads\\\/2020\\\/10\\\/Repartidor-alargado.jpg\",\"contentUrl\":\"\\\/wp-content\\\/uploads\\\/2020\\\/10\\\/Repartidor-alargado.jpg\",\"width\":1600,\"height\":919,\"caption\":\"Portrait Of Delivery Driver With Clipboard\"},{\"@type\":\"BreadcrumbList\",\"@id\":\"https:\\\/\\\/ags-atlantis.es\\\/en\\\/soluciones\\\/solucion-transporte-basico\\\/#breadcrumb\",\"itemListElement\":[{\"@type\":\"ListItem\",\"position\":1,\"name\":\"Portada\",\"item\":\"https:\\\/\\\/ags-atlantis.es\\\/en\\\/\"},{\"@type\":\"ListItem\",\"position\":2,\"name\":\"Soluciones\",\"item\":\"https:\\\/\\\/ags-atlantis.es\\\/en\\\/soluciones\\\/\"},{\"@type\":\"ListItem\",\"position\":3,\"name\":\"Soluci\u00f3n para transporte b\u00e1sico\"}]},{\"@type\":\"WebSite\",\"@id\":\"http:\\\/\\\/www.scb.ags-atlantis.es\\\/en\\\/#website\",\"url\":\"http:\\\/\\\/www.scb.ags-atlantis.es\\\/en\\\/\",\"name\":\"Atlantis Global System\",\"description\":\"Soluciones Log\u00edsticas de Gesti\u00f3n y Movilidad\",\"potentialAction\":[{\"@type\":\"SearchAction\",\"target\":{\"@type\":\"EntryPoint\",\"urlTemplate\":\"http:\\\/\\\/www.scb.ags-atlantis.es\\\/en\\\/?s={search_term_string}\"},\"query-input\":{\"@type\":\"PropertyValueSpecification\",\"valueRequired\":true,\"valueName\":\"search_term_string\"}}],\"inLanguage\":\"en-US\"}]}<\/script>\n<!-- \/ Yoast SEO plugin. -->","yoast_head_json":{"title":"Soluci\u00f3n para transporte b\u00e1sico - Atlantis Global System","robots":{"index":"index","follow":"follow","max-snippet":"max-snippet:-1","max-image-preview":"max-image-preview:large","max-video-preview":"max-video-preview:-1"},"canonical":"https:\/\/ags-atlantis.es\/en\/soluciones\/solucion-transporte-basico\/","og_locale":"en_US","og_type":"article","og_title":"Soluci\u00f3n para transporte b\u00e1sico - Atlantis Global System","og_description":"Nuestra soluci\u00f3n b\u00e1sica para el transporte est\u00e1 orientada principalmente a aut\u00f3nomos y particulares con peque\u00f1as flotas de veh\u00edculos.   Con las aplicaciones AGS Conecta, AGS Conecta Premium y las apps AGS Conecta Mobile y AGS iTS Mobile podr\u00e1s mantener un control centralizado de la localizaci\u00f3n de tus veh\u00edculos y consultar los datos de temperatura a trav\u00e9s del term\u00f3grafo digital compacto Conecta+ iTS Compact instalado en los veh\u00edculos.","og_url":"https:\/\/ags-atlantis.es\/en\/soluciones\/solucion-transporte-basico\/","og_site_name":"Atlantis Global System","article_modified_time":"2021-02-03T18:51:09+00:00","og_image":[{"width":1600,"height":919,"url":"https:\/\/ags-atlantis.es\/wp-content\/uploads\/2020\/10\/Repartidor-alargado.jpg","type":"image\/jpeg"}],"twitter_card":"summary_large_image","twitter_misc":{"Est. reading time":"3 minutes"},"schema":{"@context":"https:\/\/schema.org","@graph":[{"@type":"WebPage","@id":"https:\/\/ags-atlantis.es\/en\/soluciones\/solucion-transporte-basico\/","url":"https:\/\/ags-atlantis.es\/en\/soluciones\/solucion-transporte-basico\/","name":"Soluci\u00f3n para transporte b\u00e1sico - Atlantis Global System","isPartOf":{"@id":"http:\/\/www.scb.ags-atlantis.es\/en\/#website"},"primaryImageOfPage":{"@id":"https:\/\/ags-atlantis.es\/en\/soluciones\/solucion-transporte-basico\/#primaryimage"},"image":{"@id":"https:\/\/ags-atlantis.es\/en\/soluciones\/solucion-transporte-basico\/#primaryimage"},"thumbnailUrl":"\/wp-content\/uploads\/2020\/10\/Repartidor-alargado.jpg","datePublished":"2020-10-05T11:30:35+00:00","dateModified":"2021-02-03T18:51:09+00:00","breadcrumb":{"@id":"https:\/\/ags-atlantis.es\/en\/soluciones\/solucion-transporte-basico\/#breadcrumb"},"inLanguage":"en-US","potentialAction":[{"@type":"ReadAction","target":["https:\/\/ags-atlantis.es\/en\/soluciones\/solucion-transporte-basico\/"]}]},{"@type":"ImageObject","inLanguage":"en-US","@id":"https:\/\/ags-atlantis.es\/en\/soluciones\/solucion-transporte-basico\/#primaryimage","url":"\/wp-content\/uploads\/2020\/10\/Repartidor-alargado.jpg","contentUrl":"\/wp-content\/uploads\/2020\/10\/Repartidor-alargado.jpg","width":1600,"height":919,"caption":"Portrait Of Delivery Driver With Clipboard"},{"@type":"BreadcrumbList","@id":"https:\/\/ags-atlantis.es\/en\/soluciones\/solucion-transporte-basico\/#breadcrumb","itemListElement":[{"@type":"ListItem","position":1,"name":"Portada","item":"https:\/\/ags-atlantis.es\/en\/"},{"@type":"ListItem","position":2,"name":"Soluciones","item":"https:\/\/ags-atlantis.es\/en\/soluciones\/"},{"@type":"ListItem","position":3,"name":"Soluci\u00f3n para transporte b\u00e1sico"}]},{"@type":"WebSite","@id":"http:\/\/www.scb.ags-atlantis.es\/en\/#website","url":"http:\/\/www.scb.ags-atlantis.es\/en\/","name":"Atlantis Global System","description":"Soluciones Log\u00edsticas de Gesti\u00f3n y Movilidad","potentialAction":[{"@type":"SearchAction","target":{"@type":"EntryPoint","urlTemplate":"http:\/\/www.scb.ags-atlantis.es\/en\/?s={search_term_string}"},"query-input":{"@type":"PropertyValueSpecification","valueRequired":true,"valueName":"search_term_string"}}],"inLanguage":"en-US"}]}},"_links":{"self":[{"href":"https:\/\/ags-atlantis.es\/en\/wp-json\/wp\/v2\/pages\/5791","targetHints":{"allow":["GET"]}}],"collection":[{"href":"https:\/\/ags-atlantis.es\/en\/wp-json\/wp\/v2\/pages"}],"about":[{"href":"https:\/\/ags-atlantis.es\/en\/wp-json\/wp\/v2\/types\/page"}],"author":[{"embeddable":true,"href":"https:\/\/ags-atlantis.es\/en\/wp-json\/wp\/v2\/users\/2"}],"replies":[{"embeddable":true,"href":"https:\/\/ags-atlantis.es\/en\/wp-json\/wp\/v2\/comments?post=5791"}],"version-history":[{"count":98,"href":"https:\/\/ags-atlantis.es\/en\/wp-json\/wp\/v2\/pages\/5791\/revisions"}],"predecessor-version":[{"id":7729,"href":"https:\/\/ags-atlantis.es\/en\/wp-json\/wp\/v2\/pages\/5791\/revisions\/7729"}],"up":[{"embeddable":true,"href":"https:\/\/ags-atlantis.es\/en\/wp-json\/wp\/v2\/pages\/17"}],"wp:featuredmedia":[{"embeddable":true,"href":"https:\/\/ags-atlantis.es\/en\/wp-json\/wp\/v2\/media\/5794"}],"wp:attachment":[{"href":"https:\/\/ags-atlantis.es\/en\/wp-json\/wp\/v2\/media?parent=5791"}],"curies":[{"name":"wp","href":"https:\/\/api.w.org\/{rel}","templated":true}]}}