{"id":5506,"date":"2020-09-29T14:42:26","date_gmt":"2020-09-29T14:42:26","guid":{"rendered":"https:\/\/wordpress-ags-atlantis-c7b0a5dmamd7a6ay.northeurope-01.azurewebsites.net\/?page_id=5506"},"modified":"2025-10-30T08:43:26","modified_gmt":"2025-10-30T07:43:26","slug":"ags-control-eficiencia-cadena-frio","status":"publish","type":"page","link":"https:\/\/ags-atlantis.es\/en\/ags-control-eficiencia-cadena-frio\/","title":{"rendered":"\u00a0AGS: control and efficiency for the cold chain"},"content":{"rendered":"<div class=\"wpb-content-wrapper\"><div class=\"vc_row wpb_row vc_row-fluid\"><div class=\"wpb_column vc_column_container vc_col-sm-12\"><div class=\"vc_column-inner\"><div class=\"wpb_wrapper\">\n\t<div class=\"wpb_text_column wpb_content_element\" >\n\t\t<div class=\"wpb_wrapper\">\n\t\t\t<h1><strong>Control y eficiencia para la cadena del fr\u00edo<\/strong><\/h1>\n\n\t\t<\/div>\n\t<\/div>\n\n\t<div class=\"wpb_text_column wpb_content_element\" >\n\t\t<div class=\"wpb_wrapper\">\n\t\t\t<h3 class=\"translation-block\"><strong>In the cold chain, maintaining the quality of products and service<\/strong>s is the differentiating factor. The future lies in ensuring the consumer the cold chain is never broken and the products maintain all the conditions and quality standards for their consumption.<\/h3>\n<p>AGS, a pioneer and leader in management and control solutions for the cold chain, integrates the most advanced technologies to preserve the cold chain and ensure regulatory compliance.<\/p>\n<p>AGS\u00ae solutions meet the most demanding needs for the control and management of industrial vehicles fleets through advanced, efficient and intuitive telematics.<\/p>\n<ul>\n<li class=\"translation-block\">GPS positioning and telemetry data connected to the onboard devices.<\/li>\n<li class=\"translation-block\">A complete organized interface for each type of information, from where the user can access, in a very quick and easy way, to the real-time data obtained from the onboard devices as well as the stored historical data.<\/li>\n<li class=\"translation-block\">An ideal solution for transport agencies and companies with a large fleet of vehicles, from which they can effectively manage the services provided to their end customers.<\/li>\n<li class=\"translation-block\">Real-time control and supervision of the temperature at which the goods subject to compliance with the cold chain are transported.<\/li>\n<li class=\"translation-block\">Possibility of configuring multiple programmable alarms, either for temperature or other features that may affect the activity of the vehicle fleet.<\/li>\n<li>Maximum reliability, easy-to-use, in continuous evolution (constant R&amp;D), and modular structure that allows adapting its contents to the needs of each client.<\/li>\n<\/ul>\n\n\t\t<\/div>\n\t<\/div>\n\n\t<div class=\"wpb_text_column wpb_content_element\" >\n\t\t<div class=\"wpb_wrapper\">\n\t\t\t<h3>Conecta+ iTS: control de la temperatura en tiempo real en un dispositivo ultra-compacto.<\/h3>\n<p>El term\u00f3grafo digital compacto y port\u00e1til <strong>Conecta+ iTS<\/strong>\u00a0fabricado por AGS, es el primero del mercado en cumplir con los requisitos establecidos en la nueva Norma europea UNE-EN 12830:2019 y de control metrol\u00f3gico exigidos por el estado Espa\u00f1ol en la Orden ICT 155\/2020, y gracias a su car\u00e1cter innovador, otorga una mayor flexibilidad de uso y posibilidades de aplicaci\u00f3n al usuario para el control y cumplimiento de la cadena de fr\u00edo.<\/p>\n\n\t\t<\/div>\n\t<\/div>\n<div class=\"vc_row wpb_row vc_inner vc_row-fluid\"><div class=\"wpb_column vc_column_container vc_col-sm-3\/5\"><div class=\"vc_column-inner\"><div class=\"wpb_wrapper\">\n\t<div class=\"wpb_text_column wpb_content_element\" >\n\t\t<div class=\"wpb_wrapper\">\n\t\t\t<div class=\"mceTemp\"><\/div>\n<ul>\n<li>Valid for the transport of goods subject to controlled temperature and the cold rooms of food and\/or pharma distribution centers.<\/li>\n<li>Class 0.5.<\/li>\n<li>Resolution of 0.01 \u00baC.<\/li>\n<li>Average error below 0.1 \u00baC in the -30 \u00baC to +30 \u00baC temperature range.<\/li>\n<li>It allows direct wireless connection through the AGS iTS Mobile app with Android or iOS operating system mobile devices.<\/li>\n<\/ul>\n\n\t\t<\/div>\n\t<\/div>\n<\/div><\/div><\/div><div class=\"wpb_column vc_column_container vc_col-sm-1\/5\"><div class=\"vc_column-inner\"><div class=\"wpb_wrapper\">\n\t<div  class=\"wpb_single_image wpb_content_element vc_align_center wpb_content_element\">\n\t\t\n\t\t<figure class=\"wpb_wrapper vc_figure\">\n\t\t\t<div class=\"vc_single_image-wrapper   vc_box_border_grey\"><img decoding=\"async\" class=\"vc_single_image-img\" src=\"\/wp-content\/uploads\/2025\/10\/iTS_Battery_05-scaled-400x200.png\" width=\"400\" height=\"200\" alt=\"iTS_Battery_05\" title=\"iTS_Battery_05\" loading=\"lazy\" \/><\/div>\n\t\t<\/figure>\n\t<\/div>\n\n\t<div class=\"wpb_text_column wpb_content_element\" >\n\t\t<div class=\"wpb_wrapper\">\n\t\t\t<p>Battery version (portable and rechargeable)<\/p>\n\n\t\t<\/div>\n\t<\/div>\n<\/div><\/div><\/div><div class=\"wpb_column vc_column_container vc_col-sm-1\/5\"><div class=\"vc_column-inner\"><div class=\"wpb_wrapper\">\n\t<div  class=\"wpb_single_image wpb_content_element vc_align_left wpb_content_element\">\n\t\t\n\t\t<figure class=\"wpb_wrapper vc_figure\">\n\t\t\t<div class=\"vc_single_image-wrapper   vc_box_border_grey\"><img loading=\"lazy\" decoding=\"async\" width=\"2560\" height=\"1680\" src=\"\/wp-content\/uploads\/2025\/10\/iTS_Wired_06-scaled.png\" class=\"vc_single_image-img attachment-full\" alt=\"\" title=\"iTS_Wired_06\" srcset=\"\/wp-content\/uploads\/2025\/10\/iTS_Wired_06-scaled.png 2560w, \/wp-content\/uploads\/2025\/10\/iTS_Wired_06-300x197.png 300w, \/wp-content\/uploads\/2025\/10\/iTS_Wired_06-1024x672.png 1024w, \/wp-content\/uploads\/2025\/10\/iTS_Wired_06-768x504.png 768w, \/wp-content\/uploads\/2025\/10\/iTS_Wired_06-1536x1008.png 1536w, \/wp-content\/uploads\/2025\/10\/iTS_Wired_06-2048x1344.png 2048w, \/wp-content\/uploads\/2025\/10\/iTS_Wired_06-18x12.png 18w, \/wp-content\/uploads\/2025\/10\/iTS_Wired_06-1200x788.png 1200w, \/wp-content\/uploads\/2025\/10\/iTS_Wired_06-400x263.png 400w\" sizes=\"auto, (max-width: 2560px) 100vw, 2560px\" \/><\/div>\n\t\t<\/figure>\n\t<\/div>\n\n\t<div class=\"wpb_text_column wpb_content_element\" >\n\t\t<div class=\"wpb_wrapper\">\n\t\t\t<p>Wired Finish (permanent installations)<\/p>\n\n\t\t<\/div>\n\t<\/div>\n<\/div><\/div><\/div><\/div><\/div><\/div><\/div><\/div><div data-vc-full-width=\"true\" data-vc-full-width-temp=\"true\" data-vc-full-width-init=\"false\" class=\"vc_row wpb_row vc_row-fluid vc_custom_1607465124446 vc_row-has-fill\"><div class=\"wpb_column vc_column_container vc_col-sm-12\"><div class=\"vc_column-inner\"><div class=\"wpb_wrapper\">\n\t<div class=\"wpb_text_column wpb_content_element\" >\n\t\t<div class=\"wpb_wrapper\">\n\t\t\t<h3 style=\"text-align: center;\"><strong>AGS: an integral solution for the cold chain<\/strong><\/h3>\n\n\t\t<\/div>\n\t<\/div>\n\n\t<div  class=\"wpb_single_image wpb_content_element vc_align_center wpb_content_element\">\n\t\t\n\t\t<figure class=\"wpb_wrapper vc_figure\">\n\t\t\t<div class=\"vc_single_image-wrapper   vc_box_border_grey\"><img loading=\"lazy\" decoding=\"async\" width=\"1200\" height=\"721\" src=\"\/wp-content\/uploads\/2025\/10\/La-solucion-integral-para-la-cadena-del-frio.png\" class=\"vc_single_image-img attachment-full\" alt=\"\" title=\"La solucio\u0301n integral para la cadena del fri\u0301o\" srcset=\"\/wp-content\/uploads\/2025\/10\/La-solucion-integral-para-la-cadena-del-frio.png 1200w, \/wp-content\/uploads\/2025\/10\/La-solucion-integral-para-la-cadena-del-frio-300x180.png 300w, \/wp-content\/uploads\/2025\/10\/La-solucion-integral-para-la-cadena-del-frio-1024x615.png 1024w, \/wp-content\/uploads\/2025\/10\/La-solucion-integral-para-la-cadena-del-frio-768x461.png 768w, \/wp-content\/uploads\/2025\/10\/La-solucion-integral-para-la-cadena-del-frio-18x12.png 18w, \/wp-content\/uploads\/2025\/10\/La-solucion-integral-para-la-cadena-del-frio-400x240.png 400w\" sizes=\"auto, (max-width: 1200px) 100vw, 1200px\" \/><\/div>\n\t\t<\/figure>\n\t<\/div>\n<div class=\"vc_empty_space\"   style=\"height: 32px\"><span class=\"vc_empty_space_inner\"><\/span><\/div><\/div><\/div><\/div><\/div><div class=\"vc_row-full-width vc_clearfix\"><\/div>\n<\/div>","protected":false},"excerpt":{"rendered":"Control y eficiencia para la cadena del fr\u00edo En la cadena del fr\u00edo, mantener la calidad de los productos y servicios es el factor diferencial. El futuro est\u00e1 en garantizar al consumidor que la cadena de fr\u00edo no se rompe y que los productos mantienen todas las condiciones y est\u00e1ndares de calidad para su consumo.<a href=\"https:\/\/ags-atlantis.es\/en\/ags-control-eficiencia-cadena-frio\/\" class=\"more-link\"><\/a>","protected":false},"author":2,"featured_media":5507,"parent":0,"menu_order":0,"comment_status":"closed","ping_status":"closed","template":"","meta":{"footnotes":""},"class_list":["post-5506","page","type-page","status-publish","has-post-thumbnail","hentry"],"yoast_head":"<!-- This site is optimized with the Yoast SEO plugin v27.3 - https:\/\/yoast.com\/product\/yoast-seo-wordpress\/ -->\n<title>\u00a0AGS: control y eficiencia para la cadena del fr\u00edo - Atlantis Global System<\/title>\n<meta name=\"robots\" content=\"index, follow, max-snippet:-1, max-image-preview:large, max-video-preview:-1\" \/>\n<link rel=\"canonical\" href=\"https:\/\/www.scb.ags-atlantis.es\/ags-control-eficiencia-cadena-frio\/\" \/>\n<meta property=\"og:locale\" content=\"en_US\" \/>\n<meta property=\"og:type\" content=\"article\" \/>\n<meta property=\"og:title\" content=\"\u00a0AGS: control y eficiencia para la cadena del fr\u00edo - Atlantis Global System\" \/>\n<meta property=\"og:url\" content=\"https:\/\/www.scb.ags-atlantis.es\/ags-control-eficiencia-cadena-frio\/\" \/>\n<meta property=\"og:site_name\" content=\"Atlantis Global System\" \/>\n<meta property=\"article:modified_time\" content=\"2025-10-30T07:43:26+00:00\" \/>\n<meta property=\"og:image\" content=\"https:\/\/ags-atlantis.es\/wp-content\/uploads\/2020\/09\/Camion-3D1.jpg\" \/>\n\t<meta property=\"og:image:width\" content=\"1920\" \/>\n\t<meta property=\"og:image:height\" content=\"1200\" \/>\n\t<meta property=\"og:image:type\" content=\"image\/jpeg\" \/>\n<meta name=\"twitter:card\" content=\"summary_large_image\" \/>\n<meta name=\"twitter:label1\" content=\"Est. reading time\" \/>\n\t<meta name=\"twitter:data1\" content=\"4 minutes\" \/>\n<script type=\"application\/ld+json\" class=\"yoast-schema-graph\">{\"@context\":\"https:\\\/\\\/schema.org\",\"@graph\":[{\"@type\":\"WebPage\",\"@id\":\"https:\\\/\\\/www.scb.ags-atlantis.es\\\/ags-control-eficiencia-cadena-frio\\\/\",\"url\":\"https:\\\/\\\/www.scb.ags-atlantis.es\\\/ags-control-eficiencia-cadena-frio\\\/\",\"name\":\"\u00a0AGS: control y eficiencia para la cadena del fr\u00edo - Atlantis Global System\",\"isPartOf\":{\"@id\":\"http:\\\/\\\/www.scb.ags-atlantis.es\\\/en\\\/#website\"},\"primaryImageOfPage\":{\"@id\":\"https:\\\/\\\/www.scb.ags-atlantis.es\\\/ags-control-eficiencia-cadena-frio\\\/#primaryimage\"},\"image\":{\"@id\":\"https:\\\/\\\/www.scb.ags-atlantis.es\\\/ags-control-eficiencia-cadena-frio\\\/#primaryimage\"},\"thumbnailUrl\":\"\\\/wp-content\\\/uploads\\\/2020\\\/09\\\/Camion-3D1.jpg\",\"datePublished\":\"2020-09-29T14:42:26+00:00\",\"dateModified\":\"2025-10-30T07:43:26+00:00\",\"breadcrumb\":{\"@id\":\"https:\\\/\\\/www.scb.ags-atlantis.es\\\/ags-control-eficiencia-cadena-frio\\\/#breadcrumb\"},\"inLanguage\":\"en-US\",\"potentialAction\":[{\"@type\":\"ReadAction\",\"target\":[\"https:\\\/\\\/www.scb.ags-atlantis.es\\\/ags-control-eficiencia-cadena-frio\\\/\"]}]},{\"@type\":\"ImageObject\",\"inLanguage\":\"en-US\",\"@id\":\"https:\\\/\\\/www.scb.ags-atlantis.es\\\/ags-control-eficiencia-cadena-frio\\\/#primaryimage\",\"url\":\"\\\/wp-content\\\/uploads\\\/2020\\\/09\\\/Camion-3D1.jpg\",\"contentUrl\":\"\\\/wp-content\\\/uploads\\\/2020\\\/09\\\/Camion-3D1.jpg\",\"width\":1920,\"height\":1200},{\"@type\":\"BreadcrumbList\",\"@id\":\"https:\\\/\\\/www.scb.ags-atlantis.es\\\/ags-control-eficiencia-cadena-frio\\\/#breadcrumb\",\"itemListElement\":[{\"@type\":\"ListItem\",\"position\":1,\"name\":\"Portada\",\"item\":\"https:\\\/\\\/ags-atlantis.es\\\/en\\\/\"},{\"@type\":\"ListItem\",\"position\":2,\"name\":\"\u00a0AGS: control y eficiencia para la cadena del fr\u00edo\"}]},{\"@type\":\"WebSite\",\"@id\":\"http:\\\/\\\/www.scb.ags-atlantis.es\\\/en\\\/#website\",\"url\":\"http:\\\/\\\/www.scb.ags-atlantis.es\\\/en\\\/\",\"name\":\"Atlantis Global System\",\"description\":\"Soluciones Log\u00edsticas de Gesti\u00f3n y Movilidad\",\"potentialAction\":[{\"@type\":\"SearchAction\",\"target\":{\"@type\":\"EntryPoint\",\"urlTemplate\":\"http:\\\/\\\/www.scb.ags-atlantis.es\\\/en\\\/?s={search_term_string}\"},\"query-input\":{\"@type\":\"PropertyValueSpecification\",\"valueRequired\":true,\"valueName\":\"search_term_string\"}}],\"inLanguage\":\"en-US\"}]}<\/script>\n<!-- \/ Yoast SEO plugin. -->","yoast_head_json":{"title":"\u00a0AGS: control y eficiencia para la cadena del fr\u00edo - Atlantis Global System","robots":{"index":"index","follow":"follow","max-snippet":"max-snippet:-1","max-image-preview":"max-image-preview:large","max-video-preview":"max-video-preview:-1"},"canonical":"https:\/\/www.scb.ags-atlantis.es\/ags-control-eficiencia-cadena-frio\/","og_locale":"en_US","og_type":"article","og_title":"\u00a0AGS: control y eficiencia para la cadena del fr\u00edo - Atlantis Global System","og_url":"https:\/\/www.scb.ags-atlantis.es\/ags-control-eficiencia-cadena-frio\/","og_site_name":"Atlantis Global System","article_modified_time":"2025-10-30T07:43:26+00:00","og_image":[{"width":1920,"height":1200,"url":"https:\/\/ags-atlantis.es\/wp-content\/uploads\/2020\/09\/Camion-3D1.jpg","type":"image\/jpeg"}],"twitter_card":"summary_large_image","twitter_misc":{"Est. reading time":"4 minutes"},"schema":{"@context":"https:\/\/schema.org","@graph":[{"@type":"WebPage","@id":"https:\/\/www.scb.ags-atlantis.es\/ags-control-eficiencia-cadena-frio\/","url":"https:\/\/www.scb.ags-atlantis.es\/ags-control-eficiencia-cadena-frio\/","name":"\u00a0AGS: control y eficiencia para la cadena del fr\u00edo - Atlantis Global System","isPartOf":{"@id":"http:\/\/www.scb.ags-atlantis.es\/en\/#website"},"primaryImageOfPage":{"@id":"https:\/\/www.scb.ags-atlantis.es\/ags-control-eficiencia-cadena-frio\/#primaryimage"},"image":{"@id":"https:\/\/www.scb.ags-atlantis.es\/ags-control-eficiencia-cadena-frio\/#primaryimage"},"thumbnailUrl":"\/wp-content\/uploads\/2020\/09\/Camion-3D1.jpg","datePublished":"2020-09-29T14:42:26+00:00","dateModified":"2025-10-30T07:43:26+00:00","breadcrumb":{"@id":"https:\/\/www.scb.ags-atlantis.es\/ags-control-eficiencia-cadena-frio\/#breadcrumb"},"inLanguage":"en-US","potentialAction":[{"@type":"ReadAction","target":["https:\/\/www.scb.ags-atlantis.es\/ags-control-eficiencia-cadena-frio\/"]}]},{"@type":"ImageObject","inLanguage":"en-US","@id":"https:\/\/www.scb.ags-atlantis.es\/ags-control-eficiencia-cadena-frio\/#primaryimage","url":"\/wp-content\/uploads\/2020\/09\/Camion-3D1.jpg","contentUrl":"\/wp-content\/uploads\/2020\/09\/Camion-3D1.jpg","width":1920,"height":1200},{"@type":"BreadcrumbList","@id":"https:\/\/www.scb.ags-atlantis.es\/ags-control-eficiencia-cadena-frio\/#breadcrumb","itemListElement":[{"@type":"ListItem","position":1,"name":"Portada","item":"https:\/\/ags-atlantis.es\/en\/"},{"@type":"ListItem","position":2,"name":"\u00a0AGS: control y eficiencia para la cadena del fr\u00edo"}]},{"@type":"WebSite","@id":"http:\/\/www.scb.ags-atlantis.es\/en\/#website","url":"http:\/\/www.scb.ags-atlantis.es\/en\/","name":"Atlantis Global System","description":"Soluciones Log\u00edsticas de Gesti\u00f3n y Movilidad","potentialAction":[{"@type":"SearchAction","target":{"@type":"EntryPoint","urlTemplate":"http:\/\/www.scb.ags-atlantis.es\/en\/?s={search_term_string}"},"query-input":{"@type":"PropertyValueSpecification","valueRequired":true,"valueName":"search_term_string"}}],"inLanguage":"en-US"}]}},"_links":{"self":[{"href":"https:\/\/ags-atlantis.es\/en\/wp-json\/wp\/v2\/pages\/5506","targetHints":{"allow":["GET"]}}],"collection":[{"href":"https:\/\/ags-atlantis.es\/en\/wp-json\/wp\/v2\/pages"}],"about":[{"href":"https:\/\/ags-atlantis.es\/en\/wp-json\/wp\/v2\/types\/page"}],"author":[{"embeddable":true,"href":"https:\/\/ags-atlantis.es\/en\/wp-json\/wp\/v2\/users\/2"}],"replies":[{"embeddable":true,"href":"https:\/\/ags-atlantis.es\/en\/wp-json\/wp\/v2\/comments?post=5506"}],"version-history":[{"count":92,"href":"https:\/\/ags-atlantis.es\/en\/wp-json\/wp\/v2\/pages\/5506\/revisions"}],"predecessor-version":[{"id":10048,"href":"https:\/\/ags-atlantis.es\/en\/wp-json\/wp\/v2\/pages\/5506\/revisions\/10048"}],"wp:featuredmedia":[{"embeddable":true,"href":"https:\/\/ags-atlantis.es\/en\/wp-json\/wp\/v2\/media\/5507"}],"wp:attachment":[{"href":"https:\/\/ags-atlantis.es\/en\/wp-json\/wp\/v2\/media?parent=5506"}],"curies":[{"name":"wp","href":"https:\/\/api.w.org\/{rel}","templated":true}]}}