{"id":19,"date":"2020-09-18T13:40:48","date_gmt":"2020-09-18T13:40:48","guid":{"rendered":"https:\/\/wordpress-ags-atlantis-c7b0a5dmamd7a6ay.northeurope-01.azurewebsites.net\/?page_id=19"},"modified":"2025-10-30T11:55:25","modified_gmt":"2025-10-30T10:55:25","slug":"sobre-ags","status":"publish","type":"page","link":"https:\/\/ags-atlantis.es\/en\/sobre-ags\/","title":{"rendered":"About AGS"},"content":{"rendered":"<div class=\"wpb-content-wrapper\"><div data-vc-full-width=\"true\" data-vc-full-width-temp=\"true\" data-vc-full-width-init=\"false\" class=\"vc_row wpb_row vc_row-fluid vc_custom_1607444253350 vc_row-has-fill vc_row-o-content-top vc_row-flex\"><div class=\"wpb_column vc_column_container vc_col-sm-12\"><div class=\"vc_column-inner\"><div class=\"wpb_wrapper\"><div class=\"vc_empty_space\"   style=\"height: 550px\"><span class=\"vc_empty_space_inner\"><\/span><\/div>\n\t<div class=\"wpb_text_column wpb_content_element\" >\n\t\t<div class=\"wpb_wrapper\">\n\t\t\t<h1><span style=\"color: #ededed;\">AGS: a reference in innovation and development<\/span><\/h1>\n\n\t\t<\/div>\n\t<\/div>\n<\/div><\/div><\/div><\/div><div class=\"vc_row-full-width vc_clearfix\"><\/div><div class=\"vc_row wpb_row vc_row-fluid vc_custom_1601467061462\"><div class=\"wpb_column vc_column_container vc_col-sm-12\"><div class=\"vc_column-inner\"><div class=\"wpb_wrapper\">\n\t<div class=\"wpb_text_column wpb_content_element\" >\n\t\t<div class=\"wpb_wrapper\">\n\t\t\t<h3 class=\"translation-block\">A <strong>Spanish company that has marked a milestone in the evolution of the cold industry. <\/strong>Long-term vision, innovation and audacity to create disruptive solutions are the main values of the company.<\/h3>\n<h4><img loading=\"lazy\" decoding=\"async\" class=\"alignleft wp-image-7169\" src=\"\/wp-content\/uploads\/2020\/12\/Conoce-AGS-1.jpg\" alt=\"\" width=\"304\" height=\"169\" srcset=\"\/wp-content\/uploads\/2020\/12\/Conoce-AGS-1.jpg 1366w, \/wp-content\/uploads\/2020\/12\/Conoce-AGS-1-300x166.jpg 300w, \/wp-content\/uploads\/2020\/12\/Conoce-AGS-1-1024x567.jpg 1024w, \/wp-content\/uploads\/2020\/12\/Conoce-AGS-1-768x425.jpg 768w, \/wp-content\/uploads\/2020\/12\/Conoce-AGS-1-16x9.jpg 16w, \/wp-content\/uploads\/2020\/12\/Conoce-AGS-1-1200x664.jpg 1200w, \/wp-content\/uploads\/2020\/12\/Conoce-AGS-1-1320x731.jpg 1320w, \/wp-content\/uploads\/2020\/12\/Conoce-AGS-1-400x221.jpg 400w, \/wp-content\/uploads\/2020\/12\/Conoce-AGS-1-770x426.jpg 770w, \/wp-content\/uploads\/2020\/12\/Conoce-AGS-1-370x205.jpg 370w\" sizes=\"auto, (max-width: 304px) 100vw, 304px\" \/><strong>Founded in 2004<\/strong> by Rafael del Pino <strong>Atlantis Global System, S.L.U. (AGS)<\/strong> began its activities with the development of telematic control and management solutions for freight vehicles using GPS location devices. Through its more than 15 years of history, AGS has been innovating with the aim of integrating technologies and services to meet the needs of its customers, as well as the cold rooms belonging to food and \/ or medicine distribution centers.<\/h4>\n\n\t\t<\/div>\n\t<\/div>\n\n\t<div class=\"wpb_text_column wpb_content_element\" >\n\t\t<div class=\"wpb_wrapper\">\n\t\t\t<h4><img loading=\"lazy\" decoding=\"async\" class=\"wp-image-7170 alignright\" src=\"\/wp-content\/uploads\/2020\/12\/Conoce-AGS-2-e1607441514406.jpg\" alt=\"\" width=\"268\" height=\"218\" srcset=\"\/wp-content\/uploads\/2020\/12\/Conoce-AGS-2-e1607441514406.jpg 412w, \/wp-content\/uploads\/2020\/12\/Conoce-AGS-2-e1607441514406-300x244.jpg 300w, \/wp-content\/uploads\/2020\/12\/Conoce-AGS-2-e1607441514406-16x12.jpg 16w, \/wp-content\/uploads\/2020\/12\/Conoce-AGS-2-e1607441514406-400x325.jpg 400w, \/wp-content\/uploads\/2020\/12\/Conoce-AGS-2-e1607441514406-370x301.jpg 370w\" sizes=\"auto, (max-width: 268px) 100vw, 268px\" \/><strong>In 2011, AGS presents the first telematics digital thermograph,<\/strong> which allows controlling the temperature of the goods in real-time. The new device, moreover, has been incorporated as a great novelty that could be used not only in vehicles but also in the cold-storage rooms of both food and pharma distribution centers.<\/h4>\n\n\t\t<\/div>\n\t<\/div>\n\n\t<div class=\"wpb_text_column wpb_content_element\" >\n\t\t<div class=\"wpb_wrapper\">\n\t\t\t<p><img loading=\"lazy\" decoding=\"async\" class=\"wp-image-7171 alignleft\" src=\"\/wp-content\/uploads\/2020\/12\/Conoce-AGS-3.jpg\" alt=\"\" width=\"274\" height=\"230\" srcset=\"\/wp-content\/uploads\/2020\/12\/Conoce-AGS-3.jpg 2000w, \/wp-content\/uploads\/2020\/12\/Conoce-AGS-3-300x253.jpg 300w, \/wp-content\/uploads\/2020\/12\/Conoce-AGS-3-1024x862.jpg 1024w, \/wp-content\/uploads\/2020\/12\/Conoce-AGS-3-768x647.jpg 768w, \/wp-content\/uploads\/2020\/12\/Conoce-AGS-3-1536x1293.jpg 1536w, \/wp-content\/uploads\/2020\/12\/Conoce-AGS-3-14x12.jpg 14w, \/wp-content\/uploads\/2020\/12\/Conoce-AGS-3-1200x1010.jpg 1200w, \/wp-content\/uploads\/2020\/12\/Conoce-AGS-3-1320x1111.jpg 1320w, \/wp-content\/uploads\/2020\/12\/Conoce-AGS-3-400x337.jpg 400w, \/wp-content\/uploads\/2020\/12\/Conoce-AGS-3-770x648.jpg 770w, \/wp-content\/uploads\/2020\/12\/Conoce-AGS-3-370x312.jpg 370w\" sizes=\"auto, (max-width: 274px) 100vw, 274px\" \/><\/p>\n<h4 class=\"translation-block\"><strong>In 2013, AGS receives the certification for the application of Module D<\/strong> to the manufacture of its digital telematics thermograph, Conecta+ Termotel, and one year later the company moves its facilities to the Scientific and Technological Park of Almeria.<\/h4>\n<h4 class=\"translation-block\">In 2015, the professional <strong>solutions of AGS destined to the transport and cold rooms in distribution centers, are certified according to Annex 11 of the \"Guide of Correct Manufacture of Medicines of Human and Veterinary Use\" <\/strong>required by the Ministry of Health. One year later, in 2016, it receives the Andalusia Excellence Award.<\/h4>\n\n\t\t<\/div>\n\t<\/div>\n\n\t<div class=\"wpb_text_column wpb_content_element\" >\n\t\t<div class=\"wpb_wrapper\">\n\t\t\t<h4><strong><img loading=\"lazy\" decoding=\"async\" class=\"alignright wp-image-7411\" src=\"\/wp-content\/uploads\/2020\/12\/Conecta-Termotel-S.png\" alt=\"\" width=\"294\" height=\"211\" srcset=\"\/wp-content\/uploads\/2020\/12\/Conecta-Termotel-S.png 578w, \/wp-content\/uploads\/2020\/12\/Conecta-Termotel-S-300x215.png 300w, \/wp-content\/uploads\/2020\/12\/Conecta-Termotel-S-16x12.png 16w, \/wp-content\/uploads\/2020\/12\/Conecta-Termotel-S-400x287.png 400w, \/wp-content\/uploads\/2020\/12\/Conecta-Termotel-S-370x266.png 370w\" sizes=\"auto, (max-width: 294px) 100vw, 294px\" \/>In 2017, AGS launches AGS Termotel S,<\/strong>becoming the first modular telematics digital thermograph, intending to simplify its management and maintenance for the user. In case of failure, for example, only the damaged module needs to be repaired or replaced, leaving the rest of the system fully operational. Moreover, this process could be carried out by the user himself.<\/h4>\n<h4><strong>The new Termotel S also improved energy consumption efficiency<\/strong> (the lowest in its segment) and had digital temperature probes with an average error of +\/- 0.05 \u00baC.<\/h4>\n\n\t\t<\/div>\n\t<\/div>\n\n\t<div class=\"wpb_text_column wpb_content_element\" >\n\t\t<div class=\"wpb_wrapper\">\n\t\t\t<h4><strong><img loading=\"lazy\" decoding=\"async\" class=\"wp-image-8171 alignleft\" src=\"\/wp-content\/uploads\/2023\/03\/Conoce-AGS-5-web.png\" alt=\"\" width=\"272\" height=\"255\" srcset=\"\/wp-content\/uploads\/2023\/03\/Conoce-AGS-5-web.png 1997w, \/wp-content\/uploads\/2023\/03\/Conoce-AGS-5-web-300x281.png 300w, \/wp-content\/uploads\/2023\/03\/Conoce-AGS-5-web-1024x960.png 1024w, \/wp-content\/uploads\/2023\/03\/Conoce-AGS-5-web-768x720.png 768w, \/wp-content\/uploads\/2023\/03\/Conoce-AGS-5-web-1536x1440.png 1536w, \/wp-content\/uploads\/2023\/03\/Conoce-AGS-5-web-13x12.png 13w, \/wp-content\/uploads\/2023\/03\/Conoce-AGS-5-web-1200x1125.png 1200w, \/wp-content\/uploads\/2023\/03\/Conoce-AGS-5-web-400x375.png 400w\" sizes=\"auto, (max-width: 272px) 100vw, 272px\" \/>En 2021 se lanz\u00f3 una nueva generaci\u00f3n de soluciones<\/strong> que supuso un nuevo paso de gigante para la industria del fr\u00edo.<\/h4>\n<h4 class=\"translation-block\"><strong>AGS's new flagship product is the Conecta + iTS Compact digital thermograph,<\/strong> which has a finishing option for autonomous and portable use.<\/h4>\n<h4 class=\"translation-block\"><strong>iTS Compact is a turning point for the refrigeration industry, as it incorporates in a single ultra-compact device, the electronics of the temperature recorder and the probe<\/strong>, and can be applied both to the good transportation vehicles and to the cold-storage rooms of the distribution centers.<\/h4>\n\n\t\t<\/div>\n\t<\/div>\n<\/div><\/div><\/div><\/div><div data-vc-full-width=\"true\" data-vc-full-width-temp=\"true\" data-vc-full-width-init=\"false\" class=\"vc_row wpb_row vc_row-fluid vc_custom_1607443208720 vc_row-has-fill\"><div class=\"wpb_column vc_column_container vc_col-sm-12\"><div class=\"vc_column-inner\"><div class=\"wpb_wrapper\">\n\t<div class=\"wpb_text_column wpb_content_element\" >\n\t\t<div class=\"wpb_wrapper\">\n\t\t\t<h2 class=\"translation-block\">AGS Global System: a trusted partner for companies working in the cold chain<\/h2>\n<p><img loading=\"lazy\" decoding=\"async\" class=\"wp-image-5369 alignleft\" src=\"\/wp-content\/uploads\/2020\/09\/home-03-e1607443612403.jpeg\" alt=\"\" width=\"321\" height=\"258\" srcset=\"\/wp-content\/uploads\/2020\/09\/home-03-e1607443612403.jpeg 1663w, \/wp-content\/uploads\/2020\/09\/home-03-e1607443612403-400x321.jpeg 400w, \/wp-content\/uploads\/2020\/09\/home-03-e1607443612403-300x240.jpeg 300w, \/wp-content\/uploads\/2020\/09\/home-03-e1607443612403-1024x821.jpeg 1024w, \/wp-content\/uploads\/2020\/09\/home-03-e1607443612403-768x616.jpeg 768w, \/wp-content\/uploads\/2020\/09\/home-03-e1607443612403-1536x1231.jpeg 1536w, \/wp-content\/uploads\/2020\/09\/home-03-e1607443612403-1200x962.jpeg 1200w, \/wp-content\/uploads\/2020\/09\/home-03-e1607443612403-16x12.jpeg 16w, \/wp-content\/uploads\/2020\/09\/home-03-e1607443612403-1320x1058.jpeg 1320w, \/wp-content\/uploads\/2020\/09\/home-03-e1607443612403-770x617.jpeg 770w, \/wp-content\/uploads\/2020\/09\/home-03-e1607443612403-370x297.jpeg 370w\" sizes=\"auto, (max-width: 321px) 100vw, 321px\" \/><\/p>\n<h4 class=\"translation-block\"><strong>Today, AGS technology provides telematics coverage throughout Europe, North Africa, and Central America, <\/strong> with more than 40% of its customers included in the top 50 companies transporting goods subject to controlled temperature in Spain.<\/h4>\n<h4 class=\"translation-block\"><strong>Besides, throughout these years, our customers in the world of food have joined service operators, <\/strong>passenger transport, cranes, road assistance, parcel delivery, commercial fleets, and companies in the pharmaceutical sector, who demand it for the optimal conservation and transportation of their medicines.<\/h4>\n<h4 class=\"translation-block\"><strong>AGS has its engineering and development department<\/strong>, made up of highly qualified professionals and experts in developing solutions for the transport sector in its various fields and activities, easily and efficiently integrating the most advanced telematics technologies to develop planning, management, control, and mobility applications.<\/h4>\n\n\t\t<\/div>\n\t<\/div>\n<div class=\"vc_empty_space\"   style=\"height: 32px\"><span class=\"vc_empty_space_inner\"><\/span><\/div><\/div><\/div><\/div><\/div><div class=\"vc_row-full-width vc_clearfix\"><\/div>\n<\/div>","protected":false},"excerpt":{"rendered":"AGS: un referente en innovaci\u00f3n y desarrollo Una empresa espa\u00f1ola que ha marcado un hito en el progreso de la industria del fr\u00edo. Visi\u00f3n a largo plazo, innovaci\u00f3n y audacia para la creaci\u00f3n de soluciones disruptivas son los principales valores de la compa\u00f1\u00eda. Fundada en 2004 por el almeriense Rafael del Pino, Atlantis Global System,<a href=\"https:\/\/ags-atlantis.es\/en\/sobre-ags\/\" class=\"more-link\"><\/a>","protected":false},"author":2,"featured_media":0,"parent":0,"menu_order":0,"comment_status":"closed","ping_status":"closed","template":"","meta":{"footnotes":""},"class_list":["post-19","page","type-page","status-publish","hentry"],"yoast_head":"<!-- This site is optimized with the Yoast SEO plugin v27.3 - https:\/\/yoast.com\/product\/yoast-seo-wordpress\/ -->\n<title>Sobre AGS - Atlantis Global System<\/title>\n<meta name=\"robots\" content=\"index, follow, max-snippet:-1, max-image-preview:large, max-video-preview:-1\" \/>\n<link rel=\"canonical\" href=\"http:\/\/www.ags-atlantis.es\/en\/sobre-ags\/\" \/>\n<meta property=\"og:locale\" content=\"en_US\" \/>\n<meta property=\"og:type\" content=\"article\" \/>\n<meta property=\"og:title\" content=\"Sobre AGS - Atlantis Global System\" \/>\n<meta property=\"og:url\" content=\"http:\/\/www.ags-atlantis.es\/en\/sobre-ags\/\" \/>\n<meta property=\"og:site_name\" content=\"Atlantis Global System\" \/>\n<meta property=\"article:modified_time\" content=\"2025-10-30T10:55:25+00:00\" \/>\n<meta name=\"twitter:card\" content=\"summary_large_image\" \/>\n<meta name=\"twitter:label1\" content=\"Est. reading time\" \/>\n\t<meta name=\"twitter:data1\" content=\"5 minutes\" \/>\n<script type=\"application\/ld+json\" class=\"yoast-schema-graph\">{\"@context\":\"https:\\\/\\\/schema.org\",\"@graph\":[{\"@type\":\"WebPage\",\"@id\":\"http:\\\/\\\/www.ags-atlantis.es\\\/en\\\/sobre-ags\\\/\",\"url\":\"http:\\\/\\\/www.ags-atlantis.es\\\/en\\\/sobre-ags\\\/\",\"name\":\"Sobre AGS - Atlantis Global System\",\"isPartOf\":{\"@id\":\"http:\\\/\\\/www.scb.ags-atlantis.es\\\/en\\\/#website\"},\"datePublished\":\"2020-09-18T13:40:48+00:00\",\"dateModified\":\"2025-10-30T10:55:25+00:00\",\"breadcrumb\":{\"@id\":\"http:\\\/\\\/www.ags-atlantis.es\\\/en\\\/sobre-ags\\\/#breadcrumb\"},\"inLanguage\":\"en-US\",\"potentialAction\":[{\"@type\":\"ReadAction\",\"target\":[\"http:\\\/\\\/www.ags-atlantis.es\\\/en\\\/sobre-ags\\\/\"]}]},{\"@type\":\"BreadcrumbList\",\"@id\":\"http:\\\/\\\/www.ags-atlantis.es\\\/en\\\/sobre-ags\\\/#breadcrumb\",\"itemListElement\":[{\"@type\":\"ListItem\",\"position\":1,\"name\":\"Portada\",\"item\":\"https:\\\/\\\/ags-atlantis.es\\\/en\\\/\"},{\"@type\":\"ListItem\",\"position\":2,\"name\":\"Sobre AGS\"}]},{\"@type\":\"WebSite\",\"@id\":\"http:\\\/\\\/www.scb.ags-atlantis.es\\\/en\\\/#website\",\"url\":\"http:\\\/\\\/www.scb.ags-atlantis.es\\\/en\\\/\",\"name\":\"Atlantis Global System\",\"description\":\"Soluciones Log\u00edsticas de Gesti\u00f3n y Movilidad\",\"potentialAction\":[{\"@type\":\"SearchAction\",\"target\":{\"@type\":\"EntryPoint\",\"urlTemplate\":\"http:\\\/\\\/www.scb.ags-atlantis.es\\\/en\\\/?s={search_term_string}\"},\"query-input\":{\"@type\":\"PropertyValueSpecification\",\"valueRequired\":true,\"valueName\":\"search_term_string\"}}],\"inLanguage\":\"en-US\"}]}<\/script>\n<!-- \/ Yoast SEO plugin. -->","yoast_head_json":{"title":"Sobre AGS - Atlantis Global System","robots":{"index":"index","follow":"follow","max-snippet":"max-snippet:-1","max-image-preview":"max-image-preview:large","max-video-preview":"max-video-preview:-1"},"canonical":"http:\/\/www.ags-atlantis.es\/en\/sobre-ags\/","og_locale":"en_US","og_type":"article","og_title":"Sobre AGS - Atlantis Global System","og_url":"http:\/\/www.ags-atlantis.es\/en\/sobre-ags\/","og_site_name":"Atlantis Global System","article_modified_time":"2025-10-30T10:55:25+00:00","twitter_card":"summary_large_image","twitter_misc":{"Est. reading time":"5 minutes"},"schema":{"@context":"https:\/\/schema.org","@graph":[{"@type":"WebPage","@id":"http:\/\/www.ags-atlantis.es\/en\/sobre-ags\/","url":"http:\/\/www.ags-atlantis.es\/en\/sobre-ags\/","name":"Sobre AGS - Atlantis Global System","isPartOf":{"@id":"http:\/\/www.scb.ags-atlantis.es\/en\/#website"},"datePublished":"2020-09-18T13:40:48+00:00","dateModified":"2025-10-30T10:55:25+00:00","breadcrumb":{"@id":"http:\/\/www.ags-atlantis.es\/en\/sobre-ags\/#breadcrumb"},"inLanguage":"en-US","potentialAction":[{"@type":"ReadAction","target":["http:\/\/www.ags-atlantis.es\/en\/sobre-ags\/"]}]},{"@type":"BreadcrumbList","@id":"http:\/\/www.ags-atlantis.es\/en\/sobre-ags\/#breadcrumb","itemListElement":[{"@type":"ListItem","position":1,"name":"Portada","item":"https:\/\/ags-atlantis.es\/en\/"},{"@type":"ListItem","position":2,"name":"Sobre AGS"}]},{"@type":"WebSite","@id":"http:\/\/www.scb.ags-atlantis.es\/en\/#website","url":"http:\/\/www.scb.ags-atlantis.es\/en\/","name":"Atlantis Global System","description":"Soluciones Log\u00edsticas de Gesti\u00f3n y Movilidad","potentialAction":[{"@type":"SearchAction","target":{"@type":"EntryPoint","urlTemplate":"http:\/\/www.scb.ags-atlantis.es\/en\/?s={search_term_string}"},"query-input":{"@type":"PropertyValueSpecification","valueRequired":true,"valueName":"search_term_string"}}],"inLanguage":"en-US"}]}},"_links":{"self":[{"href":"https:\/\/ags-atlantis.es\/en\/wp-json\/wp\/v2\/pages\/19","targetHints":{"allow":["GET"]}}],"collection":[{"href":"https:\/\/ags-atlantis.es\/en\/wp-json\/wp\/v2\/pages"}],"about":[{"href":"https:\/\/ags-atlantis.es\/en\/wp-json\/wp\/v2\/types\/page"}],"author":[{"embeddable":true,"href":"https:\/\/ags-atlantis.es\/en\/wp-json\/wp\/v2\/users\/2"}],"replies":[{"embeddable":true,"href":"https:\/\/ags-atlantis.es\/en\/wp-json\/wp\/v2\/comments?post=19"}],"version-history":[{"count":65,"href":"https:\/\/ags-atlantis.es\/en\/wp-json\/wp\/v2\/pages\/19\/revisions"}],"predecessor-version":[{"id":10153,"href":"https:\/\/ags-atlantis.es\/en\/wp-json\/wp\/v2\/pages\/19\/revisions\/10153"}],"wp:attachment":[{"href":"https:\/\/ags-atlantis.es\/en\/wp-json\/wp\/v2\/media?parent=19"}],"curies":[{"name":"wp","href":"https:\/\/api.w.org\/{rel}","templated":true}]}}