{"id":17,"date":"2020-09-18T13:40:48","date_gmt":"2020-09-18T13:40:48","guid":{"rendered":"https:\/\/wordpress-ags-atlantis-c7b0a5dmamd7a6ay.northeurope-01.azurewebsites.net\/?page_id=17"},"modified":"2025-10-30T11:43:03","modified_gmt":"2025-10-30T10:43:03","slug":"soluciones","status":"publish","type":"page","link":"https:\/\/ags-atlantis.es\/en\/soluciones\/","title":{"rendered":"Solutions"},"content":{"rendered":"<div class=\"wpb-content-wrapper\"><div class=\"vc_row wpb_row vc_row-fluid\"><div class=\"wpb_column vc_column_container vc_col-sm-12\"><div class=\"vc_column-inner\"><div class=\"wpb_wrapper\">\n\t<div class=\"wpb_text_column wpb_content_element\" >\n\t\t<div class=\"wpb_wrapper\">\n\t\t\t<h1 style=\"text-align: center;\">Logistics, track&amp;trace, and control for your business<\/h1>\n<h3 style=\"text-align: center;\">AGS solutions are adapted to your track&amp;trace needs and the size of your fleet, <br>providing you maximum control and provide maximum confidence for your customers<\/h3>\n\n\t\t<\/div>\n\t<\/div>\n\n<div class=\"vc_grid-container-wrapper vc_clearfix vc_grid-animation-none\">\n\t<div class=\"vc_grid-container vc_clearfix wpb_content_element vc_basic_grid\" data-initial-loading-animation=\"none\" data-vc-grid-settings=\"{&quot;page_id&quot;:17,&quot;style&quot;:&quot;all&quot;,&quot;action&quot;:&quot;vc_get_vc_grid_data&quot;,&quot;shortcode_id&quot;:&quot;1761820065925-8854f204-6d95-9&quot;,&quot;tag&quot;:&quot;vc_basic_grid&quot;}\" data-vc-request=\"https:\/\/ags-atlantis.es\/wp-admin\/admin-ajax.php\" data-vc-post-id=\"17\" data-vc-public-nonce=\"3e312c68ff\">\n\t\t<div class=\"vc_grid vc_row vc_grid-gutter-10px vc_pageable-wrapper vc_hook_hover\" data-vc-pageable-content=\"true\"><div class=\"vc_pageable-slide-wrapper vc_clearfix\" data-vc-grid-content=\"true\"><div class=\"vc_grid-item vc_clearfix vc_col-sm-6 vc_grid-item-zone-c-bottom\"><div class=\"vc_grid-item-mini vc_clearfix\"><div class=\"vc_gitem-animated-block\" ><div class=\"vc_gitem-zone vc_gitem-zone-a vc_gitem-is-link\" style=\"background-image: url('\/wp-content\/uploads\/2025\/10\/Solucion_integral.png') !important;\"><a href=\"https:\/\/ags-atlantis.es\/en\/soluciones\/solucion-transporte-profesional\/\" title=\"Professional transport solution\" class=\"vc_gitem-link vc-zone-link\" ><\/a><img decoding=\"async\" class=\"vc_gitem-zone-img\" src=\"\/wp-content\/uploads\/2025\/10\/Solucion_integral.png\" alt=\"Una soluci\u00f3n dise\u00f1ada para cubrir las necesidades de las flotas de veh\u00edculos para todo tipo de empresas de transporte profesional, permitiendo una explotaci\u00f3n avanzada online a trav\u00e9s del manejo de datos telem\u00e1ticos provenientes de los veh\u00edculos, (GPS\/GPRS, CanBus, EOBD, tac\u00f3grafo digital, term\u00f3grafo digital compacto Conecta+ iTS Compact, etc\u2026), y tambi\u00e9n un control y gesti\u00f3n de tu actividad realmente profesionales.Con un enfoque modular y escalable que te permitir\u00e1 optimizar los costes de explotaci\u00f3n y mantenimiento.\" loading=\"lazy\"><div class=\"vc_gitem-zone-mini\"><\/div><\/div><\/div><div class=\"vc_gitem-zone vc_gitem-zone-c\"><div class=\"vc_gitem-zone-mini\"><div class=\"vc_gitem_row vc_row vc_gitem-row-position-top\"><div class=\"vc_col-sm-12 vc_gitem-col vc_gitem-col-align-\"><div class=\"vc_custom_heading vc_gitem-post-data vc_gitem-post-data-source-post_title\" ><h3 style=\"text-align: left\" >Professional transport solution<\/h3><\/div><div class=\"vc_custom_heading vc_gitem-post-data vc_gitem-post-data-source-post_excerpt\" ><div  ><p class=\"translation-block\"><b>A solution designed to cover the needs of all kind of professional transportation companies <\/b>and their vehicle fleet, allowing advanced online data mining through the management of telematics data from the vehicles, (GPS \/ GPRS, CanBus, EOBD, digital tachograph, digital thermograph compact Conecta + iTS Compact, etc.), and also a truly professional control and management of your business.<\/p>\n<p class=\"translation-block\"><strong>A modular and scalable approach <\/strong>will also allow you to optimize operating and maintenance costs.<\/p>\n<\/div><\/div><div class=\"vc_btn3-container vc_btn3-center\"><a class=\"vc_general vc_btn3 vc_btn3-size-md vc_btn3-shape-rounded vc_btn3-style-outline vc_btn3-color-inverse\" a href=\"https:\/\/ags-atlantis.es\/en\/soluciones\/solucion-transporte-profesional\/\" title=\"Know more\">Know more<\/a><\/div><\/div><\/div><\/div><\/div><\/div><div class=\"vc_clearfix\"><\/div><\/div><div class=\"vc_grid-item vc_clearfix vc_col-sm-6 vc_grid-item-zone-c-bottom\"><div class=\"vc_grid-item-mini vc_clearfix\"><div class=\"vc_gitem-animated-block\" ><div class=\"vc_gitem-zone vc_gitem-zone-a vc_gitem-is-link\" style=\"background-image: url('\/wp-content\/uploads\/2025\/10\/camaras.png') !important;\"><a href=\"https:\/\/ags-atlantis.es\/en\/soluciones\/centros-de-distribucion-camaras-frigorificas\/\" title=\"Distribution centers&lt;br&gt; (cold rooms)\" class=\"vc_gitem-link vc-zone-link\" ><\/a><img decoding=\"async\" class=\"vc_gitem-zone-img\" src=\"\/wp-content\/uploads\/2025\/10\/camaras.png\" alt=\"Control de temperatura en tiempo real y gesti\u00f3n centralizada para c\u00e1maras frigor\u00edficas. Nuestra soluci\u00f3n para el control y la gesti\u00f3n telem\u00e1tica online de c\u00e1maras frigor\u00edficas ubicadas en los centros de distribuci\u00f3n de alimentos, medicamentos, etc. es ideal para centralizar y optimizar la gesti\u00f3n de todas ellas desde una \u00fanica interfaz. Adaptado a distintos formatos seg\u00fan el dispositivo empleado, con esta soluci\u00f3n tendr\u00e1s una forma sencilla para controlar y gestionar los term\u00f3grafos digitales instalados en las distintas c\u00e1maras, y de los distintos usuarios habilitados en la Plataforma de Servicios Telem\u00e1ticos de AGS.\" loading=\"lazy\"><div class=\"vc_gitem-zone-mini\"><\/div><\/div><\/div><div class=\"vc_gitem-zone vc_gitem-zone-c\"><div class=\"vc_gitem-zone-mini\"><div class=\"vc_gitem_row vc_row vc_gitem-row-position-top\"><div class=\"vc_col-sm-12 vc_gitem-col vc_gitem-col-align-\"><div class=\"vc_custom_heading vc_gitem-post-data vc_gitem-post-data-source-post_title\" ><h3 style=\"text-align: left\" >Distribution centers<br> (cold rooms)<\/h3><\/div><div class=\"vc_custom_heading vc_gitem-post-data vc_gitem-post-data-source-post_excerpt\" ><div  ><p class=\"translation-block\"><strong>Real-time temperature control and centralized management for cold-storage rooms. <\/strong>Our control and online telematics management of cold rooms solution located in distribution centers for food, pharma, etc. are ideal for centralizing and optimizing the management of all of them from a single interface.<\/p>\n<p class=\"translation-block\"><strong>Adapted to different formats according to the device used,<\/strong>with this solution you will have an easy way to control and manage the digital thermographs installed in different cameras, and different users enabled in the AGS Telematics Services Platform.<\/p>\n<\/div><\/div><div class=\"vc_btn3-container vc_btn3-center\"><a class=\"vc_general vc_btn3 vc_btn3-size-md vc_btn3-shape-rounded vc_btn3-style-outline vc_btn3-color-inverse\" a href=\"https:\/\/ags-atlantis.es\/en\/soluciones\/centros-de-distribucion-camaras-frigorificas\/\" title=\"Know more\">Know more<\/a><\/div><\/div><\/div><\/div><\/div><\/div><div class=\"vc_clearfix\"><\/div><\/div><\/div><\/div>\n\t<\/div>\n<\/div><\/div><\/div><\/div><\/div>\n<\/div>","protected":false},"excerpt":{"rendered":"Log\u00edstica, trazabilidad y control para tu negocio Las soluciones de AGS se adaptan a tus necesidades de trazabilidad y al tama\u00f1o de tu flota, para darte el m\u00e1ximo control y la m\u00e1xima confianza para tus clientes Soluci\u00f3n para transporte ProfesionalUna soluci\u00f3n dise\u00f1ada para cubrir las necesidades de las flotas de veh\u00edculos para todo tipo de<a href=\"https:\/\/ags-atlantis.es\/en\/soluciones\/\" class=\"more-link\"><\/a>","protected":false},"author":2,"featured_media":0,"parent":0,"menu_order":0,"comment_status":"closed","ping_status":"closed","template":"","meta":{"footnotes":""},"class_list":["post-17","page","type-page","status-publish","hentry"],"yoast_head":"<!-- This site is optimized with the Yoast SEO plugin v27.3 - https:\/\/yoast.com\/product\/yoast-seo-wordpress\/ -->\n<title>Soluciones - Atlantis Global System<\/title>\n<meta name=\"robots\" content=\"index, follow, max-snippet:-1, max-image-preview:large, max-video-preview:-1\" \/>\n<link rel=\"canonical\" href=\"https:\/\/ags-atlantis.es\/en\/soluciones\/\" \/>\n<meta property=\"og:locale\" content=\"en_US\" \/>\n<meta property=\"og:type\" content=\"article\" \/>\n<meta property=\"og:title\" content=\"Soluciones - Atlantis Global System\" \/>\n<meta property=\"og:url\" content=\"https:\/\/ags-atlantis.es\/en\/soluciones\/\" \/>\n<meta property=\"og:site_name\" content=\"Atlantis Global System\" \/>\n<meta property=\"article:modified_time\" content=\"2025-10-30T10:43:03+00:00\" \/>\n<meta name=\"twitter:card\" content=\"summary_large_image\" \/>\n<meta name=\"twitter:label1\" content=\"Est. reading time\" \/>\n\t<meta name=\"twitter:data1\" content=\"1 minute\" \/>\n<script type=\"application\/ld+json\" class=\"yoast-schema-graph\">{\"@context\":\"https:\\\/\\\/schema.org\",\"@graph\":[{\"@type\":\"WebPage\",\"@id\":\"https:\\\/\\\/ags-atlantis.es\\\/en\\\/soluciones\\\/\",\"url\":\"https:\\\/\\\/ags-atlantis.es\\\/en\\\/soluciones\\\/\",\"name\":\"Soluciones - Atlantis Global System\",\"isPartOf\":{\"@id\":\"http:\\\/\\\/www.scb.ags-atlantis.es\\\/en\\\/#website\"},\"datePublished\":\"2020-09-18T13:40:48+00:00\",\"dateModified\":\"2025-10-30T10:43:03+00:00\",\"breadcrumb\":{\"@id\":\"https:\\\/\\\/ags-atlantis.es\\\/en\\\/soluciones\\\/#breadcrumb\"},\"inLanguage\":\"en-US\",\"potentialAction\":[{\"@type\":\"ReadAction\",\"target\":[\"https:\\\/\\\/ags-atlantis.es\\\/en\\\/soluciones\\\/\"]}]},{\"@type\":\"BreadcrumbList\",\"@id\":\"https:\\\/\\\/ags-atlantis.es\\\/en\\\/soluciones\\\/#breadcrumb\",\"itemListElement\":[{\"@type\":\"ListItem\",\"position\":1,\"name\":\"Portada\",\"item\":\"https:\\\/\\\/ags-atlantis.es\\\/en\\\/\"},{\"@type\":\"ListItem\",\"position\":2,\"name\":\"Soluciones\"}]},{\"@type\":\"WebSite\",\"@id\":\"http:\\\/\\\/www.scb.ags-atlantis.es\\\/en\\\/#website\",\"url\":\"http:\\\/\\\/www.scb.ags-atlantis.es\\\/en\\\/\",\"name\":\"Atlantis Global System\",\"description\":\"Soluciones Log\u00edsticas de Gesti\u00f3n y Movilidad\",\"potentialAction\":[{\"@type\":\"SearchAction\",\"target\":{\"@type\":\"EntryPoint\",\"urlTemplate\":\"http:\\\/\\\/www.scb.ags-atlantis.es\\\/en\\\/?s={search_term_string}\"},\"query-input\":{\"@type\":\"PropertyValueSpecification\",\"valueRequired\":true,\"valueName\":\"search_term_string\"}}],\"inLanguage\":\"en-US\"}]}<\/script>\n<!-- \/ Yoast SEO plugin. -->","yoast_head_json":{"title":"Soluciones - Atlantis Global System","robots":{"index":"index","follow":"follow","max-snippet":"max-snippet:-1","max-image-preview":"max-image-preview:large","max-video-preview":"max-video-preview:-1"},"canonical":"https:\/\/ags-atlantis.es\/en\/soluciones\/","og_locale":"en_US","og_type":"article","og_title":"Soluciones - Atlantis Global System","og_url":"https:\/\/ags-atlantis.es\/en\/soluciones\/","og_site_name":"Atlantis Global System","article_modified_time":"2025-10-30T10:43:03+00:00","twitter_card":"summary_large_image","twitter_misc":{"Est. reading time":"1 minute"},"schema":{"@context":"https:\/\/schema.org","@graph":[{"@type":"WebPage","@id":"https:\/\/ags-atlantis.es\/en\/soluciones\/","url":"https:\/\/ags-atlantis.es\/en\/soluciones\/","name":"Soluciones - Atlantis Global System","isPartOf":{"@id":"http:\/\/www.scb.ags-atlantis.es\/en\/#website"},"datePublished":"2020-09-18T13:40:48+00:00","dateModified":"2025-10-30T10:43:03+00:00","breadcrumb":{"@id":"https:\/\/ags-atlantis.es\/en\/soluciones\/#breadcrumb"},"inLanguage":"en-US","potentialAction":[{"@type":"ReadAction","target":["https:\/\/ags-atlantis.es\/en\/soluciones\/"]}]},{"@type":"BreadcrumbList","@id":"https:\/\/ags-atlantis.es\/en\/soluciones\/#breadcrumb","itemListElement":[{"@type":"ListItem","position":1,"name":"Portada","item":"https:\/\/ags-atlantis.es\/en\/"},{"@type":"ListItem","position":2,"name":"Soluciones"}]},{"@type":"WebSite","@id":"http:\/\/www.scb.ags-atlantis.es\/en\/#website","url":"http:\/\/www.scb.ags-atlantis.es\/en\/","name":"Atlantis Global System","description":"Soluciones Log\u00edsticas de Gesti\u00f3n y Movilidad","potentialAction":[{"@type":"SearchAction","target":{"@type":"EntryPoint","urlTemplate":"http:\/\/www.scb.ags-atlantis.es\/en\/?s={search_term_string}"},"query-input":{"@type":"PropertyValueSpecification","valueRequired":true,"valueName":"search_term_string"}}],"inLanguage":"en-US"}]}},"_links":{"self":[{"href":"https:\/\/ags-atlantis.es\/en\/wp-json\/wp\/v2\/pages\/17","targetHints":{"allow":["GET"]}}],"collection":[{"href":"https:\/\/ags-atlantis.es\/en\/wp-json\/wp\/v2\/pages"}],"about":[{"href":"https:\/\/ags-atlantis.es\/en\/wp-json\/wp\/v2\/types\/page"}],"author":[{"embeddable":true,"href":"https:\/\/ags-atlantis.es\/en\/wp-json\/wp\/v2\/users\/2"}],"replies":[{"embeddable":true,"href":"https:\/\/ags-atlantis.es\/en\/wp-json\/wp\/v2\/comments?post=17"}],"version-history":[{"count":42,"href":"https:\/\/ags-atlantis.es\/en\/wp-json\/wp\/v2\/pages\/17\/revisions"}],"predecessor-version":[{"id":10130,"href":"https:\/\/ags-atlantis.es\/en\/wp-json\/wp\/v2\/pages\/17\/revisions\/10130"}],"wp:attachment":[{"href":"https:\/\/ags-atlantis.es\/en\/wp-json\/wp\/v2\/media?parent=17"}],"curies":[{"name":"wp","href":"https:\/\/api.w.org\/{rel}","templated":true}]}}