{"id":15,"date":"2020-09-18T13:40:48","date_gmt":"2020-09-18T13:40:48","guid":{"rendered":"https:\/\/wordpress-ags-atlantis-c7b0a5dmamd7a6ay.northeurope-01.azurewebsites.net\/?page_id=15"},"modified":"2025-10-30T08:33:59","modified_gmt":"2025-10-30T07:33:59","slug":"tecnologia","status":"publish","type":"page","link":"https:\/\/ags-atlantis.es\/en\/tecnologia\/","title":{"rendered":"Technology"},"content":{"rendered":"<div class=\"wpb-content-wrapper\"><section class=\"vc_section\"><div class=\"vc_row wpb_row vc_row-fluid\"><div class=\"wpb_column vc_column_container vc_col-sm-12\"><div class=\"vc_column-inner\"><div class=\"wpb_wrapper\"><div class=\"vc_empty_space\"   style=\"height: 15px\"><span class=\"vc_empty_space_inner\"><\/span><\/div><\/div><\/div><\/div><\/div><\/section><div class=\"vc_row wpb_row vc_row-fluid vc_custom_1601464024942\"><div class=\"wpb_column vc_column_container vc_col-sm-4\"><div class=\"vc_column-inner\"><div class=\"wpb_wrapper\">\n\t<div  class=\"wpb_single_image wpb_content_element vc_align_center wpb_content_element\">\n\t\t\n\t\t<figure class=\"wpb_wrapper vc_figure\">\n\t\t\t<a href=\"https:\/\/wordpress-ags-atlantis-c7b0a5dmamd7a6ay.northeurope-01.azurewebsites.net\/ags-control-eficiencia-cadena-frio\/\" target=\"_self\" class=\"vc_single_image-wrapper   vc_box_border_grey\"><img decoding=\"async\" class=\"vc_single_image-img\" src=\"\/wp-content\/uploads\/2025\/10\/logo.png\" width=\"500\" height=\"500\" alt=\"logo\" title=\"logo\" loading=\"lazy\" \/><\/a>\n\t\t<\/figure>\n\t<\/div>\n\n\t<div class=\"wpb_text_column wpb_content_element vc_custom_1761809586129\" >\n\t\t<div class=\"wpb_wrapper\">\n\t\t\t<h3><strong>Atlantis Global System S.L.<\/strong><br \/>\nMaximum control and efficiency for the cold chain<\/h3>\n\n\t\t<\/div>\n\t<\/div>\n<div class=\"vc_btn3-container vc_btn3-inline vc_custom_1761740639324 vc_do_btn\" ><a class=\"vc_general vc_btn3 vc_btn3-size-md vc_btn3-shape-rounded vc_btn3-style-outline vc_btn3-color-inverse\" href=\"https:\/\/wordpress-ags-atlantis-c7b0a5dmamd7a6ay.northeurope-01.azurewebsites.net\/ags-control-eficiencia-cadena-frio\/\" title=\"Know more\">Know more<\/a><\/div><\/div><\/div><\/div><div class=\"wpb_column vc_column_container vc_col-sm-4\"><div class=\"vc_column-inner\"><div class=\"wpb_wrapper\">\n\t<div  class=\"wpb_single_image wpb_content_element vc_align_center wpb_content_element\">\n\t\t\n\t\t<figure class=\"wpb_wrapper vc_figure\">\n\t\t\t<a href=\"https:\/\/wordpress-ags-atlantis-c7b0a5dmamd7a6ay.northeurope-01.azurewebsites.net\/ags-conecta-its-compact\/\" target=\"_self\" class=\"vc_single_image-wrapper   vc_box_border_grey\"><img decoding=\"async\" class=\"vc_single_image-img\" src=\"\/wp-content\/uploads\/2025\/10\/its.png\" width=\"500\" height=\"500\" alt=\"its\" title=\"its\" loading=\"lazy\" \/><\/a>\n\t\t<\/figure>\n\t<\/div>\n\n\t<div class=\"wpb_text_column wpb_content_element vc_custom_1761809571996\" >\n\t\t<div class=\"wpb_wrapper\">\n\t\t\t<h3 class=\"translation-block\">AGS Conecta + iTS Compact: the first compact digital telematic thermograph<\/h3>\n\n\t\t<\/div>\n\t<\/div>\n<div class=\"vc_btn3-container vc_btn3-inline vc_custom_1761740644779 vc_do_btn\" ><a class=\"vc_general vc_btn3 vc_btn3-size-md vc_btn3-shape-rounded vc_btn3-style-outline vc_btn3-color-black\" href=\"https:\/\/wordpress-ags-atlantis-c7b0a5dmamd7a6ay.northeurope-01.azurewebsites.net\/ags-conecta-its-compact\/\" title=\"Know more\">Know more<\/a><\/div><\/div><\/div><\/div><div class=\"wpb_column vc_column_container vc_col-sm-4\"><div class=\"vc_column-inner\"><div class=\"wpb_wrapper\">\n\t<div  class=\"wpb_single_image wpb_content_element vc_align_right wpb_content_element\">\n\t\t\n\t\t<figure class=\"wpb_wrapper vc_figure\">\n\t\t\t<a href=\"https:\/\/wordpress-ags-atlantis-c7b0a5dmamd7a6ay.northeurope-01.azurewebsites.net\/ags-conecta-ion\/\" target=\"_self\" class=\"vc_single_image-wrapper   vc_box_border_grey\"><img decoding=\"async\" class=\"vc_single_image-img\" src=\"\/wp-content\/uploads\/2025\/10\/iON-S.png\" width=\"500\" height=\"500\" alt=\"iON S\" title=\"iON S\" loading=\"lazy\" \/><\/a>\n\t\t<\/figure>\n\t<\/div>\n\n\t<div class=\"wpb_text_column wpb_content_element vc_custom_1761809617242\" >\n\t\t<div class=\"wpb_wrapper\">\n\t\t\t<h3><strong>AGS Conecta+ iON<br \/>\n<\/strong>data processing and telematics <br>management in real-time<\/h3>\n\n\t\t<\/div>\n\t<\/div>\n<div class=\"vc_btn3-container vc_btn3-inline vc_custom_1761740651349 vc_do_btn\" ><a class=\"vc_general vc_btn3 vc_btn3-size-md vc_btn3-shape-rounded vc_btn3-style-outline vc_btn3-color-inverse\" href=\"https:\/\/wordpress-ags-atlantis-c7b0a5dmamd7a6ay.northeurope-01.azurewebsites.net\/ags-conecta-ion\/\" title=\"Know more\">Know more<\/a><\/div><\/div><\/div><\/div><\/div><div class=\"vc_row wpb_row vc_row-fluid vc_custom_1601464024942\"><div class=\"wpb_column vc_column_container vc_col-sm-4\"><div class=\"vc_column-inner\"><div class=\"wpb_wrapper\">\n\t<div  class=\"wpb_single_image wpb_content_element vc_align_center wpb_content_element\">\n\t\t\n\t\t<figure class=\"wpb_wrapper vc_figure\">\n\t\t\t<a href=\"https:\/\/wordpress-ags-atlantis-c7b0a5dmamd7a6ay.northeurope-01.azurewebsites.net\/ags-control-eficiencia-cadena-frio\/\" target=\"_self\" class=\"vc_single_image-wrapper   vc_box_border_grey\"><img decoding=\"async\" class=\"vc_single_image-img\" src=\"\/wp-content\/uploads\/2025\/10\/DSi02_.png\" width=\"500\" height=\"500\" alt=\"DSi02_\" title=\"DSi02_\" loading=\"lazy\" \/><\/a>\n\t\t<\/figure>\n\t<\/div>\n\n\t<div class=\"wpb_text_column wpb_content_element vc_custom_1761809558510\" >\n\t\t<div class=\"wpb_wrapper\">\n\t\t\t<h3><strong>AGS Conecta+ DSi02<\/strong><br \/>\nIdentificar el enganche\/desenganche de veh\u00edculos articulados de manera inal\u00e1mbrica y Sensor de puerta magn\u00e9tico<\/h3>\n\n\t\t<\/div>\n\t<\/div>\n<div class=\"vc_btn3-container vc_btn3-inline vc_custom_1761740639324 vc_do_btn\" ><a class=\"vc_general vc_btn3 vc_btn3-size-md vc_btn3-shape-rounded vc_btn3-style-outline vc_btn3-color-inverse\" href=\"https:\/\/wordpress-ags-atlantis-c7b0a5dmamd7a6ay.northeurope-01.azurewebsites.net\/ags-control-eficiencia-cadena-frio\/\" title=\"Know more\">Know more<\/a><\/div><\/div><\/div><\/div><div class=\"wpb_column vc_column_container vc_col-sm-4\"><div class=\"vc_column-inner\"><div class=\"wpb_wrapper\"><\/div><\/div><\/div><div class=\"wpb_column vc_column_container vc_col-sm-4\"><div class=\"vc_column-inner\"><div class=\"wpb_wrapper\"><\/div><\/div><\/div><\/div>\n<\/div>","protected":false},"excerpt":{"rendered":"Atlantis Global System S.L. M\u00e1ximo control y eficiencia para la cadena del fr\u00edo M\u00e1s informaci\u00f3n AGS Conecta+ iTS Compact: el primer term\u00f3grafo telem\u00e1tico digital compacto M\u00e1s informaci\u00f3n AGS Conecta+ iON procesamiento de datos y gesti\u00f3n telem\u00e1tica en tiempo real M\u00e1s informaci\u00f3n AGS Conecta+ DSi02 Identificar el enganche\/desenganche de veh\u00edculos articulados de manera inal\u00e1mbrica y Sensor<a href=\"https:\/\/ags-atlantis.es\/en\/tecnologia\/\" class=\"more-link\"><\/a>","protected":false},"author":2,"featured_media":0,"parent":0,"menu_order":0,"comment_status":"closed","ping_status":"closed","template":"","meta":{"footnotes":""},"class_list":["post-15","page","type-page","status-publish","hentry"],"yoast_head":"<!-- This site is optimized with the Yoast SEO plugin v27.3 - https:\/\/yoast.com\/product\/yoast-seo-wordpress\/ -->\n<title>Tecnolog\u00eda - Atlantis Global System<\/title>\n<meta name=\"robots\" content=\"index, follow, max-snippet:-1, max-image-preview:large, max-video-preview:-1\" \/>\n<link rel=\"canonical\" href=\"https:\/\/www.ags-atlantis.es\/tecnologia\/\" \/>\n<meta property=\"og:locale\" content=\"en_US\" \/>\n<meta property=\"og:type\" content=\"article\" \/>\n<meta property=\"og:title\" content=\"Tecnolog\u00eda - Atlantis Global System\" \/>\n<meta property=\"og:url\" content=\"https:\/\/www.ags-atlantis.es\/tecnologia\/\" \/>\n<meta property=\"og:site_name\" content=\"Atlantis Global System\" \/>\n<meta property=\"article:modified_time\" content=\"2025-10-30T07:33:59+00:00\" \/>\n<meta name=\"twitter:card\" content=\"summary_large_image\" \/>\n<meta name=\"twitter:label1\" content=\"Est. reading time\" \/>\n\t<meta name=\"twitter:data1\" content=\"1 minute\" \/>\n<script type=\"application\/ld+json\" class=\"yoast-schema-graph\">{\"@context\":\"https:\\\/\\\/schema.org\",\"@graph\":[{\"@type\":\"WebPage\",\"@id\":\"https:\\\/\\\/www.ags-atlantis.es\\\/tecnologia\\\/\",\"url\":\"https:\\\/\\\/www.ags-atlantis.es\\\/tecnologia\\\/\",\"name\":\"Tecnolog\u00eda - Atlantis Global System\",\"isPartOf\":{\"@id\":\"http:\\\/\\\/www.scb.ags-atlantis.es\\\/en\\\/#website\"},\"datePublished\":\"2020-09-18T13:40:48+00:00\",\"dateModified\":\"2025-10-30T07:33:59+00:00\",\"breadcrumb\":{\"@id\":\"https:\\\/\\\/www.ags-atlantis.es\\\/tecnologia\\\/#breadcrumb\"},\"inLanguage\":\"en-US\",\"potentialAction\":[{\"@type\":\"ReadAction\",\"target\":[\"https:\\\/\\\/www.ags-atlantis.es\\\/tecnologia\\\/\"]}]},{\"@type\":\"BreadcrumbList\",\"@id\":\"https:\\\/\\\/www.ags-atlantis.es\\\/tecnologia\\\/#breadcrumb\",\"itemListElement\":[{\"@type\":\"ListItem\",\"position\":1,\"name\":\"Portada\",\"item\":\"https:\\\/\\\/ags-atlantis.es\\\/en\\\/\"},{\"@type\":\"ListItem\",\"position\":2,\"name\":\"Tecnolog\u00eda\"}]},{\"@type\":\"WebSite\",\"@id\":\"http:\\\/\\\/www.scb.ags-atlantis.es\\\/en\\\/#website\",\"url\":\"http:\\\/\\\/www.scb.ags-atlantis.es\\\/en\\\/\",\"name\":\"Atlantis Global System\",\"description\":\"Soluciones Log\u00edsticas de Gesti\u00f3n y Movilidad\",\"potentialAction\":[{\"@type\":\"SearchAction\",\"target\":{\"@type\":\"EntryPoint\",\"urlTemplate\":\"http:\\\/\\\/www.scb.ags-atlantis.es\\\/en\\\/?s={search_term_string}\"},\"query-input\":{\"@type\":\"PropertyValueSpecification\",\"valueRequired\":true,\"valueName\":\"search_term_string\"}}],\"inLanguage\":\"en-US\"}]}<\/script>\n<!-- \/ Yoast SEO plugin. -->","yoast_head_json":{"title":"Tecnolog\u00eda - Atlantis Global System","robots":{"index":"index","follow":"follow","max-snippet":"max-snippet:-1","max-image-preview":"max-image-preview:large","max-video-preview":"max-video-preview:-1"},"canonical":"https:\/\/www.ags-atlantis.es\/tecnologia\/","og_locale":"en_US","og_type":"article","og_title":"Tecnolog\u00eda - Atlantis Global System","og_url":"https:\/\/www.ags-atlantis.es\/tecnologia\/","og_site_name":"Atlantis Global System","article_modified_time":"2025-10-30T07:33:59+00:00","twitter_card":"summary_large_image","twitter_misc":{"Est. reading time":"1 minute"},"schema":{"@context":"https:\/\/schema.org","@graph":[{"@type":"WebPage","@id":"https:\/\/www.ags-atlantis.es\/tecnologia\/","url":"https:\/\/www.ags-atlantis.es\/tecnologia\/","name":"Tecnolog\u00eda - Atlantis Global System","isPartOf":{"@id":"http:\/\/www.scb.ags-atlantis.es\/en\/#website"},"datePublished":"2020-09-18T13:40:48+00:00","dateModified":"2025-10-30T07:33:59+00:00","breadcrumb":{"@id":"https:\/\/www.ags-atlantis.es\/tecnologia\/#breadcrumb"},"inLanguage":"en-US","potentialAction":[{"@type":"ReadAction","target":["https:\/\/www.ags-atlantis.es\/tecnologia\/"]}]},{"@type":"BreadcrumbList","@id":"https:\/\/www.ags-atlantis.es\/tecnologia\/#breadcrumb","itemListElement":[{"@type":"ListItem","position":1,"name":"Portada","item":"https:\/\/ags-atlantis.es\/en\/"},{"@type":"ListItem","position":2,"name":"Tecnolog\u00eda"}]},{"@type":"WebSite","@id":"http:\/\/www.scb.ags-atlantis.es\/en\/#website","url":"http:\/\/www.scb.ags-atlantis.es\/en\/","name":"Atlantis Global System","description":"Soluciones Log\u00edsticas de Gesti\u00f3n y Movilidad","potentialAction":[{"@type":"SearchAction","target":{"@type":"EntryPoint","urlTemplate":"http:\/\/www.scb.ags-atlantis.es\/en\/?s={search_term_string}"},"query-input":{"@type":"PropertyValueSpecification","valueRequired":true,"valueName":"search_term_string"}}],"inLanguage":"en-US"}]}},"_links":{"self":[{"href":"https:\/\/ags-atlantis.es\/en\/wp-json\/wp\/v2\/pages\/15","targetHints":{"allow":["GET"]}}],"collection":[{"href":"https:\/\/ags-atlantis.es\/en\/wp-json\/wp\/v2\/pages"}],"about":[{"href":"https:\/\/ags-atlantis.es\/en\/wp-json\/wp\/v2\/types\/page"}],"author":[{"embeddable":true,"href":"https:\/\/ags-atlantis.es\/en\/wp-json\/wp\/v2\/users\/2"}],"replies":[{"embeddable":true,"href":"https:\/\/ags-atlantis.es\/en\/wp-json\/wp\/v2\/comments?post=15"}],"version-history":[{"count":63,"href":"https:\/\/ags-atlantis.es\/en\/wp-json\/wp\/v2\/pages\/15\/revisions"}],"predecessor-version":[{"id":10047,"href":"https:\/\/ags-atlantis.es\/en\/wp-json\/wp\/v2\/pages\/15\/revisions\/10047"}],"wp:attachment":[{"href":"https:\/\/ags-atlantis.es\/en\/wp-json\/wp\/v2\/media?parent=15"}],"curies":[{"name":"wp","href":"https:\/\/api.w.org\/{rel}","templated":true}]}}