{"id":10084,"date":"2025-10-30T09:50:00","date_gmt":"2025-10-30T08:50:00","guid":{"rendered":"https:\/\/www.ags-atlantis.es\/?page_id=10084"},"modified":"2025-10-30T09:50:00","modified_gmt":"2025-10-30T08:50:00","slug":"ags-conecta-dsi","status":"publish","type":"page","link":"https:\/\/ags-atlantis.es\/en\/ags-conecta-dsi\/","title":{"rendered":"AGS Conecta+ DSi"},"content":{"rendered":"<div class=\"wpb-content-wrapper\"><div class=\"vc_row wpb_row vc_row-fluid\"><div class=\"wpb_column vc_column_container vc_col-sm-12\"><div class=\"vc_column-inner\"><div class=\"wpb_wrapper\">\n\t\t\t<!-- START AGS DSi02 REVOLUTION SLIDER 6.7.34 --><p class=\"rs-p-wp-fix\"><\/p>\n\t\t\t<rs-module-wrap id=\"rev_slider_5_1_wrapper\" data-source=\"gallery\" style=\"visibility:hidden;background:transparent;padding:0;margin:0px auto;margin-top:0;margin-bottom:0;\">\n\t\t\t\t<rs-module id=\"rev_slider_5_1\" style=\"\" data-version=\"6.7.34\">\n\t\t\t\t\t<rs-slides style=\"overflow: hidden; position: absolute;\">\n\t\t\t\t\t\t<rs-slide style=\"position: absolute;\" data-key=\"rs-22\" data-title=\"Slide\" data-anim=\"ms:600;\" data-in=\"o:0;\" data-out=\"a:false;\">\n\t\t\t\t\t\t\t<img decoding=\"async\" src=\"\/\/ags-atlantis.es\/wp-content\/plugins\/revslider\/sr6\/assets\/assets\/dummy.png\" alt=\"\" title=\"banner\" width=\"1921\" height=\"522\" class=\"rev-slidebg tp-rs-img rs-lazyload\" data-lazyload=\"\/wp-content\/uploads\/2025\/07\/banner.png\" data-panzoom=\"d:10000;ss:100;se:103;os:-20\/-10;oe:20\/10;\" data-no-retina>\n<!--\n\t\t\t\t\t\t\t--><rs-layer\n\t\t\t\t\t\t\t\tid=\"slider-5-slide-22-layer-7\" \n\t\t\t\t\t\t\t\tdata-type=\"image\"\n\t\t\t\t\t\t\t\tdata-rsp_ch=\"on\"\n\t\t\t\t\t\t\t\tdata-xy=\"x:l,l,c,c;xo:193px,193px,0,193px;y:m;yo:0,0,-9px,-9px;\"\n\t\t\t\t\t\t\t\tdata-text=\"w:normal;s:20,20,7,7;l:0,0,9,9;\"\n\t\t\t\t\t\t\t\tdata-dim=\"w:628px,628px,395px,395px;h:353px,353px,222px,222px;\"\n\t\t\t\t\t\t\t\tdata-frame_999=\"o:0;st:w;\"\n\t\t\t\t\t\t\t\tstyle=\"z-index:10;\"\n\t\t\t\t\t\t\t><img decoding=\"async\" src=\"\/\/ags-atlantis.es\/wp-content\/plugins\/revslider\/sr6\/assets\/assets\/dummy.png\" alt=\"\" class=\"tp-rs-img rs-lazyload\" width=\"1920\" height=\"1080\" data-lazyload=\"\/wp-content\/uploads\/2025\/10\/DSi02.png\" data-no-retina> \n\t\t\t\t\t\t\t<\/rs-layer><!--\n\n\t\t\t\t\t\t\t--><rs-layer\n\t\t\t\t\t\t\t\tid=\"slider-5-slide-22-layer-13\" \n\t\t\t\t\t\t\t\tclass=\"home-title\"\n\t\t\t\t\t\t\t\tdata-type=\"text\"\n\t\t\t\t\t\t\t\tdata-rsp_ch=\"on\"\n\t\t\t\t\t\t\t\tdata-xy=\"x:r,r,c,c;xo:51px,51px,0,51px;y:m;yo:-180px,-180px,-420px,-420px;\"\n\t\t\t\t\t\t\t\tdata-text=\"w:normal;s:60,60,40,40;l:60;ls:-2;a:right,right,center,center;\"\n\t\t\t\t\t\t\t\tdata-dim=\"w:715px,715px,506px,506px;h:66px,66px,68px,68px;\"\n\t\t\t\t\t\t\t\tdata-wrpcls=\"home-title-wrap\"\n\t\t\t\t\t\t\t\tdata-frame_0=\"x:right;o:1;\"\n\t\t\t\t\t\t\t\tdata-frame_1=\"st:610;sp:1200;sR:610;\"\n\t\t\t\t\t\t\t\tdata-frame_999=\"o:0;st:w;sR:7190;\"\n\t\t\t\t\t\t\t\tstyle=\"z-index:7;font-family:'Outfit';\"\n\t\t\t\t\t\t\t><strong>AGS Conecta+ DSi02<\/strong> \n\t\t\t\t\t\t\t<\/rs-layer><!--\n\n\t\t\t\t\t\t\t--><rs-layer\n\t\t\t\t\t\t\t\tid=\"slider-5-slide-22-layer-14\" \n\t\t\t\t\t\t\t\tclass=\"home-subtitle\"\n\t\t\t\t\t\t\t\tdata-type=\"text\"\n\t\t\t\t\t\t\t\tdata-rsp_ch=\"on\"\n\t\t\t\t\t\t\t\tdata-xy=\"x:l,l,c,c;xo:864px,864px,0,864px;y:m;yo:-131px,-131px,-334px,-334px;\"\n\t\t\t\t\t\t\t\tdata-text=\"w:normal;s:27,27,30,30;l:32,32,36,36;ls:-1;a:right,right,center,center;\"\n\t\t\t\t\t\t\t\tdata-dim=\"w:1014,1014,570px,570px;\"\n\t\t\t\t\t\t\t\tdata-wrpcls=\"home-subtitle-wrap\"\n\t\t\t\t\t\t\t\tdata-frame_0=\"x:right;\"\n\t\t\t\t\t\t\t\tdata-frame_1=\"st:1690;sp:1200;sR:1690;\"\n\t\t\t\t\t\t\t\tdata-frame_999=\"o:0;st:w;sR:6110;\"\n\t\t\t\t\t\t\t\tstyle=\"z-index:6;font-family:'Exo';\"\n\t\t\t\t\t\t\t>Sensor de puerta inal\u00e1mbrico y baliza o identificador de un veh\u00edculo v\u00eda Bluetooth \n\t\t\t\t\t\t\t<\/rs-layer><!--\n-->\t\t\t\t\t<\/rs-slide>\n\t\t\t\t\t<\/rs-slides>\n\t\t\t\t<\/rs-module>\n\t\t\t\t<script>\n\t\t\t\t\tsetREVStartSize({c: 'rev_slider_5_1',rl:[1240,1240,778,778],el:[522,522,960,960],gw:[1920,1920,778,778],gh:[522,522,960,960],type:'standard',justify:'',layout:'fullwidth',mh:\"0\"});if (window.RS_MODULES!==undefined && window.RS_MODULES.modules!==undefined && window.RS_MODULES.modules[\"revslider51\"]!==undefined) {window.RS_MODULES.modules[\"revslider51\"].once = false;window.revapi5 = undefined;if (window.RS_MODULES.checkMinimal!==undefined) window.RS_MODULES.checkMinimal()}\n\t\t\t\t<\/script>\n\t\t\t<\/rs-module-wrap>\n\t\t\t<!-- END REVOLUTION SLIDER -->\n<\/div><\/div><\/div><\/div><section data-vc-full-width=\"true\" data-vc-full-width-temp=\"true\" data-vc-full-width-init=\"false\" class=\"vc_section vc_custom_1761811622792 vc_section-has-fill\"><div class=\"vc_row wpb_row vc_row-fluid\"><div class=\"wpb_column vc_column_container vc_col-sm-12\"><div class=\"vc_column-inner\"><div class=\"wpb_wrapper\">\n\t<div class=\"wpb_text_column wpb_content_element tituloPagina\" >\n\t\t<div class=\"wpb_wrapper\">\n\t\t\t<h1><strong> Conecta+ DSi02<\/strong><\/h1>\n\n\t\t<\/div>\n\t<\/div>\n<div class=\"vc_separator wpb_content_element vc_separator_align_center vc_sep_width_100 vc_sep_pos_align_center vc_separator_no_text vc_sep_color_grey vc_custom_1761810780949 wpb_content_element  vc_custom_1761810780949 wpb_content_element\" ><span class=\"vc_sep_holder vc_sep_holder_l\"><span class=\"vc_sep_line\"><\/span><\/span><span class=\"vc_sep_holder vc_sep_holder_r\"><span class=\"vc_sep_line\"><\/span><\/span>\n<\/div>\n\t<div class=\"wpb_text_column wpb_content_element\" >\n\t\t<div class=\"wpb_wrapper\">\n\t\t\t<p class=\"p1\">Conecta+\u00ae DSiO2 es una soluci\u00f3n inal\u00e1mbrica compacta, estanca, f\u00e1cil de instalar y flexible que permite:<\/p>\n\n\t\t<\/div>\n\t<\/div>\n<\/div><\/div><\/div><\/div><\/section><div class=\"vc_row-full-width vc_clearfix\"><\/div><div data-vc-full-width=\"true\" data-vc-full-width-temp=\"true\" data-vc-full-width-init=\"false\" class=\"vc_row wpb_row vc_row-fluid vc_custom_1761811725654 vc_row-has-fill\"><div class=\"wpb_column vc_column_container vc_col-sm-6\"><div class=\"vc_column-inner\"><div class=\"wpb_wrapper\">\n\t<div  class=\"wpb_single_image wpb_content_element vc_align_center wpb_content_element\">\n\t\t\n\t\t<figure class=\"wpb_wrapper vc_figure\">\n\t\t\t<div class=\"vc_single_image-wrapper   vc_box_border_grey\"><img loading=\"lazy\" decoding=\"async\" width=\"500\" height=\"500\" src=\"\/wp-content\/uploads\/2025\/10\/02_sensor-puerta.png\" class=\"vc_single_image-img attachment-full\" alt=\"\" title=\"02_sensor puerta\" srcset=\"\/wp-content\/uploads\/2025\/10\/02_sensor-puerta.png 500w, \/wp-content\/uploads\/2025\/10\/02_sensor-puerta-300x300.png 300w, \/wp-content\/uploads\/2025\/10\/02_sensor-puerta-150x150.png 150w, \/wp-content\/uploads\/2025\/10\/02_sensor-puerta-12x12.png 12w, \/wp-content\/uploads\/2025\/10\/02_sensor-puerta-400x400.png 400w, \/wp-content\/uploads\/2025\/10\/02_sensor-puerta-100x100.png 100w\" sizes=\"auto, (max-width: 500px) 100vw, 500px\" \/><\/div>\n\t\t<\/figure>\n\t<\/div>\n\n\t<div class=\"wpb_text_column wpb_content_element\" >\n\t\t<div class=\"wpb_wrapper\">\n\t\t\t<p>Identificar el enganche\/desenganche de veh\u00edculos articulados de manera inal\u00e1mbrica mediante la conectividad Bluetooth 5 de la que tambi\u00e9n disponen otros dispositivos de la l\u00ednea de productos Conecta+\u00ae.<\/p>\n\n\t\t<\/div>\n\t<\/div>\n<\/div><\/div><\/div><div class=\"wpb_column vc_column_container vc_col-sm-6\"><div class=\"vc_column-inner\"><div class=\"wpb_wrapper\">\n\t<div  class=\"wpb_single_image wpb_content_element vc_align_center wpb_content_element\">\n\t\t\n\t\t<figure class=\"wpb_wrapper vc_figure\">\n\t\t\t<div class=\"vc_single_image-wrapper   vc_box_border_grey\"><img loading=\"lazy\" decoding=\"async\" width=\"500\" height=\"500\" src=\"\/wp-content\/uploads\/2025\/10\/baliza.png\" class=\"vc_single_image-img attachment-full\" alt=\"\" title=\"baliza\" srcset=\"\/wp-content\/uploads\/2025\/10\/baliza.png 500w, \/wp-content\/uploads\/2025\/10\/baliza-300x300.png 300w, \/wp-content\/uploads\/2025\/10\/baliza-150x150.png 150w, \/wp-content\/uploads\/2025\/10\/baliza-12x12.png 12w, \/wp-content\/uploads\/2025\/10\/baliza-400x400.png 400w, \/wp-content\/uploads\/2025\/10\/baliza-100x100.png 100w\" sizes=\"auto, (max-width: 500px) 100vw, 500px\" \/><\/div>\n\t\t<\/figure>\n\t<\/div>\n\n\t<div class=\"wpb_text_column wpb_content_element\" >\n\t\t<div class=\"wpb_wrapper\">\n\t\t\t<p>Ser utilizado como alternativa a detectores de apertura de puerta magn\u00e9ticos cableados, simplificando su montaje y favoreciendo la adaptaci\u00f3n a necesidades espec\u00edficas de clientes en cuanto a ubicaci\u00f3n y n\u00famero de sensores a instalar.<\/p>\n\n\t\t<\/div>\n\t<\/div>\n<\/div><\/div><\/div><\/div><div class=\"vc_row-full-width vc_clearfix\"><\/div><section data-vc-full-width=\"true\" data-vc-full-width-temp=\"true\" data-vc-full-width-init=\"false\" class=\"vc_section vc_custom_1761812286851 vc_section-has-fill\"><div class=\"vc_row wpb_row vc_row-fluid\"><div class=\"wpb_column vc_column_container vc_col-sm-3\"><div class=\"vc_column-inner\"><div class=\"wpb_wrapper\">\n\t<div  class=\"wpb_single_image wpb_content_element vc_align_center wpb_content_element\">\n\t\t\n\t\t<figure class=\"wpb_wrapper vc_figure\">\n\t\t\t<div class=\"vc_single_image-wrapper   vc_box_border_grey\"><img loading=\"lazy\" decoding=\"async\" width=\"1244\" height=\"1045\" src=\"\/wp-content\/uploads\/2025\/10\/DSi02_iman_01.png\" class=\"vc_single_image-img attachment-full\" alt=\"\" title=\"DSi02_iman_01\" srcset=\"\/wp-content\/uploads\/2025\/10\/DSi02_iman_01.png 1244w, \/wp-content\/uploads\/2025\/10\/DSi02_iman_01-300x252.png 300w, \/wp-content\/uploads\/2025\/10\/DSi02_iman_01-1024x860.png 1024w, \/wp-content\/uploads\/2025\/10\/DSi02_iman_01-768x645.png 768w, \/wp-content\/uploads\/2025\/10\/DSi02_iman_01-14x12.png 14w, \/wp-content\/uploads\/2025\/10\/DSi02_iman_01-1200x1008.png 1200w, \/wp-content\/uploads\/2025\/10\/DSi02_iman_01-400x336.png 400w\" sizes=\"auto, (max-width: 1244px) 100vw, 1244px\" \/><\/div>\n\t\t<\/figure>\n\t<\/div>\n<\/div><\/div><\/div><div class=\"wpb_column vc_column_container vc_col-sm-9\"><div class=\"vc_column-inner\"><div class=\"wpb_wrapper\">\n\t<div class=\"wpb_text_column wpb_content_element tituloPagina\" >\n\t\t<div class=\"wpb_wrapper\">\n\t\t\t<h1><strong>Prestaciones principales<\/strong><\/h1>\n\n\t\t<\/div>\n\t<\/div>\n\n\t<div class=\"wpb_text_column wpb_content_element\" >\n\t\t<div class=\"wpb_wrapper\">\n\t\t\t<p>Permite su integraci\u00f3n dentro de la soluci\u00f3n de AGS orientada al control y gesti\u00f3n en tiempo real por medio de las aplicaciones englobadas dentro de su Plataforma de Servicios Telem\u00e1ticos.<\/p>\n<p>Incluye una bateria con una capacidad de 1.000mAh, que le proporciona alimentaci\u00f3n y autonom\u00eda durante al menos 2 a\u00f1os.<\/p>\n<p>Incluye una memoria interna independiente no vol\u00e1til de tipo flash de 64 Mbit para almacenamiento de par\u00e1metros de configuraci\u00f3n de conexiones y cualquier otra informaci\u00f3n de telemetr\u00eda necesaria.<\/p>\n<p>El dispositivo incorpora un sensor magneto-resistivo ultrasensible y omnipolar, lo que facilita la detecci\u00f3n de cualquier campo magn\u00e9tico alineado, independientemente de su polaridad. Combinando este sensor con un im\u00e1n externo, puede detectar cu\u00e1ndo la separaci\u00f3n entre ambos es superior o inferior a un umbral preestablecido, permitiendo as\u00ed ser utilizado para detectar la apertura y cierre de la puerta en la que se instala el dispositivo.<\/p>\n\n\t\t<\/div>\n\t<\/div>\n<\/div><\/div><\/div><\/div><\/section><div class=\"vc_row-full-width vc_clearfix\"><\/div><section data-vc-full-width=\"true\" data-vc-full-width-temp=\"true\" data-vc-full-width-init=\"false\" class=\"vc_section vc_custom_1761812358941 vc_section-has-fill\"><div data-vc-full-width=\"true\" data-vc-full-width-temp=\"true\" data-vc-full-width-init=\"false\" class=\"vc_row wpb_row vc_row-fluid\"><div class=\"wpb_column vc_column_container vc_col-sm-12\"><div class=\"vc_column-inner vc_custom_1601465734256\"><div class=\"wpb_wrapper\"><div class=\"vc_empty_space\"   style=\"height: 30px\"><span class=\"vc_empty_space_inner\"><\/span><\/div>\n\t<div class=\"wpb_text_column wpb_content_element\" >\n\t\t<div class=\"wpb_wrapper\">\n\t\t\t<h1 style=\"text-align: center;\"><span style=\"color: #4b545e;\">AGS Conecta+ DSi02: <strong>Caracter\u00edsticas t\u00e9cnicas<\/strong><\/span><\/h1>\n\n\t\t<\/div>\n\t<\/div>\n\n\t<div class=\"wpb_raw_code wpb_raw_html wpb_content_element\" >\n\t\t<div class=\"wpb_wrapper\">\n\t\t\t<style type=\"text\/css\">\n.tg  {border-collapse:collapse;border-spacing:0;}\n.tg td{border-color:black;border-style:solid;border-width:1px; font-size:14px;\n  overflow:hidden;padding:10px 20px;word-break:normal;}\n.tg th{border-color:black;border-style:solid;border-width:1px; font-size:14px;\n  font-weight:normal;overflow:hidden;padding:10px 20px;word-break:normal;}\n.tg .tg-dd2g{background-color:#2d4f61;border-color:#ffffff;color:#f1f1f1;text-align:right;vertical-align:top}\n.tg .tg-y81z{background-color:#e9f5fa;border-color:#ffffff;text-align:left;vertical-align:top}\n.tg .tg-18vd{background-color:#2d4f61;border-color:#ffffff;color:#f1f1f1;font-weight:bold;text-align:right;vertical-align:top}\n.tg .tg-zdu3{background-color:#d6e0e4;border-color:#ffffff;text-align:left;vertical-align:top}\n<\/style>\n<table class=\"tg\" style=\"undefined;table-layout: fixed; width: 1153px\">\n<colgroup>\n<col style=\"width: 377px\">\n<col style=\"width: 776px\">\n<\/colgroup>\n<thead>\n  <tr>\n    <th class=\"tg-18vd\" rowspan=\"3\">Normativas que cumple:<\/th>\n    <th class=\"tg-zdu3\" rowspan=\"3\">\u2022 UNE-EN 12830:2019<br>\u2022 Orden ICT 155\/2020<br>\u2022 Reglamento 10<\/th>\n  <\/tr>\n  <tr>\n  <\/tr>\n  <tr>\n  <\/tr>\n<\/thead>\n<tbody>\n  <tr>\n    <td class=\"tg-dd2g\"><span style=\"font-weight:bold\">Clase de exactitud:<\/span><\/td>\n    <td class=\"tg-y81z\">0,5<\/td>\n  <\/tr>\n  <tr>\n    <td class=\"tg-18vd\">Resoluci\u00f3n de medida:<\/td>\n    <td class=\"tg-zdu3\">0,01 \u00baC<\/td>\n  <\/tr>\n  <tr>\n    <td class=\"tg-18vd\">Clase de software (nivel de seguridad)<\/td>\n    <td class=\"tg-y81z\">Nivel III<\/td>\n  <\/tr>\n  <tr>\n    <td class=\"tg-18vd\">\u00c1mbito de aplicaci\u00f3n:<\/td>\n    <td class=\"tg-zdu3\">T (transporte) y S   (almacenamiento)<\/td>\n  <\/tr>\n  <tr>\n    <td class=\"tg-18vd\" rowspan=\"2\">Rangos de temperatura:<\/td>\n    <td class=\"tg-y81z\" rowspan=\"2\">\u2022 Homologada: entre -30 \u00baC y 30 \u00baC.<br><span style=\"font-weight:400;font-style:normal\">\u2022 Trabajo: entre -30 \u00baC y 75 \u00baC<\/span><\/td>\n  <\/tr>\n  <tr>\n  <\/tr>\n  <tr>\n    <td class=\"tg-18vd\" rowspan=\"2\">Error de medida :<\/td>\n    <td class=\"tg-zdu3\" rowspan=\"2\">\u2022  T\u00edpico: \u00b1 0,05 \u00baC <br>\u2022  T\u00edpico: \u00b1 0,05 \u00baC<\/td>\n  <\/tr>\n  <tr>\n  <\/tr>\n  <tr>\n    <td class=\"tg-18vd\">Grado de protecci\u00f3n:<\/td>\n    <td class=\"tg-y81z\">IP-68<\/td>\n  <\/tr>\n  <tr>\n    <td class=\"tg-18vd\" rowspan=\"4\">Energ\u00eda:<\/td>\n    <td class=\"tg-zdu3\" rowspan=\"4\">\u2022 Tensi\u00f3n de alimentaci\u00f3n externa: 12\/24 V.<br>\u2022  Consumo:<br><span style=\"font-weight:400;font-style:normal\">   o   Medio: 90 \u00b5A (modo de   funcionamiento t\u00edpico con registro de temperatura cada 5 minutos).<\/span><br><span style=\"font-weight:400;font-style:normal\">   o   Bajo consumo: inferior   a 20 \u00b5A.<\/span><\/td>\n  <\/tr>\n  <tr>\n  <\/tr>\n  <tr>\n  <\/tr>\n  <tr>\n  <\/tr>\n  <tr>\n    <td class=\"tg-18vd\" rowspan=\"2\">Comunicaciones:<\/td>\n    <td class=\"tg-y81z\" rowspan=\"2\">\u2022 Bluetooth 5<br><span style=\"font-weight:400;font-style:normal\">\u2022 RS-485 (s\u00f3lo acabado Wired)<\/span><\/td>\n  <\/tr>\n  <tr>\n  <\/tr>\n<\/tbody>\n<\/table>\n\t\t<\/div>\n\t<\/div>\n<div class=\"vc_empty_space\"   style=\"height: 50px\"><span class=\"vc_empty_space_inner\"><\/span><\/div><\/div><\/div><\/div><\/div><div class=\"vc_row-full-width vc_clearfix\"><\/div><\/section><div class=\"vc_row-full-width vc_clearfix\"><\/div>\n<\/div>","protected":false},"excerpt":{"rendered":"AGS Conecta+ DSi02 Sensor de puerta inal\u00e1mbrico y baliza o identificador de un veh\u00edculo v\u00eda Bluetooth Conecta+ DSi02 Conecta+\u00ae DSiO2 es una soluci\u00f3n inal\u00e1mbrica compacta, estanca, f\u00e1cil de instalar y flexible que permite: Identificar el enganche\/desenganche de veh\u00edculos articulados de manera inal\u00e1mbrica mediante la conectividad Bluetooth 5 de la que tambi\u00e9n disponen otros dispositivos de<a href=\"https:\/\/ags-atlantis.es\/en\/ags-conecta-dsi\/\" class=\"more-link\"><\/a>","protected":false},"author":5,"featured_media":5366,"parent":0,"menu_order":0,"comment_status":"closed","ping_status":"closed","template":"","meta":{"footnotes":""},"class_list":["post-10084","page","type-page","status-publish","has-post-thumbnail","hentry"],"yoast_head":"<!-- This site is optimized with the Yoast SEO plugin v27.3 - https:\/\/yoast.com\/product\/yoast-seo-wordpress\/ -->\n<title>AGS Conecta+ DSi - Atlantis Global System<\/title>\n<meta name=\"robots\" content=\"index, follow, max-snippet:-1, max-image-preview:large, max-video-preview:-1\" \/>\n<link rel=\"canonical\" href=\"https:\/\/ags-atlantis.es\/en\/ags-conecta-dsi\/\" \/>\n<meta property=\"og:locale\" content=\"en_US\" \/>\n<meta property=\"og:type\" content=\"article\" \/>\n<meta property=\"og:title\" content=\"AGS Conecta+ DSi - Atlantis Global System\" \/>\n<meta property=\"og:url\" content=\"https:\/\/ags-atlantis.es\/en\/ags-conecta-dsi\/\" \/>\n<meta property=\"og:site_name\" content=\"Atlantis Global System\" \/>\n<meta property=\"og:image\" content=\"https:\/\/ags-atlantis.es\/wp-content\/uploads\/2020\/09\/Fleet-management-Costs-Telematics.jpg\" \/>\n\t<meta property=\"og:image:width\" content=\"1500\" \/>\n\t<meta property=\"og:image:height\" content=\"750\" \/>\n\t<meta property=\"og:image:type\" content=\"image\/jpeg\" \/>\n<meta name=\"twitter:card\" content=\"summary_large_image\" \/>\n<meta name=\"twitter:label1\" content=\"Est. reading time\" \/>\n\t<meta name=\"twitter:data1\" content=\"3 minutes\" \/>\n<script type=\"application\/ld+json\" class=\"yoast-schema-graph\">{\"@context\":\"https:\\\/\\\/schema.org\",\"@graph\":[{\"@type\":\"WebPage\",\"@id\":\"https:\\\/\\\/ags-atlantis.es\\\/ags-conecta-dsi\\\/\",\"url\":\"https:\\\/\\\/ags-atlantis.es\\\/ags-conecta-dsi\\\/\",\"name\":\"AGS Conecta+ DSi - Atlantis Global System\",\"isPartOf\":{\"@id\":\"http:\\\/\\\/www.scb.ags-atlantis.es\\\/en\\\/#website\"},\"primaryImageOfPage\":{\"@id\":\"https:\\\/\\\/ags-atlantis.es\\\/ags-conecta-dsi\\\/#primaryimage\"},\"image\":{\"@id\":\"https:\\\/\\\/ags-atlantis.es\\\/ags-conecta-dsi\\\/#primaryimage\"},\"thumbnailUrl\":\"\\\/wp-content\\\/uploads\\\/2020\\\/09\\\/Fleet-management-Costs-Telematics.jpg\",\"datePublished\":\"2025-10-30T08:50:00+00:00\",\"breadcrumb\":{\"@id\":\"https:\\\/\\\/ags-atlantis.es\\\/ags-conecta-dsi\\\/#breadcrumb\"},\"inLanguage\":\"en-US\",\"potentialAction\":[{\"@type\":\"ReadAction\",\"target\":[\"https:\\\/\\\/ags-atlantis.es\\\/ags-conecta-dsi\\\/\"]}]},{\"@type\":\"ImageObject\",\"inLanguage\":\"en-US\",\"@id\":\"https:\\\/\\\/ags-atlantis.es\\\/ags-conecta-dsi\\\/#primaryimage\",\"url\":\"\\\/wp-content\\\/uploads\\\/2020\\\/09\\\/Fleet-management-Costs-Telematics.jpg\",\"contentUrl\":\"\\\/wp-content\\\/uploads\\\/2020\\\/09\\\/Fleet-management-Costs-Telematics.jpg\",\"width\":1500,\"height\":750},{\"@type\":\"BreadcrumbList\",\"@id\":\"https:\\\/\\\/ags-atlantis.es\\\/ags-conecta-dsi\\\/#breadcrumb\",\"itemListElement\":[{\"@type\":\"ListItem\",\"position\":1,\"name\":\"Portada\",\"item\":\"https:\\\/\\\/ags-atlantis.es\\\/en\\\/\"},{\"@type\":\"ListItem\",\"position\":2,\"name\":\"AGS Conecta+ DSi\"}]},{\"@type\":\"WebSite\",\"@id\":\"http:\\\/\\\/www.scb.ags-atlantis.es\\\/en\\\/#website\",\"url\":\"http:\\\/\\\/www.scb.ags-atlantis.es\\\/en\\\/\",\"name\":\"Atlantis Global System\",\"description\":\"Soluciones Log\u00edsticas de Gesti\u00f3n y Movilidad\",\"potentialAction\":[{\"@type\":\"SearchAction\",\"target\":{\"@type\":\"EntryPoint\",\"urlTemplate\":\"http:\\\/\\\/www.scb.ags-atlantis.es\\\/en\\\/?s={search_term_string}\"},\"query-input\":{\"@type\":\"PropertyValueSpecification\",\"valueRequired\":true,\"valueName\":\"search_term_string\"}}],\"inLanguage\":\"en-US\"}]}<\/script>\n<!-- \/ Yoast SEO plugin. -->","yoast_head_json":{"title":"AGS Conecta+ DSi - Atlantis Global System","robots":{"index":"index","follow":"follow","max-snippet":"max-snippet:-1","max-image-preview":"max-image-preview:large","max-video-preview":"max-video-preview:-1"},"canonical":"https:\/\/ags-atlantis.es\/en\/ags-conecta-dsi\/","og_locale":"en_US","og_type":"article","og_title":"AGS Conecta+ DSi - Atlantis Global System","og_url":"https:\/\/ags-atlantis.es\/en\/ags-conecta-dsi\/","og_site_name":"Atlantis Global System","og_image":[{"width":1500,"height":750,"url":"https:\/\/ags-atlantis.es\/wp-content\/uploads\/2020\/09\/Fleet-management-Costs-Telematics.jpg","type":"image\/jpeg"}],"twitter_card":"summary_large_image","twitter_misc":{"Est. reading time":"3 minutes"},"schema":{"@context":"https:\/\/schema.org","@graph":[{"@type":"WebPage","@id":"https:\/\/ags-atlantis.es\/ags-conecta-dsi\/","url":"https:\/\/ags-atlantis.es\/ags-conecta-dsi\/","name":"AGS Conecta+ DSi - Atlantis Global System","isPartOf":{"@id":"http:\/\/www.scb.ags-atlantis.es\/en\/#website"},"primaryImageOfPage":{"@id":"https:\/\/ags-atlantis.es\/ags-conecta-dsi\/#primaryimage"},"image":{"@id":"https:\/\/ags-atlantis.es\/ags-conecta-dsi\/#primaryimage"},"thumbnailUrl":"\/wp-content\/uploads\/2020\/09\/Fleet-management-Costs-Telematics.jpg","datePublished":"2025-10-30T08:50:00+00:00","breadcrumb":{"@id":"https:\/\/ags-atlantis.es\/ags-conecta-dsi\/#breadcrumb"},"inLanguage":"en-US","potentialAction":[{"@type":"ReadAction","target":["https:\/\/ags-atlantis.es\/ags-conecta-dsi\/"]}]},{"@type":"ImageObject","inLanguage":"en-US","@id":"https:\/\/ags-atlantis.es\/ags-conecta-dsi\/#primaryimage","url":"\/wp-content\/uploads\/2020\/09\/Fleet-management-Costs-Telematics.jpg","contentUrl":"\/wp-content\/uploads\/2020\/09\/Fleet-management-Costs-Telematics.jpg","width":1500,"height":750},{"@type":"BreadcrumbList","@id":"https:\/\/ags-atlantis.es\/ags-conecta-dsi\/#breadcrumb","itemListElement":[{"@type":"ListItem","position":1,"name":"Portada","item":"https:\/\/ags-atlantis.es\/en\/"},{"@type":"ListItem","position":2,"name":"AGS Conecta+ DSi"}]},{"@type":"WebSite","@id":"http:\/\/www.scb.ags-atlantis.es\/en\/#website","url":"http:\/\/www.scb.ags-atlantis.es\/en\/","name":"Atlantis Global System","description":"Soluciones Log\u00edsticas de Gesti\u00f3n y Movilidad","potentialAction":[{"@type":"SearchAction","target":{"@type":"EntryPoint","urlTemplate":"http:\/\/www.scb.ags-atlantis.es\/en\/?s={search_term_string}"},"query-input":{"@type":"PropertyValueSpecification","valueRequired":true,"valueName":"search_term_string"}}],"inLanguage":"en-US"}]}},"_links":{"self":[{"href":"https:\/\/ags-atlantis.es\/en\/wp-json\/wp\/v2\/pages\/10084","targetHints":{"allow":["GET"]}}],"collection":[{"href":"https:\/\/ags-atlantis.es\/en\/wp-json\/wp\/v2\/pages"}],"about":[{"href":"https:\/\/ags-atlantis.es\/en\/wp-json\/wp\/v2\/types\/page"}],"author":[{"embeddable":true,"href":"https:\/\/ags-atlantis.es\/en\/wp-json\/wp\/v2\/users\/5"}],"replies":[{"embeddable":true,"href":"https:\/\/ags-atlantis.es\/en\/wp-json\/wp\/v2\/comments?post=10084"}],"version-history":[{"count":2,"href":"https:\/\/ags-atlantis.es\/en\/wp-json\/wp\/v2\/pages\/10084\/revisions"}],"predecessor-version":[{"id":10089,"href":"https:\/\/ags-atlantis.es\/en\/wp-json\/wp\/v2\/pages\/10084\/revisions\/10089"}],"wp:featuredmedia":[{"embeddable":true,"href":"https:\/\/ags-atlantis.es\/en\/wp-json\/wp\/v2\/media\/5366"}],"wp:attachment":[{"href":"https:\/\/ags-atlantis.es\/en\/wp-json\/wp\/v2\/media?parent=10084"}],"curies":[{"name":"wp","href":"https:\/\/api.w.org\/{rel}","templated":true}]}}